{"id":67562,"date":"2020-12-12T19:50:16","date_gmt":"2020-12-12T22:50:16","guid":{"rendered":"https:\/\/shop.bazarcia.com\/produto\/projeto-na-bordadeira-combo-de-natal-leve-4-pague-3-plaquinhas-bolas-flor-de-natal-guirlanda-sagrada-familia\/"},"modified":"2023-11-06T10:16:37","modified_gmt":"2023-11-06T13:16:37","slug":"projeto-na-bordadeira-combo-de-natal-leve-4-pague-3-plaquinhas-bolas-flor-de-natal-guirlanda-sagrada-familia","status":"publish","type":"product","link":"https:\/\/shop.bazarcia.com\/en\/product\/projeto-na-bordadeira-combo-de-natal-leve-4-pague-3-plaquinhas-bolas-flor-de-natal-guirlanda-sagrada-familia\/","title":{"rendered":"Projeto na Bordadeira &#8211; Combo de Natal &#8211; Plaquinhas + Bolas + Flor de Natal + Guirlanda Sagrada Familia"},"content":{"rendered":"<p>PROJETO PLAQUINHAS DE NATAL<\/p>\n<p><span style=\"color: #777777;font-family: lato, Arial, Helvetica, sans-serif;font-size: 14px\">DESCRI\u00c7\u00c3O TAMANHO (mm) PONTOS COR\/TROCA LINHA<\/span><br style=\"color: #777777;font-family: lato, Arial, Helvetica, sans-serif;font-size: 14px\" \/><span style=\"color: #777777;font-family: lato, Arial, Helvetica, sans-serif;font-size: 14px\">Plaquinha Carta 128\u00d7164 25324 10\/16<\/span><br style=\"color: #777777;font-family: lato, Arial, Helvetica, sans-serif;font-size: 14px\" \/><span style=\"color: #777777;font-family: lato, Arial, Helvetica, sans-serif;font-size: 14px\">Plaquinha Noel 128\u00d7164 29439 15\/21<\/span><br style=\"color: #777777;font-family: lato, Arial, Helvetica, sans-serif;font-size: 14px\" \/><span style=\"color: #777777;font-family: lato, Arial, Helvetica, sans-serif;font-size: 14px\">Plaquinha Pinguim 128\u00d7164 28548 13\/21<\/span><br style=\"color: #777777;font-family: lato, Arial, Helvetica, sans-serif;font-size: 14px\" \/><span style=\"color: #777777;font-family: lato, Arial, Helvetica, sans-serif;font-size: 14px\">Plaquinha \u00c1rvore 128\u00d7164 26279 11\/17<\/span><\/p>\n<p>Bastidor sugerido 13&#215;18 \/ 14&#215;14 \/ 14&#215;20<\/p>\n<p>PROJETO BOLAS DE NATAL<\/p>\n<p><span style=\"color: #777777;font-family: lato, Arial, Helvetica, sans-serif;font-size: 14px\">DESCRI\u00c7\u00c3O TAMANHO (mm) PONTOS COR\/TROCA LINHA<\/span><br style=\"color: #777777;font-family: lato, Arial, Helvetica, sans-serif;font-size: 14px\" \/><span style=\"color: #777777;font-family: lato, Arial, Helvetica, sans-serif;font-size: 14px\">ANJO DA GUARDA 98X97 8059 12\/15<\/span><br style=\"color: #777777;font-family: lato, Arial, Helvetica, sans-serif;font-size: 14px\" \/><span style=\"color: #777777;font-family: lato, Arial, Helvetica, sans-serif;font-size: 14px\">BONECO DE NEVE 98X97 7967 10\/12<\/span><br style=\"color: #777777;font-family: lato, Arial, Helvetica, sans-serif;font-size: 14px\" \/><span style=\"color: #777777;font-family: lato, Arial, Helvetica, sans-serif;font-size: 14px\">RENA 98X97 7202 8\/11<\/span><br style=\"color: #777777;font-family: lato, Arial, Helvetica, sans-serif;font-size: 14px\" \/><span style=\"color: #777777;font-family: lato, Arial, Helvetica, sans-serif;font-size: 14px\">PAPAI NOEL 98X97 9898 10\/13<\/span><br style=\"color: #777777;font-family: lato, Arial, Helvetica, sans-serif;font-size: 14px\" \/><span style=\"color: #777777;font-family: lato, Arial, Helvetica, sans-serif;font-size: 14px\">PINGUIM 98X97 9501 10\/13<\/span><\/p>\n<p>Bastidor sugerido 10&#215;10<\/p>\n<p>PROJETO GUIRLANDA SAGRADA FAM\u00cdLIA<\/p>\n<p><span style=\"color: #777777;font-family: lato, Arial, Helvetica, sans-serif;font-size: 14px\">Projeto\u00a0 feito na bordadeira COM EXCE\u00c7\u00c3O da base da guirlanda que \u00e9 na m\u00e1quina de costura tradicional.<\/span><\/p>\n<p><span style=\"color: #777777;font-family: lato, Arial, Helvetica, sans-serif;font-size: 14px\">DESCRI\u00c7\u00c3O TAMANHO (mm) PONTOS COR\/TROCA LINHA<\/span><br style=\"color: #777777;font-family: lato, Arial, Helvetica, sans-serif;font-size: 14px\" \/><span style=\"color: #777777;font-family: lato, Arial, Helvetica, sans-serif;font-size: 14px\">Jos\u00e9 179\u00d777 15781 14\/17<\/span><br style=\"color: #777777;font-family: lato, Arial, Helvetica, sans-serif;font-size: 14px\" \/><span style=\"color: #777777;font-family: lato, Arial, Helvetica, sans-serif;font-size: 14px\">Maria 179\u00d785 18193 14\/17<\/span><br style=\"color: #777777;font-family: lato, Arial, Helvetica, sans-serif;font-size: 14px\" \/><span style=\"color: #777777;font-family: lato, Arial, Helvetica, sans-serif;font-size: 14px\">Menino Jesus 96\u00d762 7156 12\/15<\/span><br style=\"color: #777777;font-family: lato, Arial, Helvetica, sans-serif;font-size: 14px\" \/><span style=\"color: #777777;font-family: lato, Arial, Helvetica, sans-serif;font-size: 14px\">Flor Espirito Santo 86\u00d784 7918 4\/6<\/span><br style=\"color: #777777;font-family: lato, Arial, Helvetica, sans-serif;font-size: 14px\" \/><span style=\"color: #777777;font-family: lato, Arial, Helvetica, sans-serif;font-size: 14px\">Estrela Cadente 83\u00d7150 8749 4\/7<\/span><br style=\"color: #777777;font-family: lato, Arial, Helvetica, sans-serif;font-size: 14px\" \/><span style=\"color: #777777;font-family: lato, Arial, Helvetica, sans-serif;font-size: 14px\">Folhas Espirito Santo 100\u00d7104 9009 3\/5<\/span><br style=\"color: #777777;font-family: lato, Arial, Helvetica, sans-serif;font-size: 14px\" \/><span style=\"color: #777777;font-family: lato, Arial, Helvetica, sans-serif;font-size: 14px\">Base da guirlanda 32\u00d732 FEITA NA M\u00c1QUINA DE COSTURA TRADICIONAL \u2013 modelo anexo as matrizes<\/span><\/p>\n<p style=\"margin: 0px 0px 20px;padding: 0px;border: 0px;vertical-align: baseline;line-height: inherit;font-family: lato, Arial, Helvetica, sans-serif;font-size: 14px;color: #777777\">Bastidor sugerido 13\u00d718 \/ 14&#215;14 \/ 14&#215;20<\/p>\n<p><span style=\"color: #7a7a7a;font-family: Raleway;font-size: 14px\">Dica: Voc\u00ea pode colocar papel nacarado por baixo dos pontos leves para seu trabalho ganhar brilho.<\/span><\/p>\n<p style=\"margin: 0px 0px 20px;padding: 0px;border: 0px;vertical-align: baseline;line-height: inherit;font-family: lato, Arial, Helvetica, sans-serif;font-size: 14px;color: #777777\">\u00a0PROJETO FLOR DE NATAL &#8211; ENFEITE<\/p>\n<p style=\"margin: 0px 0px 20px;padding: 0px;border: 0px;vertical-align: baseline;line-height: inherit;font-family: lato, Arial, Helvetica, sans-serif;font-size: 14px;color: #777777\">DESCRI\u00c7\u00c3O TAMANHO (mm) PONTOS COR\/TROCA LINHA<br \/>\nFOLHAS 100X104 9120 3\/5<br \/>\nFLOR 77X79 7918 4\/6<\/p>\n<p>Bastidor sugerido: 13&#215;18 \/ 14&#215;14 \/ 14&#215;20<\/p>\n<p style=\"margin: 0px 0px 20px;padding: 0px;border: 0px;vertical-align: baseline;line-height: inherit;font-family: lato, Arial, Helvetica, sans-serif;font-size: 14px;color: #777777\">Atribui\u00e7\u00e3o ao Designer: Freepik.com<\/p>\n<p><span style=\"color: #777777;font-family: lato, Arial, Helvetica, sans-serif;font-size: 14px\">Dica: Comece fazendo primeiro a flor e reserve ela\u2026depois fa\u00e7a as folhas e antes de fazer a \u00faltima etapa (miolo amarelo) encaixe sobre as folhas a flor vermelha e em seguida fa\u00e7a o miolo ( assim voc\u00ea prender\u00e1 a flor nas folhas atrav\u00e9s do miolo).<\/span><\/p>\n<p style=\"margin: 0px 0px 1rem;padding: 0px;border: 0px;vertical-align: baseline;line-height: inherit;font-family: Raleway;font-size: 14px;color: #7a7a7a\">As matrizes s\u00e3o disponibilizadas em pasta ZIP, voc\u00ea precisar\u00e1 descompact\u00e1-la ap\u00f3s o download.<\/p>\n<p style=\"margin: 0px 0px 1rem;padding: 0px;border: 0px;vertical-align: baseline;line-height: inherit;font-family: Raleway;font-size: 14px;color: #7a7a7a\">Esse download poder\u00e1 ser feito por at\u00e9 99 (noventa e nove) vezes diretamente no site do Bazar do Bordado, em um per\u00edodo m\u00e1ximo de 365 (trezentos e sessenta e cinco dias) a ser contado da data da disponibiliza\u00e7\u00e3o do material. Ap\u00f3s este per\u00edodo, o link ser\u00e1 expirado.<\/p>\n<p style=\"margin: 0px 0px 1rem;padding: 0px;border: 0px;vertical-align: baseline;line-height: inherit;font-family: Raleway;font-size: 14px;color: #7a7a7a\">Por isso, \u00e9 importante que\u00a0 fa\u00e7a o download do conte\u00fado o quanto antes, armazenando no seu compartimento de interesse.<\/p>\n<p style=\"margin: 0px 0px 1rem;padding: 0px;border: 0px;vertical-align: baseline;line-height: inherit;font-family: Raleway;font-size: 14px;color: #7a7a7a\">Compras realizadas atrav\u00e9s de boleto banc\u00e1rio poder\u00e1 levar at\u00e9 dois dias \u00fateis para libera\u00e7\u00e3o das matrizes.<\/p>\n<p style=\"margin: 0px 0px 20px;padding: 0px;border: 0px;vertical-align: baseline;line-height: inherit;font-family: lato, Arial, Helvetica, sans-serif;font-size: 14px;color: #777777\">O passo a passo do Projeto voc\u00ea encontra em nosso canal no youtube Mimos de Lili Ateli\u00ea Alice Paz de Hora ou acessando nosso link:\u00a0 \u00a0<a style=\"margin: 0px;padding: 0px;border: 0px;vertical-align: baseline;font-style: inherit;font-variant: inherit;font-weight: inherit;line-height: inherit;font-family: inherit;color: #3f3f3f\" href=\"https:\/\/www.youtube.com\/channel\/UCoGsFX_hesf1oGUWVPYSv8g\">https:\/\/www.youtube.com\/channel\/UCoGsFX_hesf1oGUWVPYSv8g<\/a><\/p>\n<p style=\"margin: 0px 0px 20px;padding: 0px;border: 0px;vertical-align: baseline;line-height: inherit;font-family: lato, Arial, Helvetica, sans-serif;font-size: 14px;color: #777777\">Lembre-se de dar o seu j\u00f3inha e se inscrever em nosso canal e de seguir nossa lojinha aqui no Bazar assim voc\u00ea ficar\u00e1 por dentro das novidades!!!<\/p>","protected":false},"excerpt":{"rendered":"<p>Matrizes de Bordado em aplique e pontos leves para baixar imediatamente ap\u00f3s a compra nos formatos:<br \/>\nPES<br \/>\nJEF<br \/>\nXXX<br \/>\nDST<br \/>\nHUS<br \/>\nEXP<br \/>\nREF.MDL070845PB<\/p>","protected":false},"featured_media":252027,"comment_status":"open","ping_status":"closed","template":"","meta":{"_acf_changed":false,"_joinchat":[]},"product_brand":[],"product_cat":[84,85,98,1330],"product_tag":[],"class_list":{"0":"post-67562","1":"product","2":"type-product","3":"status-publish","4":"has-post-thumbnail","6":"product_cat-matrizes-de-bordado","7":"product_cat-apliques","8":"product_cat-projetos-na-bordadeira-in-the-hoop-embroidery","9":"product_cat-projetos-para-datas-especiais","11":"first","12":"instock","13":"sale","14":"downloadable","15":"virtual","16":"purchasable","17":"product-type-simple"},"acf":[],"yoast_head":"<!-- This site is optimized with the Yoast SEO plugin v27.2 - https:\/\/yoast.com\/product\/yoast-seo-wordpress\/ -->\n<title>Projeto na Bordadeira - Combo de Natal - Plaquinhas + Bolas + Flor de Natal + Guirlanda Sagrada Familia - \ud835\udc1b\ud835\udc1a\ud835\udc33\ud835\udc1a\ud835\udc2b &amp; \ud835\udc1c\ud835\udc22\ud835\udc1a<\/title>\n<meta name=\"robots\" content=\"index, follow, max-snippet:-1, max-image-preview:large, max-video-preview:-1\" \/>\n<link rel=\"canonical\" href=\"https:\/\/shop.bazarcia.com\/en\/product\/projeto-na-bordadeira-combo-de-natal-leve-4-pague-3-plaquinhas-bolas-flor-de-natal-guirlanda-sagrada-familia\/\" \/>\n<meta property=\"og:locale\" content=\"en_US\" \/>\n<meta property=\"og:type\" content=\"article\" \/>\n<meta property=\"og:title\" content=\"Projeto na Bordadeira - Combo de Natal - Plaquinhas + Bolas + Flor de Natal + Guirlanda Sagrada Familia - \ud835\udc1b\ud835\udc1a\ud835\udc33\ud835\udc1a\ud835\udc2b &amp; \ud835\udc1c\ud835\udc22\ud835\udc1a\" \/>\n<meta property=\"og:description\" content=\"Matrizes de Bordado em aplique e pontos leves para baixar imediatamente ap\u00f3s a compra nos formatos: PES JEF XXX DST HUS EXP REF.MDL070845PB\" \/>\n<meta property=\"og:url\" content=\"https:\/\/shop.bazarcia.com\/en\/product\/projeto-na-bordadeira-combo-de-natal-leve-4-pague-3-plaquinhas-bolas-flor-de-natal-guirlanda-sagrada-familia\/\" \/>\n<meta property=\"og:site_name\" content=\"\ud835\udc1b\ud835\udc1a\ud835\udc33\ud835\udc1a\ud835\udc2b &amp; \ud835\udc1c\ud835\udc22\ud835\udc1a\" \/>\n<meta property=\"article:publisher\" content=\"https:\/\/www.facebook.com\/shopbazarcia\" \/>\n<meta property=\"article:modified_time\" content=\"2023-11-06T13:16:37+00:00\" \/>\n<meta property=\"og:image\" content=\"https:\/\/shop.bazarcia.com\/wp-content\/uploads\/2020\/12\/aeed4882-cb48-48fb-a7bd-eb66ca568b98.jpg\" \/>\n\t<meta property=\"og:image:width\" content=\"800\" \/>\n\t<meta property=\"og:image:height\" content=\"800\" \/>\n\t<meta property=\"og:image:type\" content=\"image\/jpeg\" \/>\n<meta name=\"twitter:card\" content=\"summary_large_image\" \/>\n<meta name=\"twitter:label1\" content=\"Est. reading time\" \/>\n\t<meta name=\"twitter:data1\" content=\"2 minutes\" \/>\n<script type=\"application\/ld+json\" class=\"yoast-schema-graph\">{\"@context\":\"https:\/\/schema.org\",\"@graph\":[{\"@type\":\"WebPage\",\"@id\":\"https:\/\/shop.bazarcia.com\/produto\/projeto-na-bordadeira-combo-de-natal-leve-4-pague-3-plaquinhas-bolas-flor-de-natal-guirlanda-sagrada-familia\/\",\"url\":\"https:\/\/shop.bazarcia.com\/produto\/projeto-na-bordadeira-combo-de-natal-leve-4-pague-3-plaquinhas-bolas-flor-de-natal-guirlanda-sagrada-familia\/\",\"name\":\"Projeto na Bordadeira - Combo de Natal - Plaquinhas + Bolas + Flor de Natal + Guirlanda Sagrada Familia - \ud835\udc1b\ud835\udc1a\ud835\udc33\ud835\udc1a\ud835\udc2b &amp; \ud835\udc1c\ud835\udc22\ud835\udc1a\",\"isPartOf\":{\"@id\":\"https:\/\/shop.bazarcia.com\/#website\"},\"primaryImageOfPage\":{\"@id\":\"https:\/\/shop.bazarcia.com\/produto\/projeto-na-bordadeira-combo-de-natal-leve-4-pague-3-plaquinhas-bolas-flor-de-natal-guirlanda-sagrada-familia\/#primaryimage\"},\"image\":{\"@id\":\"https:\/\/shop.bazarcia.com\/produto\/projeto-na-bordadeira-combo-de-natal-leve-4-pague-3-plaquinhas-bolas-flor-de-natal-guirlanda-sagrada-familia\/#primaryimage\"},\"thumbnailUrl\":\"https:\/\/shop.bazarcia.com\/wp-content\/uploads\/2023\/11\/4-PROJETOS.png\",\"datePublished\":\"2020-12-12T22:50:16+00:00\",\"dateModified\":\"2023-11-06T13:16:37+00:00\",\"breadcrumb\":{\"@id\":\"https:\/\/shop.bazarcia.com\/produto\/projeto-na-bordadeira-combo-de-natal-leve-4-pague-3-plaquinhas-bolas-flor-de-natal-guirlanda-sagrada-familia\/#breadcrumb\"},\"inLanguage\":\"en-US\",\"potentialAction\":[{\"@type\":\"ReadAction\",\"target\":[\"https:\/\/shop.bazarcia.com\/produto\/projeto-na-bordadeira-combo-de-natal-leve-4-pague-3-plaquinhas-bolas-flor-de-natal-guirlanda-sagrada-familia\/\"]}]},{\"@type\":\"ImageObject\",\"inLanguage\":\"en-US\",\"@id\":\"https:\/\/shop.bazarcia.com\/produto\/projeto-na-bordadeira-combo-de-natal-leve-4-pague-3-plaquinhas-bolas-flor-de-natal-guirlanda-sagrada-familia\/#primaryimage\",\"url\":\"https:\/\/shop.bazarcia.com\/wp-content\/uploads\/2023\/11\/4-PROJETOS.png\",\"contentUrl\":\"https:\/\/shop.bazarcia.com\/wp-content\/uploads\/2023\/11\/4-PROJETOS.png\",\"width\":800,\"height\":800},{\"@type\":\"BreadcrumbList\",\"@id\":\"https:\/\/shop.bazarcia.com\/produto\/projeto-na-bordadeira-combo-de-natal-leve-4-pague-3-plaquinhas-bolas-flor-de-natal-guirlanda-sagrada-familia\/#breadcrumb\",\"itemListElement\":[{\"@type\":\"ListItem\",\"position\":1,\"name\":\"In\u00edcio\",\"item\":\"https:\/\/shop.bazarcia.com\/\"},{\"@type\":\"ListItem\",\"position\":2,\"name\":\"Loja\",\"item\":\"https:\/\/shop.bazarcia.com\/loja\/\"},{\"@type\":\"ListItem\",\"position\":3,\"name\":\"Projeto na Bordadeira &#8211; Combo de Natal &#8211; Plaquinhas + Bolas + Flor de Natal + Guirlanda Sagrada Familia\"}]},{\"@type\":\"WebSite\",\"@id\":\"https:\/\/shop.bazarcia.com\/#website\",\"url\":\"https:\/\/shop.bazarcia.com\/\",\"name\":\"Bazar & Cia\",\"description\":\"criatividade ponto a ponto\",\"publisher\":{\"@id\":\"https:\/\/shop.bazarcia.com\/#organization\"},\"potentialAction\":[{\"@type\":\"SearchAction\",\"target\":{\"@type\":\"EntryPoint\",\"urlTemplate\":\"https:\/\/shop.bazarcia.com\/?s={search_term_string}\"},\"query-input\":{\"@type\":\"PropertyValueSpecification\",\"valueRequired\":true,\"valueName\":\"search_term_string\"}}],\"inLanguage\":\"en-US\"},{\"@type\":\"Organization\",\"@id\":\"https:\/\/shop.bazarcia.com\/#organization\",\"name\":\"Bazar & Cia\",\"url\":\"https:\/\/shop.bazarcia.com\/\",\"logo\":{\"@type\":\"ImageObject\",\"inLanguage\":\"en-US\",\"@id\":\"https:\/\/shop.bazarcia.com\/#\/schema\/logo\/image\/\",\"url\":\"https:\/\/shop.bazarcia.com\/wp-content\/uploads\/2024\/02\/cropped-logo_bazarcia.png\",\"contentUrl\":\"https:\/\/shop.bazarcia.com\/wp-content\/uploads\/2024\/02\/cropped-logo_bazarcia.png\",\"width\":150,\"height\":150,\"caption\":\"Bazar & Cia\"},\"image\":{\"@id\":\"https:\/\/shop.bazarcia.com\/#\/schema\/logo\/image\/\"},\"sameAs\":[\"https:\/\/www.facebook.com\/shopbazarcia\",\"https:\/\/www.instagram.com\/shopbazarcia\",\"https:\/\/br.pinterest.com\/suzane_eloise\/\",\"https:\/\/www.youtube.com\/c\/BazardoBordadoMatrizeseProjetos\"]}]}<\/script>\n<!-- \/ Yoast SEO plugin. -->","yoast_head_json":{"title":"Projeto na Bordadeira - Combo de Natal - Plaquinhas + Bolas + Flor de Natal + Guirlanda Sagrada Familia - \ud835\udc1b\ud835\udc1a\ud835\udc33\ud835\udc1a\ud835\udc2b &amp; \ud835\udc1c\ud835\udc22\ud835\udc1a","robots":{"index":"index","follow":"follow","max-snippet":"max-snippet:-1","max-image-preview":"max-image-preview:large","max-video-preview":"max-video-preview:-1"},"canonical":"https:\/\/shop.bazarcia.com\/en\/product\/projeto-na-bordadeira-combo-de-natal-leve-4-pague-3-plaquinhas-bolas-flor-de-natal-guirlanda-sagrada-familia\/","og_locale":"en_US","og_type":"article","og_title":"Projeto na Bordadeira - Combo de Natal - Plaquinhas + Bolas + Flor de Natal + Guirlanda Sagrada Familia - \ud835\udc1b\ud835\udc1a\ud835\udc33\ud835\udc1a\ud835\udc2b &amp; \ud835\udc1c\ud835\udc22\ud835\udc1a","og_description":"Matrizes de Bordado em aplique e pontos leves para baixar imediatamente ap\u00f3s a compra nos formatos: PES JEF XXX DST HUS EXP REF.MDL070845PB","og_url":"https:\/\/shop.bazarcia.com\/en\/product\/projeto-na-bordadeira-combo-de-natal-leve-4-pague-3-plaquinhas-bolas-flor-de-natal-guirlanda-sagrada-familia\/","og_site_name":"\ud835\udc1b\ud835\udc1a\ud835\udc33\ud835\udc1a\ud835\udc2b &amp; \ud835\udc1c\ud835\udc22\ud835\udc1a","article_publisher":"https:\/\/www.facebook.com\/shopbazarcia","article_modified_time":"2023-11-06T13:16:37+00:00","og_image":[{"width":800,"height":800,"url":"https:\/\/shop.bazarcia.com\/wp-content\/uploads\/2020\/12\/aeed4882-cb48-48fb-a7bd-eb66ca568b98.jpg","type":"image\/jpeg"}],"twitter_card":"summary_large_image","twitter_misc":{"Est. reading time":"2 minutes"},"schema":{"@context":"https:\/\/schema.org","@graph":[{"@type":"WebPage","@id":"https:\/\/shop.bazarcia.com\/produto\/projeto-na-bordadeira-combo-de-natal-leve-4-pague-3-plaquinhas-bolas-flor-de-natal-guirlanda-sagrada-familia\/","url":"https:\/\/shop.bazarcia.com\/produto\/projeto-na-bordadeira-combo-de-natal-leve-4-pague-3-plaquinhas-bolas-flor-de-natal-guirlanda-sagrada-familia\/","name":"Projeto na Bordadeira - Combo de Natal - Plaquinhas + Bolas + Flor de Natal + Guirlanda Sagrada Familia - \ud835\udc1b\ud835\udc1a\ud835\udc33\ud835\udc1a\ud835\udc2b &amp; \ud835\udc1c\ud835\udc22\ud835\udc1a","isPartOf":{"@id":"https:\/\/shop.bazarcia.com\/#website"},"primaryImageOfPage":{"@id":"https:\/\/shop.bazarcia.com\/produto\/projeto-na-bordadeira-combo-de-natal-leve-4-pague-3-plaquinhas-bolas-flor-de-natal-guirlanda-sagrada-familia\/#primaryimage"},"image":{"@id":"https:\/\/shop.bazarcia.com\/produto\/projeto-na-bordadeira-combo-de-natal-leve-4-pague-3-plaquinhas-bolas-flor-de-natal-guirlanda-sagrada-familia\/#primaryimage"},"thumbnailUrl":"https:\/\/shop.bazarcia.com\/wp-content\/uploads\/2023\/11\/4-PROJETOS.png","datePublished":"2020-12-12T22:50:16+00:00","dateModified":"2023-11-06T13:16:37+00:00","breadcrumb":{"@id":"https:\/\/shop.bazarcia.com\/produto\/projeto-na-bordadeira-combo-de-natal-leve-4-pague-3-plaquinhas-bolas-flor-de-natal-guirlanda-sagrada-familia\/#breadcrumb"},"inLanguage":"en-US","potentialAction":[{"@type":"ReadAction","target":["https:\/\/shop.bazarcia.com\/produto\/projeto-na-bordadeira-combo-de-natal-leve-4-pague-3-plaquinhas-bolas-flor-de-natal-guirlanda-sagrada-familia\/"]}]},{"@type":"ImageObject","inLanguage":"en-US","@id":"https:\/\/shop.bazarcia.com\/produto\/projeto-na-bordadeira-combo-de-natal-leve-4-pague-3-plaquinhas-bolas-flor-de-natal-guirlanda-sagrada-familia\/#primaryimage","url":"https:\/\/shop.bazarcia.com\/wp-content\/uploads\/2023\/11\/4-PROJETOS.png","contentUrl":"https:\/\/shop.bazarcia.com\/wp-content\/uploads\/2023\/11\/4-PROJETOS.png","width":800,"height":800},{"@type":"BreadcrumbList","@id":"https:\/\/shop.bazarcia.com\/produto\/projeto-na-bordadeira-combo-de-natal-leve-4-pague-3-plaquinhas-bolas-flor-de-natal-guirlanda-sagrada-familia\/#breadcrumb","itemListElement":[{"@type":"ListItem","position":1,"name":"In\u00edcio","item":"https:\/\/shop.bazarcia.com\/"},{"@type":"ListItem","position":2,"name":"Loja","item":"https:\/\/shop.bazarcia.com\/loja\/"},{"@type":"ListItem","position":3,"name":"Projeto na Bordadeira &#8211; Combo de Natal &#8211; Plaquinhas + Bolas + Flor de Natal + Guirlanda Sagrada Familia"}]},{"@type":"WebSite","@id":"https:\/\/shop.bazarcia.com\/#website","url":"https:\/\/shop.bazarcia.com\/","name":"Bazar & Cia","description":"criatividade ponto a ponto","publisher":{"@id":"https:\/\/shop.bazarcia.com\/#organization"},"potentialAction":[{"@type":"SearchAction","target":{"@type":"EntryPoint","urlTemplate":"https:\/\/shop.bazarcia.com\/?s={search_term_string}"},"query-input":{"@type":"PropertyValueSpecification","valueRequired":true,"valueName":"search_term_string"}}],"inLanguage":"en-US"},{"@type":"Organization","@id":"https:\/\/shop.bazarcia.com\/#organization","name":"Bazar & Cia","url":"https:\/\/shop.bazarcia.com\/","logo":{"@type":"ImageObject","inLanguage":"en-US","@id":"https:\/\/shop.bazarcia.com\/#\/schema\/logo\/image\/","url":"https:\/\/shop.bazarcia.com\/wp-content\/uploads\/2024\/02\/cropped-logo_bazarcia.png","contentUrl":"https:\/\/shop.bazarcia.com\/wp-content\/uploads\/2024\/02\/cropped-logo_bazarcia.png","width":150,"height":150,"caption":"Bazar & Cia"},"image":{"@id":"https:\/\/shop.bazarcia.com\/#\/schema\/logo\/image\/"},"sameAs":["https:\/\/www.facebook.com\/shopbazarcia","https:\/\/www.instagram.com\/shopbazarcia","https:\/\/br.pinterest.com\/suzane_eloise\/","https:\/\/www.youtube.com\/c\/BazardoBordadoMatrizeseProjetos"]}]}},"_links":{"self":[{"href":"https:\/\/shop.bazarcia.com\/en\/wp-json\/wp\/v2\/product\/67562","targetHints":{"allow":["GET"]}}],"collection":[{"href":"https:\/\/shop.bazarcia.com\/en\/wp-json\/wp\/v2\/product"}],"about":[{"href":"https:\/\/shop.bazarcia.com\/en\/wp-json\/wp\/v2\/types\/product"}],"replies":[{"embeddable":true,"href":"https:\/\/shop.bazarcia.com\/en\/wp-json\/wp\/v2\/comments?post=67562"}],"version-history":[{"count":1,"href":"https:\/\/shop.bazarcia.com\/en\/wp-json\/wp\/v2\/product\/67562\/revisions"}],"predecessor-version":[{"id":252026,"href":"https:\/\/shop.bazarcia.com\/en\/wp-json\/wp\/v2\/product\/67562\/revisions\/252026"}],"wp:featuredmedia":[{"embeddable":true,"href":"https:\/\/shop.bazarcia.com\/en\/wp-json\/wp\/v2\/media\/252027"}],"wp:attachment":[{"href":"https:\/\/shop.bazarcia.com\/en\/wp-json\/wp\/v2\/media?parent=67562"}],"wp:term":[{"taxonomy":"product_brand","embeddable":true,"href":"https:\/\/shop.bazarcia.com\/en\/wp-json\/wp\/v2\/product_brand?post=67562"},{"taxonomy":"product_cat","embeddable":true,"href":"https:\/\/shop.bazarcia.com\/en\/wp-json\/wp\/v2\/product_cat?post=67562"},{"taxonomy":"product_tag","embeddable":true,"href":"https:\/\/shop.bazarcia.com\/en\/wp-json\/wp\/v2\/product_tag?post=67562"}],"curies":[{"name":"wp","href":"https:\/\/api.w.org\/{rel}","templated":true}]}}