{"id":70804,"date":"2020-12-25T22:41:59","date_gmt":"2020-12-26T01:41:59","guid":{"rendered":"https:\/\/shop.bazarcia.com\/produto\/matriz-de-bordado-cactos\/"},"modified":"2022-01-04T12:00:57","modified_gmt":"2022-01-04T15:00:57","slug":"matriz-de-bordado-cactos","status":"publish","type":"product","link":"https:\/\/shop.bazarcia.com\/en\/product\/matriz-de-bordado-cactos\/","title":{"rendered":"Matriz de Bordado &#8211; Cactos"},"content":{"rendered":"<p style=\"margin: 0px 0px 20px;padding: 0px;border: 0px;vertical-align: baseline;line-height: inherit;font-family: lato, Arial, Helvetica, sans-serif;font-size: 14px;color: #777777\"><span style=\"margin: 0px;padding: 0px;border: 0px;vertical-align: baseline;font-style: inherit;font-variant: inherit;font-weight: inherit;line-height: inherit;font-family: Georgia, serif;color: #333333\">Pacote com 3 matrizes em Rippled , dois tamanhos diferentes, nos seguintes formatos PES- JEF- DST- EXP- HUS. Os arquivos ser\u00e3o disponibilizados em pastas compactadas (ZIP), \u00e9 necess\u00e1rio descompact\u00e1-las.\u00a0<\/span><\/p>\n<p style=\"margin: 0px 0px 20px;padding: 0px;border: 0px;vertical-align: baseline;line-height: inherit;font-family: lato, Arial, Helvetica, sans-serif;font-size: 14px;color: #777777\"><span style=\"margin: 0px;padding: 0px;border: 0px;vertical-align: baseline;font-style: inherit;font-variant: inherit;font-weight: inherit;line-height: inherit;font-family: Georgia, serif;color: #333333\">Ideal para bordar em diferentes tipos de tecidos. Libera\u00e7\u00e3o das matrizes autom\u00e1tica apos a confirma\u00e7\u00e3o do pagamento. Tamanhos para ser usados no bastidor 13\u00d718.\u00a0<\/span><\/p>\n<p class=\"MsoNormal\" style=\"margin: 0px 0px 20px;padding: 0px;border: 0px;vertical-align: baseline;line-height: inherit;font-family: lato, Arial, Helvetica, sans-serif;font-size: 14px;color: #777777\"><span style=\"margin: 0px;padding: 0px;border: 0px;vertical-align: baseline;font-style: inherit;font-variant: inherit;font-weight: inherit;line-height: inherit;font-family: Georgia, serif;color: #333333;background-image: initial;background-position: initial;background-size: initial;background-attachment: initial\">Voc\u00ea poder\u00e1 acessar sua conta no site e fazer o download para baixar seus arquivos.<\/span><\/p>\n<p class=\"MsoNormal\" style=\"margin: 0px 0px 20px;padding: 0px;border: 0px;vertical-align: baseline;line-height: 21px;font-family: lato, Arial, Helvetica, sans-serif;font-size: 14px;color: #777777\"><span style=\"margin: 0px;padding: 0px;border: 0px;vertical-align: baseline;font-style: inherit;font-variant: inherit;font-weight: inherit;line-height: inherit;font-family: Georgia, serif\">Importante n\u00e3o alterar o tamanho da matriz para garantir a qualidade da mesma na hora do bordado.<\/span><\/p>","protected":false},"excerpt":{"rendered":"<p>Pacote com 3 matrizes em pontos leves. Ideal para bordar em diferentes tipos de tecido. Libera\u00e7\u00e3o autom\u00e1tica ap\u00f3s confirma\u00e7\u00e3o do pagamento. Tamanho para bastidor 13\u00d718<\/p>","protected":false},"featured_media":70809,"comment_status":"open","ping_status":"closed","template":"","meta":{"_acf_changed":false,"_joinchat":[]},"product_brand":[],"product_cat":[283,84],"product_tag":[1170,1430],"class_list":{"0":"post-70804","1":"product","2":"type-product","3":"status-publish","4":"has-post-thumbnail","6":"product_cat-matrizes-de-bordado-cactus-e-suculentas","7":"product_cat-matrizes-de-bordado","8":"product_tag-bordado","9":"product_tag-matriz-de-bordado","11":"first","12":"instock","13":"downloadable","14":"virtual","15":"purchasable","16":"product-type-simple"},"acf":[],"yoast_head":"<!-- This site is optimized with the Yoast SEO plugin v27.2 - https:\/\/yoast.com\/product\/yoast-seo-wordpress\/ -->\n<title>Matriz de Bordado - Cactos - \ud835\udc1b\ud835\udc1a\ud835\udc33\ud835\udc1a\ud835\udc2b &amp; \ud835\udc1c\ud835\udc22\ud835\udc1a<\/title>\n<meta name=\"robots\" content=\"index, follow, max-snippet:-1, max-image-preview:large, max-video-preview:-1\" \/>\n<link rel=\"canonical\" href=\"https:\/\/shop.bazarcia.com\/en\/product\/matriz-de-bordado-cactos\/\" \/>\n<meta property=\"og:locale\" content=\"en_US\" \/>\n<meta property=\"og:type\" content=\"article\" \/>\n<meta property=\"og:title\" content=\"Matriz de Bordado - Cactos - \ud835\udc1b\ud835\udc1a\ud835\udc33\ud835\udc1a\ud835\udc2b &amp; \ud835\udc1c\ud835\udc22\ud835\udc1a\" \/>\n<meta property=\"og:description\" content=\"Pacote com 3 matrizes em pontos leves. Ideal para bordar em diferentes tipos de tecido. Libera\u00e7\u00e3o autom\u00e1tica ap\u00f3s confirma\u00e7\u00e3o do pagamento. Tamanho para bastidor 13\u00d718\" \/>\n<meta property=\"og:url\" content=\"https:\/\/shop.bazarcia.com\/en\/product\/matriz-de-bordado-cactos\/\" \/>\n<meta property=\"og:site_name\" content=\"\ud835\udc1b\ud835\udc1a\ud835\udc33\ud835\udc1a\ud835\udc2b &amp; \ud835\udc1c\ud835\udc22\ud835\udc1a\" \/>\n<meta property=\"article:publisher\" content=\"https:\/\/www.facebook.com\/shopbazarcia\" \/>\n<meta property=\"article:modified_time\" content=\"2022-01-04T15:00:57+00:00\" \/>\n<meta property=\"og:image\" content=\"https:\/\/shop.bazarcia.com\/wp-content\/uploads\/2020\/12\/WhatsApp-Image-2020-11-06-at-17.00.41-1.jpeg\" \/>\n\t<meta property=\"og:image:width\" content=\"1080\" \/>\n\t<meta property=\"og:image:height\" content=\"809\" \/>\n\t<meta property=\"og:image:type\" content=\"image\/jpeg\" \/>\n<meta name=\"twitter:card\" content=\"summary_large_image\" \/>\n<script type=\"application\/ld+json\" class=\"yoast-schema-graph\">{\"@context\":\"https:\/\/schema.org\",\"@graph\":[{\"@type\":\"WebPage\",\"@id\":\"https:\/\/shop.bazarcia.com\/en\/product\/matriz-de-bordado-cactos\/\",\"url\":\"https:\/\/shop.bazarcia.com\/en\/product\/matriz-de-bordado-cactos\/\",\"name\":\"Matriz de Bordado - Cactos - \ud835\udc1b\ud835\udc1a\ud835\udc33\ud835\udc1a\ud835\udc2b &amp; \ud835\udc1c\ud835\udc22\ud835\udc1a\",\"isPartOf\":{\"@id\":\"https:\/\/shop.bazarcia.com\/#website\"},\"primaryImageOfPage\":{\"@id\":\"https:\/\/shop.bazarcia.com\/en\/product\/matriz-de-bordado-cactos\/#primaryimage\"},\"image\":{\"@id\":\"https:\/\/shop.bazarcia.com\/en\/product\/matriz-de-bordado-cactos\/#primaryimage\"},\"thumbnailUrl\":\"https:\/\/shop.bazarcia.com\/wp-content\/uploads\/2020\/12\/WhatsApp-Image-2020-11-06-at-17.00.41-1.jpeg\",\"datePublished\":\"2020-12-26T01:41:59+00:00\",\"dateModified\":\"2022-01-04T15:00:57+00:00\",\"breadcrumb\":{\"@id\":\"https:\/\/shop.bazarcia.com\/en\/product\/matriz-de-bordado-cactos\/#breadcrumb\"},\"inLanguage\":\"en-US\",\"potentialAction\":[{\"@type\":\"ReadAction\",\"target\":[\"https:\/\/shop.bazarcia.com\/en\/product\/matriz-de-bordado-cactos\/\"]}]},{\"@type\":\"ImageObject\",\"inLanguage\":\"en-US\",\"@id\":\"https:\/\/shop.bazarcia.com\/en\/product\/matriz-de-bordado-cactos\/#primaryimage\",\"url\":\"https:\/\/shop.bazarcia.com\/wp-content\/uploads\/2020\/12\/WhatsApp-Image-2020-11-06-at-17.00.41-1.jpeg\",\"contentUrl\":\"https:\/\/shop.bazarcia.com\/wp-content\/uploads\/2020\/12\/WhatsApp-Image-2020-11-06-at-17.00.41-1.jpeg\",\"width\":1080,\"height\":809},{\"@type\":\"BreadcrumbList\",\"@id\":\"https:\/\/shop.bazarcia.com\/en\/product\/matriz-de-bordado-cactos\/#breadcrumb\",\"itemListElement\":[{\"@type\":\"ListItem\",\"position\":1,\"name\":\"In\u00edcio\",\"item\":\"https:\/\/shop.bazarcia.com\/\"},{\"@type\":\"ListItem\",\"position\":2,\"name\":\"Loja\",\"item\":\"https:\/\/shop.bazarcia.com\/loja\/\"},{\"@type\":\"ListItem\",\"position\":3,\"name\":\"Matriz de Bordado &#8211; Cactos\"}]},{\"@type\":\"WebSite\",\"@id\":\"https:\/\/shop.bazarcia.com\/#website\",\"url\":\"https:\/\/shop.bazarcia.com\/\",\"name\":\"Bazar & Cia\",\"description\":\"criatividade ponto a ponto\",\"publisher\":{\"@id\":\"https:\/\/shop.bazarcia.com\/#organization\"},\"potentialAction\":[{\"@type\":\"SearchAction\",\"target\":{\"@type\":\"EntryPoint\",\"urlTemplate\":\"https:\/\/shop.bazarcia.com\/?s={search_term_string}\"},\"query-input\":{\"@type\":\"PropertyValueSpecification\",\"valueRequired\":true,\"valueName\":\"search_term_string\"}}],\"inLanguage\":\"en-US\"},{\"@type\":\"Organization\",\"@id\":\"https:\/\/shop.bazarcia.com\/#organization\",\"name\":\"Bazar & Cia\",\"url\":\"https:\/\/shop.bazarcia.com\/\",\"logo\":{\"@type\":\"ImageObject\",\"inLanguage\":\"en-US\",\"@id\":\"https:\/\/shop.bazarcia.com\/#\/schema\/logo\/image\/\",\"url\":\"https:\/\/shop.bazarcia.com\/wp-content\/uploads\/2024\/02\/cropped-logo_bazarcia.png\",\"contentUrl\":\"https:\/\/shop.bazarcia.com\/wp-content\/uploads\/2024\/02\/cropped-logo_bazarcia.png\",\"width\":150,\"height\":150,\"caption\":\"Bazar & Cia\"},\"image\":{\"@id\":\"https:\/\/shop.bazarcia.com\/#\/schema\/logo\/image\/\"},\"sameAs\":[\"https:\/\/www.facebook.com\/shopbazarcia\",\"https:\/\/www.instagram.com\/shopbazarcia\",\"https:\/\/br.pinterest.com\/suzane_eloise\/\",\"https:\/\/www.youtube.com\/c\/BazardoBordadoMatrizeseProjetos\"]}]}<\/script>\n<!-- \/ Yoast SEO plugin. -->","yoast_head_json":{"title":"Matriz de Bordado - Cactos - \ud835\udc1b\ud835\udc1a\ud835\udc33\ud835\udc1a\ud835\udc2b &amp; \ud835\udc1c\ud835\udc22\ud835\udc1a","robots":{"index":"index","follow":"follow","max-snippet":"max-snippet:-1","max-image-preview":"max-image-preview:large","max-video-preview":"max-video-preview:-1"},"canonical":"https:\/\/shop.bazarcia.com\/en\/product\/matriz-de-bordado-cactos\/","og_locale":"en_US","og_type":"article","og_title":"Matriz de Bordado - Cactos - \ud835\udc1b\ud835\udc1a\ud835\udc33\ud835\udc1a\ud835\udc2b &amp; \ud835\udc1c\ud835\udc22\ud835\udc1a","og_description":"Pacote com 3 matrizes em pontos leves. Ideal para bordar em diferentes tipos de tecido. Libera\u00e7\u00e3o autom\u00e1tica ap\u00f3s confirma\u00e7\u00e3o do pagamento. Tamanho para bastidor 13\u00d718","og_url":"https:\/\/shop.bazarcia.com\/en\/product\/matriz-de-bordado-cactos\/","og_site_name":"\ud835\udc1b\ud835\udc1a\ud835\udc33\ud835\udc1a\ud835\udc2b &amp; \ud835\udc1c\ud835\udc22\ud835\udc1a","article_publisher":"https:\/\/www.facebook.com\/shopbazarcia","article_modified_time":"2022-01-04T15:00:57+00:00","og_image":[{"width":1080,"height":809,"url":"https:\/\/shop.bazarcia.com\/wp-content\/uploads\/2020\/12\/WhatsApp-Image-2020-11-06-at-17.00.41-1.jpeg","type":"image\/jpeg"}],"twitter_card":"summary_large_image","schema":{"@context":"https:\/\/schema.org","@graph":[{"@type":"WebPage","@id":"https:\/\/shop.bazarcia.com\/en\/product\/matriz-de-bordado-cactos\/","url":"https:\/\/shop.bazarcia.com\/en\/product\/matriz-de-bordado-cactos\/","name":"Matriz de Bordado - Cactos - \ud835\udc1b\ud835\udc1a\ud835\udc33\ud835\udc1a\ud835\udc2b &amp; \ud835\udc1c\ud835\udc22\ud835\udc1a","isPartOf":{"@id":"https:\/\/shop.bazarcia.com\/#website"},"primaryImageOfPage":{"@id":"https:\/\/shop.bazarcia.com\/en\/product\/matriz-de-bordado-cactos\/#primaryimage"},"image":{"@id":"https:\/\/shop.bazarcia.com\/en\/product\/matriz-de-bordado-cactos\/#primaryimage"},"thumbnailUrl":"https:\/\/shop.bazarcia.com\/wp-content\/uploads\/2020\/12\/WhatsApp-Image-2020-11-06-at-17.00.41-1.jpeg","datePublished":"2020-12-26T01:41:59+00:00","dateModified":"2022-01-04T15:00:57+00:00","breadcrumb":{"@id":"https:\/\/shop.bazarcia.com\/en\/product\/matriz-de-bordado-cactos\/#breadcrumb"},"inLanguage":"en-US","potentialAction":[{"@type":"ReadAction","target":["https:\/\/shop.bazarcia.com\/en\/product\/matriz-de-bordado-cactos\/"]}]},{"@type":"ImageObject","inLanguage":"en-US","@id":"https:\/\/shop.bazarcia.com\/en\/product\/matriz-de-bordado-cactos\/#primaryimage","url":"https:\/\/shop.bazarcia.com\/wp-content\/uploads\/2020\/12\/WhatsApp-Image-2020-11-06-at-17.00.41-1.jpeg","contentUrl":"https:\/\/shop.bazarcia.com\/wp-content\/uploads\/2020\/12\/WhatsApp-Image-2020-11-06-at-17.00.41-1.jpeg","width":1080,"height":809},{"@type":"BreadcrumbList","@id":"https:\/\/shop.bazarcia.com\/en\/product\/matriz-de-bordado-cactos\/#breadcrumb","itemListElement":[{"@type":"ListItem","position":1,"name":"In\u00edcio","item":"https:\/\/shop.bazarcia.com\/"},{"@type":"ListItem","position":2,"name":"Loja","item":"https:\/\/shop.bazarcia.com\/loja\/"},{"@type":"ListItem","position":3,"name":"Matriz de Bordado &#8211; Cactos"}]},{"@type":"WebSite","@id":"https:\/\/shop.bazarcia.com\/#website","url":"https:\/\/shop.bazarcia.com\/","name":"Bazar & Cia","description":"criatividade ponto a ponto","publisher":{"@id":"https:\/\/shop.bazarcia.com\/#organization"},"potentialAction":[{"@type":"SearchAction","target":{"@type":"EntryPoint","urlTemplate":"https:\/\/shop.bazarcia.com\/?s={search_term_string}"},"query-input":{"@type":"PropertyValueSpecification","valueRequired":true,"valueName":"search_term_string"}}],"inLanguage":"en-US"},{"@type":"Organization","@id":"https:\/\/shop.bazarcia.com\/#organization","name":"Bazar & Cia","url":"https:\/\/shop.bazarcia.com\/","logo":{"@type":"ImageObject","inLanguage":"en-US","@id":"https:\/\/shop.bazarcia.com\/#\/schema\/logo\/image\/","url":"https:\/\/shop.bazarcia.com\/wp-content\/uploads\/2024\/02\/cropped-logo_bazarcia.png","contentUrl":"https:\/\/shop.bazarcia.com\/wp-content\/uploads\/2024\/02\/cropped-logo_bazarcia.png","width":150,"height":150,"caption":"Bazar & Cia"},"image":{"@id":"https:\/\/shop.bazarcia.com\/#\/schema\/logo\/image\/"},"sameAs":["https:\/\/www.facebook.com\/shopbazarcia","https:\/\/www.instagram.com\/shopbazarcia","https:\/\/br.pinterest.com\/suzane_eloise\/","https:\/\/www.youtube.com\/c\/BazardoBordadoMatrizeseProjetos"]}]}},"_links":{"self":[{"href":"https:\/\/shop.bazarcia.com\/en\/wp-json\/wp\/v2\/product\/70804","targetHints":{"allow":["GET"]}}],"collection":[{"href":"https:\/\/shop.bazarcia.com\/en\/wp-json\/wp\/v2\/product"}],"about":[{"href":"https:\/\/shop.bazarcia.com\/en\/wp-json\/wp\/v2\/types\/product"}],"replies":[{"embeddable":true,"href":"https:\/\/shop.bazarcia.com\/en\/wp-json\/wp\/v2\/comments?post=70804"}],"version-history":[{"count":0,"href":"https:\/\/shop.bazarcia.com\/en\/wp-json\/wp\/v2\/product\/70804\/revisions"}],"wp:featuredmedia":[{"embeddable":true,"href":"https:\/\/shop.bazarcia.com\/en\/wp-json\/wp\/v2\/media\/70809"}],"wp:attachment":[{"href":"https:\/\/shop.bazarcia.com\/en\/wp-json\/wp\/v2\/media?parent=70804"}],"wp:term":[{"taxonomy":"product_brand","embeddable":true,"href":"https:\/\/shop.bazarcia.com\/en\/wp-json\/wp\/v2\/product_brand?post=70804"},{"taxonomy":"product_cat","embeddable":true,"href":"https:\/\/shop.bazarcia.com\/en\/wp-json\/wp\/v2\/product_cat?post=70804"},{"taxonomy":"product_tag","embeddable":true,"href":"https:\/\/shop.bazarcia.com\/en\/wp-json\/wp\/v2\/product_tag?post=70804"}],"curies":[{"name":"wp","href":"https:\/\/api.w.org\/{rel}","templated":true}]}}