{"id":73539,"date":"2021-01-10T19:45:37","date_gmt":"2021-01-10T22:45:37","guid":{"rendered":"https:\/\/shop.bazarcia.com\/produto\/matriz-de-bordado-pacote-floral-01-10-matrizes\/"},"modified":"2021-01-10T20:29:03","modified_gmt":"2021-01-10T23:29:03","slug":"matriz-de-bordado-pacote-floral-01-10-matrizes","status":"publish","type":"product","link":"https:\/\/shop.bazarcia.com\/en\/product\/matriz-de-bordado-pacote-floral-01-10-matrizes\/","title":{"rendered":"Matriz de Bordado &#8211; Pacote Floral #01 &#8211; 10 Matrizes"},"content":{"rendered":"<p>Este \u00e9 um produto digital que \u00e9 disponibilizado para DOWNLOAD logo ap\u00f3s a confirma\u00e7\u00e3o do pagamento.<br \/>\nOs arquivos est\u00e3o em pasta compactada(ZIP), sendo necess\u00e1rio descompactar.<br \/>\nOs mesmos s\u00e3o compat\u00edveis com v\u00e1rios tipos e modelos de m\u00e1quinas, com os seguintes formatos :<br \/>\nPES \u2013 JEF \u2013\u00a0 EXP \u2013 DST<\/p>\n<p>Pacote com 10 matrizes.<\/p>\n<p>Tamanhos das Matrizes (AxL) em cm:<\/p>\n<p><span style=\"font-weight: 700 !important\">Matriz 01 &#8211; Flores Vermelhas &#8211; Barra<\/span><\/p>\n<p>&#8211; 05 x 18 (15.536 pontos)<br \/>\n&#8211; 07.3 x 26 (21.539 pontos) *N\u00e3o dispon\u00edvem em JEF<br \/>\n6 Trocas de Linhas.<\/p>\n<p><span style=\"font-weight: 700 !important\">Matriz 02 &#8211; 3 Rosas &#8211; Barra<\/span><\/p>\n<p>&#8211; 05 x 18 (18.438 pontos)<br \/>\n&#8211; 07 x 26 (27.723 pontos) *N\u00e3o dispon\u00edvem em JEF<br \/>\n9 Trocas de Linhas.<\/p>\n<p><span style=\"font-weight: bold\">Matriz 03 &#8211; Flor azul &#8211; Barra<br \/>\n<\/span><\/p>\n<p>&#8211; 06 x 18 (14.179 pontos)<br \/>\n&#8211; 08.6 x 26 (20.532 pontos) *N\u00e3o dispon\u00edvel em JEF<br \/>\n09 Trocas de Linhas.<\/p>\n<p>&nbsp;<\/p>\n<p><span style=\"font-weight: 700 !important\">Matriz 04 &#8211; 2 Flores Vermelhas\u00a0 &#8211; Barra<\/span><\/p>\n<p>&#8211; 05.7 x 18 (15.867 pontos)<br \/>\n&#8211; 08 x 26 (23.609) *N\u00e3o dispon\u00edvel em JEF<br \/>\n10 Trocas de Linhas.<\/p>\n<p><span style=\"font-weight: 700 !important\">Matriz 05 &#8211; Flores Azul com Borboleta Centro<\/span><\/p>\n<p><em>Flor Completa:<\/em><br \/>\n&#8211; 07.5 x 18 (18.620 pontos)<br \/>\n&#8211; 11 x 26 (26.128 pontos) *N\u00e3o dispon\u00edvel em JEF<br \/>\n11 Trocas de Linhas.<\/p>\n<p><em>Flor &#8211; Lado Direito<\/em><br \/>\n&#8211; 07.5 x 07.5 (6.390 pontos)<br \/>\n&#8211; 10 x 10 (8.455 pontos)<br \/>\n06 Trocas de Linhas.<\/p>\n<p><em>Flor\u00a0 &#8211; Lado Esquerdo<\/em><br \/>\n&#8211; 07.5 x 07.5 (6.390 pontos)<br \/>\n&#8211; 10 x 10 (8.455 pontos)<br \/>\n06 Trocas de Linhas.<\/p>\n<p><span style=\"font-weight: 700 !important\">Matriz 06 &#8211; Flores Vermelhas com Borboleta no centro<\/span><\/p>\n<p><em>Flor Completa:<\/em><br \/>\n&#8211; 07.5 x 18 (22.804 pontos)<br \/>\n&#8211; 10.8x 26 (30.156 pontos) *N\u00e3o dispon\u00edvel em JEF<br \/>\n09 Trocas de Linhas.<\/p>\n<p><em>Flor &#8211; Lado Direito<\/em><br \/>\n&#8211; 07.5 x 07 (8.611 pontos)<br \/>\n&#8211; 10 x 10 (10.582 pontos)<br \/>\n06 Trocas de Linhas.<\/p>\n<p><em>Flor\u00a0 &#8211; Lado Esquerdo<\/em><br \/>\n&#8211; 07.5 x 07 (8.611 pontos)<br \/>\n&#8211; 10 x 10 (10.582 pontos)<br \/>\n06 Trocas de Linhas.<\/p>\n<p><span style=\"font-weight: 700 !important\">Matriz 07 &#8211; Rosas &#8211; Canto<\/span><\/p>\n<p>&#8211; 10 x 10 (16.263 pontos)<br \/>\n&#8211; 11 x 11 (17.911 pontos)<br \/>\n&#8211; 12 x 12 (19.676pontos)<br \/>\n&#8211; 14 x 14 (23.438 pontos)<\/p>\n<p>10 Trocas de Linhas.<\/p>\n<p><span style=\"font-weight: bold\">Matriz 08 &#8211; Rosa em P\u00e9 Sozinha<\/span><br \/>\n&#8211; 07 x 03.2 (4.529 pontos)<br \/>\n&#8211; 09 x 04 (5.888 pontos)<br \/>\n&#8211; 10 x 04.5 (6.598 pontos)<br \/>\n08 Trocas de Linhas.<\/p>\n<p><span style=\"font-weight: 700 !important\">Matriz 09 &#8211; Rosa Sozinha<\/span><br \/>\n&#8211; 07 x 07 (10.594 pontos)<br \/>\n&#8211; 08 x 08 (12.486 pontos)<br \/>\n&#8211; 09 x 09 (14.378 pontos)<br \/>\n&#8211; 10 x 10 (16.284 pontos)<br \/>\n&#8211; 11 x 11 (18.432 pontos)<br \/>\n&#8211; 12 x 12 (20.874 pontos)<br \/>\n07 Trocas de Linhas.<\/p>\n<p><span style=\"font-weight: bold\">Matriz 10 &#8211; Borboleta<\/span><\/p>\n<p>&#8211; 04 x 05.3 (7.485 pontos)<br \/>\n&#8211; 05 x 06.7 (8.847 pontos)<br \/>\n&#8211; 06 x 08 (10.156 pontos)<br \/>\n&#8211; 07.5 x 10 (12.070 pontos)<br \/>\n5 Trocas de Linhas.<\/p>\n<p>Aten\u00e7\u00e3o! Confira os tamanhos antes de efetuar a compra.<\/p>","protected":false},"excerpt":{"rendered":"<p>Matriz de Bordado &#8211; Pacote Floral #01<\/p>","protected":false},"featured_media":73537,"comment_status":"open","ping_status":"closed","template":"","meta":{"_acf_changed":false,"_joinchat":[]},"product_brand":[],"product_cat":[84,296,1189,306],"product_tag":[],"class_list":{"0":"post-73539","1":"product","2":"type-product","3":"status-publish","4":"has-post-thumbnail","6":"product_cat-matrizes-de-bordado","7":"product_cat-florais","8":"product_cat-rosas","9":"product_cat-pacotinhos-de-matrizes","11":"first","12":"instock","13":"downloadable","14":"virtual","15":"sold-individually","16":"purchasable","17":"product-type-simple"},"acf":[],"yoast_head":"<!-- This site is optimized with the Yoast SEO plugin v27.2 - https:\/\/yoast.com\/product\/yoast-seo-wordpress\/ -->\n<title>Matriz de Bordado - Pacote Floral #01 - 10 Matrizes<\/title>\n<meta name=\"description\" content=\"Matrizes para todos os tipos de m\u00e1quinas\" \/>\n<meta name=\"robots\" content=\"index, follow, max-snippet:-1, max-image-preview:large, max-video-preview:-1\" \/>\n<link rel=\"canonical\" href=\"https:\/\/shop.bazarcia.com\/en\/product\/matriz-de-bordado-pacote-floral-01-10-matrizes\/\" \/>\n<meta property=\"og:locale\" content=\"en_US\" \/>\n<meta property=\"og:type\" content=\"article\" \/>\n<meta property=\"og:title\" content=\"Matriz de Bordado - Pacote Floral #01 - 10 Matrizes\" \/>\n<meta property=\"og:description\" content=\"Matrizes para todos os tipos de m\u00e1quinas\" \/>\n<meta property=\"og:url\" content=\"https:\/\/shop.bazarcia.com\/en\/product\/matriz-de-bordado-pacote-floral-01-10-matrizes\/\" \/>\n<meta property=\"og:site_name\" content=\"\ud835\udc1b\ud835\udc1a\ud835\udc33\ud835\udc1a\ud835\udc2b &amp; \ud835\udc1c\ud835\udc22\ud835\udc1a\" \/>\n<meta property=\"article:publisher\" content=\"https:\/\/www.facebook.com\/shopbazarcia\" \/>\n<meta property=\"article:modified_time\" content=\"2021-01-10T23:29:03+00:00\" \/>\n<meta property=\"og:image\" content=\"https:\/\/shop.bazarcia.com\/wp-content\/uploads\/2021\/01\/Colecao-Flores-01.png\" \/>\n\t<meta property=\"og:image:width\" content=\"1080\" \/>\n\t<meta property=\"og:image:height\" content=\"1080\" \/>\n\t<meta property=\"og:image:type\" content=\"image\/png\" \/>\n<meta name=\"twitter:card\" content=\"summary_large_image\" \/>\n<meta name=\"twitter:label1\" content=\"Est. reading time\" \/>\n\t<meta name=\"twitter:data1\" content=\"2 minutes\" \/>\n<script type=\"application\/ld+json\" class=\"yoast-schema-graph\">{\"@context\":\"https:\/\/schema.org\",\"@graph\":[{\"@type\":\"WebPage\",\"@id\":\"https:\/\/shop.bazarcia.com\/en\/product\/matriz-de-bordado-pacote-floral-01-10-matrizes\/\",\"url\":\"https:\/\/shop.bazarcia.com\/en\/product\/matriz-de-bordado-pacote-floral-01-10-matrizes\/\",\"name\":\"Matriz de Bordado - Pacote Floral #01 - 10 Matrizes\",\"isPartOf\":{\"@id\":\"https:\/\/shop.bazarcia.com\/#website\"},\"primaryImageOfPage\":{\"@id\":\"https:\/\/shop.bazarcia.com\/en\/product\/matriz-de-bordado-pacote-floral-01-10-matrizes\/#primaryimage\"},\"image\":{\"@id\":\"https:\/\/shop.bazarcia.com\/en\/product\/matriz-de-bordado-pacote-floral-01-10-matrizes\/#primaryimage\"},\"thumbnailUrl\":\"https:\/\/shop.bazarcia.com\/wp-content\/uploads\/2021\/01\/Colecao-Flores-01.png\",\"datePublished\":\"2021-01-10T22:45:37+00:00\",\"dateModified\":\"2021-01-10T23:29:03+00:00\",\"description\":\"Matrizes para todos os tipos de m\u00e1quinas\",\"breadcrumb\":{\"@id\":\"https:\/\/shop.bazarcia.com\/en\/product\/matriz-de-bordado-pacote-floral-01-10-matrizes\/#breadcrumb\"},\"inLanguage\":\"en-US\",\"potentialAction\":[{\"@type\":\"ReadAction\",\"target\":[\"https:\/\/shop.bazarcia.com\/en\/product\/matriz-de-bordado-pacote-floral-01-10-matrizes\/\"]}]},{\"@type\":\"ImageObject\",\"inLanguage\":\"en-US\",\"@id\":\"https:\/\/shop.bazarcia.com\/en\/product\/matriz-de-bordado-pacote-floral-01-10-matrizes\/#primaryimage\",\"url\":\"https:\/\/shop.bazarcia.com\/wp-content\/uploads\/2021\/01\/Colecao-Flores-01.png\",\"contentUrl\":\"https:\/\/shop.bazarcia.com\/wp-content\/uploads\/2021\/01\/Colecao-Flores-01.png\",\"width\":1080,\"height\":1080},{\"@type\":\"BreadcrumbList\",\"@id\":\"https:\/\/shop.bazarcia.com\/en\/product\/matriz-de-bordado-pacote-floral-01-10-matrizes\/#breadcrumb\",\"itemListElement\":[{\"@type\":\"ListItem\",\"position\":1,\"name\":\"In\u00edcio\",\"item\":\"https:\/\/shop.bazarcia.com\/\"},{\"@type\":\"ListItem\",\"position\":2,\"name\":\"Loja\",\"item\":\"https:\/\/shop.bazarcia.com\/loja\/\"},{\"@type\":\"ListItem\",\"position\":3,\"name\":\"Matriz de Bordado &#8211; Pacote Floral #01 &#8211; 10 Matrizes\"}]},{\"@type\":\"WebSite\",\"@id\":\"https:\/\/shop.bazarcia.com\/#website\",\"url\":\"https:\/\/shop.bazarcia.com\/\",\"name\":\"Bazar & Cia\",\"description\":\"criatividade ponto a ponto\",\"publisher\":{\"@id\":\"https:\/\/shop.bazarcia.com\/#organization\"},\"potentialAction\":[{\"@type\":\"SearchAction\",\"target\":{\"@type\":\"EntryPoint\",\"urlTemplate\":\"https:\/\/shop.bazarcia.com\/?s={search_term_string}\"},\"query-input\":{\"@type\":\"PropertyValueSpecification\",\"valueRequired\":true,\"valueName\":\"search_term_string\"}}],\"inLanguage\":\"en-US\"},{\"@type\":\"Organization\",\"@id\":\"https:\/\/shop.bazarcia.com\/#organization\",\"name\":\"Bazar & Cia\",\"url\":\"https:\/\/shop.bazarcia.com\/\",\"logo\":{\"@type\":\"ImageObject\",\"inLanguage\":\"en-US\",\"@id\":\"https:\/\/shop.bazarcia.com\/#\/schema\/logo\/image\/\",\"url\":\"https:\/\/shop.bazarcia.com\/wp-content\/uploads\/2024\/02\/cropped-logo_bazarcia.png\",\"contentUrl\":\"https:\/\/shop.bazarcia.com\/wp-content\/uploads\/2024\/02\/cropped-logo_bazarcia.png\",\"width\":150,\"height\":150,\"caption\":\"Bazar & Cia\"},\"image\":{\"@id\":\"https:\/\/shop.bazarcia.com\/#\/schema\/logo\/image\/\"},\"sameAs\":[\"https:\/\/www.facebook.com\/shopbazarcia\",\"https:\/\/www.instagram.com\/shopbazarcia\",\"https:\/\/br.pinterest.com\/suzane_eloise\/\",\"https:\/\/www.youtube.com\/c\/BazardoBordadoMatrizeseProjetos\"]}]}<\/script>\n<!-- \/ Yoast SEO plugin. -->","yoast_head_json":{"title":"Matriz de Bordado - Pacote Floral #01 - 10 Matrizes","description":"Matrizes para todos os tipos de m\u00e1quinas","robots":{"index":"index","follow":"follow","max-snippet":"max-snippet:-1","max-image-preview":"max-image-preview:large","max-video-preview":"max-video-preview:-1"},"canonical":"https:\/\/shop.bazarcia.com\/en\/product\/matriz-de-bordado-pacote-floral-01-10-matrizes\/","og_locale":"en_US","og_type":"article","og_title":"Matriz de Bordado - Pacote Floral #01 - 10 Matrizes","og_description":"Matrizes para todos os tipos de m\u00e1quinas","og_url":"https:\/\/shop.bazarcia.com\/en\/product\/matriz-de-bordado-pacote-floral-01-10-matrizes\/","og_site_name":"\ud835\udc1b\ud835\udc1a\ud835\udc33\ud835\udc1a\ud835\udc2b &amp; \ud835\udc1c\ud835\udc22\ud835\udc1a","article_publisher":"https:\/\/www.facebook.com\/shopbazarcia","article_modified_time":"2021-01-10T23:29:03+00:00","og_image":[{"width":1080,"height":1080,"url":"https:\/\/shop.bazarcia.com\/wp-content\/uploads\/2021\/01\/Colecao-Flores-01.png","type":"image\/png"}],"twitter_card":"summary_large_image","twitter_misc":{"Est. reading time":"2 minutes"},"schema":{"@context":"https:\/\/schema.org","@graph":[{"@type":"WebPage","@id":"https:\/\/shop.bazarcia.com\/en\/product\/matriz-de-bordado-pacote-floral-01-10-matrizes\/","url":"https:\/\/shop.bazarcia.com\/en\/product\/matriz-de-bordado-pacote-floral-01-10-matrizes\/","name":"Matriz de Bordado - Pacote Floral #01 - 10 Matrizes","isPartOf":{"@id":"https:\/\/shop.bazarcia.com\/#website"},"primaryImageOfPage":{"@id":"https:\/\/shop.bazarcia.com\/en\/product\/matriz-de-bordado-pacote-floral-01-10-matrizes\/#primaryimage"},"image":{"@id":"https:\/\/shop.bazarcia.com\/en\/product\/matriz-de-bordado-pacote-floral-01-10-matrizes\/#primaryimage"},"thumbnailUrl":"https:\/\/shop.bazarcia.com\/wp-content\/uploads\/2021\/01\/Colecao-Flores-01.png","datePublished":"2021-01-10T22:45:37+00:00","dateModified":"2021-01-10T23:29:03+00:00","description":"Matrizes para todos os tipos de m\u00e1quinas","breadcrumb":{"@id":"https:\/\/shop.bazarcia.com\/en\/product\/matriz-de-bordado-pacote-floral-01-10-matrizes\/#breadcrumb"},"inLanguage":"en-US","potentialAction":[{"@type":"ReadAction","target":["https:\/\/shop.bazarcia.com\/en\/product\/matriz-de-bordado-pacote-floral-01-10-matrizes\/"]}]},{"@type":"ImageObject","inLanguage":"en-US","@id":"https:\/\/shop.bazarcia.com\/en\/product\/matriz-de-bordado-pacote-floral-01-10-matrizes\/#primaryimage","url":"https:\/\/shop.bazarcia.com\/wp-content\/uploads\/2021\/01\/Colecao-Flores-01.png","contentUrl":"https:\/\/shop.bazarcia.com\/wp-content\/uploads\/2021\/01\/Colecao-Flores-01.png","width":1080,"height":1080},{"@type":"BreadcrumbList","@id":"https:\/\/shop.bazarcia.com\/en\/product\/matriz-de-bordado-pacote-floral-01-10-matrizes\/#breadcrumb","itemListElement":[{"@type":"ListItem","position":1,"name":"In\u00edcio","item":"https:\/\/shop.bazarcia.com\/"},{"@type":"ListItem","position":2,"name":"Loja","item":"https:\/\/shop.bazarcia.com\/loja\/"},{"@type":"ListItem","position":3,"name":"Matriz de Bordado &#8211; Pacote Floral #01 &#8211; 10 Matrizes"}]},{"@type":"WebSite","@id":"https:\/\/shop.bazarcia.com\/#website","url":"https:\/\/shop.bazarcia.com\/","name":"Bazar & Cia","description":"criatividade ponto a ponto","publisher":{"@id":"https:\/\/shop.bazarcia.com\/#organization"},"potentialAction":[{"@type":"SearchAction","target":{"@type":"EntryPoint","urlTemplate":"https:\/\/shop.bazarcia.com\/?s={search_term_string}"},"query-input":{"@type":"PropertyValueSpecification","valueRequired":true,"valueName":"search_term_string"}}],"inLanguage":"en-US"},{"@type":"Organization","@id":"https:\/\/shop.bazarcia.com\/#organization","name":"Bazar & Cia","url":"https:\/\/shop.bazarcia.com\/","logo":{"@type":"ImageObject","inLanguage":"en-US","@id":"https:\/\/shop.bazarcia.com\/#\/schema\/logo\/image\/","url":"https:\/\/shop.bazarcia.com\/wp-content\/uploads\/2024\/02\/cropped-logo_bazarcia.png","contentUrl":"https:\/\/shop.bazarcia.com\/wp-content\/uploads\/2024\/02\/cropped-logo_bazarcia.png","width":150,"height":150,"caption":"Bazar & Cia"},"image":{"@id":"https:\/\/shop.bazarcia.com\/#\/schema\/logo\/image\/"},"sameAs":["https:\/\/www.facebook.com\/shopbazarcia","https:\/\/www.instagram.com\/shopbazarcia","https:\/\/br.pinterest.com\/suzane_eloise\/","https:\/\/www.youtube.com\/c\/BazardoBordadoMatrizeseProjetos"]}]}},"_links":{"self":[{"href":"https:\/\/shop.bazarcia.com\/en\/wp-json\/wp\/v2\/product\/73539","targetHints":{"allow":["GET"]}}],"collection":[{"href":"https:\/\/shop.bazarcia.com\/en\/wp-json\/wp\/v2\/product"}],"about":[{"href":"https:\/\/shop.bazarcia.com\/en\/wp-json\/wp\/v2\/types\/product"}],"replies":[{"embeddable":true,"href":"https:\/\/shop.bazarcia.com\/en\/wp-json\/wp\/v2\/comments?post=73539"}],"version-history":[{"count":0,"href":"https:\/\/shop.bazarcia.com\/en\/wp-json\/wp\/v2\/product\/73539\/revisions"}],"wp:featuredmedia":[{"embeddable":true,"href":"https:\/\/shop.bazarcia.com\/en\/wp-json\/wp\/v2\/media\/73537"}],"wp:attachment":[{"href":"https:\/\/shop.bazarcia.com\/en\/wp-json\/wp\/v2\/media?parent=73539"}],"wp:term":[{"taxonomy":"product_brand","embeddable":true,"href":"https:\/\/shop.bazarcia.com\/en\/wp-json\/wp\/v2\/product_brand?post=73539"},{"taxonomy":"product_cat","embeddable":true,"href":"https:\/\/shop.bazarcia.com\/en\/wp-json\/wp\/v2\/product_cat?post=73539"},{"taxonomy":"product_tag","embeddable":true,"href":"https:\/\/shop.bazarcia.com\/en\/wp-json\/wp\/v2\/product_tag?post=73539"}],"curies":[{"name":"wp","href":"https:\/\/api.w.org\/{rel}","templated":true}]}}