{"id":74701,"date":"2021-01-17T20:56:27","date_gmt":"2021-01-17T23:56:27","guid":{"rendered":"https:\/\/shop.bazarcia.com\/?post_type=product&#038;p=74701"},"modified":"2021-12-26T15:58:02","modified_gmt":"2021-12-26T18:58:02","slug":"matriz-de-bordado-meu-primeiro-carnaval-copia","status":"publish","type":"product","link":"https:\/\/shop.bazarcia.com\/en\/product\/matriz-de-bordado-meu-primeiro-carnaval-copia\/","title":{"rendered":"Matriz de Bordado &#8211; Meu Primeiro Carnaval (c\u00f3pia)"},"content":{"rendered":"<p>Matriz para bordado em pontos leves, f\u00e1cil de bordar, ideal para body tem\u00e1tico \u2013 1 MATRIZ<\/p>\n<p>Tamanho compat\u00edvel para bastidor 13&#215;18 \u2013 detalhes nas imagens.<\/p>\n<p class=\"MsoNormal\" style=\"margin-bottom: 0cm;line-height: normal;background-image: initial;background-position: initial;background-size: initial;background-attachment: initial;vertical-align: baseline\"><span style=\"font-size: 10.5pt;font-family: 'Arial',sans-serif;color: #777777\">Os arquivos est\u00e3o em pasta compactada (ZIP), sendo necess\u00e1rio descompact\u00e1-la.<\/span><\/p>\n<p class=\"MsoNormal\" style=\"margin-bottom: 0cm;line-height: normal;background-image: initial;background-position: initial;background-size: initial;background-attachment: initial;vertical-align: baseline\"><span style=\"font-size: 10.5pt;font-family: 'Arial',sans-serif;color: #777777\">Os mesmos s\u00e3o compat\u00edveis com v\u00e1rios tipos e modelos de m\u00e1quinas, com os seguintes formatos : PES \u2013 JEF \u2013 EXP \u2013 DST- XXX \u2013 HUS<\/span><\/p>\n<p class=\"MsoNormal\" style=\"margin-bottom: 15pt;line-height: normal;background-image: initial;background-position: initial;background-size: initial;background-attachment: initial;vertical-align: baseline\"><span style=\"font-size: 10.5pt;font-family: 'Arial',sans-serif;color: #777777\">Design e imagem \u2013 FREEKIP PREMIUM<\/span><\/p>\n<p>Os arquivos estar\u00e3o dispon\u00edveis para download aqui mesmo na sua conta no site ap\u00f3s confirma\u00e7\u00e3o do pagamento. (N\u00e3o ser\u00e3o enviados por e-mail!)<\/p>\n<p>&nbsp;<\/p>","protected":false},"excerpt":{"rendered":"<p>Matriz para bordado em pontos leves, f\u00e1cil de bordar, ideal para body tem\u00e1tico \u2013 1 MATRIZ<br \/>\nTamanho compat\u00edvel para bastidor 13&#215;18 \u2013 detalhes nas imagens.<br \/>\nOs arquivos estar\u00e3o dispon\u00edveis para download aqui mesmo na sua conta no site ap\u00f3s confirma\u00e7\u00e3o do pagamento. (N\u00e3o ser\u00e3o enviados por e-mail!)<\/p>","protected":false},"featured_media":74561,"comment_status":"open","ping_status":"closed","template":"","meta":{"_acf_changed":false,"_joinchat":[]},"product_brand":[],"product_cat":[167,84,1393,312],"product_tag":[1090],"class_list":{"0":"post-74701","1":"product","2":"type-product","3":"status-publish","4":"has-post-thumbnail","6":"product_cat-carnaval","7":"product_cat-matrizes-de-bordado","8":"product_cat-matrizes-de-bordado-para-bodys","9":"product_cat-matrizes-pontos-leves","10":"product_tag-maquina-de-bordar","12":"first","13":"instock","14":"downloadable","15":"virtual","16":"purchasable","17":"product-type-simple"},"acf":[],"yoast_head":"<!-- This site is optimized with the Yoast SEO plugin v27.2 - https:\/\/yoast.com\/product\/yoast-seo-wordpress\/ -->\n<title>Matriz de Bordado - Meu Primeiro Carnaval (c\u00f3pia) - \ud835\udc1b\ud835\udc1a\ud835\udc33\ud835\udc1a\ud835\udc2b &amp; \ud835\udc1c\ud835\udc22\ud835\udc1a<\/title>\n<meta name=\"robots\" content=\"index, follow, max-snippet:-1, max-image-preview:large, max-video-preview:-1\" \/>\n<link rel=\"canonical\" href=\"https:\/\/shop.bazarcia.com\/en\/product\/matriz-de-bordado-meu-primeiro-carnaval-copia\/\" \/>\n<meta property=\"og:locale\" content=\"en_US\" \/>\n<meta property=\"og:type\" content=\"article\" \/>\n<meta property=\"og:title\" content=\"Matriz de Bordado - Meu Primeiro Carnaval (c\u00f3pia) - \ud835\udc1b\ud835\udc1a\ud835\udc33\ud835\udc1a\ud835\udc2b &amp; \ud835\udc1c\ud835\udc22\ud835\udc1a\" \/>\n<meta property=\"og:description\" content=\"Matriz para bordado em pontos leves, f\u00e1cil de bordar, ideal para body tem\u00e1tico \u2013 1 MATRIZ Tamanho compat\u00edvel para bastidor 13x18 \u2013 detalhes nas imagens. Os arquivos estar\u00e3o dispon\u00edveis para download aqui mesmo na sua conta no site ap\u00f3s confirma\u00e7\u00e3o do pagamento. (N\u00e3o ser\u00e3o enviados por e-mail!)\" \/>\n<meta property=\"og:url\" content=\"https:\/\/shop.bazarcia.com\/en\/product\/matriz-de-bordado-meu-primeiro-carnaval-copia\/\" \/>\n<meta property=\"og:site_name\" content=\"\ud835\udc1b\ud835\udc1a\ud835\udc33\ud835\udc1a\ud835\udc2b &amp; \ud835\udc1c\ud835\udc22\ud835\udc1a\" \/>\n<meta property=\"article:publisher\" content=\"https:\/\/www.facebook.com\/shopbazarcia\" \/>\n<meta property=\"article:modified_time\" content=\"2021-12-26T18:58:02+00:00\" \/>\n<meta property=\"og:image\" content=\"https:\/\/shop.bazarcia.com\/wp-content\/uploads\/2021\/01\/DF-BODY-CARNAVAL.png\" \/>\n\t<meta property=\"og:image:width\" content=\"1080\" \/>\n\t<meta property=\"og:image:height\" content=\"1080\" \/>\n\t<meta property=\"og:image:type\" content=\"image\/png\" \/>\n<meta name=\"twitter:card\" content=\"summary_large_image\" \/>\n<script type=\"application\/ld+json\" class=\"yoast-schema-graph\">{\"@context\":\"https:\/\/schema.org\",\"@graph\":[{\"@type\":\"WebPage\",\"@id\":\"https:\/\/shop.bazarcia.com\/en\/product\/matriz-de-bordado-meu-primeiro-carnaval-copia\/\",\"url\":\"https:\/\/shop.bazarcia.com\/en\/product\/matriz-de-bordado-meu-primeiro-carnaval-copia\/\",\"name\":\"Matriz de Bordado - Meu Primeiro Carnaval (c\u00f3pia) - \ud835\udc1b\ud835\udc1a\ud835\udc33\ud835\udc1a\ud835\udc2b &amp; \ud835\udc1c\ud835\udc22\ud835\udc1a\",\"isPartOf\":{\"@id\":\"https:\/\/shop.bazarcia.com\/#website\"},\"primaryImageOfPage\":{\"@id\":\"https:\/\/shop.bazarcia.com\/en\/product\/matriz-de-bordado-meu-primeiro-carnaval-copia\/#primaryimage\"},\"image\":{\"@id\":\"https:\/\/shop.bazarcia.com\/en\/product\/matriz-de-bordado-meu-primeiro-carnaval-copia\/#primaryimage\"},\"thumbnailUrl\":\"https:\/\/shop.bazarcia.com\/wp-content\/uploads\/2021\/01\/DF-BODY-CARNAVAL.png\",\"datePublished\":\"2021-01-17T23:56:27+00:00\",\"dateModified\":\"2021-12-26T18:58:02+00:00\",\"breadcrumb\":{\"@id\":\"https:\/\/shop.bazarcia.com\/en\/product\/matriz-de-bordado-meu-primeiro-carnaval-copia\/#breadcrumb\"},\"inLanguage\":\"en-US\",\"potentialAction\":[{\"@type\":\"ReadAction\",\"target\":[\"https:\/\/shop.bazarcia.com\/en\/product\/matriz-de-bordado-meu-primeiro-carnaval-copia\/\"]}]},{\"@type\":\"ImageObject\",\"inLanguage\":\"en-US\",\"@id\":\"https:\/\/shop.bazarcia.com\/en\/product\/matriz-de-bordado-meu-primeiro-carnaval-copia\/#primaryimage\",\"url\":\"https:\/\/shop.bazarcia.com\/wp-content\/uploads\/2021\/01\/DF-BODY-CARNAVAL.png\",\"contentUrl\":\"https:\/\/shop.bazarcia.com\/wp-content\/uploads\/2021\/01\/DF-BODY-CARNAVAL.png\",\"width\":1080,\"height\":1080},{\"@type\":\"BreadcrumbList\",\"@id\":\"https:\/\/shop.bazarcia.com\/en\/product\/matriz-de-bordado-meu-primeiro-carnaval-copia\/#breadcrumb\",\"itemListElement\":[{\"@type\":\"ListItem\",\"position\":1,\"name\":\"In\u00edcio\",\"item\":\"https:\/\/shop.bazarcia.com\/\"},{\"@type\":\"ListItem\",\"position\":2,\"name\":\"Loja\",\"item\":\"https:\/\/shop.bazarcia.com\/loja\/\"},{\"@type\":\"ListItem\",\"position\":3,\"name\":\"Matriz de Bordado &#8211; Meu Primeiro Carnaval (c\u00f3pia)\"}]},{\"@type\":\"WebSite\",\"@id\":\"https:\/\/shop.bazarcia.com\/#website\",\"url\":\"https:\/\/shop.bazarcia.com\/\",\"name\":\"Bazar & Cia\",\"description\":\"criatividade ponto a ponto\",\"publisher\":{\"@id\":\"https:\/\/shop.bazarcia.com\/#organization\"},\"potentialAction\":[{\"@type\":\"SearchAction\",\"target\":{\"@type\":\"EntryPoint\",\"urlTemplate\":\"https:\/\/shop.bazarcia.com\/?s={search_term_string}\"},\"query-input\":{\"@type\":\"PropertyValueSpecification\",\"valueRequired\":true,\"valueName\":\"search_term_string\"}}],\"inLanguage\":\"en-US\"},{\"@type\":\"Organization\",\"@id\":\"https:\/\/shop.bazarcia.com\/#organization\",\"name\":\"Bazar & Cia\",\"url\":\"https:\/\/shop.bazarcia.com\/\",\"logo\":{\"@type\":\"ImageObject\",\"inLanguage\":\"en-US\",\"@id\":\"https:\/\/shop.bazarcia.com\/#\/schema\/logo\/image\/\",\"url\":\"https:\/\/shop.bazarcia.com\/wp-content\/uploads\/2024\/02\/cropped-logo_bazarcia.png\",\"contentUrl\":\"https:\/\/shop.bazarcia.com\/wp-content\/uploads\/2024\/02\/cropped-logo_bazarcia.png\",\"width\":150,\"height\":150,\"caption\":\"Bazar & Cia\"},\"image\":{\"@id\":\"https:\/\/shop.bazarcia.com\/#\/schema\/logo\/image\/\"},\"sameAs\":[\"https:\/\/www.facebook.com\/shopbazarcia\",\"https:\/\/www.instagram.com\/shopbazarcia\",\"https:\/\/br.pinterest.com\/suzane_eloise\/\",\"https:\/\/www.youtube.com\/c\/BazardoBordadoMatrizeseProjetos\"]}]}<\/script>\n<!-- \/ Yoast SEO plugin. -->","yoast_head_json":{"title":"Matriz de Bordado - Meu Primeiro Carnaval (c\u00f3pia) - \ud835\udc1b\ud835\udc1a\ud835\udc33\ud835\udc1a\ud835\udc2b &amp; \ud835\udc1c\ud835\udc22\ud835\udc1a","robots":{"index":"index","follow":"follow","max-snippet":"max-snippet:-1","max-image-preview":"max-image-preview:large","max-video-preview":"max-video-preview:-1"},"canonical":"https:\/\/shop.bazarcia.com\/en\/product\/matriz-de-bordado-meu-primeiro-carnaval-copia\/","og_locale":"en_US","og_type":"article","og_title":"Matriz de Bordado - Meu Primeiro Carnaval (c\u00f3pia) - \ud835\udc1b\ud835\udc1a\ud835\udc33\ud835\udc1a\ud835\udc2b &amp; \ud835\udc1c\ud835\udc22\ud835\udc1a","og_description":"Matriz para bordado em pontos leves, f\u00e1cil de bordar, ideal para body tem\u00e1tico \u2013 1 MATRIZ Tamanho compat\u00edvel para bastidor 13x18 \u2013 detalhes nas imagens. Os arquivos estar\u00e3o dispon\u00edveis para download aqui mesmo na sua conta no site ap\u00f3s confirma\u00e7\u00e3o do pagamento. (N\u00e3o ser\u00e3o enviados por e-mail!)","og_url":"https:\/\/shop.bazarcia.com\/en\/product\/matriz-de-bordado-meu-primeiro-carnaval-copia\/","og_site_name":"\ud835\udc1b\ud835\udc1a\ud835\udc33\ud835\udc1a\ud835\udc2b &amp; \ud835\udc1c\ud835\udc22\ud835\udc1a","article_publisher":"https:\/\/www.facebook.com\/shopbazarcia","article_modified_time":"2021-12-26T18:58:02+00:00","og_image":[{"width":1080,"height":1080,"url":"https:\/\/shop.bazarcia.com\/wp-content\/uploads\/2021\/01\/DF-BODY-CARNAVAL.png","type":"image\/png"}],"twitter_card":"summary_large_image","schema":{"@context":"https:\/\/schema.org","@graph":[{"@type":"WebPage","@id":"https:\/\/shop.bazarcia.com\/en\/product\/matriz-de-bordado-meu-primeiro-carnaval-copia\/","url":"https:\/\/shop.bazarcia.com\/en\/product\/matriz-de-bordado-meu-primeiro-carnaval-copia\/","name":"Matriz de Bordado - Meu Primeiro Carnaval (c\u00f3pia) - \ud835\udc1b\ud835\udc1a\ud835\udc33\ud835\udc1a\ud835\udc2b &amp; \ud835\udc1c\ud835\udc22\ud835\udc1a","isPartOf":{"@id":"https:\/\/shop.bazarcia.com\/#website"},"primaryImageOfPage":{"@id":"https:\/\/shop.bazarcia.com\/en\/product\/matriz-de-bordado-meu-primeiro-carnaval-copia\/#primaryimage"},"image":{"@id":"https:\/\/shop.bazarcia.com\/en\/product\/matriz-de-bordado-meu-primeiro-carnaval-copia\/#primaryimage"},"thumbnailUrl":"https:\/\/shop.bazarcia.com\/wp-content\/uploads\/2021\/01\/DF-BODY-CARNAVAL.png","datePublished":"2021-01-17T23:56:27+00:00","dateModified":"2021-12-26T18:58:02+00:00","breadcrumb":{"@id":"https:\/\/shop.bazarcia.com\/en\/product\/matriz-de-bordado-meu-primeiro-carnaval-copia\/#breadcrumb"},"inLanguage":"en-US","potentialAction":[{"@type":"ReadAction","target":["https:\/\/shop.bazarcia.com\/en\/product\/matriz-de-bordado-meu-primeiro-carnaval-copia\/"]}]},{"@type":"ImageObject","inLanguage":"en-US","@id":"https:\/\/shop.bazarcia.com\/en\/product\/matriz-de-bordado-meu-primeiro-carnaval-copia\/#primaryimage","url":"https:\/\/shop.bazarcia.com\/wp-content\/uploads\/2021\/01\/DF-BODY-CARNAVAL.png","contentUrl":"https:\/\/shop.bazarcia.com\/wp-content\/uploads\/2021\/01\/DF-BODY-CARNAVAL.png","width":1080,"height":1080},{"@type":"BreadcrumbList","@id":"https:\/\/shop.bazarcia.com\/en\/product\/matriz-de-bordado-meu-primeiro-carnaval-copia\/#breadcrumb","itemListElement":[{"@type":"ListItem","position":1,"name":"In\u00edcio","item":"https:\/\/shop.bazarcia.com\/"},{"@type":"ListItem","position":2,"name":"Loja","item":"https:\/\/shop.bazarcia.com\/loja\/"},{"@type":"ListItem","position":3,"name":"Matriz de Bordado &#8211; Meu Primeiro Carnaval (c\u00f3pia)"}]},{"@type":"WebSite","@id":"https:\/\/shop.bazarcia.com\/#website","url":"https:\/\/shop.bazarcia.com\/","name":"Bazar & Cia","description":"criatividade ponto a ponto","publisher":{"@id":"https:\/\/shop.bazarcia.com\/#organization"},"potentialAction":[{"@type":"SearchAction","target":{"@type":"EntryPoint","urlTemplate":"https:\/\/shop.bazarcia.com\/?s={search_term_string}"},"query-input":{"@type":"PropertyValueSpecification","valueRequired":true,"valueName":"search_term_string"}}],"inLanguage":"en-US"},{"@type":"Organization","@id":"https:\/\/shop.bazarcia.com\/#organization","name":"Bazar & Cia","url":"https:\/\/shop.bazarcia.com\/","logo":{"@type":"ImageObject","inLanguage":"en-US","@id":"https:\/\/shop.bazarcia.com\/#\/schema\/logo\/image\/","url":"https:\/\/shop.bazarcia.com\/wp-content\/uploads\/2024\/02\/cropped-logo_bazarcia.png","contentUrl":"https:\/\/shop.bazarcia.com\/wp-content\/uploads\/2024\/02\/cropped-logo_bazarcia.png","width":150,"height":150,"caption":"Bazar & Cia"},"image":{"@id":"https:\/\/shop.bazarcia.com\/#\/schema\/logo\/image\/"},"sameAs":["https:\/\/www.facebook.com\/shopbazarcia","https:\/\/www.instagram.com\/shopbazarcia","https:\/\/br.pinterest.com\/suzane_eloise\/","https:\/\/www.youtube.com\/c\/BazardoBordadoMatrizeseProjetos"]}]}},"_links":{"self":[{"href":"https:\/\/shop.bazarcia.com\/en\/wp-json\/wp\/v2\/product\/74701","targetHints":{"allow":["GET"]}}],"collection":[{"href":"https:\/\/shop.bazarcia.com\/en\/wp-json\/wp\/v2\/product"}],"about":[{"href":"https:\/\/shop.bazarcia.com\/en\/wp-json\/wp\/v2\/types\/product"}],"replies":[{"embeddable":true,"href":"https:\/\/shop.bazarcia.com\/en\/wp-json\/wp\/v2\/comments?post=74701"}],"version-history":[{"count":0,"href":"https:\/\/shop.bazarcia.com\/en\/wp-json\/wp\/v2\/product\/74701\/revisions"}],"wp:featuredmedia":[{"embeddable":true,"href":"https:\/\/shop.bazarcia.com\/en\/wp-json\/wp\/v2\/media\/74561"}],"wp:attachment":[{"href":"https:\/\/shop.bazarcia.com\/en\/wp-json\/wp\/v2\/media?parent=74701"}],"wp:term":[{"taxonomy":"product_brand","embeddable":true,"href":"https:\/\/shop.bazarcia.com\/en\/wp-json\/wp\/v2\/product_brand?post=74701"},{"taxonomy":"product_cat","embeddable":true,"href":"https:\/\/shop.bazarcia.com\/en\/wp-json\/wp\/v2\/product_cat?post=74701"},{"taxonomy":"product_tag","embeddable":true,"href":"https:\/\/shop.bazarcia.com\/en\/wp-json\/wp\/v2\/product_tag?post=74701"}],"curies":[{"name":"wp","href":"https:\/\/api.w.org\/{rel}","templated":true}]}}