{"id":74942,"date":"2021-01-18T16:53:33","date_gmt":"2021-01-18T19:53:33","guid":{"rendered":"https:\/\/shop.bazarcia.com\/produto\/projetos-na-bordadeira-abas-ovelhinha-maria-flor-ith\/"},"modified":"2021-03-18T21:52:08","modified_gmt":"2021-03-19T00:52:08","slug":"projetos-na-bordadeira-abas-ovelhinha-maria-flor-ith","status":"publish","type":"product","link":"https:\/\/shop.bazarcia.com\/en\/product\/projetos-na-bordadeira-abas-ovelhinha-maria-flor-ith\/","title":{"rendered":"Projetos na Bordadeira &#8211; Abas Ovelhinha Maria Flor &#8211; ITH"},"content":{"rendered":"<p style=\"margin-top: 0px;margin-bottom: 1rem;color: #6c737b;font-family: roboto, sans-serif\"><span style=\"font-weight: bolder\">Projeto na Bordadeira Abinhas<em>\u00a0<i style=\"vertical-align: middle\">Ovelhinha Maria Flor<br \/>\n<\/i><br \/>\n<span style=\"font-weight: bolder\">Descri\u00e7\u00e3o das Matrizes:<\/span><\/em><\/span><\/p>\n<p style=\"margin-top: 0px;margin-bottom: 1rem;color: #6c737b;font-family: roboto, sans-serif\"><span style=\"font-weight: bolder\"><span style=\"font-weight: bolder\">Abinhas<\/span>\u00a0(acompanha TAG para nome e matrizes de florzinhas 3D)<br \/>\n&#8211; Tamanhos: 12.6&#215;14, 12.9&#215;14.2, 13.5&#215;15, 16&#215;17.6 e 18&#215;20 cm<\/span><\/p>\n<p>Acompanha Tutorial em PDF com passo a passo detalhado com fotos.<br \/>\nMateriais utilizados nas pe\u00e7as de divulga\u00e7\u00e3o: Manta R2, tricoline, plush e melton.<\/p>\n<p>&nbsp;<\/p>\n<p>Clique <a href=\"https:\/\/shop.bazarcia.com\/en\/product\/matrizes-de-bordado-colecao-ovelhinha-maria-flor\/\"><span style=\"text-decoration: underline\"><strong>AQUI<\/strong><\/span><\/a>\u00a0<span style=\"font-weight: bolder\">para conhecer a COLE\u00c7\u00c3O OVELHINHA MARIA FLOR completa.<\/span><\/p>\n<p style=\"margin-top: 0px;margin-bottom: 1rem;color: #6c737b;font-family: roboto, sans-serif\"><span style=\"font-weight: bolder\">Este \u00e9 um produto DIGITAL e os arquivos estar\u00e3o dispon\u00edveis para download aqui mesmo na sua conta ap\u00f3s confirma\u00e7\u00e3o do pagamento.<\/span><\/p>\n<p style=\"margin-top: 0px;margin-bottom: 1rem;color: #6c737b;font-family: roboto, sans-serif\"><span style=\"font-weight: bolder\">Os arquivos est\u00e3o em pasta compactada (ZIP), sendo necess\u00e1rio descompact\u00e1-la.<br \/>\nOs mesmos s\u00e3o compat\u00edveis com v\u00e1rios tipos e modelos de m\u00e1quinas, com os seguintes formatos :<br \/>\nPES \u2013 JEF \u2013 EXP \u2013 HUS \u2013 XXX &#8211; DST.<\/span><\/p>\n<p><span style=\"font-weight: bolder;color: #6c737b;font-family: roboto, sans-serif\">Adquirindo nossas matrizes e projetos voc\u00ea se declara de acordo com nossos<\/span>\u00a0<a href=\"https:\/\/shop.bazarcia.com\/en\/store\/atelie-mamae-coruja\/toc\/\">TERMOS E CONDI\u00c7\u00d5ES<\/a><\/p>\n<p><span style=\"font-weight: bolder;color: #6c737b;font-family: roboto, sans-serif\">Designer: Val\u00e9ria Ribeiro &#8211;\u00a0<i style=\"vertical-align: middle\">os desenhos utilizados para programa\u00e7\u00e3o destes bordados s\u00e3o autorais e seus direitos pertencem ao Ateli\u00ea Mam\u00e3e Coruja<\/i>.<\/span><\/p>","protected":false},"excerpt":{"rendered":"<p>Projeto na Bordadeira Abinhas\u00a0<i>Ovelhinha Maria Flor<\/i><i><br \/>\n<strong>Este \u00e9 um Produto Digital.<\/strong><\/i><\/p>\n<p>Eis um projeto de abinha lindo e fofo que pode ser aplicado em diversas pe\u00e7as deixando-as ainda mais lindas.<br \/>\nNa imagem de demonstra\u00e7\u00e3o ela foi utilizada para fechamento de uma Capa para Caderneta de Vacina\u00e7\u00e3o, mas podem ser utilizadas tamb\u00e9m para N\u00e9cessaires de beb\u00eas, bolsinhas, porta documentos, entre outros.<\/p>\n<p>Temos esse projeto de capa estruturada para caderneta de vacina\u00e7\u00e3o tamb\u00e9m, clique <a href=\"https:\/\/shop.bazarcia.com\/en\/product\/projeto-capa-para-caderneta-de-vacinacao-estruturada\/\"><strong>AQUI<\/strong><\/a> para ver mais informa\u00e7\u00f5es.<\/p>\n<p>Confira abaixo todos os detalhes desse projeto super fofo, e qualquer d\u00favida j\u00e1 sabe, \u00e9 s\u00f3 nos chamar pela chat!<\/p>","protected":false},"featured_media":86988,"comment_status":"open","ping_status":"closed","template":"","meta":{"_acf_changed":false,"_joinchat":[]},"product_brand":[],"product_cat":[204,296,98,1329],"product_tag":[],"class_list":{"0":"post-74942","1":"product","2":"type-product","3":"status-publish","4":"has-post-thumbnail","6":"product_cat-ovelhinhas","7":"product_cat-florais","8":"product_cat-projetos-na-bordadeira-in-the-hoop-embroidery","9":"product_cat-projetos-abas-na-bordadeira","11":"first","12":"instock","13":"downloadable","14":"virtual","15":"sold-individually","16":"purchasable","17":"product-type-simple"},"acf":[],"yoast_head":"<!-- This site is optimized with the Yoast SEO plugin v27.2 - https:\/\/yoast.com\/product\/yoast-seo-wordpress\/ -->\n<title>Projetos na Bordadeira - Abas Ovelhinha Maria Flor - ITH - \ud835\udc1b\ud835\udc1a\ud835\udc33\ud835\udc1a\ud835\udc2b &amp; \ud835\udc1c\ud835\udc22\ud835\udc1a<\/title>\n<meta name=\"robots\" content=\"index, follow, max-snippet:-1, max-image-preview:large, max-video-preview:-1\" \/>\n<link rel=\"canonical\" href=\"https:\/\/shop.bazarcia.com\/en\/product\/projetos-na-bordadeira-abas-ovelhinha-maria-flor-ith\/\" \/>\n<meta property=\"og:locale\" content=\"en_US\" \/>\n<meta property=\"og:type\" content=\"article\" \/>\n<meta property=\"og:title\" content=\"Projetos na Bordadeira - Abas Ovelhinha Maria Flor - ITH - \ud835\udc1b\ud835\udc1a\ud835\udc33\ud835\udc1a\ud835\udc2b &amp; \ud835\udc1c\ud835\udc22\ud835\udc1a\" \/>\n<meta property=\"og:description\" content=\"Projeto na Bordadeira Abinhas\u00a0Ovelhinha Maria Flor Este \u00e9 um Produto Digital.  Eis um projeto de abinha lindo e fofo que pode ser aplicado em diversas pe\u00e7as deixando-as ainda mais lindas. Na imagem de demonstra\u00e7\u00e3o ela foi utilizada para fechamento de uma Capa para Caderneta de Vacina\u00e7\u00e3o, mas podem ser utilizadas tamb\u00e9m para N\u00e9cessaires de beb\u00eas, bolsinhas, porta documentos, entre outros.  Temos esse projeto de capa estruturada para caderneta de vacina\u00e7\u00e3o tamb\u00e9m, clique AQUI para ver mais informa\u00e7\u00f5es.  Confira abaixo todos os detalhes desse projeto super fofo, e qualquer d\u00favida j\u00e1 sabe, \u00e9 s\u00f3 nos chamar pela chat!\" \/>\n<meta property=\"og:url\" content=\"https:\/\/shop.bazarcia.com\/en\/product\/projetos-na-bordadeira-abas-ovelhinha-maria-flor-ith\/\" \/>\n<meta property=\"og:site_name\" content=\"\ud835\udc1b\ud835\udc1a\ud835\udc33\ud835\udc1a\ud835\udc2b &amp; \ud835\udc1c\ud835\udc22\ud835\udc1a\" \/>\n<meta property=\"article:publisher\" content=\"https:\/\/www.facebook.com\/shopbazarcia\" \/>\n<meta property=\"article:modified_time\" content=\"2021-03-19T00:52:08+00:00\" \/>\n<meta property=\"og:image\" content=\"https:\/\/shop.bazarcia.com\/wp-content\/uploads\/2021\/03\/Projeto-na-Bordadeira-Abinhas-Ovelhinha-Maria-1.png\" \/>\n\t<meta property=\"og:image:width\" content=\"1084\" \/>\n\t<meta property=\"og:image:height\" content=\"1084\" \/>\n\t<meta property=\"og:image:type\" content=\"image\/png\" \/>\n<meta name=\"twitter:card\" content=\"summary_large_image\" \/>\n<meta name=\"twitter:label1\" content=\"Est. reading time\" \/>\n\t<meta name=\"twitter:data1\" content=\"1 minute\" \/>\n<script type=\"application\/ld+json\" class=\"yoast-schema-graph\">{\"@context\":\"https:\/\/schema.org\",\"@graph\":[{\"@type\":\"WebPage\",\"@id\":\"https:\/\/shop.bazarcia.com\/produto\/projetos-na-bordadeira-abas-ovelhinha-maria-flor-ith\/\",\"url\":\"https:\/\/shop.bazarcia.com\/produto\/projetos-na-bordadeira-abas-ovelhinha-maria-flor-ith\/\",\"name\":\"Projetos na Bordadeira - Abas Ovelhinha Maria Flor - ITH - \ud835\udc1b\ud835\udc1a\ud835\udc33\ud835\udc1a\ud835\udc2b &amp; \ud835\udc1c\ud835\udc22\ud835\udc1a\",\"isPartOf\":{\"@id\":\"https:\/\/shop.bazarcia.com\/#website\"},\"primaryImageOfPage\":{\"@id\":\"https:\/\/shop.bazarcia.com\/produto\/projetos-na-bordadeira-abas-ovelhinha-maria-flor-ith\/#primaryimage\"},\"image\":{\"@id\":\"https:\/\/shop.bazarcia.com\/produto\/projetos-na-bordadeira-abas-ovelhinha-maria-flor-ith\/#primaryimage\"},\"thumbnailUrl\":\"https:\/\/shop.bazarcia.com\/wp-content\/uploads\/2021\/03\/Projeto-na-Bordadeira-Abinhas-Ovelhinha-Maria-1.png\",\"datePublished\":\"2021-01-18T19:53:33+00:00\",\"dateModified\":\"2021-03-19T00:52:08+00:00\",\"breadcrumb\":{\"@id\":\"https:\/\/shop.bazarcia.com\/produto\/projetos-na-bordadeira-abas-ovelhinha-maria-flor-ith\/#breadcrumb\"},\"inLanguage\":\"en-US\",\"potentialAction\":[{\"@type\":\"ReadAction\",\"target\":[\"https:\/\/shop.bazarcia.com\/produto\/projetos-na-bordadeira-abas-ovelhinha-maria-flor-ith\/\"]}]},{\"@type\":\"ImageObject\",\"inLanguage\":\"en-US\",\"@id\":\"https:\/\/shop.bazarcia.com\/produto\/projetos-na-bordadeira-abas-ovelhinha-maria-flor-ith\/#primaryimage\",\"url\":\"https:\/\/shop.bazarcia.com\/wp-content\/uploads\/2021\/03\/Projeto-na-Bordadeira-Abinhas-Ovelhinha-Maria-1.png\",\"contentUrl\":\"https:\/\/shop.bazarcia.com\/wp-content\/uploads\/2021\/03\/Projeto-na-Bordadeira-Abinhas-Ovelhinha-Maria-1.png\",\"width\":1084,\"height\":1084},{\"@type\":\"BreadcrumbList\",\"@id\":\"https:\/\/shop.bazarcia.com\/produto\/projetos-na-bordadeira-abas-ovelhinha-maria-flor-ith\/#breadcrumb\",\"itemListElement\":[{\"@type\":\"ListItem\",\"position\":1,\"name\":\"In\u00edcio\",\"item\":\"https:\/\/shop.bazarcia.com\/\"},{\"@type\":\"ListItem\",\"position\":2,\"name\":\"Loja\",\"item\":\"https:\/\/shop.bazarcia.com\/loja\/\"},{\"@type\":\"ListItem\",\"position\":3,\"name\":\"Projetos na Bordadeira &#8211; Abas Ovelhinha Maria Flor &#8211; ITH\"}]},{\"@type\":\"WebSite\",\"@id\":\"https:\/\/shop.bazarcia.com\/#website\",\"url\":\"https:\/\/shop.bazarcia.com\/\",\"name\":\"Bazar & Cia\",\"description\":\"criatividade ponto a ponto\",\"publisher\":{\"@id\":\"https:\/\/shop.bazarcia.com\/#organization\"},\"potentialAction\":[{\"@type\":\"SearchAction\",\"target\":{\"@type\":\"EntryPoint\",\"urlTemplate\":\"https:\/\/shop.bazarcia.com\/?s={search_term_string}\"},\"query-input\":{\"@type\":\"PropertyValueSpecification\",\"valueRequired\":true,\"valueName\":\"search_term_string\"}}],\"inLanguage\":\"en-US\"},{\"@type\":\"Organization\",\"@id\":\"https:\/\/shop.bazarcia.com\/#organization\",\"name\":\"Bazar & Cia\",\"url\":\"https:\/\/shop.bazarcia.com\/\",\"logo\":{\"@type\":\"ImageObject\",\"inLanguage\":\"en-US\",\"@id\":\"https:\/\/shop.bazarcia.com\/#\/schema\/logo\/image\/\",\"url\":\"https:\/\/shop.bazarcia.com\/wp-content\/uploads\/2024\/02\/cropped-logo_bazarcia.png\",\"contentUrl\":\"https:\/\/shop.bazarcia.com\/wp-content\/uploads\/2024\/02\/cropped-logo_bazarcia.png\",\"width\":150,\"height\":150,\"caption\":\"Bazar & Cia\"},\"image\":{\"@id\":\"https:\/\/shop.bazarcia.com\/#\/schema\/logo\/image\/\"},\"sameAs\":[\"https:\/\/www.facebook.com\/shopbazarcia\",\"https:\/\/www.instagram.com\/shopbazarcia\",\"https:\/\/br.pinterest.com\/suzane_eloise\/\",\"https:\/\/www.youtube.com\/c\/BazardoBordadoMatrizeseProjetos\"]}]}<\/script>\n<!-- \/ Yoast SEO plugin. -->","yoast_head_json":{"title":"Projetos na Bordadeira - Abas Ovelhinha Maria Flor - ITH - \ud835\udc1b\ud835\udc1a\ud835\udc33\ud835\udc1a\ud835\udc2b &amp; \ud835\udc1c\ud835\udc22\ud835\udc1a","robots":{"index":"index","follow":"follow","max-snippet":"max-snippet:-1","max-image-preview":"max-image-preview:large","max-video-preview":"max-video-preview:-1"},"canonical":"https:\/\/shop.bazarcia.com\/en\/product\/projetos-na-bordadeira-abas-ovelhinha-maria-flor-ith\/","og_locale":"en_US","og_type":"article","og_title":"Projetos na Bordadeira - Abas Ovelhinha Maria Flor - ITH - \ud835\udc1b\ud835\udc1a\ud835\udc33\ud835\udc1a\ud835\udc2b &amp; \ud835\udc1c\ud835\udc22\ud835\udc1a","og_description":"Projeto na Bordadeira Abinhas\u00a0Ovelhinha Maria Flor Este \u00e9 um Produto Digital.  Eis um projeto de abinha lindo e fofo que pode ser aplicado em diversas pe\u00e7as deixando-as ainda mais lindas. Na imagem de demonstra\u00e7\u00e3o ela foi utilizada para fechamento de uma Capa para Caderneta de Vacina\u00e7\u00e3o, mas podem ser utilizadas tamb\u00e9m para N\u00e9cessaires de beb\u00eas, bolsinhas, porta documentos, entre outros.  Temos esse projeto de capa estruturada para caderneta de vacina\u00e7\u00e3o tamb\u00e9m, clique AQUI para ver mais informa\u00e7\u00f5es.  Confira abaixo todos os detalhes desse projeto super fofo, e qualquer d\u00favida j\u00e1 sabe, \u00e9 s\u00f3 nos chamar pela chat!","og_url":"https:\/\/shop.bazarcia.com\/en\/product\/projetos-na-bordadeira-abas-ovelhinha-maria-flor-ith\/","og_site_name":"\ud835\udc1b\ud835\udc1a\ud835\udc33\ud835\udc1a\ud835\udc2b &amp; \ud835\udc1c\ud835\udc22\ud835\udc1a","article_publisher":"https:\/\/www.facebook.com\/shopbazarcia","article_modified_time":"2021-03-19T00:52:08+00:00","og_image":[{"width":1084,"height":1084,"url":"https:\/\/shop.bazarcia.com\/wp-content\/uploads\/2021\/03\/Projeto-na-Bordadeira-Abinhas-Ovelhinha-Maria-1.png","type":"image\/png"}],"twitter_card":"summary_large_image","twitter_misc":{"Est. reading time":"1 minute"},"schema":{"@context":"https:\/\/schema.org","@graph":[{"@type":"WebPage","@id":"https:\/\/shop.bazarcia.com\/produto\/projetos-na-bordadeira-abas-ovelhinha-maria-flor-ith\/","url":"https:\/\/shop.bazarcia.com\/produto\/projetos-na-bordadeira-abas-ovelhinha-maria-flor-ith\/","name":"Projetos na Bordadeira - Abas Ovelhinha Maria Flor - ITH - \ud835\udc1b\ud835\udc1a\ud835\udc33\ud835\udc1a\ud835\udc2b &amp; \ud835\udc1c\ud835\udc22\ud835\udc1a","isPartOf":{"@id":"https:\/\/shop.bazarcia.com\/#website"},"primaryImageOfPage":{"@id":"https:\/\/shop.bazarcia.com\/produto\/projetos-na-bordadeira-abas-ovelhinha-maria-flor-ith\/#primaryimage"},"image":{"@id":"https:\/\/shop.bazarcia.com\/produto\/projetos-na-bordadeira-abas-ovelhinha-maria-flor-ith\/#primaryimage"},"thumbnailUrl":"https:\/\/shop.bazarcia.com\/wp-content\/uploads\/2021\/03\/Projeto-na-Bordadeira-Abinhas-Ovelhinha-Maria-1.png","datePublished":"2021-01-18T19:53:33+00:00","dateModified":"2021-03-19T00:52:08+00:00","breadcrumb":{"@id":"https:\/\/shop.bazarcia.com\/produto\/projetos-na-bordadeira-abas-ovelhinha-maria-flor-ith\/#breadcrumb"},"inLanguage":"en-US","potentialAction":[{"@type":"ReadAction","target":["https:\/\/shop.bazarcia.com\/produto\/projetos-na-bordadeira-abas-ovelhinha-maria-flor-ith\/"]}]},{"@type":"ImageObject","inLanguage":"en-US","@id":"https:\/\/shop.bazarcia.com\/produto\/projetos-na-bordadeira-abas-ovelhinha-maria-flor-ith\/#primaryimage","url":"https:\/\/shop.bazarcia.com\/wp-content\/uploads\/2021\/03\/Projeto-na-Bordadeira-Abinhas-Ovelhinha-Maria-1.png","contentUrl":"https:\/\/shop.bazarcia.com\/wp-content\/uploads\/2021\/03\/Projeto-na-Bordadeira-Abinhas-Ovelhinha-Maria-1.png","width":1084,"height":1084},{"@type":"BreadcrumbList","@id":"https:\/\/shop.bazarcia.com\/produto\/projetos-na-bordadeira-abas-ovelhinha-maria-flor-ith\/#breadcrumb","itemListElement":[{"@type":"ListItem","position":1,"name":"In\u00edcio","item":"https:\/\/shop.bazarcia.com\/"},{"@type":"ListItem","position":2,"name":"Loja","item":"https:\/\/shop.bazarcia.com\/loja\/"},{"@type":"ListItem","position":3,"name":"Projetos na Bordadeira &#8211; Abas Ovelhinha Maria Flor &#8211; ITH"}]},{"@type":"WebSite","@id":"https:\/\/shop.bazarcia.com\/#website","url":"https:\/\/shop.bazarcia.com\/","name":"Bazar & Cia","description":"criatividade ponto a ponto","publisher":{"@id":"https:\/\/shop.bazarcia.com\/#organization"},"potentialAction":[{"@type":"SearchAction","target":{"@type":"EntryPoint","urlTemplate":"https:\/\/shop.bazarcia.com\/?s={search_term_string}"},"query-input":{"@type":"PropertyValueSpecification","valueRequired":true,"valueName":"search_term_string"}}],"inLanguage":"en-US"},{"@type":"Organization","@id":"https:\/\/shop.bazarcia.com\/#organization","name":"Bazar & Cia","url":"https:\/\/shop.bazarcia.com\/","logo":{"@type":"ImageObject","inLanguage":"en-US","@id":"https:\/\/shop.bazarcia.com\/#\/schema\/logo\/image\/","url":"https:\/\/shop.bazarcia.com\/wp-content\/uploads\/2024\/02\/cropped-logo_bazarcia.png","contentUrl":"https:\/\/shop.bazarcia.com\/wp-content\/uploads\/2024\/02\/cropped-logo_bazarcia.png","width":150,"height":150,"caption":"Bazar & Cia"},"image":{"@id":"https:\/\/shop.bazarcia.com\/#\/schema\/logo\/image\/"},"sameAs":["https:\/\/www.facebook.com\/shopbazarcia","https:\/\/www.instagram.com\/shopbazarcia","https:\/\/br.pinterest.com\/suzane_eloise\/","https:\/\/www.youtube.com\/c\/BazardoBordadoMatrizeseProjetos"]}]}},"_links":{"self":[{"href":"https:\/\/shop.bazarcia.com\/en\/wp-json\/wp\/v2\/product\/74942","targetHints":{"allow":["GET"]}}],"collection":[{"href":"https:\/\/shop.bazarcia.com\/en\/wp-json\/wp\/v2\/product"}],"about":[{"href":"https:\/\/shop.bazarcia.com\/en\/wp-json\/wp\/v2\/types\/product"}],"replies":[{"embeddable":true,"href":"https:\/\/shop.bazarcia.com\/en\/wp-json\/wp\/v2\/comments?post=74942"}],"version-history":[{"count":0,"href":"https:\/\/shop.bazarcia.com\/en\/wp-json\/wp\/v2\/product\/74942\/revisions"}],"wp:featuredmedia":[{"embeddable":true,"href":"https:\/\/shop.bazarcia.com\/en\/wp-json\/wp\/v2\/media\/86988"}],"wp:attachment":[{"href":"https:\/\/shop.bazarcia.com\/en\/wp-json\/wp\/v2\/media?parent=74942"}],"wp:term":[{"taxonomy":"product_brand","embeddable":true,"href":"https:\/\/shop.bazarcia.com\/en\/wp-json\/wp\/v2\/product_brand?post=74942"},{"taxonomy":"product_cat","embeddable":true,"href":"https:\/\/shop.bazarcia.com\/en\/wp-json\/wp\/v2\/product_cat?post=74942"},{"taxonomy":"product_tag","embeddable":true,"href":"https:\/\/shop.bazarcia.com\/en\/wp-json\/wp\/v2\/product_tag?post=74942"}],"curies":[{"name":"wp","href":"https:\/\/api.w.org\/{rel}","templated":true}]}}