{"id":77587,"date":"2021-02-06T15:19:55","date_gmt":"2021-02-06T18:19:55","guid":{"rendered":"https:\/\/shop.bazarcia.com\/produto\/matrizes-de-bordado-colecao-bolsinhos-animais-pontos-leves-pacote-de-matrizes\/"},"modified":"2022-01-06T20:51:59","modified_gmt":"2022-01-06T23:51:59","slug":"matrizes-de-bordado-colecao-bolsinhos-animais-pontos-leves-pacote-de-matrizes","status":"publish","type":"product","link":"https:\/\/shop.bazarcia.com\/en\/product\/matrizes-de-bordado-colecao-bolsinhos-animais-pontos-leves-pacote-de-matrizes\/","title":{"rendered":"Matrizes de Bordado &#8211; Cole\u00e7\u00e3o Bolsinhos &#8211; Animais &#8211; Pontos leves &#8211; [Pacote de matrizes]"},"content":{"rendered":"<p>Matrizes de Bordados &#8211; Cole\u00e7\u00e3o Bolsinhos &#8211; em Pontos leves &#8211; Pacote de Matrizes\u00a0 para Bordar em M\u00e1quina Eletr\u00f4nica. Produto Digital. Em variados tamanhos para v\u00e1rios bastidores. Nos Formatos PES &#8211; JEF &#8211; EXP &#8211; DST &#8211; XXX. Libera\u00e7\u00e3o para download ap\u00f3s confirma\u00e7\u00e3o de pagamento. Todas informa\u00e7\u00f5es de tamanho, cores utilizadas, quantidade de trocas de linha etc est\u00e3o nas fotos da cole\u00e7\u00e3o. Confira os tamanhos pois, por ser um produto DIGITAL n\u00e3o h\u00e1 possibilidade de devolu\u00e7\u00e3o.<\/p>","protected":false},"excerpt":{"rendered":"<p>Matrizes de Bordados &#8211; Cole\u00e7\u00e3o Bolsinhos &#8211; em Pontos leves, por\u00e9m n\u00e3o t\u00e3o ralos, podendo ou n\u00e3o utilizar o papel nacarado &#8211;\u00a0 Pacote de Matrizes\u00a0 para Bordar em M\u00e1quina Eletr\u00f4nica. PRODUTO DIGITAL. Em variados tamanhos para v\u00e1rios bastidores. Nos Formatos PES &#8211; JEF &#8211; EXP &#8211; DST &#8211; XXX, libera\u00e7\u00e3o para download ap\u00f3s confirma\u00e7\u00e3o de pagamento.<\/p>","protected":false},"featured_media":77586,"comment_status":"closed","ping_status":"closed","template":"","meta":{"_acf_changed":false,"_joinchat":[]},"product_brand":[],"product_cat":[84,208,326,204,333,166,123,1066,312,306,165],"product_tag":[1430,1432],"class_list":{"0":"post-77587","1":"product","2":"type-product","3":"status-publish","4":"has-post-thumbnail","6":"product_cat-matrizes-de-bordado","7":"product_cat-coelhinhos","8":"product_cat-gatinhos","9":"product_cat-ovelhinhas","10":"product_cat-pinguins","11":"product_cat-unicornios","12":"product_cat-ursinhos","13":"product_cat-colecoes-matrizes-de-bordado","14":"product_cat-matrizes-pontos-leves","15":"product_cat-pacotinhos-de-matrizes","16":"product_cat-matriz-de-bordado-pascoa","17":"product_tag-matriz-de-bordado","18":"product_tag-matrizes-de-bordado","20":"first","21":"instock","22":"sale","23":"downloadable","24":"virtual","25":"sold-individually","26":"purchasable","27":"product-type-simple"},"acf":[],"yoast_head":"<!-- This site is optimized with the Yoast SEO plugin v27.2 - https:\/\/yoast.com\/product\/yoast-seo-wordpress\/ -->\n<title>Matrizes de Bordado - Cole\u00e7\u00e3o Bolsinhos - Animais - Pontos leves - [Pacote de matrizes] - \ud835\udc1b\ud835\udc1a\ud835\udc33\ud835\udc1a\ud835\udc2b &amp; \ud835\udc1c\ud835\udc22\ud835\udc1a<\/title>\n<meta name=\"robots\" content=\"index, follow, max-snippet:-1, max-image-preview:large, max-video-preview:-1\" \/>\n<link rel=\"canonical\" href=\"https:\/\/shop.bazarcia.com\/en\/product\/matrizes-de-bordado-colecao-bolsinhos-animais-pontos-leves-pacote-de-matrizes\/\" \/>\n<meta property=\"og:locale\" content=\"en_US\" \/>\n<meta property=\"og:type\" content=\"article\" \/>\n<meta property=\"og:title\" content=\"Matrizes de Bordado - Cole\u00e7\u00e3o Bolsinhos - Animais - Pontos leves - [Pacote de matrizes] - \ud835\udc1b\ud835\udc1a\ud835\udc33\ud835\udc1a\ud835\udc2b &amp; \ud835\udc1c\ud835\udc22\ud835\udc1a\" \/>\n<meta property=\"og:description\" content=\"Matrizes de Bordados - Cole\u00e7\u00e3o Bolsinhos - em Pontos leves, por\u00e9m n\u00e3o t\u00e3o ralos, podendo ou n\u00e3o utilizar o papel nacarado -\u00a0 Pacote de Matrizes\u00a0 para Bordar em M\u00e1quina Eletr\u00f4nica. PRODUTO DIGITAL. Em variados tamanhos para v\u00e1rios bastidores. Nos Formatos PES - JEF - EXP - DST - XXX, libera\u00e7\u00e3o para download ap\u00f3s confirma\u00e7\u00e3o de pagamento.\" \/>\n<meta property=\"og:url\" content=\"https:\/\/shop.bazarcia.com\/en\/product\/matrizes-de-bordado-colecao-bolsinhos-animais-pontos-leves-pacote-de-matrizes\/\" \/>\n<meta property=\"og:site_name\" content=\"\ud835\udc1b\ud835\udc1a\ud835\udc33\ud835\udc1a\ud835\udc2b &amp; \ud835\udc1c\ud835\udc22\ud835\udc1a\" \/>\n<meta property=\"article:publisher\" content=\"https:\/\/www.facebook.com\/shopbazarcia\" \/>\n<meta property=\"article:modified_time\" content=\"2022-01-06T23:51:59+00:00\" \/>\n<meta property=\"og:image\" content=\"https:\/\/shop.bazarcia.com\/wp-content\/uploads\/2021\/02\/matriz-de-bordado-colecao-bolsinhos-2.png\" \/>\n\t<meta property=\"og:image:width\" content=\"1080\" \/>\n\t<meta property=\"og:image:height\" content=\"1080\" \/>\n\t<meta property=\"og:image:type\" content=\"image\/png\" \/>\n<meta name=\"twitter:card\" content=\"summary_large_image\" \/>\n<script type=\"application\/ld+json\" class=\"yoast-schema-graph\">{\"@context\":\"https:\/\/schema.org\",\"@graph\":[{\"@type\":\"WebPage\",\"@id\":\"https:\/\/shop.bazarcia.com\/produto\/matrizes-de-bordado-colecao-bolsinhos-animais-pontos-leves-pacote-de-matrizes\/\",\"url\":\"https:\/\/shop.bazarcia.com\/produto\/matrizes-de-bordado-colecao-bolsinhos-animais-pontos-leves-pacote-de-matrizes\/\",\"name\":\"Matrizes de Bordado - Cole\u00e7\u00e3o Bolsinhos - Animais - Pontos leves - [Pacote de matrizes] - \ud835\udc1b\ud835\udc1a\ud835\udc33\ud835\udc1a\ud835\udc2b &amp; \ud835\udc1c\ud835\udc22\ud835\udc1a\",\"isPartOf\":{\"@id\":\"https:\/\/shop.bazarcia.com\/#website\"},\"primaryImageOfPage\":{\"@id\":\"https:\/\/shop.bazarcia.com\/produto\/matrizes-de-bordado-colecao-bolsinhos-animais-pontos-leves-pacote-de-matrizes\/#primaryimage\"},\"image\":{\"@id\":\"https:\/\/shop.bazarcia.com\/produto\/matrizes-de-bordado-colecao-bolsinhos-animais-pontos-leves-pacote-de-matrizes\/#primaryimage\"},\"thumbnailUrl\":\"https:\/\/shop.bazarcia.com\/wp-content\/uploads\/2021\/02\/matriz-de-bordado-colecao-bolsinhos-2.png\",\"datePublished\":\"2021-02-06T18:19:55+00:00\",\"dateModified\":\"2022-01-06T23:51:59+00:00\",\"breadcrumb\":{\"@id\":\"https:\/\/shop.bazarcia.com\/produto\/matrizes-de-bordado-colecao-bolsinhos-animais-pontos-leves-pacote-de-matrizes\/#breadcrumb\"},\"inLanguage\":\"en-US\",\"potentialAction\":[{\"@type\":\"ReadAction\",\"target\":[\"https:\/\/shop.bazarcia.com\/produto\/matrizes-de-bordado-colecao-bolsinhos-animais-pontos-leves-pacote-de-matrizes\/\"]}]},{\"@type\":\"ImageObject\",\"inLanguage\":\"en-US\",\"@id\":\"https:\/\/shop.bazarcia.com\/produto\/matrizes-de-bordado-colecao-bolsinhos-animais-pontos-leves-pacote-de-matrizes\/#primaryimage\",\"url\":\"https:\/\/shop.bazarcia.com\/wp-content\/uploads\/2021\/02\/matriz-de-bordado-colecao-bolsinhos-2.png\",\"contentUrl\":\"https:\/\/shop.bazarcia.com\/wp-content\/uploads\/2021\/02\/matriz-de-bordado-colecao-bolsinhos-2.png\",\"width\":1080,\"height\":1080},{\"@type\":\"BreadcrumbList\",\"@id\":\"https:\/\/shop.bazarcia.com\/produto\/matrizes-de-bordado-colecao-bolsinhos-animais-pontos-leves-pacote-de-matrizes\/#breadcrumb\",\"itemListElement\":[{\"@type\":\"ListItem\",\"position\":1,\"name\":\"In\u00edcio\",\"item\":\"https:\/\/shop.bazarcia.com\/\"},{\"@type\":\"ListItem\",\"position\":2,\"name\":\"Loja\",\"item\":\"https:\/\/shop.bazarcia.com\/loja\/\"},{\"@type\":\"ListItem\",\"position\":3,\"name\":\"Matrizes de Bordado &#8211; Cole\u00e7\u00e3o Bolsinhos &#8211; Animais &#8211; Pontos leves &#8211; [Pacote de matrizes]\"}]},{\"@type\":\"WebSite\",\"@id\":\"https:\/\/shop.bazarcia.com\/#website\",\"url\":\"https:\/\/shop.bazarcia.com\/\",\"name\":\"Bazar & Cia\",\"description\":\"criatividade ponto a ponto\",\"publisher\":{\"@id\":\"https:\/\/shop.bazarcia.com\/#organization\"},\"potentialAction\":[{\"@type\":\"SearchAction\",\"target\":{\"@type\":\"EntryPoint\",\"urlTemplate\":\"https:\/\/shop.bazarcia.com\/?s={search_term_string}\"},\"query-input\":{\"@type\":\"PropertyValueSpecification\",\"valueRequired\":true,\"valueName\":\"search_term_string\"}}],\"inLanguage\":\"en-US\"},{\"@type\":\"Organization\",\"@id\":\"https:\/\/shop.bazarcia.com\/#organization\",\"name\":\"Bazar & Cia\",\"url\":\"https:\/\/shop.bazarcia.com\/\",\"logo\":{\"@type\":\"ImageObject\",\"inLanguage\":\"en-US\",\"@id\":\"https:\/\/shop.bazarcia.com\/#\/schema\/logo\/image\/\",\"url\":\"https:\/\/shop.bazarcia.com\/wp-content\/uploads\/2024\/02\/cropped-logo_bazarcia.png\",\"contentUrl\":\"https:\/\/shop.bazarcia.com\/wp-content\/uploads\/2024\/02\/cropped-logo_bazarcia.png\",\"width\":150,\"height\":150,\"caption\":\"Bazar & Cia\"},\"image\":{\"@id\":\"https:\/\/shop.bazarcia.com\/#\/schema\/logo\/image\/\"},\"sameAs\":[\"https:\/\/www.facebook.com\/shopbazarcia\",\"https:\/\/www.instagram.com\/shopbazarcia\",\"https:\/\/br.pinterest.com\/suzane_eloise\/\",\"https:\/\/www.youtube.com\/c\/BazardoBordadoMatrizeseProjetos\"]}]}<\/script>\n<!-- \/ Yoast SEO plugin. -->","yoast_head_json":{"title":"Matrizes de Bordado - Cole\u00e7\u00e3o Bolsinhos - Animais - Pontos leves - [Pacote de matrizes] - \ud835\udc1b\ud835\udc1a\ud835\udc33\ud835\udc1a\ud835\udc2b &amp; \ud835\udc1c\ud835\udc22\ud835\udc1a","robots":{"index":"index","follow":"follow","max-snippet":"max-snippet:-1","max-image-preview":"max-image-preview:large","max-video-preview":"max-video-preview:-1"},"canonical":"https:\/\/shop.bazarcia.com\/en\/product\/matrizes-de-bordado-colecao-bolsinhos-animais-pontos-leves-pacote-de-matrizes\/","og_locale":"en_US","og_type":"article","og_title":"Matrizes de Bordado - Cole\u00e7\u00e3o Bolsinhos - Animais - Pontos leves - [Pacote de matrizes] - \ud835\udc1b\ud835\udc1a\ud835\udc33\ud835\udc1a\ud835\udc2b &amp; \ud835\udc1c\ud835\udc22\ud835\udc1a","og_description":"Matrizes de Bordados - Cole\u00e7\u00e3o Bolsinhos - em Pontos leves, por\u00e9m n\u00e3o t\u00e3o ralos, podendo ou n\u00e3o utilizar o papel nacarado -\u00a0 Pacote de Matrizes\u00a0 para Bordar em M\u00e1quina Eletr\u00f4nica. PRODUTO DIGITAL. Em variados tamanhos para v\u00e1rios bastidores. Nos Formatos PES - JEF - EXP - DST - XXX, libera\u00e7\u00e3o para download ap\u00f3s confirma\u00e7\u00e3o de pagamento.","og_url":"https:\/\/shop.bazarcia.com\/en\/product\/matrizes-de-bordado-colecao-bolsinhos-animais-pontos-leves-pacote-de-matrizes\/","og_site_name":"\ud835\udc1b\ud835\udc1a\ud835\udc33\ud835\udc1a\ud835\udc2b &amp; \ud835\udc1c\ud835\udc22\ud835\udc1a","article_publisher":"https:\/\/www.facebook.com\/shopbazarcia","article_modified_time":"2022-01-06T23:51:59+00:00","og_image":[{"width":1080,"height":1080,"url":"https:\/\/shop.bazarcia.com\/wp-content\/uploads\/2021\/02\/matriz-de-bordado-colecao-bolsinhos-2.png","type":"image\/png"}],"twitter_card":"summary_large_image","schema":{"@context":"https:\/\/schema.org","@graph":[{"@type":"WebPage","@id":"https:\/\/shop.bazarcia.com\/produto\/matrizes-de-bordado-colecao-bolsinhos-animais-pontos-leves-pacote-de-matrizes\/","url":"https:\/\/shop.bazarcia.com\/produto\/matrizes-de-bordado-colecao-bolsinhos-animais-pontos-leves-pacote-de-matrizes\/","name":"Matrizes de Bordado - Cole\u00e7\u00e3o Bolsinhos - Animais - Pontos leves - [Pacote de matrizes] - \ud835\udc1b\ud835\udc1a\ud835\udc33\ud835\udc1a\ud835\udc2b &amp; \ud835\udc1c\ud835\udc22\ud835\udc1a","isPartOf":{"@id":"https:\/\/shop.bazarcia.com\/#website"},"primaryImageOfPage":{"@id":"https:\/\/shop.bazarcia.com\/produto\/matrizes-de-bordado-colecao-bolsinhos-animais-pontos-leves-pacote-de-matrizes\/#primaryimage"},"image":{"@id":"https:\/\/shop.bazarcia.com\/produto\/matrizes-de-bordado-colecao-bolsinhos-animais-pontos-leves-pacote-de-matrizes\/#primaryimage"},"thumbnailUrl":"https:\/\/shop.bazarcia.com\/wp-content\/uploads\/2021\/02\/matriz-de-bordado-colecao-bolsinhos-2.png","datePublished":"2021-02-06T18:19:55+00:00","dateModified":"2022-01-06T23:51:59+00:00","breadcrumb":{"@id":"https:\/\/shop.bazarcia.com\/produto\/matrizes-de-bordado-colecao-bolsinhos-animais-pontos-leves-pacote-de-matrizes\/#breadcrumb"},"inLanguage":"en-US","potentialAction":[{"@type":"ReadAction","target":["https:\/\/shop.bazarcia.com\/produto\/matrizes-de-bordado-colecao-bolsinhos-animais-pontos-leves-pacote-de-matrizes\/"]}]},{"@type":"ImageObject","inLanguage":"en-US","@id":"https:\/\/shop.bazarcia.com\/produto\/matrizes-de-bordado-colecao-bolsinhos-animais-pontos-leves-pacote-de-matrizes\/#primaryimage","url":"https:\/\/shop.bazarcia.com\/wp-content\/uploads\/2021\/02\/matriz-de-bordado-colecao-bolsinhos-2.png","contentUrl":"https:\/\/shop.bazarcia.com\/wp-content\/uploads\/2021\/02\/matriz-de-bordado-colecao-bolsinhos-2.png","width":1080,"height":1080},{"@type":"BreadcrumbList","@id":"https:\/\/shop.bazarcia.com\/produto\/matrizes-de-bordado-colecao-bolsinhos-animais-pontos-leves-pacote-de-matrizes\/#breadcrumb","itemListElement":[{"@type":"ListItem","position":1,"name":"In\u00edcio","item":"https:\/\/shop.bazarcia.com\/"},{"@type":"ListItem","position":2,"name":"Loja","item":"https:\/\/shop.bazarcia.com\/loja\/"},{"@type":"ListItem","position":3,"name":"Matrizes de Bordado &#8211; Cole\u00e7\u00e3o Bolsinhos &#8211; Animais &#8211; Pontos leves &#8211; [Pacote de matrizes]"}]},{"@type":"WebSite","@id":"https:\/\/shop.bazarcia.com\/#website","url":"https:\/\/shop.bazarcia.com\/","name":"Bazar & Cia","description":"criatividade ponto a ponto","publisher":{"@id":"https:\/\/shop.bazarcia.com\/#organization"},"potentialAction":[{"@type":"SearchAction","target":{"@type":"EntryPoint","urlTemplate":"https:\/\/shop.bazarcia.com\/?s={search_term_string}"},"query-input":{"@type":"PropertyValueSpecification","valueRequired":true,"valueName":"search_term_string"}}],"inLanguage":"en-US"},{"@type":"Organization","@id":"https:\/\/shop.bazarcia.com\/#organization","name":"Bazar & Cia","url":"https:\/\/shop.bazarcia.com\/","logo":{"@type":"ImageObject","inLanguage":"en-US","@id":"https:\/\/shop.bazarcia.com\/#\/schema\/logo\/image\/","url":"https:\/\/shop.bazarcia.com\/wp-content\/uploads\/2024\/02\/cropped-logo_bazarcia.png","contentUrl":"https:\/\/shop.bazarcia.com\/wp-content\/uploads\/2024\/02\/cropped-logo_bazarcia.png","width":150,"height":150,"caption":"Bazar & Cia"},"image":{"@id":"https:\/\/shop.bazarcia.com\/#\/schema\/logo\/image\/"},"sameAs":["https:\/\/www.facebook.com\/shopbazarcia","https:\/\/www.instagram.com\/shopbazarcia","https:\/\/br.pinterest.com\/suzane_eloise\/","https:\/\/www.youtube.com\/c\/BazardoBordadoMatrizeseProjetos"]}]}},"_links":{"self":[{"href":"https:\/\/shop.bazarcia.com\/en\/wp-json\/wp\/v2\/product\/77587","targetHints":{"allow":["GET"]}}],"collection":[{"href":"https:\/\/shop.bazarcia.com\/en\/wp-json\/wp\/v2\/product"}],"about":[{"href":"https:\/\/shop.bazarcia.com\/en\/wp-json\/wp\/v2\/types\/product"}],"replies":[{"embeddable":true,"href":"https:\/\/shop.bazarcia.com\/en\/wp-json\/wp\/v2\/comments?post=77587"}],"version-history":[{"count":0,"href":"https:\/\/shop.bazarcia.com\/en\/wp-json\/wp\/v2\/product\/77587\/revisions"}],"wp:featuredmedia":[{"embeddable":true,"href":"https:\/\/shop.bazarcia.com\/en\/wp-json\/wp\/v2\/media\/77586"}],"wp:attachment":[{"href":"https:\/\/shop.bazarcia.com\/en\/wp-json\/wp\/v2\/media?parent=77587"}],"wp:term":[{"taxonomy":"product_brand","embeddable":true,"href":"https:\/\/shop.bazarcia.com\/en\/wp-json\/wp\/v2\/product_brand?post=77587"},{"taxonomy":"product_cat","embeddable":true,"href":"https:\/\/shop.bazarcia.com\/en\/wp-json\/wp\/v2\/product_cat?post=77587"},{"taxonomy":"product_tag","embeddable":true,"href":"https:\/\/shop.bazarcia.com\/en\/wp-json\/wp\/v2\/product_tag?post=77587"}],"curies":[{"name":"wp","href":"https:\/\/api.w.org\/{rel}","templated":true}]}}