{"id":79978,"date":"2021-02-15T09:51:18","date_gmt":"2021-02-15T12:51:18","guid":{"rendered":"https:\/\/shop.bazarcia.com\/produto\/fralda-nicoli-pc-crochet-80-x-80-cm-p-bordar-pc-06\/"},"modified":"2021-07-05T16:12:30","modified_gmt":"2021-07-05T19:12:30","slug":"fralda-nicoli-pc-crochet-80-x-80-cm-p-bordar-pc-06","status":"publish","type":"product","link":"https:\/\/shop.bazarcia.com\/en\/product\/fralda-nicoli-pc-crochet-80-x-80-cm-p-bordar-pc-06\/","title":{"rendered":"Fralda Nicoli PC Crochet 80 x 80 cm p\/ Bordar PC\/06"},"content":{"rendered":"<p><span style=\"color: #000000;font-family: 'Open Sans', sans-serif;font-size: 14px\">A Fralda Nicoli \u00e9 feita de algod\u00e3o macio, medindo 80 x 80 cm e com acabamento em croch\u00ea.<\/span><br style=\"font-family: 'Open Sans', sans-serif;color: #000000;font-size: 14px\" \/><span style=\"color: #000000;font-family: 'Open Sans', sans-serif;font-size: 14px\">Vem em diversas cores e com uma faixa de aproximadamente 10 cm para Bordar.<\/span><br style=\"font-family: 'Open Sans', sans-serif;color: #000000;font-size: 14px\" \/><span style=\"color: #000000;font-family: 'Open Sans', sans-serif;font-size: 14px\">Composi\u00e7\u00e3o: 100% Algod\u00e3o (exceto efeito decorativo)<\/span><br style=\"font-family: 'Open Sans', sans-serif;color: #000000;font-size: 14px\" \/><span style=\"color: #000000;font-family: 'Open Sans', sans-serif;font-size: 14px\">Fabricante: Mabber<\/span><\/p>\n<p>Cores dispon\u00e9veis: Azul BB, Branco e Rosa BB<\/p>\n<p><span style=\"color: #000000;font-family: 'Open Sans', sans-serif;font-size: 14px\">Valores referente a 06 unidades<\/span><\/p>","protected":false},"excerpt":{"rendered":"<p>Mabber picueta 80x80cm<\/p>","protected":false},"featured_media":72113,"comment_status":"open","ping_status":"closed","template":"","meta":{"_acf_changed":false,"_joinchat":[]},"product_brand":[],"product_cat":[1115],"product_tag":[1280],"class_list":{"0":"post-79978","1":"product","2":"type-product","3":"status-publish","4":"has-post-thumbnail","6":"product_cat-sem-categoria","7":"product_tag-bordar","9":"first","10":"outofstock","11":"shipping-taxable","12":"purchasable","13":"product-type-simple"},"acf":[],"yoast_head":"<!-- This site is optimized with the Yoast SEO plugin v27.2 - https:\/\/yoast.com\/product\/yoast-seo-wordpress\/ -->\n<title>Fralda Nicoli PC Crochet 80 x 80 cm p\/ Bordar PC\/06 - \ud835\udc1b\ud835\udc1a\ud835\udc33\ud835\udc1a\ud835\udc2b &amp; \ud835\udc1c\ud835\udc22\ud835\udc1a<\/title>\n<meta name=\"robots\" content=\"index, follow, max-snippet:-1, max-image-preview:large, max-video-preview:-1\" \/>\n<link rel=\"canonical\" href=\"https:\/\/shop.bazarcia.com\/en\/product\/fralda-nicoli-pc-crochet-80-x-80-cm-p-bordar-pc-06\/\" \/>\n<meta property=\"og:locale\" content=\"en_US\" \/>\n<meta property=\"og:type\" content=\"article\" \/>\n<meta property=\"og:title\" content=\"Fralda Nicoli PC Crochet 80 x 80 cm p\/ Bordar PC\/06 - \ud835\udc1b\ud835\udc1a\ud835\udc33\ud835\udc1a\ud835\udc2b &amp; \ud835\udc1c\ud835\udc22\ud835\udc1a\" \/>\n<meta property=\"og:description\" content=\"Mabber picueta 80x80cm\" \/>\n<meta property=\"og:url\" content=\"https:\/\/shop.bazarcia.com\/en\/product\/fralda-nicoli-pc-crochet-80-x-80-cm-p-bordar-pc-06\/\" \/>\n<meta property=\"og:site_name\" content=\"\ud835\udc1b\ud835\udc1a\ud835\udc33\ud835\udc1a\ud835\udc2b &amp; \ud835\udc1c\ud835\udc22\ud835\udc1a\" \/>\n<meta property=\"article:publisher\" content=\"https:\/\/www.facebook.com\/shopbazarcia\" \/>\n<meta property=\"article:modified_time\" content=\"2021-07-05T19:12:30+00:00\" \/>\n<meta property=\"og:image\" content=\"https:\/\/shop.bazarcia.com\/wp-content\/uploads\/2021\/01\/copia-de-seguranca-copia-de-seguranca-copia-de-seguranca-copia-de-seguranca-Copia-de-copia-de-seguranca-copia-de-seguranca-Copia-de-copia-de-seguranca-copia-de-seguranca-Cinza-Minimalista-Em-1.png\" \/>\n\t<meta property=\"og:image:width\" content=\"1080\" \/>\n\t<meta property=\"og:image:height\" content=\"1080\" \/>\n\t<meta property=\"og:image:type\" content=\"image\/png\" \/>\n<meta name=\"twitter:card\" content=\"summary_large_image\" \/>\n<script type=\"application\/ld+json\" class=\"yoast-schema-graph\">{\"@context\":\"https:\/\/schema.org\",\"@graph\":[{\"@type\":\"WebPage\",\"@id\":\"https:\/\/shop.bazarcia.com\/en\/product\/fralda-nicoli-pc-crochet-80-x-80-cm-p-bordar-pc-06\/\",\"url\":\"https:\/\/shop.bazarcia.com\/en\/product\/fralda-nicoli-pc-crochet-80-x-80-cm-p-bordar-pc-06\/\",\"name\":\"Fralda Nicoli PC Crochet 80 x 80 cm p\/ Bordar PC\/06 - \ud835\udc1b\ud835\udc1a\ud835\udc33\ud835\udc1a\ud835\udc2b &amp; \ud835\udc1c\ud835\udc22\ud835\udc1a\",\"isPartOf\":{\"@id\":\"https:\/\/shop.bazarcia.com\/#website\"},\"primaryImageOfPage\":{\"@id\":\"https:\/\/shop.bazarcia.com\/en\/product\/fralda-nicoli-pc-crochet-80-x-80-cm-p-bordar-pc-06\/#primaryimage\"},\"image\":{\"@id\":\"https:\/\/shop.bazarcia.com\/en\/product\/fralda-nicoli-pc-crochet-80-x-80-cm-p-bordar-pc-06\/#primaryimage\"},\"thumbnailUrl\":\"https:\/\/shop.bazarcia.com\/wp-content\/uploads\/2021\/01\/copia-de-seguranca-copia-de-seguranca-copia-de-seguranca-copia-de-seguranca-Copia-de-copia-de-seguranca-copia-de-seguranca-Copia-de-copia-de-seguranca-copia-de-seguranca-Cinza-Minimalista-Em-1.png\",\"datePublished\":\"2021-02-15T12:51:18+00:00\",\"dateModified\":\"2021-07-05T19:12:30+00:00\",\"breadcrumb\":{\"@id\":\"https:\/\/shop.bazarcia.com\/en\/product\/fralda-nicoli-pc-crochet-80-x-80-cm-p-bordar-pc-06\/#breadcrumb\"},\"inLanguage\":\"en-US\",\"potentialAction\":[{\"@type\":\"ReadAction\",\"target\":[\"https:\/\/shop.bazarcia.com\/en\/product\/fralda-nicoli-pc-crochet-80-x-80-cm-p-bordar-pc-06\/\"]}]},{\"@type\":\"ImageObject\",\"inLanguage\":\"en-US\",\"@id\":\"https:\/\/shop.bazarcia.com\/en\/product\/fralda-nicoli-pc-crochet-80-x-80-cm-p-bordar-pc-06\/#primaryimage\",\"url\":\"https:\/\/shop.bazarcia.com\/wp-content\/uploads\/2021\/01\/copia-de-seguranca-copia-de-seguranca-copia-de-seguranca-copia-de-seguranca-Copia-de-copia-de-seguranca-copia-de-seguranca-Copia-de-copia-de-seguranca-copia-de-seguranca-Cinza-Minimalista-Em-1.png\",\"contentUrl\":\"https:\/\/shop.bazarcia.com\/wp-content\/uploads\/2021\/01\/copia-de-seguranca-copia-de-seguranca-copia-de-seguranca-copia-de-seguranca-Copia-de-copia-de-seguranca-copia-de-seguranca-Copia-de-copia-de-seguranca-copia-de-seguranca-Cinza-Minimalista-Em-1.png\",\"width\":1080,\"height\":1080},{\"@type\":\"BreadcrumbList\",\"@id\":\"https:\/\/shop.bazarcia.com\/en\/product\/fralda-nicoli-pc-crochet-80-x-80-cm-p-bordar-pc-06\/#breadcrumb\",\"itemListElement\":[{\"@type\":\"ListItem\",\"position\":1,\"name\":\"In\u00edcio\",\"item\":\"https:\/\/shop.bazarcia.com\/\"},{\"@type\":\"ListItem\",\"position\":2,\"name\":\"Loja\",\"item\":\"https:\/\/shop.bazarcia.com\/loja\/\"},{\"@type\":\"ListItem\",\"position\":3,\"name\":\"Fralda Nicoli PC Crochet 80 x 80 cm p\/ Bordar PC\/06\"}]},{\"@type\":\"WebSite\",\"@id\":\"https:\/\/shop.bazarcia.com\/#website\",\"url\":\"https:\/\/shop.bazarcia.com\/\",\"name\":\"Bazar & Cia\",\"description\":\"criatividade ponto a ponto\",\"publisher\":{\"@id\":\"https:\/\/shop.bazarcia.com\/#organization\"},\"potentialAction\":[{\"@type\":\"SearchAction\",\"target\":{\"@type\":\"EntryPoint\",\"urlTemplate\":\"https:\/\/shop.bazarcia.com\/?s={search_term_string}\"},\"query-input\":{\"@type\":\"PropertyValueSpecification\",\"valueRequired\":true,\"valueName\":\"search_term_string\"}}],\"inLanguage\":\"en-US\"},{\"@type\":\"Organization\",\"@id\":\"https:\/\/shop.bazarcia.com\/#organization\",\"name\":\"Bazar & Cia\",\"url\":\"https:\/\/shop.bazarcia.com\/\",\"logo\":{\"@type\":\"ImageObject\",\"inLanguage\":\"en-US\",\"@id\":\"https:\/\/shop.bazarcia.com\/#\/schema\/logo\/image\/\",\"url\":\"https:\/\/shop.bazarcia.com\/wp-content\/uploads\/2024\/02\/cropped-logo_bazarcia.png\",\"contentUrl\":\"https:\/\/shop.bazarcia.com\/wp-content\/uploads\/2024\/02\/cropped-logo_bazarcia.png\",\"width\":150,\"height\":150,\"caption\":\"Bazar & Cia\"},\"image\":{\"@id\":\"https:\/\/shop.bazarcia.com\/#\/schema\/logo\/image\/\"},\"sameAs\":[\"https:\/\/www.facebook.com\/shopbazarcia\",\"https:\/\/www.instagram.com\/shopbazarcia\",\"https:\/\/br.pinterest.com\/suzane_eloise\/\",\"https:\/\/www.youtube.com\/c\/BazardoBordadoMatrizeseProjetos\"]}]}<\/script>\n<!-- \/ Yoast SEO plugin. -->","yoast_head_json":{"title":"Fralda Nicoli PC Crochet 80 x 80 cm p\/ Bordar PC\/06 - \ud835\udc1b\ud835\udc1a\ud835\udc33\ud835\udc1a\ud835\udc2b &amp; \ud835\udc1c\ud835\udc22\ud835\udc1a","robots":{"index":"index","follow":"follow","max-snippet":"max-snippet:-1","max-image-preview":"max-image-preview:large","max-video-preview":"max-video-preview:-1"},"canonical":"https:\/\/shop.bazarcia.com\/en\/product\/fralda-nicoli-pc-crochet-80-x-80-cm-p-bordar-pc-06\/","og_locale":"en_US","og_type":"article","og_title":"Fralda Nicoli PC Crochet 80 x 80 cm p\/ Bordar PC\/06 - \ud835\udc1b\ud835\udc1a\ud835\udc33\ud835\udc1a\ud835\udc2b &amp; \ud835\udc1c\ud835\udc22\ud835\udc1a","og_description":"Mabber picueta 80x80cm","og_url":"https:\/\/shop.bazarcia.com\/en\/product\/fralda-nicoli-pc-crochet-80-x-80-cm-p-bordar-pc-06\/","og_site_name":"\ud835\udc1b\ud835\udc1a\ud835\udc33\ud835\udc1a\ud835\udc2b &amp; \ud835\udc1c\ud835\udc22\ud835\udc1a","article_publisher":"https:\/\/www.facebook.com\/shopbazarcia","article_modified_time":"2021-07-05T19:12:30+00:00","og_image":[{"width":1080,"height":1080,"url":"https:\/\/shop.bazarcia.com\/wp-content\/uploads\/2021\/01\/copia-de-seguranca-copia-de-seguranca-copia-de-seguranca-copia-de-seguranca-Copia-de-copia-de-seguranca-copia-de-seguranca-Copia-de-copia-de-seguranca-copia-de-seguranca-Cinza-Minimalista-Em-1.png","type":"image\/png"}],"twitter_card":"summary_large_image","schema":{"@context":"https:\/\/schema.org","@graph":[{"@type":"WebPage","@id":"https:\/\/shop.bazarcia.com\/en\/product\/fralda-nicoli-pc-crochet-80-x-80-cm-p-bordar-pc-06\/","url":"https:\/\/shop.bazarcia.com\/en\/product\/fralda-nicoli-pc-crochet-80-x-80-cm-p-bordar-pc-06\/","name":"Fralda Nicoli PC Crochet 80 x 80 cm p\/ Bordar PC\/06 - \ud835\udc1b\ud835\udc1a\ud835\udc33\ud835\udc1a\ud835\udc2b &amp; \ud835\udc1c\ud835\udc22\ud835\udc1a","isPartOf":{"@id":"https:\/\/shop.bazarcia.com\/#website"},"primaryImageOfPage":{"@id":"https:\/\/shop.bazarcia.com\/en\/product\/fralda-nicoli-pc-crochet-80-x-80-cm-p-bordar-pc-06\/#primaryimage"},"image":{"@id":"https:\/\/shop.bazarcia.com\/en\/product\/fralda-nicoli-pc-crochet-80-x-80-cm-p-bordar-pc-06\/#primaryimage"},"thumbnailUrl":"https:\/\/shop.bazarcia.com\/wp-content\/uploads\/2021\/01\/copia-de-seguranca-copia-de-seguranca-copia-de-seguranca-copia-de-seguranca-Copia-de-copia-de-seguranca-copia-de-seguranca-Copia-de-copia-de-seguranca-copia-de-seguranca-Cinza-Minimalista-Em-1.png","datePublished":"2021-02-15T12:51:18+00:00","dateModified":"2021-07-05T19:12:30+00:00","breadcrumb":{"@id":"https:\/\/shop.bazarcia.com\/en\/product\/fralda-nicoli-pc-crochet-80-x-80-cm-p-bordar-pc-06\/#breadcrumb"},"inLanguage":"en-US","potentialAction":[{"@type":"ReadAction","target":["https:\/\/shop.bazarcia.com\/en\/product\/fralda-nicoli-pc-crochet-80-x-80-cm-p-bordar-pc-06\/"]}]},{"@type":"ImageObject","inLanguage":"en-US","@id":"https:\/\/shop.bazarcia.com\/en\/product\/fralda-nicoli-pc-crochet-80-x-80-cm-p-bordar-pc-06\/#primaryimage","url":"https:\/\/shop.bazarcia.com\/wp-content\/uploads\/2021\/01\/copia-de-seguranca-copia-de-seguranca-copia-de-seguranca-copia-de-seguranca-Copia-de-copia-de-seguranca-copia-de-seguranca-Copia-de-copia-de-seguranca-copia-de-seguranca-Cinza-Minimalista-Em-1.png","contentUrl":"https:\/\/shop.bazarcia.com\/wp-content\/uploads\/2021\/01\/copia-de-seguranca-copia-de-seguranca-copia-de-seguranca-copia-de-seguranca-Copia-de-copia-de-seguranca-copia-de-seguranca-Copia-de-copia-de-seguranca-copia-de-seguranca-Cinza-Minimalista-Em-1.png","width":1080,"height":1080},{"@type":"BreadcrumbList","@id":"https:\/\/shop.bazarcia.com\/en\/product\/fralda-nicoli-pc-crochet-80-x-80-cm-p-bordar-pc-06\/#breadcrumb","itemListElement":[{"@type":"ListItem","position":1,"name":"In\u00edcio","item":"https:\/\/shop.bazarcia.com\/"},{"@type":"ListItem","position":2,"name":"Loja","item":"https:\/\/shop.bazarcia.com\/loja\/"},{"@type":"ListItem","position":3,"name":"Fralda Nicoli PC Crochet 80 x 80 cm p\/ Bordar PC\/06"}]},{"@type":"WebSite","@id":"https:\/\/shop.bazarcia.com\/#website","url":"https:\/\/shop.bazarcia.com\/","name":"Bazar & Cia","description":"criatividade ponto a ponto","publisher":{"@id":"https:\/\/shop.bazarcia.com\/#organization"},"potentialAction":[{"@type":"SearchAction","target":{"@type":"EntryPoint","urlTemplate":"https:\/\/shop.bazarcia.com\/?s={search_term_string}"},"query-input":{"@type":"PropertyValueSpecification","valueRequired":true,"valueName":"search_term_string"}}],"inLanguage":"en-US"},{"@type":"Organization","@id":"https:\/\/shop.bazarcia.com\/#organization","name":"Bazar & Cia","url":"https:\/\/shop.bazarcia.com\/","logo":{"@type":"ImageObject","inLanguage":"en-US","@id":"https:\/\/shop.bazarcia.com\/#\/schema\/logo\/image\/","url":"https:\/\/shop.bazarcia.com\/wp-content\/uploads\/2024\/02\/cropped-logo_bazarcia.png","contentUrl":"https:\/\/shop.bazarcia.com\/wp-content\/uploads\/2024\/02\/cropped-logo_bazarcia.png","width":150,"height":150,"caption":"Bazar & Cia"},"image":{"@id":"https:\/\/shop.bazarcia.com\/#\/schema\/logo\/image\/"},"sameAs":["https:\/\/www.facebook.com\/shopbazarcia","https:\/\/www.instagram.com\/shopbazarcia","https:\/\/br.pinterest.com\/suzane_eloise\/","https:\/\/www.youtube.com\/c\/BazardoBordadoMatrizeseProjetos"]}]}},"_links":{"self":[{"href":"https:\/\/shop.bazarcia.com\/en\/wp-json\/wp\/v2\/product\/79978","targetHints":{"allow":["GET"]}}],"collection":[{"href":"https:\/\/shop.bazarcia.com\/en\/wp-json\/wp\/v2\/product"}],"about":[{"href":"https:\/\/shop.bazarcia.com\/en\/wp-json\/wp\/v2\/types\/product"}],"replies":[{"embeddable":true,"href":"https:\/\/shop.bazarcia.com\/en\/wp-json\/wp\/v2\/comments?post=79978"}],"version-history":[{"count":0,"href":"https:\/\/shop.bazarcia.com\/en\/wp-json\/wp\/v2\/product\/79978\/revisions"}],"wp:featuredmedia":[{"embeddable":true,"href":"https:\/\/shop.bazarcia.com\/en\/wp-json\/wp\/v2\/media\/72113"}],"wp:attachment":[{"href":"https:\/\/shop.bazarcia.com\/en\/wp-json\/wp\/v2\/media?parent=79978"}],"wp:term":[{"taxonomy":"product_brand","embeddable":true,"href":"https:\/\/shop.bazarcia.com\/en\/wp-json\/wp\/v2\/product_brand?post=79978"},{"taxonomy":"product_cat","embeddable":true,"href":"https:\/\/shop.bazarcia.com\/en\/wp-json\/wp\/v2\/product_cat?post=79978"},{"taxonomy":"product_tag","embeddable":true,"href":"https:\/\/shop.bazarcia.com\/en\/wp-json\/wp\/v2\/product_tag?post=79978"}],"curies":[{"name":"wp","href":"https:\/\/api.w.org\/{rel}","templated":true}]}}