{"id":80363,"date":"2021-02-16T16:11:43","date_gmt":"2021-02-16T19:11:43","guid":{"rendered":"https:\/\/shop.bazarcia.com\/?post_type=product&#038;p=80363"},"modified":"2021-02-16T16:16:16","modified_gmt":"2021-02-16T19:16:16","slug":"matriz-de-bordado-jardim-borboletas-3d-ng1-10cm-copia","status":"publish","type":"product","link":"https:\/\/shop.bazarcia.com\/en\/product\/matriz-de-bordado-jardim-borboletas-3d-ng1-10cm-copia\/","title":{"rendered":"Matriz de Bordado Jardim Borboletas 3D NG1 18cm"},"content":{"rendered":"<p><strong style=\"font-family: Poppins, sans-serif\">ARQUIVOS DIGITAIS\u00a0<\/strong><br style=\"font-family: Poppins, sans-serif\" \/><span style=\"font-family: Poppins, sans-serif\">&#8220;Sua compra te garante o DIREITO DE USO da matriz, voc\u00ea pode usar pra produzir quaisquer produto&#8230; Ou seja, voc\u00ea n\u00e3o tem o direito autoral sobre o produto, sendo proibido compartilhar, revender etc&#8221;<\/span><br style=\"font-family: Poppins, sans-serif\" \/><span style=\"font-family: Poppins, sans-serif\">IMPORTANTE: \u00c9 preciso salientar que a venda do produto\u00a0est\u00e1 condicionada ao ACEITE por parte da artes\u00e3 de que ela \u00e9 pra USO PESSOAL. A artes\u00e3 pode usar de sua criatividade usando as matrizes para bordar seus produtos, mas n\u00e3o d\u00e1 a artes\u00e3 o direito de distribuir as matrizes ou mesmo ceder ou revender estes arquivos.<\/span><br style=\"font-family: Poppins, sans-serif\" \/><span style=\"font-family: Poppins, sans-serif\">FIQUE LIGADO<\/span><br style=\"font-family: Poppins, sans-serif\" \/><span style=\"font-family: Poppins, sans-serif\">Este produto \u00e9 digital, matriz de bordado eletr\u00f4nico, as fotos s\u00e3o ilustrativas como sugest\u00f5es de uso, ou seja n\u00e3o \u00e9 vendida a pe\u00e7a bordada pronta.<\/span><br style=\"font-family: Poppins, sans-serif\" \/><span style=\"font-family: Poppins, sans-serif\">Para usar este produto voc\u00ea deve ter uma m\u00e1quina bordadeira eletr\u00f4nica que aceite carregar arquivos externos de matriz, computador para download, programa descompactador (winrar) e os meios\/conhecimentos necess\u00e1rios para extrair e transferir o arquivo da matriz do seu computador para a bordadeira.<\/span><br style=\"font-family: Poppins, sans-serif\" \/><strong style=\"font-family: Poppins, sans-serif\">Certifique-se que o tamanho do que \u00e9 oferecido aqui cabe em suas necessidades<\/strong><span style=\"font-family: Poppins, sans-serif\">, n\u00e3o oferecemos tamanhos diferentes dos que anunciado. Se tiver necessidade de um tamanho espec\u00edfico entre em contato e fa\u00e7a um or\u00e7amento, ser\u00e1 um prazer atend\u00ea-la.<\/span><br style=\"font-family: Poppins, sans-serif\" \/><span style=\"font-family: Poppins, sans-serif\">Os arquivos n\u00e3o acompanham passo a passo da execu\u00e7\u00e3o (exceto PROJETOS DE BORDADO)\u00a0nem t\u00e9cnicas de bordado, o cliente deve possuir conhecimento dos mesmos.<\/span><br style=\"font-family: Poppins, sans-serif\" \/><span style=\"font-family: Poppins, sans-serif\">Os arquivos n\u00e3o acompanham tabela de cores de linhas usadas ou \u00e0 usar, as cores ficam \u00e0 crit\u00e9rio e gosto do cliente.<\/span><br style=\"font-family: Poppins, sans-serif\" \/><span style=\"font-family: Poppins, sans-serif\">Os arquivos ficar\u00e3o dispon\u00edveis para Download por 1 ano contando \u00e0 partir da data da compra.<\/span><br style=\"font-family: Poppins, sans-serif\" \/><span style=\"font-family: Poppins, sans-serif\">O armazenamento e conserva\u00e7\u00e3o dos arquivos \u00e9 de total responsabilidade do cliente.<\/span><br style=\"font-family: Poppins, sans-serif\" \/><strong style=\"font-family: Poppins, sans-serif\">N\u00c3O EFETUAMOS TROCA, REEMBOLSO OU DEVOLU\u00c7\u00c3O<\/strong><span style=\"font-family: Poppins, sans-serif\">, de nenhum produto digital, curso ap\u00f3s acessar o conte\u00fado, portanto leia atentamente todas as especifica\u00e7\u00f5es dos produtos antes de efetuar a compra.<\/span><br style=\"font-family: Poppins, sans-serif\" \/><span style=\"font-family: Poppins, sans-serif\">\u00c9 extremamente importante que n\u00e3o se altere o tamanho ou o conte\u00fado das matrizes, se alterados, em qualquer aspecto, n\u00e3o podemos garantir a qualidade final do bordado.<\/span><\/p>","protected":false},"excerpt":{"rendered":"<p><span style=\"color: #777777;font-family: Lato, Arial, Helvetica, sans-serif;font-size: 14px\">Matriz com bordado em ponto cheio.<\/span><br style=\"color: #777777;font-family: Lato, Arial, Helvetica, sans-serif;font-size: 14px\" \/><span style=\"color: #777777;font-family: Lato, Arial, Helvetica, sans-serif;font-size: 14px\">Borboletas com aplique comum e tamb\u00e9m na op\u00e7\u00e3o 3D<\/span><br style=\"color: #777777;font-family: Lato, Arial, Helvetica, sans-serif;font-size: 14px\" \/><span style=\"color: #777777;font-family: Lato, Arial, Helvetica, sans-serif;font-size: 14px\">Pode ser bordado com e sem as borboletas e tamb\u00e9m com as flores coloridas ou de uma s\u00f3 cor.<\/span><br style=\"color: #777777;font-family: Lato, Arial, Helvetica, sans-serif;font-size: 14px\" \/><span style=\"color: #777777;font-family: Lato, Arial, Helvetica, sans-serif;font-size: 14px\">Matriz sem borboleta:<\/span><br style=\"color: #777777;font-family: Lato, Arial, Helvetica, sans-serif;font-size: 14px\" \/><span style=\"color: #777777;font-family: Lato, Arial, Helvetica, sans-serif;font-size: 14px\">174,6 mm de largura<\/span><br style=\"color: #777777;font-family: Lato, Arial, Helvetica, sans-serif;font-size: 14px\" \/><span style=\"color: #777777;font-family: Lato, Arial, Helvetica, sans-serif;font-size: 14px\">73,0 mm de altura<\/span><br style=\"color: #777777;font-family: Lato, Arial, Helvetica, sans-serif;font-size: 14px\" \/><span style=\"color: #777777;font-family: Lato, Arial, Helvetica, sans-serif;font-size: 14px\">4 cores para flores de 1 s\u00f3 cor e<\/span><br style=\"color: #777777;font-family: Lato, Arial, Helvetica, sans-serif;font-size: 14px\" \/><span style=\"color: #777777;font-family: Lato, Arial, Helvetica, sans-serif;font-size: 14px\">13 cores para flores coloridas.<\/span><br style=\"color: #777777;font-family: Lato, Arial, Helvetica, sans-serif;font-size: 14px\" \/><span style=\"color: #777777;font-family: Lato, Arial, Helvetica, sans-serif;font-size: 14px\">Matriz com borboletas:<\/span><br style=\"color: #777777;font-family: Lato, Arial, Helvetica, sans-serif;font-size: 14px\" \/><span style=\"color: #777777;font-family: Lato, Arial, Helvetica, sans-serif;font-size: 14px\">174,6 mm de largura<\/span><br style=\"color: #777777;font-family: Lato, Arial, Helvetica, sans-serif;font-size: 14px\" \/><span style=\"color: #777777;font-family: Lato, Arial, Helvetica, sans-serif;font-size: 14px\">92,2 mm de altura<\/span><br style=\"color: #777777;font-family: Lato, Arial, Helvetica, sans-serif;font-size: 14px\" \/><span style=\"color: #777777;font-family: Lato, Arial, Helvetica, sans-serif;font-size: 14px\">8 cores para flores de 1 s\u00f3 cor e<\/span><br style=\"color: #777777;font-family: Lato, Arial, Helvetica, sans-serif;font-size: 14px\" \/><span style=\"color: #777777;font-family: Lato, Arial, Helvetica, sans-serif;font-size: 14px\">16 cores para flores coloridas.<\/span><\/p>","protected":false},"featured_media":80365,"comment_status":"open","ping_status":"closed","template":"","meta":{"_acf_changed":false,"_joinchat":[]},"product_brand":[],"product_cat":[84,122,321,1704,302],"product_tag":[1170,1431,1433,1430,1432],"class_list":{"0":"post-80363","1":"product","2":"type-product","3":"status-publish","4":"has-post-thumbnail","6":"product_cat-matrizes-de-bordado","7":"product_cat-matrizes-de-bordado-animais","8":"product_cat-borboletas","9":"product_cat-jardim","10":"product_cat-matrizes-de-bordado-3d","11":"product_tag-bordado","12":"product_tag-bordado-computadorizado","13":"product_tag-bordado-eletronico","14":"product_tag-matriz-de-bordado","15":"product_tag-matrizes-de-bordado","17":"first","18":"instock","19":"sale","20":"downloadable","21":"virtual","22":"sold-individually","23":"purchasable","24":"product-type-simple"},"acf":[],"yoast_head":"<!-- This site is optimized with the Yoast SEO plugin v27.2 - https:\/\/yoast.com\/product\/yoast-seo-wordpress\/ -->\n<title>Matriz de Bordado Jardim Borboletas 3D NG1 18cm - \ud835\udc1b\ud835\udc1a\ud835\udc33\ud835\udc1a\ud835\udc2b &amp; \ud835\udc1c\ud835\udc22\ud835\udc1a<\/title>\n<meta name=\"description\" content=\"Matriz de jardim com borboletas para bordar \u00e0 m\u00e1quina.\" \/>\n<meta name=\"robots\" content=\"index, follow, max-snippet:-1, max-image-preview:large, max-video-preview:-1\" \/>\n<link rel=\"canonical\" href=\"https:\/\/shop.bazarcia.com\/en\/product\/matriz-de-bordado-jardim-borboletas-3d-ng1-10cm-copia\/\" \/>\n<meta property=\"og:locale\" content=\"en_US\" \/>\n<meta property=\"og:type\" content=\"article\" \/>\n<meta property=\"og:title\" content=\"Matriz de Bordado Jardim Borboletas 3D NG1 18cm - \ud835\udc1b\ud835\udc1a\ud835\udc33\ud835\udc1a\ud835\udc2b &amp; \ud835\udc1c\ud835\udc22\ud835\udc1a\" \/>\n<meta property=\"og:description\" content=\"Matriz de jardim com borboletas para bordar \u00e0 m\u00e1quina.\" \/>\n<meta property=\"og:url\" content=\"https:\/\/shop.bazarcia.com\/en\/product\/matriz-de-bordado-jardim-borboletas-3d-ng1-10cm-copia\/\" \/>\n<meta property=\"og:site_name\" content=\"\ud835\udc1b\ud835\udc1a\ud835\udc33\ud835\udc1a\ud835\udc2b &amp; \ud835\udc1c\ud835\udc22\ud835\udc1a\" \/>\n<meta property=\"article:publisher\" content=\"https:\/\/www.facebook.com\/shopbazarcia\" \/>\n<meta property=\"article:modified_time\" content=\"2021-02-16T19:16:16+00:00\" \/>\n<meta property=\"og:image\" content=\"https:\/\/shop.bazarcia.com\/wp-content\/uploads\/2021\/02\/JARDIM-NG-1C-18CM.jpg\" \/>\n\t<meta property=\"og:image:width\" content=\"980\" \/>\n\t<meta property=\"og:image:height\" content=\"980\" \/>\n\t<meta property=\"og:image:type\" content=\"image\/jpeg\" \/>\n<meta name=\"twitter:card\" content=\"summary_large_image\" \/>\n<meta name=\"twitter:label1\" content=\"Est. reading time\" \/>\n\t<meta name=\"twitter:data1\" content=\"2 minutes\" \/>\n<script type=\"application\/ld+json\" class=\"yoast-schema-graph\">{\"@context\":\"https:\/\/schema.org\",\"@graph\":[{\"@type\":\"WebPage\",\"@id\":\"https:\/\/shop.bazarcia.com\/en\/product\/matriz-de-bordado-jardim-borboletas-3d-ng1-10cm-copia\/\",\"url\":\"https:\/\/shop.bazarcia.com\/en\/product\/matriz-de-bordado-jardim-borboletas-3d-ng1-10cm-copia\/\",\"name\":\"Matriz de Bordado Jardim Borboletas 3D NG1 18cm - \ud835\udc1b\ud835\udc1a\ud835\udc33\ud835\udc1a\ud835\udc2b &amp; \ud835\udc1c\ud835\udc22\ud835\udc1a\",\"isPartOf\":{\"@id\":\"https:\/\/shop.bazarcia.com\/#website\"},\"primaryImageOfPage\":{\"@id\":\"https:\/\/shop.bazarcia.com\/en\/product\/matriz-de-bordado-jardim-borboletas-3d-ng1-10cm-copia\/#primaryimage\"},\"image\":{\"@id\":\"https:\/\/shop.bazarcia.com\/en\/product\/matriz-de-bordado-jardim-borboletas-3d-ng1-10cm-copia\/#primaryimage\"},\"thumbnailUrl\":\"https:\/\/shop.bazarcia.com\/wp-content\/uploads\/2021\/02\/JARDIM-NG-1C-18CM.jpg\",\"datePublished\":\"2021-02-16T19:11:43+00:00\",\"dateModified\":\"2021-02-16T19:16:16+00:00\",\"description\":\"Matriz de jardim com borboletas para bordar \u00e0 m\u00e1quina.\",\"breadcrumb\":{\"@id\":\"https:\/\/shop.bazarcia.com\/en\/product\/matriz-de-bordado-jardim-borboletas-3d-ng1-10cm-copia\/#breadcrumb\"},\"inLanguage\":\"en-US\",\"potentialAction\":[{\"@type\":\"ReadAction\",\"target\":[\"https:\/\/shop.bazarcia.com\/en\/product\/matriz-de-bordado-jardim-borboletas-3d-ng1-10cm-copia\/\"]}]},{\"@type\":\"ImageObject\",\"inLanguage\":\"en-US\",\"@id\":\"https:\/\/shop.bazarcia.com\/en\/product\/matriz-de-bordado-jardim-borboletas-3d-ng1-10cm-copia\/#primaryimage\",\"url\":\"https:\/\/shop.bazarcia.com\/wp-content\/uploads\/2021\/02\/JARDIM-NG-1C-18CM.jpg\",\"contentUrl\":\"https:\/\/shop.bazarcia.com\/wp-content\/uploads\/2021\/02\/JARDIM-NG-1C-18CM.jpg\",\"width\":980,\"height\":980},{\"@type\":\"BreadcrumbList\",\"@id\":\"https:\/\/shop.bazarcia.com\/en\/product\/matriz-de-bordado-jardim-borboletas-3d-ng1-10cm-copia\/#breadcrumb\",\"itemListElement\":[{\"@type\":\"ListItem\",\"position\":1,\"name\":\"In\u00edcio\",\"item\":\"https:\/\/shop.bazarcia.com\/\"},{\"@type\":\"ListItem\",\"position\":2,\"name\":\"Loja\",\"item\":\"https:\/\/shop.bazarcia.com\/loja\/\"},{\"@type\":\"ListItem\",\"position\":3,\"name\":\"Matriz de Bordado Jardim Borboletas 3D NG1 18cm\"}]},{\"@type\":\"WebSite\",\"@id\":\"https:\/\/shop.bazarcia.com\/#website\",\"url\":\"https:\/\/shop.bazarcia.com\/\",\"name\":\"Bazar & Cia\",\"description\":\"criatividade ponto a ponto\",\"publisher\":{\"@id\":\"https:\/\/shop.bazarcia.com\/#organization\"},\"potentialAction\":[{\"@type\":\"SearchAction\",\"target\":{\"@type\":\"EntryPoint\",\"urlTemplate\":\"https:\/\/shop.bazarcia.com\/?s={search_term_string}\"},\"query-input\":{\"@type\":\"PropertyValueSpecification\",\"valueRequired\":true,\"valueName\":\"search_term_string\"}}],\"inLanguage\":\"en-US\"},{\"@type\":\"Organization\",\"@id\":\"https:\/\/shop.bazarcia.com\/#organization\",\"name\":\"Bazar & Cia\",\"url\":\"https:\/\/shop.bazarcia.com\/\",\"logo\":{\"@type\":\"ImageObject\",\"inLanguage\":\"en-US\",\"@id\":\"https:\/\/shop.bazarcia.com\/#\/schema\/logo\/image\/\",\"url\":\"https:\/\/shop.bazarcia.com\/wp-content\/uploads\/2024\/02\/cropped-logo_bazarcia.png\",\"contentUrl\":\"https:\/\/shop.bazarcia.com\/wp-content\/uploads\/2024\/02\/cropped-logo_bazarcia.png\",\"width\":150,\"height\":150,\"caption\":\"Bazar & Cia\"},\"image\":{\"@id\":\"https:\/\/shop.bazarcia.com\/#\/schema\/logo\/image\/\"},\"sameAs\":[\"https:\/\/www.facebook.com\/shopbazarcia\",\"https:\/\/www.instagram.com\/shopbazarcia\",\"https:\/\/br.pinterest.com\/suzane_eloise\/\",\"https:\/\/www.youtube.com\/c\/BazardoBordadoMatrizeseProjetos\"]}]}<\/script>\n<!-- \/ Yoast SEO plugin. -->","yoast_head_json":{"title":"Matriz de Bordado Jardim Borboletas 3D NG1 18cm - \ud835\udc1b\ud835\udc1a\ud835\udc33\ud835\udc1a\ud835\udc2b &amp; \ud835\udc1c\ud835\udc22\ud835\udc1a","description":"Matriz de jardim com borboletas para bordar \u00e0 m\u00e1quina.","robots":{"index":"index","follow":"follow","max-snippet":"max-snippet:-1","max-image-preview":"max-image-preview:large","max-video-preview":"max-video-preview:-1"},"canonical":"https:\/\/shop.bazarcia.com\/en\/product\/matriz-de-bordado-jardim-borboletas-3d-ng1-10cm-copia\/","og_locale":"en_US","og_type":"article","og_title":"Matriz de Bordado Jardim Borboletas 3D NG1 18cm - \ud835\udc1b\ud835\udc1a\ud835\udc33\ud835\udc1a\ud835\udc2b &amp; \ud835\udc1c\ud835\udc22\ud835\udc1a","og_description":"Matriz de jardim com borboletas para bordar \u00e0 m\u00e1quina.","og_url":"https:\/\/shop.bazarcia.com\/en\/product\/matriz-de-bordado-jardim-borboletas-3d-ng1-10cm-copia\/","og_site_name":"\ud835\udc1b\ud835\udc1a\ud835\udc33\ud835\udc1a\ud835\udc2b &amp; \ud835\udc1c\ud835\udc22\ud835\udc1a","article_publisher":"https:\/\/www.facebook.com\/shopbazarcia","article_modified_time":"2021-02-16T19:16:16+00:00","og_image":[{"width":980,"height":980,"url":"https:\/\/shop.bazarcia.com\/wp-content\/uploads\/2021\/02\/JARDIM-NG-1C-18CM.jpg","type":"image\/jpeg"}],"twitter_card":"summary_large_image","twitter_misc":{"Est. reading time":"2 minutes"},"schema":{"@context":"https:\/\/schema.org","@graph":[{"@type":"WebPage","@id":"https:\/\/shop.bazarcia.com\/en\/product\/matriz-de-bordado-jardim-borboletas-3d-ng1-10cm-copia\/","url":"https:\/\/shop.bazarcia.com\/en\/product\/matriz-de-bordado-jardim-borboletas-3d-ng1-10cm-copia\/","name":"Matriz de Bordado Jardim Borboletas 3D NG1 18cm - \ud835\udc1b\ud835\udc1a\ud835\udc33\ud835\udc1a\ud835\udc2b &amp; \ud835\udc1c\ud835\udc22\ud835\udc1a","isPartOf":{"@id":"https:\/\/shop.bazarcia.com\/#website"},"primaryImageOfPage":{"@id":"https:\/\/shop.bazarcia.com\/en\/product\/matriz-de-bordado-jardim-borboletas-3d-ng1-10cm-copia\/#primaryimage"},"image":{"@id":"https:\/\/shop.bazarcia.com\/en\/product\/matriz-de-bordado-jardim-borboletas-3d-ng1-10cm-copia\/#primaryimage"},"thumbnailUrl":"https:\/\/shop.bazarcia.com\/wp-content\/uploads\/2021\/02\/JARDIM-NG-1C-18CM.jpg","datePublished":"2021-02-16T19:11:43+00:00","dateModified":"2021-02-16T19:16:16+00:00","description":"Matriz de jardim com borboletas para bordar \u00e0 m\u00e1quina.","breadcrumb":{"@id":"https:\/\/shop.bazarcia.com\/en\/product\/matriz-de-bordado-jardim-borboletas-3d-ng1-10cm-copia\/#breadcrumb"},"inLanguage":"en-US","potentialAction":[{"@type":"ReadAction","target":["https:\/\/shop.bazarcia.com\/en\/product\/matriz-de-bordado-jardim-borboletas-3d-ng1-10cm-copia\/"]}]},{"@type":"ImageObject","inLanguage":"en-US","@id":"https:\/\/shop.bazarcia.com\/en\/product\/matriz-de-bordado-jardim-borboletas-3d-ng1-10cm-copia\/#primaryimage","url":"https:\/\/shop.bazarcia.com\/wp-content\/uploads\/2021\/02\/JARDIM-NG-1C-18CM.jpg","contentUrl":"https:\/\/shop.bazarcia.com\/wp-content\/uploads\/2021\/02\/JARDIM-NG-1C-18CM.jpg","width":980,"height":980},{"@type":"BreadcrumbList","@id":"https:\/\/shop.bazarcia.com\/en\/product\/matriz-de-bordado-jardim-borboletas-3d-ng1-10cm-copia\/#breadcrumb","itemListElement":[{"@type":"ListItem","position":1,"name":"In\u00edcio","item":"https:\/\/shop.bazarcia.com\/"},{"@type":"ListItem","position":2,"name":"Loja","item":"https:\/\/shop.bazarcia.com\/loja\/"},{"@type":"ListItem","position":3,"name":"Matriz de Bordado Jardim Borboletas 3D NG1 18cm"}]},{"@type":"WebSite","@id":"https:\/\/shop.bazarcia.com\/#website","url":"https:\/\/shop.bazarcia.com\/","name":"Bazar & Cia","description":"criatividade ponto a ponto","publisher":{"@id":"https:\/\/shop.bazarcia.com\/#organization"},"potentialAction":[{"@type":"SearchAction","target":{"@type":"EntryPoint","urlTemplate":"https:\/\/shop.bazarcia.com\/?s={search_term_string}"},"query-input":{"@type":"PropertyValueSpecification","valueRequired":true,"valueName":"search_term_string"}}],"inLanguage":"en-US"},{"@type":"Organization","@id":"https:\/\/shop.bazarcia.com\/#organization","name":"Bazar & Cia","url":"https:\/\/shop.bazarcia.com\/","logo":{"@type":"ImageObject","inLanguage":"en-US","@id":"https:\/\/shop.bazarcia.com\/#\/schema\/logo\/image\/","url":"https:\/\/shop.bazarcia.com\/wp-content\/uploads\/2024\/02\/cropped-logo_bazarcia.png","contentUrl":"https:\/\/shop.bazarcia.com\/wp-content\/uploads\/2024\/02\/cropped-logo_bazarcia.png","width":150,"height":150,"caption":"Bazar & Cia"},"image":{"@id":"https:\/\/shop.bazarcia.com\/#\/schema\/logo\/image\/"},"sameAs":["https:\/\/www.facebook.com\/shopbazarcia","https:\/\/www.instagram.com\/shopbazarcia","https:\/\/br.pinterest.com\/suzane_eloise\/","https:\/\/www.youtube.com\/c\/BazardoBordadoMatrizeseProjetos"]}]}},"_links":{"self":[{"href":"https:\/\/shop.bazarcia.com\/en\/wp-json\/wp\/v2\/product\/80363","targetHints":{"allow":["GET"]}}],"collection":[{"href":"https:\/\/shop.bazarcia.com\/en\/wp-json\/wp\/v2\/product"}],"about":[{"href":"https:\/\/shop.bazarcia.com\/en\/wp-json\/wp\/v2\/types\/product"}],"replies":[{"embeddable":true,"href":"https:\/\/shop.bazarcia.com\/en\/wp-json\/wp\/v2\/comments?post=80363"}],"version-history":[{"count":0,"href":"https:\/\/shop.bazarcia.com\/en\/wp-json\/wp\/v2\/product\/80363\/revisions"}],"wp:featuredmedia":[{"embeddable":true,"href":"https:\/\/shop.bazarcia.com\/en\/wp-json\/wp\/v2\/media\/80365"}],"wp:attachment":[{"href":"https:\/\/shop.bazarcia.com\/en\/wp-json\/wp\/v2\/media?parent=80363"}],"wp:term":[{"taxonomy":"product_brand","embeddable":true,"href":"https:\/\/shop.bazarcia.com\/en\/wp-json\/wp\/v2\/product_brand?post=80363"},{"taxonomy":"product_cat","embeddable":true,"href":"https:\/\/shop.bazarcia.com\/en\/wp-json\/wp\/v2\/product_cat?post=80363"},{"taxonomy":"product_tag","embeddable":true,"href":"https:\/\/shop.bazarcia.com\/en\/wp-json\/wp\/v2\/product_tag?post=80363"}],"curies":[{"name":"wp","href":"https:\/\/api.w.org\/{rel}","templated":true}]}}