{"id":80463,"date":"2021-02-17T09:46:07","date_gmt":"2021-02-17T12:46:07","guid":{"rendered":"https:\/\/shop.bazarcia.com\/produto\/matriz-de-bordado-projeto-mesa-posta-jogo-americano-sousplat\/"},"modified":"2025-08-26T10:57:01","modified_gmt":"2025-08-26T13:57:01","slug":"matriz-de-bordado-projeto-mesa-posta-jogo-americano-sousplat","status":"publish","type":"product","link":"https:\/\/shop.bazarcia.com\/en\/product\/matriz-de-bordado-projeto-mesa-posta-jogo-americano-sousplat\/","title":{"rendered":"Matriz de bordado projeto mesa posta jogo americano sousplat"},"content":{"rendered":"","protected":false},"excerpt":{"rendered":"<p>\u2714 Este bordado \u00e9 um produto virtual, cont\u00e9m uma pasta com matriz desenvolvida em ponto leve, compat\u00edveis com varios dos modelos de m\u00e1quinas. Voc\u00ea n\u00e3o ir\u00e1 gostar de bordar, voc\u00ea ir\u00e1 amar! Aproveita e conhe\u00e7a tmbm a extensa linha de matrizes para almofadas tati artes onde sua confec\u00e7\u00e3o no bordado eletronico tem ganhado espa\u00e7o nas lojas e seu crescimento tem se abrangido em diversificados locais , sendo produtos de facil venda voc\u00ea obter\u00e1 um otimo lucro e uma otima renda, aproveite as lindas matrizes que estao a disposi\u00e7\u00e3o na loja<\/p>\n<p>Todos os meus designs s\u00e3o digitalizados manualmente e t\u00eam alta qualidade!!!<\/p>\n<p>****<br \/>\nAntes de efetuar a compra, leia a descri\u00e7\u00e3o do design. A descri\u00e7\u00e3o cont\u00e9m todas as dimens\u00f5es do design, bem como o tamanho m\u00ednimo permitido. N\u00e3o reduzo o tamanho do design al\u00e9m do tamanho m\u00ednimo indicado na descri\u00e7\u00e3o!!!<br \/>\nN\u00e3o h\u00e1 reembolso para itens digitais.<\/p>\n<p>*****<br \/>\nPara uma boa qualidade de bordado, use o estabilizador adequado. Para evitar que o tecido fique apertado, verifique a tens\u00e3o da linha superior e da bobina.<br \/>\nO design pode ser bordado em toalhas de cozinha, guardanapos, aventais, toalhas de mesa e assim por diante, em camisetas e decora\u00e7\u00e3o t\u00eaxtil para o lar.<\/p>\n<p>*****<br \/>\n\u00c9 um arquivo digital que \u00e9 usado para a m\u00e1quina de bordar. N\u00e3o \u00e9 um item f\u00edsico!<br \/>\nAp\u00f3s a compra, baixe os arquivos zip para seu computador. Voc\u00ea deve conseguir descompactar o arquivo zip e transferir os arquivos para sua m\u00e1quina.<\/p>\n<p>*****<br \/>\n<strong>Este desenho de bordado estar\u00e1 dispon\u00edvel em\u00a0 varios\u00a0 tamanhos, sendo as divis\u00f5es 13&#215;13,16&#215;16,18&#215;18,20&#215;20,24&#215;24,26&#215;26,30&#215;30,\u00a0 matrizes\u00a0\u00a0<\/strong><\/p>\n<p><strong>As repartidas para jun\u00e7\u00e3o nos tamanhos, est\u00e3o descritos na foto da descri\u00e7\u00e3o do anuncio!<\/strong><\/p>\n<p>13&#215;18<\/p>\n<p>16&#215;26<\/p>\n<p>18&#215;30<\/p>\n<p>20&#215;30<\/p>\n<p>24&#215;36<\/p>\n<p>40&#215;40<\/p>\n<p>\u2714Os arquivos s\u00e3o compat\u00edveis com v\u00e1rios tipos e modelos de m\u00e1quinas, com os seguintes formatos:<br \/>\nDST, EXP, HUS, JEF, PES,\u00a0 XXX.<\/p>\n<p>*****<br \/>\nSe voc\u00ea usar um conversor ou outro software de bordado para converter os arquivos, n\u00e3o me responsabilizo pela qualidade do design convertido.<br \/>\nObserve que se voc\u00ea quiser redimensionar o desenho, isso pode influenciar na qualidade do bordado.<\/p>\n<p>*****<br \/>\nTodos os designs digitalizados s\u00e3o protegidos por direitos autorais da Tat&#8217;Artes. Os arquivos s\u00f3 podem ser usados pela pessoa que os comprou diretamente.<br \/>\nVoc\u00ea pode us\u00e1-lo para necessidades pessoais ou comerciais (por exemplo, para costurar em itens que est\u00e3o sendo vendidos), indicou a fonte de produ\u00e7\u00e3o &#8220;O design de bordado foi reproduzido por\u00a0 Tat&#8217;artes&#8221;.<br \/>\nN\u00e3o \u00e9 permitido compartilhar, duplicar ou revender os arquivos digitais do design.<\/p>\n<p>*****<br \/>\nDownload instant\u00e2neo<br \/>\nSeus arquivos estar\u00e3o dispon\u00edveis para download assim que o pagamento for confirmado.<br \/>\nN\u00e3o aceito devolu\u00e7\u00f5es, trocas ou cancelamentos. Mas se voc\u00ea tiver alguma d\u00favida, sinta-se \u00e0 vontade para entrar em contato comigo.<\/p>\n<p>*****<br \/>\nObrigado por comprar na minha loja!!!<\/p>","protected":false},"featured_media":80462,"comment_status":"open","ping_status":"closed","template":"","meta":{"_acf_changed":false,"_joinchat":[]},"product_brand":[],"product_cat":[98,1647],"product_tag":[],"class_list":{"0":"post-80463","1":"product","2":"type-product","3":"status-publish","4":"has-post-thumbnail","6":"product_cat-projetos-na-bordadeira-in-the-hoop-embroidery","7":"product_cat-projeto-sousplat-na-bordadeira-ith","9":"first","10":"instock","11":"downloadable","12":"virtual","13":"purchasable","14":"product-type-simple"},"acf":[],"yoast_head":"<!-- This site is optimized with the Yoast SEO plugin v27.2 - https:\/\/yoast.com\/product\/yoast-seo-wordpress\/ -->\n<title>Matriz de bordado projeto mesa posta jogo americano sousplat - \ud835\udc1b\ud835\udc1a\ud835\udc33\ud835\udc1a\ud835\udc2b &amp; \ud835\udc1c\ud835\udc22\ud835\udc1a<\/title>\n<meta name=\"robots\" content=\"index, follow, max-snippet:-1, max-image-preview:large, max-video-preview:-1\" \/>\n<link rel=\"canonical\" href=\"https:\/\/shop.bazarcia.com\/en\/product\/matriz-de-bordado-projeto-mesa-posta-jogo-americano-sousplat\/\" \/>\n<meta property=\"og:locale\" content=\"en_US\" \/>\n<meta property=\"og:type\" content=\"article\" \/>\n<meta property=\"og:title\" content=\"Matriz de bordado projeto mesa posta jogo americano sousplat - \ud835\udc1b\ud835\udc1a\ud835\udc33\ud835\udc1a\ud835\udc2b &amp; \ud835\udc1c\ud835\udc22\ud835\udc1a\" \/>\n<meta property=\"og:description\" content=\"\u2714 Este bordado \u00e9 um produto virtual, cont\u00e9m uma pasta com matriz desenvolvida em ponto leve, compat\u00edveis com varios dos modelos de m\u00e1quinas. Voc\u00ea n\u00e3o ir\u00e1 gostar de bordar, voc\u00ea ir\u00e1 amar! Aproveita e conhe\u00e7a tmbm a extensa linha de matrizes para almofadas tati artes onde sua confec\u00e7\u00e3o no bordado eletronico tem ganhado espa\u00e7o nas lojas e seu crescimento tem se abrangido em diversificados locais , sendo produtos de facil venda voc\u00ea obter\u00e1 um otimo lucro e uma otima renda, aproveite as lindas matrizes que estao a disposi\u00e7\u00e3o na loja  Todos os meus designs s\u00e3o digitalizados manualmente e t\u00eam alta qualidade!!!  **** Antes de efetuar a compra, leia a descri\u00e7\u00e3o do design. A descri\u00e7\u00e3o cont\u00e9m todas as dimens\u00f5es do design, bem como o tamanho m\u00ednimo permitido. N\u00e3o reduzo o tamanho do design al\u00e9m do tamanho m\u00ednimo indicado na descri\u00e7\u00e3o!!! N\u00e3o h\u00e1 reembolso para itens digitais.  ***** Para uma boa qualidade de bordado, use o estabilizador adequado. Para evitar que o tecido fique apertado, verifique a tens\u00e3o da linha superior e da bobina. O design pode ser bordado em toalhas de cozinha, guardanapos, aventais, toalhas de mesa e assim por diante, em camisetas e decora\u00e7\u00e3o t\u00eaxtil para o lar.  ***** \u00c9 um arquivo digital que \u00e9 usado para a m\u00e1quina de bordar. N\u00e3o \u00e9 um item f\u00edsico! Ap\u00f3s a compra, baixe os arquivos zip para seu computador. Voc\u00ea deve conseguir descompactar o arquivo zip e transferir os arquivos para sua m\u00e1quina.  ***** Este desenho de bordado estar\u00e1 dispon\u00edvel em\u00a0 varios\u00a0 tamanhos, sendo as divis\u00f5es 13x13,16x16,18x18,20x20,24x24,26x26,30x30,\u00a0 matrizes\u00a0\u00a0  As repartidas para jun\u00e7\u00e3o nos tamanhos, est\u00e3o descritos na foto da descri\u00e7\u00e3o do anuncio!  13x18  16x26  18x30  20x30  24x36  40x40  \u2714Os arquivos s\u00e3o compat\u00edveis com v\u00e1rios tipos e modelos de m\u00e1quinas, com os seguintes formatos: DST, EXP, HUS, JEF, PES,\u00a0 XXX.  ***** Se voc\u00ea usar um conversor ou outro software de bordado para converter os arquivos, n\u00e3o me responsabilizo pela qualidade do design convertido. Observe que se voc\u00ea quiser redimensionar o desenho, isso pode influenciar na qualidade do bordado.  ***** Todos os designs digitalizados s\u00e3o protegidos por direitos autorais da Tat&#039;Artes. Os arquivos s\u00f3 podem ser usados pela pessoa que os comprou diretamente. Voc\u00ea pode us\u00e1-lo para necessidades pessoais ou comerciais (por exemplo, para costurar em itens que est\u00e3o sendo vendidos), indicou a fonte de produ\u00e7\u00e3o &quot;O design de bordado foi reproduzido por\u00a0 Tat&#039;artes&quot;. N\u00e3o \u00e9 permitido compartilhar, duplicar ou revender os arquivos digitais do design.  ***** Download instant\u00e2neo Seus arquivos estar\u00e3o dispon\u00edveis para download assim que o pagamento for confirmado. N\u00e3o aceito devolu\u00e7\u00f5es, trocas ou cancelamentos. Mas se voc\u00ea tiver alguma d\u00favida, sinta-se \u00e0 vontade para entrar em contato comigo.  ***** Obrigado por comprar na minha loja!!!\" \/>\n<meta property=\"og:url\" content=\"https:\/\/shop.bazarcia.com\/en\/product\/matriz-de-bordado-projeto-mesa-posta-jogo-americano-sousplat\/\" \/>\n<meta property=\"og:site_name\" content=\"\ud835\udc1b\ud835\udc1a\ud835\udc33\ud835\udc1a\ud835\udc2b &amp; \ud835\udc1c\ud835\udc22\ud835\udc1a\" \/>\n<meta property=\"article:publisher\" content=\"https:\/\/www.facebook.com\/shopbazarcia\" \/>\n<meta property=\"article:modified_time\" content=\"2025-08-26T13:57:01+00:00\" \/>\n<meta property=\"og:image\" content=\"https:\/\/shop.bazarcia.com\/wp-content\/uploads\/2021\/02\/sousplat-redondo.jpg\" \/>\n\t<meta property=\"og:image:width\" content=\"1080\" \/>\n\t<meta property=\"og:image:height\" content=\"1080\" \/>\n\t<meta property=\"og:image:type\" content=\"image\/jpeg\" \/>\n<meta name=\"twitter:card\" content=\"summary_large_image\" \/>\n<script type=\"application\/ld+json\" class=\"yoast-schema-graph\">{\"@context\":\"https:\/\/schema.org\",\"@graph\":[{\"@type\":\"WebPage\",\"@id\":\"https:\/\/shop.bazarcia.com\/produto\/matriz-de-bordado-projeto-mesa-posta-jogo-americano-sousplat\/\",\"url\":\"https:\/\/shop.bazarcia.com\/produto\/matriz-de-bordado-projeto-mesa-posta-jogo-americano-sousplat\/\",\"name\":\"Matriz de bordado projeto mesa posta jogo americano sousplat - \ud835\udc1b\ud835\udc1a\ud835\udc33\ud835\udc1a\ud835\udc2b &amp; \ud835\udc1c\ud835\udc22\ud835\udc1a\",\"isPartOf\":{\"@id\":\"https:\/\/shop.bazarcia.com\/#website\"},\"primaryImageOfPage\":{\"@id\":\"https:\/\/shop.bazarcia.com\/produto\/matriz-de-bordado-projeto-mesa-posta-jogo-americano-sousplat\/#primaryimage\"},\"image\":{\"@id\":\"https:\/\/shop.bazarcia.com\/produto\/matriz-de-bordado-projeto-mesa-posta-jogo-americano-sousplat\/#primaryimage\"},\"thumbnailUrl\":\"https:\/\/shop.bazarcia.com\/wp-content\/uploads\/2021\/02\/sousplat-redondo.jpg\",\"datePublished\":\"2021-02-17T12:46:07+00:00\",\"dateModified\":\"2025-08-26T13:57:01+00:00\",\"breadcrumb\":{\"@id\":\"https:\/\/shop.bazarcia.com\/produto\/matriz-de-bordado-projeto-mesa-posta-jogo-americano-sousplat\/#breadcrumb\"},\"inLanguage\":\"en-US\",\"potentialAction\":[{\"@type\":\"ReadAction\",\"target\":[\"https:\/\/shop.bazarcia.com\/produto\/matriz-de-bordado-projeto-mesa-posta-jogo-americano-sousplat\/\"]}]},{\"@type\":\"ImageObject\",\"inLanguage\":\"en-US\",\"@id\":\"https:\/\/shop.bazarcia.com\/produto\/matriz-de-bordado-projeto-mesa-posta-jogo-americano-sousplat\/#primaryimage\",\"url\":\"https:\/\/shop.bazarcia.com\/wp-content\/uploads\/2021\/02\/sousplat-redondo.jpg\",\"contentUrl\":\"https:\/\/shop.bazarcia.com\/wp-content\/uploads\/2021\/02\/sousplat-redondo.jpg\",\"width\":1080,\"height\":1080},{\"@type\":\"BreadcrumbList\",\"@id\":\"https:\/\/shop.bazarcia.com\/produto\/matriz-de-bordado-projeto-mesa-posta-jogo-americano-sousplat\/#breadcrumb\",\"itemListElement\":[{\"@type\":\"ListItem\",\"position\":1,\"name\":\"In\u00edcio\",\"item\":\"https:\/\/shop.bazarcia.com\/\"},{\"@type\":\"ListItem\",\"position\":2,\"name\":\"Loja\",\"item\":\"https:\/\/shop.bazarcia.com\/loja\/\"},{\"@type\":\"ListItem\",\"position\":3,\"name\":\"Matriz de bordado projeto mesa posta jogo americano sousplat\"}]},{\"@type\":\"WebSite\",\"@id\":\"https:\/\/shop.bazarcia.com\/#website\",\"url\":\"https:\/\/shop.bazarcia.com\/\",\"name\":\"Bazar & Cia\",\"description\":\"criatividade ponto a ponto\",\"publisher\":{\"@id\":\"https:\/\/shop.bazarcia.com\/#organization\"},\"potentialAction\":[{\"@type\":\"SearchAction\",\"target\":{\"@type\":\"EntryPoint\",\"urlTemplate\":\"https:\/\/shop.bazarcia.com\/?s={search_term_string}\"},\"query-input\":{\"@type\":\"PropertyValueSpecification\",\"valueRequired\":true,\"valueName\":\"search_term_string\"}}],\"inLanguage\":\"en-US\"},{\"@type\":\"Organization\",\"@id\":\"https:\/\/shop.bazarcia.com\/#organization\",\"name\":\"Bazar & Cia\",\"url\":\"https:\/\/shop.bazarcia.com\/\",\"logo\":{\"@type\":\"ImageObject\",\"inLanguage\":\"en-US\",\"@id\":\"https:\/\/shop.bazarcia.com\/#\/schema\/logo\/image\/\",\"url\":\"https:\/\/shop.bazarcia.com\/wp-content\/uploads\/2024\/02\/cropped-logo_bazarcia.png\",\"contentUrl\":\"https:\/\/shop.bazarcia.com\/wp-content\/uploads\/2024\/02\/cropped-logo_bazarcia.png\",\"width\":150,\"height\":150,\"caption\":\"Bazar & Cia\"},\"image\":{\"@id\":\"https:\/\/shop.bazarcia.com\/#\/schema\/logo\/image\/\"},\"sameAs\":[\"https:\/\/www.facebook.com\/shopbazarcia\",\"https:\/\/www.instagram.com\/shopbazarcia\",\"https:\/\/br.pinterest.com\/suzane_eloise\/\",\"https:\/\/www.youtube.com\/c\/BazardoBordadoMatrizeseProjetos\"]}]}<\/script>\n<!-- \/ Yoast SEO plugin. -->","yoast_head_json":{"title":"Matriz de bordado projeto mesa posta jogo americano sousplat - \ud835\udc1b\ud835\udc1a\ud835\udc33\ud835\udc1a\ud835\udc2b &amp; \ud835\udc1c\ud835\udc22\ud835\udc1a","robots":{"index":"index","follow":"follow","max-snippet":"max-snippet:-1","max-image-preview":"max-image-preview:large","max-video-preview":"max-video-preview:-1"},"canonical":"https:\/\/shop.bazarcia.com\/en\/product\/matriz-de-bordado-projeto-mesa-posta-jogo-americano-sousplat\/","og_locale":"en_US","og_type":"article","og_title":"Matriz de bordado projeto mesa posta jogo americano sousplat - \ud835\udc1b\ud835\udc1a\ud835\udc33\ud835\udc1a\ud835\udc2b &amp; \ud835\udc1c\ud835\udc22\ud835\udc1a","og_description":"\u2714 Este bordado \u00e9 um produto virtual, cont\u00e9m uma pasta com matriz desenvolvida em ponto leve, compat\u00edveis com varios dos modelos de m\u00e1quinas. Voc\u00ea n\u00e3o ir\u00e1 gostar de bordar, voc\u00ea ir\u00e1 amar! Aproveita e conhe\u00e7a tmbm a extensa linha de matrizes para almofadas tati artes onde sua confec\u00e7\u00e3o no bordado eletronico tem ganhado espa\u00e7o nas lojas e seu crescimento tem se abrangido em diversificados locais , sendo produtos de facil venda voc\u00ea obter\u00e1 um otimo lucro e uma otima renda, aproveite as lindas matrizes que estao a disposi\u00e7\u00e3o na loja  Todos os meus designs s\u00e3o digitalizados manualmente e t\u00eam alta qualidade!!!  **** Antes de efetuar a compra, leia a descri\u00e7\u00e3o do design. A descri\u00e7\u00e3o cont\u00e9m todas as dimens\u00f5es do design, bem como o tamanho m\u00ednimo permitido. N\u00e3o reduzo o tamanho do design al\u00e9m do tamanho m\u00ednimo indicado na descri\u00e7\u00e3o!!! N\u00e3o h\u00e1 reembolso para itens digitais.  ***** Para uma boa qualidade de bordado, use o estabilizador adequado. Para evitar que o tecido fique apertado, verifique a tens\u00e3o da linha superior e da bobina. O design pode ser bordado em toalhas de cozinha, guardanapos, aventais, toalhas de mesa e assim por diante, em camisetas e decora\u00e7\u00e3o t\u00eaxtil para o lar.  ***** \u00c9 um arquivo digital que \u00e9 usado para a m\u00e1quina de bordar. N\u00e3o \u00e9 um item f\u00edsico! Ap\u00f3s a compra, baixe os arquivos zip para seu computador. Voc\u00ea deve conseguir descompactar o arquivo zip e transferir os arquivos para sua m\u00e1quina.  ***** Este desenho de bordado estar\u00e1 dispon\u00edvel em\u00a0 varios\u00a0 tamanhos, sendo as divis\u00f5es 13x13,16x16,18x18,20x20,24x24,26x26,30x30,\u00a0 matrizes\u00a0\u00a0  As repartidas para jun\u00e7\u00e3o nos tamanhos, est\u00e3o descritos na foto da descri\u00e7\u00e3o do anuncio!  13x18  16x26  18x30  20x30  24x36  40x40  \u2714Os arquivos s\u00e3o compat\u00edveis com v\u00e1rios tipos e modelos de m\u00e1quinas, com os seguintes formatos: DST, EXP, HUS, JEF, PES,\u00a0 XXX.  ***** Se voc\u00ea usar um conversor ou outro software de bordado para converter os arquivos, n\u00e3o me responsabilizo pela qualidade do design convertido. Observe que se voc\u00ea quiser redimensionar o desenho, isso pode influenciar na qualidade do bordado.  ***** Todos os designs digitalizados s\u00e3o protegidos por direitos autorais da Tat'Artes. Os arquivos s\u00f3 podem ser usados pela pessoa que os comprou diretamente. Voc\u00ea pode us\u00e1-lo para necessidades pessoais ou comerciais (por exemplo, para costurar em itens que est\u00e3o sendo vendidos), indicou a fonte de produ\u00e7\u00e3o \"O design de bordado foi reproduzido por\u00a0 Tat'artes\". N\u00e3o \u00e9 permitido compartilhar, duplicar ou revender os arquivos digitais do design.  ***** Download instant\u00e2neo Seus arquivos estar\u00e3o dispon\u00edveis para download assim que o pagamento for confirmado. N\u00e3o aceito devolu\u00e7\u00f5es, trocas ou cancelamentos. Mas se voc\u00ea tiver alguma d\u00favida, sinta-se \u00e0 vontade para entrar em contato comigo.  ***** Obrigado por comprar na minha loja!!!","og_url":"https:\/\/shop.bazarcia.com\/en\/product\/matriz-de-bordado-projeto-mesa-posta-jogo-americano-sousplat\/","og_site_name":"\ud835\udc1b\ud835\udc1a\ud835\udc33\ud835\udc1a\ud835\udc2b &amp; \ud835\udc1c\ud835\udc22\ud835\udc1a","article_publisher":"https:\/\/www.facebook.com\/shopbazarcia","article_modified_time":"2025-08-26T13:57:01+00:00","og_image":[{"width":1080,"height":1080,"url":"https:\/\/shop.bazarcia.com\/wp-content\/uploads\/2021\/02\/sousplat-redondo.jpg","type":"image\/jpeg"}],"twitter_card":"summary_large_image","schema":{"@context":"https:\/\/schema.org","@graph":[{"@type":"WebPage","@id":"https:\/\/shop.bazarcia.com\/produto\/matriz-de-bordado-projeto-mesa-posta-jogo-americano-sousplat\/","url":"https:\/\/shop.bazarcia.com\/produto\/matriz-de-bordado-projeto-mesa-posta-jogo-americano-sousplat\/","name":"Matriz de bordado projeto mesa posta jogo americano sousplat - \ud835\udc1b\ud835\udc1a\ud835\udc33\ud835\udc1a\ud835\udc2b &amp; \ud835\udc1c\ud835\udc22\ud835\udc1a","isPartOf":{"@id":"https:\/\/shop.bazarcia.com\/#website"},"primaryImageOfPage":{"@id":"https:\/\/shop.bazarcia.com\/produto\/matriz-de-bordado-projeto-mesa-posta-jogo-americano-sousplat\/#primaryimage"},"image":{"@id":"https:\/\/shop.bazarcia.com\/produto\/matriz-de-bordado-projeto-mesa-posta-jogo-americano-sousplat\/#primaryimage"},"thumbnailUrl":"https:\/\/shop.bazarcia.com\/wp-content\/uploads\/2021\/02\/sousplat-redondo.jpg","datePublished":"2021-02-17T12:46:07+00:00","dateModified":"2025-08-26T13:57:01+00:00","breadcrumb":{"@id":"https:\/\/shop.bazarcia.com\/produto\/matriz-de-bordado-projeto-mesa-posta-jogo-americano-sousplat\/#breadcrumb"},"inLanguage":"en-US","potentialAction":[{"@type":"ReadAction","target":["https:\/\/shop.bazarcia.com\/produto\/matriz-de-bordado-projeto-mesa-posta-jogo-americano-sousplat\/"]}]},{"@type":"ImageObject","inLanguage":"en-US","@id":"https:\/\/shop.bazarcia.com\/produto\/matriz-de-bordado-projeto-mesa-posta-jogo-americano-sousplat\/#primaryimage","url":"https:\/\/shop.bazarcia.com\/wp-content\/uploads\/2021\/02\/sousplat-redondo.jpg","contentUrl":"https:\/\/shop.bazarcia.com\/wp-content\/uploads\/2021\/02\/sousplat-redondo.jpg","width":1080,"height":1080},{"@type":"BreadcrumbList","@id":"https:\/\/shop.bazarcia.com\/produto\/matriz-de-bordado-projeto-mesa-posta-jogo-americano-sousplat\/#breadcrumb","itemListElement":[{"@type":"ListItem","position":1,"name":"In\u00edcio","item":"https:\/\/shop.bazarcia.com\/"},{"@type":"ListItem","position":2,"name":"Loja","item":"https:\/\/shop.bazarcia.com\/loja\/"},{"@type":"ListItem","position":3,"name":"Matriz de bordado projeto mesa posta jogo americano sousplat"}]},{"@type":"WebSite","@id":"https:\/\/shop.bazarcia.com\/#website","url":"https:\/\/shop.bazarcia.com\/","name":"Bazar & Cia","description":"criatividade ponto a ponto","publisher":{"@id":"https:\/\/shop.bazarcia.com\/#organization"},"potentialAction":[{"@type":"SearchAction","target":{"@type":"EntryPoint","urlTemplate":"https:\/\/shop.bazarcia.com\/?s={search_term_string}"},"query-input":{"@type":"PropertyValueSpecification","valueRequired":true,"valueName":"search_term_string"}}],"inLanguage":"en-US"},{"@type":"Organization","@id":"https:\/\/shop.bazarcia.com\/#organization","name":"Bazar & Cia","url":"https:\/\/shop.bazarcia.com\/","logo":{"@type":"ImageObject","inLanguage":"en-US","@id":"https:\/\/shop.bazarcia.com\/#\/schema\/logo\/image\/","url":"https:\/\/shop.bazarcia.com\/wp-content\/uploads\/2024\/02\/cropped-logo_bazarcia.png","contentUrl":"https:\/\/shop.bazarcia.com\/wp-content\/uploads\/2024\/02\/cropped-logo_bazarcia.png","width":150,"height":150,"caption":"Bazar & Cia"},"image":{"@id":"https:\/\/shop.bazarcia.com\/#\/schema\/logo\/image\/"},"sameAs":["https:\/\/www.facebook.com\/shopbazarcia","https:\/\/www.instagram.com\/shopbazarcia","https:\/\/br.pinterest.com\/suzane_eloise\/","https:\/\/www.youtube.com\/c\/BazardoBordadoMatrizeseProjetos"]}]}},"_links":{"self":[{"href":"https:\/\/shop.bazarcia.com\/en\/wp-json\/wp\/v2\/product\/80463","targetHints":{"allow":["GET"]}}],"collection":[{"href":"https:\/\/shop.bazarcia.com\/en\/wp-json\/wp\/v2\/product"}],"about":[{"href":"https:\/\/shop.bazarcia.com\/en\/wp-json\/wp\/v2\/types\/product"}],"replies":[{"embeddable":true,"href":"https:\/\/shop.bazarcia.com\/en\/wp-json\/wp\/v2\/comments?post=80463"}],"version-history":[{"count":1,"href":"https:\/\/shop.bazarcia.com\/en\/wp-json\/wp\/v2\/product\/80463\/revisions"}],"predecessor-version":[{"id":340945,"href":"https:\/\/shop.bazarcia.com\/en\/wp-json\/wp\/v2\/product\/80463\/revisions\/340945"}],"wp:featuredmedia":[{"embeddable":true,"href":"https:\/\/shop.bazarcia.com\/en\/wp-json\/wp\/v2\/media\/80462"}],"wp:attachment":[{"href":"https:\/\/shop.bazarcia.com\/en\/wp-json\/wp\/v2\/media?parent=80463"}],"wp:term":[{"taxonomy":"product_brand","embeddable":true,"href":"https:\/\/shop.bazarcia.com\/en\/wp-json\/wp\/v2\/product_brand?post=80463"},{"taxonomy":"product_cat","embeddable":true,"href":"https:\/\/shop.bazarcia.com\/en\/wp-json\/wp\/v2\/product_cat?post=80463"},{"taxonomy":"product_tag","embeddable":true,"href":"https:\/\/shop.bazarcia.com\/en\/wp-json\/wp\/v2\/product_tag?post=80463"}],"curies":[{"name":"wp","href":"https:\/\/api.w.org\/{rel}","templated":true}]}}