{"id":83092,"date":"2021-03-02T13:44:20","date_gmt":"2021-03-02T16:44:20","guid":{"rendered":"https:\/\/shop.bazarcia.com\/produto\/projetos-na-bordadeira-cestinho-de-pascoa-ith\/"},"modified":"2021-03-19T18:48:28","modified_gmt":"2021-03-19T21:48:28","slug":"projetos-na-bordadeira-cestinho-de-pascoa-ith","status":"publish","type":"product","link":"https:\/\/shop.bazarcia.com\/en\/product\/projetos-na-bordadeira-cestinho-de-pascoa-ith\/","title":{"rendered":"Projetos na Bordadeira &#8211; Cestinho de P\u00e1scoa [ITH]"},"content":{"rendered":"<p><span style=\"color: #262626;font-family: -apple-system, BlinkMacSystemFont, 'Segoe UI', Roboto, Helvetica, Arial, sans-serif;font-size: 14px\"><span style=\"font-size: 16px;color: #6c737b;font-family: roboto, sans-serif\">Projeto na Bordadeira\u00a0<\/span><i style=\"font-size: 16px;vertical-align: middle;color: #6c737b;font-family: roboto, sans-serif\">Cestinho de Pascoa<\/i><\/span><\/p>\n<p><span style=\"color: #262626;font-family: -apple-system, BlinkMacSystemFont, 'Segoe UI', Roboto, Helvetica, Arial, sans-serif;font-size: 14px\"><span style=\"font-weight: bolder;color: #6c737b;font-family: roboto, sans-serif;font-size: 16px\"><i style=\"vertical-align: middle\"><span style=\"font-weight: bolder\">Descri\u00e7\u00e3o das Matrizes:<\/span><\/i><\/span><br \/>\n<\/span><br style=\"color: #262626;font-family: -apple-system, BlinkMacSystemFont, 'Segoe UI', Roboto, Helvetica, Arial, sans-serif;font-size: 14px\" \/><span style=\"color: #050505;font-family: 'Segoe UI Historic', 'Segoe UI', Helvetica, Arial, sans-serif;font-size: 15px\">Projeto para bastidores: 13&#215;18, 14&#215;14, 15&#215;26, 16&#215;26, 18&#215;30, 20&#215;20 e 20&#215;30.<br \/>\nMateriais Utilizados na confec\u00e7\u00e3o da pe\u00e7a: Feltro (tamb\u00e9m pode ser feito com tricoline utilizando manta R2 para estrutura\u00e7\u00e3o).<\/span><\/p>\n<p>Este \u00e9 um produto DIGITAL e os arquivos estar\u00e3o dispon\u00edveis para download aqui mesmo na sua conta no BDB ap\u00f3s confirma\u00e7\u00e3o do pagamento.<\/p>\n<p>Os arquivos est\u00e3o em pasta compactada (ZIP), sendo necess\u00e1rio descompact\u00e1-la.<\/p>\n<p>Os mesmos s\u00e3o compat\u00edveis com v\u00e1rios tipos e modelos de m\u00e1quinas, com os seguintes formatos:<br \/>\nDST &#8211; EXP &#8211; HUS &#8211; JEF &#8211; PES &#8211; XXX<\/p>\n<p>Adquirindo nossas matrizes e projetos voc\u00ea se declara de acordo com nossos\u00a0<a href=\"https:\/\/shop.bazarcia.com\/en\/store\/atelie-mamae-coruja\/toc\/\">TERMOS E CONDI\u00c7\u00d5ES<\/a><\/p>\n<p><span style=\"color: #6c737b;font-family: roboto, sans-serif;font-weight: bold\">Designer: Val\u00e9ria Ribeiro &#8211;\u00a0<\/span><i style=\"vertical-align: middle;color: #6c737b;font-family: roboto, sans-serif;font-weight: bold\">os desenhos utilizados para programa\u00e7\u00e3o destes bordados s\u00e3o autorais e seus direitos pertencem ao Ateli\u00ea Mam\u00e3e Coruja<\/i><span style=\"color: #6c737b;font-family: roboto, sans-serif;font-weight: bold\">.<\/span><\/p>","protected":false},"excerpt":{"rendered":"<p>https:\/\/youtu.be\/fARX5JgerRk<\/p>\n<p><span style=\"color: #6c737b;font-family: roboto, sans-serif\">Projeto na Bordadeira\u00a0<\/span><i style=\"vertical-align: middle;color: #6c737b;font-family: roboto, sans-serif\">Cestinho de Pascoa<br \/><\/i><strong><span style=\"color: #6c737b;font-family: roboto, sans-serif\"><i style=\"vertical-align: middle\">Este \u00e9 um Produto Digital.<\/i><\/span><\/strong><\/p>\n<p>Uma cestinha super fofa e acreditem&#8230; toda feita na bordadeira!<\/p>\n<p>Projeto feito em etapas &#8211; pe\u00e7a de divulga\u00e7\u00e3o confeccionada em bastidor de 13&#215;18 cm, com 12&#215;12 cm de base, 15&#215;15 cm de abertura superior e 9 cm de altura sem contar a al\u00e7a.<br \/>\nPode ser executado em bastidores maiores o que resultaria em uma pe\u00e7a ainda maior tamb\u00e9m.<br \/>\nAcompanha as matrizes para confec\u00e7\u00e3o da cenourinha, mas pode ser utilizada tamb\u00e9m para encher de chocolate, o que seria uma \u00f3tima op\u00e7\u00e3o para os clientes apaixonados nesta \u00e9poca de p\u00e1scoa.<br \/>\nTamb\u00e9m pode ser usada at\u00e9 como um cesto organizador para casa ou para seu ateli\u00ea.<\/p>\n<p>Lembrando que por esta p\u00e1gina voc\u00ea adquire apenas o Projeto Cestinho de P\u00e1scoa. Clique <a href=\"https:\/\/shop.bazarcia.com\/en\/product\/matrizes-e-projetos-colecao-a-magia-da-pascoa\/\"><span style=\"font-weight: 700 !important\">AQUI<\/span><\/a> para conferir a cole\u00e7\u00e3o completa A Magia da P\u00e1scoa!<\/p>\n<p>Confira abaixo todos os detalhes deste projeto, lembrando que qualquer d\u00favida \u00e9 s\u00f3 nos chamar pelo Chat!<\/p>","protected":false},"featured_media":83087,"comment_status":"open","ping_status":"closed","template":"","meta":{"_acf_changed":false,"_joinchat":[]},"product_brand":[],"product_cat":[1320,98,1373],"product_tag":[],"class_list":{"0":"post-83092","1":"product","2":"type-product","3":"status-publish","4":"has-post-thumbnail","6":"product_cat-cestas-de-frutas","7":"product_cat-projetos-na-bordadeira-in-the-hoop-embroidery","8":"product_cat-pascoa-projetos-para-datas-especiais","10":"first","11":"instock","12":"downloadable","13":"virtual","14":"sold-individually","15":"purchasable","16":"product-type-simple"},"acf":[],"yoast_head":"<!-- This site is optimized with the Yoast SEO plugin v27.2 - https:\/\/yoast.com\/product\/yoast-seo-wordpress\/ -->\n<title>Projetos na Bordadeira - Cestinho de P\u00e1scoa [ITH] - \ud835\udc1b\ud835\udc1a\ud835\udc33\ud835\udc1a\ud835\udc2b &amp; \ud835\udc1c\ud835\udc22\ud835\udc1a<\/title>\n<meta name=\"robots\" content=\"index, follow, max-snippet:-1, max-image-preview:large, max-video-preview:-1\" \/>\n<link rel=\"canonical\" href=\"https:\/\/shop.bazarcia.com\/en\/product\/projetos-na-bordadeira-cestinho-de-pascoa-ith\/\" \/>\n<meta property=\"og:locale\" content=\"en_US\" \/>\n<meta property=\"og:type\" content=\"article\" \/>\n<meta property=\"og:title\" content=\"Projetos na Bordadeira - Cestinho de P\u00e1scoa [ITH] - \ud835\udc1b\ud835\udc1a\ud835\udc33\ud835\udc1a\ud835\udc2b &amp; \ud835\udc1c\ud835\udc22\ud835\udc1a\" \/>\n<meta property=\"og:description\" content=\"https:\/\/youtu.be\/fARX5JgerRk  Projeto na Bordadeira\u00a0Cestinho de PascoaEste \u00e9 um Produto Digital.  Uma cestinha super fofa e acreditem... toda feita na bordadeira!  Projeto feito em etapas - pe\u00e7a de divulga\u00e7\u00e3o confeccionada em bastidor de 13x18 cm, com 12x12 cm de base, 15x15 cm de abertura superior e 9 cm de altura sem contar a al\u00e7a. Pode ser executado em bastidores maiores o que resultaria em uma pe\u00e7a ainda maior tamb\u00e9m. Acompanha as matrizes para confec\u00e7\u00e3o da cenourinha, mas pode ser utilizada tamb\u00e9m para encher de chocolate, o que seria uma \u00f3tima op\u00e7\u00e3o para os clientes apaixonados nesta \u00e9poca de p\u00e1scoa. Tamb\u00e9m pode ser usada at\u00e9 como um cesto organizador para casa ou para seu ateli\u00ea.  Lembrando que por esta p\u00e1gina voc\u00ea adquire apenas o Projeto Cestinho de P\u00e1scoa. Clique AQUI para conferir a cole\u00e7\u00e3o completa A Magia da P\u00e1scoa!  Confira abaixo todos os detalhes deste projeto, lembrando que qualquer d\u00favida \u00e9 s\u00f3 nos chamar pelo Chat!\" \/>\n<meta property=\"og:url\" content=\"https:\/\/shop.bazarcia.com\/en\/product\/projetos-na-bordadeira-cestinho-de-pascoa-ith\/\" \/>\n<meta property=\"og:site_name\" content=\"\ud835\udc1b\ud835\udc1a\ud835\udc33\ud835\udc1a\ud835\udc2b &amp; \ud835\udc1c\ud835\udc22\ud835\udc1a\" \/>\n<meta property=\"article:publisher\" content=\"https:\/\/www.facebook.com\/shopbazarcia\" \/>\n<meta property=\"article:modified_time\" content=\"2021-03-19T21:48:28+00:00\" \/>\n<meta property=\"og:image\" content=\"https:\/\/shop.bazarcia.com\/wp-content\/uploads\/2021\/03\/Projeto-na-Bordadeira-Cestinho-de-Pascoa-1.png\" \/>\n\t<meta property=\"og:image:width\" content=\"1084\" \/>\n\t<meta property=\"og:image:height\" content=\"1084\" \/>\n\t<meta property=\"og:image:type\" content=\"image\/png\" \/>\n<meta name=\"twitter:card\" content=\"summary_large_image\" \/>\n<meta name=\"twitter:label1\" content=\"Est. reading time\" \/>\n\t<meta name=\"twitter:data1\" content=\"1 minute\" \/>\n<script type=\"application\/ld+json\" class=\"yoast-schema-graph\">{\"@context\":\"https:\/\/schema.org\",\"@graph\":[{\"@type\":\"WebPage\",\"@id\":\"https:\/\/shop.bazarcia.com\/produto\/projetos-na-bordadeira-cestinho-de-pascoa-ith\/\",\"url\":\"https:\/\/shop.bazarcia.com\/produto\/projetos-na-bordadeira-cestinho-de-pascoa-ith\/\",\"name\":\"Projetos na Bordadeira - Cestinho de P\u00e1scoa [ITH] - \ud835\udc1b\ud835\udc1a\ud835\udc33\ud835\udc1a\ud835\udc2b &amp; \ud835\udc1c\ud835\udc22\ud835\udc1a\",\"isPartOf\":{\"@id\":\"https:\/\/shop.bazarcia.com\/#website\"},\"primaryImageOfPage\":{\"@id\":\"https:\/\/shop.bazarcia.com\/produto\/projetos-na-bordadeira-cestinho-de-pascoa-ith\/#primaryimage\"},\"image\":{\"@id\":\"https:\/\/shop.bazarcia.com\/produto\/projetos-na-bordadeira-cestinho-de-pascoa-ith\/#primaryimage\"},\"thumbnailUrl\":\"https:\/\/shop.bazarcia.com\/wp-content\/uploads\/2021\/03\/Projeto-na-Bordadeira-Cestinho-de-Pascoa-1.png\",\"datePublished\":\"2021-03-02T16:44:20+00:00\",\"dateModified\":\"2021-03-19T21:48:28+00:00\",\"breadcrumb\":{\"@id\":\"https:\/\/shop.bazarcia.com\/produto\/projetos-na-bordadeira-cestinho-de-pascoa-ith\/#breadcrumb\"},\"inLanguage\":\"en-US\",\"potentialAction\":[{\"@type\":\"ReadAction\",\"target\":[\"https:\/\/shop.bazarcia.com\/produto\/projetos-na-bordadeira-cestinho-de-pascoa-ith\/\"]}]},{\"@type\":\"ImageObject\",\"inLanguage\":\"en-US\",\"@id\":\"https:\/\/shop.bazarcia.com\/produto\/projetos-na-bordadeira-cestinho-de-pascoa-ith\/#primaryimage\",\"url\":\"https:\/\/shop.bazarcia.com\/wp-content\/uploads\/2021\/03\/Projeto-na-Bordadeira-Cestinho-de-Pascoa-1.png\",\"contentUrl\":\"https:\/\/shop.bazarcia.com\/wp-content\/uploads\/2021\/03\/Projeto-na-Bordadeira-Cestinho-de-Pascoa-1.png\",\"width\":1084,\"height\":1084},{\"@type\":\"BreadcrumbList\",\"@id\":\"https:\/\/shop.bazarcia.com\/produto\/projetos-na-bordadeira-cestinho-de-pascoa-ith\/#breadcrumb\",\"itemListElement\":[{\"@type\":\"ListItem\",\"position\":1,\"name\":\"In\u00edcio\",\"item\":\"https:\/\/shop.bazarcia.com\/\"},{\"@type\":\"ListItem\",\"position\":2,\"name\":\"Loja\",\"item\":\"https:\/\/shop.bazarcia.com\/loja\/\"},{\"@type\":\"ListItem\",\"position\":3,\"name\":\"Projetos na Bordadeira &#8211; Cestinho de P\u00e1scoa [ITH]\"}]},{\"@type\":\"WebSite\",\"@id\":\"https:\/\/shop.bazarcia.com\/#website\",\"url\":\"https:\/\/shop.bazarcia.com\/\",\"name\":\"Bazar & Cia\",\"description\":\"criatividade ponto a ponto\",\"publisher\":{\"@id\":\"https:\/\/shop.bazarcia.com\/#organization\"},\"potentialAction\":[{\"@type\":\"SearchAction\",\"target\":{\"@type\":\"EntryPoint\",\"urlTemplate\":\"https:\/\/shop.bazarcia.com\/?s={search_term_string}\"},\"query-input\":{\"@type\":\"PropertyValueSpecification\",\"valueRequired\":true,\"valueName\":\"search_term_string\"}}],\"inLanguage\":\"en-US\"},{\"@type\":\"Organization\",\"@id\":\"https:\/\/shop.bazarcia.com\/#organization\",\"name\":\"Bazar & Cia\",\"url\":\"https:\/\/shop.bazarcia.com\/\",\"logo\":{\"@type\":\"ImageObject\",\"inLanguage\":\"en-US\",\"@id\":\"https:\/\/shop.bazarcia.com\/#\/schema\/logo\/image\/\",\"url\":\"https:\/\/shop.bazarcia.com\/wp-content\/uploads\/2024\/02\/cropped-logo_bazarcia.png\",\"contentUrl\":\"https:\/\/shop.bazarcia.com\/wp-content\/uploads\/2024\/02\/cropped-logo_bazarcia.png\",\"width\":150,\"height\":150,\"caption\":\"Bazar & Cia\"},\"image\":{\"@id\":\"https:\/\/shop.bazarcia.com\/#\/schema\/logo\/image\/\"},\"sameAs\":[\"https:\/\/www.facebook.com\/shopbazarcia\",\"https:\/\/www.instagram.com\/shopbazarcia\",\"https:\/\/br.pinterest.com\/suzane_eloise\/\",\"https:\/\/www.youtube.com\/c\/BazardoBordadoMatrizeseProjetos\"]}]}<\/script>\n<!-- \/ Yoast SEO plugin. -->","yoast_head_json":{"title":"Projetos na Bordadeira - Cestinho de P\u00e1scoa [ITH] - \ud835\udc1b\ud835\udc1a\ud835\udc33\ud835\udc1a\ud835\udc2b &amp; \ud835\udc1c\ud835\udc22\ud835\udc1a","robots":{"index":"index","follow":"follow","max-snippet":"max-snippet:-1","max-image-preview":"max-image-preview:large","max-video-preview":"max-video-preview:-1"},"canonical":"https:\/\/shop.bazarcia.com\/en\/product\/projetos-na-bordadeira-cestinho-de-pascoa-ith\/","og_locale":"en_US","og_type":"article","og_title":"Projetos na Bordadeira - Cestinho de P\u00e1scoa [ITH] - \ud835\udc1b\ud835\udc1a\ud835\udc33\ud835\udc1a\ud835\udc2b &amp; \ud835\udc1c\ud835\udc22\ud835\udc1a","og_description":"https:\/\/youtu.be\/fARX5JgerRk  Projeto na Bordadeira\u00a0Cestinho de PascoaEste \u00e9 um Produto Digital.  Uma cestinha super fofa e acreditem... toda feita na bordadeira!  Projeto feito em etapas - pe\u00e7a de divulga\u00e7\u00e3o confeccionada em bastidor de 13x18 cm, com 12x12 cm de base, 15x15 cm de abertura superior e 9 cm de altura sem contar a al\u00e7a. Pode ser executado em bastidores maiores o que resultaria em uma pe\u00e7a ainda maior tamb\u00e9m. Acompanha as matrizes para confec\u00e7\u00e3o da cenourinha, mas pode ser utilizada tamb\u00e9m para encher de chocolate, o que seria uma \u00f3tima op\u00e7\u00e3o para os clientes apaixonados nesta \u00e9poca de p\u00e1scoa. Tamb\u00e9m pode ser usada at\u00e9 como um cesto organizador para casa ou para seu ateli\u00ea.  Lembrando que por esta p\u00e1gina voc\u00ea adquire apenas o Projeto Cestinho de P\u00e1scoa. Clique AQUI para conferir a cole\u00e7\u00e3o completa A Magia da P\u00e1scoa!  Confira abaixo todos os detalhes deste projeto, lembrando que qualquer d\u00favida \u00e9 s\u00f3 nos chamar pelo Chat!","og_url":"https:\/\/shop.bazarcia.com\/en\/product\/projetos-na-bordadeira-cestinho-de-pascoa-ith\/","og_site_name":"\ud835\udc1b\ud835\udc1a\ud835\udc33\ud835\udc1a\ud835\udc2b &amp; \ud835\udc1c\ud835\udc22\ud835\udc1a","article_publisher":"https:\/\/www.facebook.com\/shopbazarcia","article_modified_time":"2021-03-19T21:48:28+00:00","og_image":[{"width":1084,"height":1084,"url":"https:\/\/shop.bazarcia.com\/wp-content\/uploads\/2021\/03\/Projeto-na-Bordadeira-Cestinho-de-Pascoa-1.png","type":"image\/png"}],"twitter_card":"summary_large_image","twitter_misc":{"Est. reading time":"1 minute"},"schema":{"@context":"https:\/\/schema.org","@graph":[{"@type":"WebPage","@id":"https:\/\/shop.bazarcia.com\/produto\/projetos-na-bordadeira-cestinho-de-pascoa-ith\/","url":"https:\/\/shop.bazarcia.com\/produto\/projetos-na-bordadeira-cestinho-de-pascoa-ith\/","name":"Projetos na Bordadeira - Cestinho de P\u00e1scoa [ITH] - \ud835\udc1b\ud835\udc1a\ud835\udc33\ud835\udc1a\ud835\udc2b &amp; \ud835\udc1c\ud835\udc22\ud835\udc1a","isPartOf":{"@id":"https:\/\/shop.bazarcia.com\/#website"},"primaryImageOfPage":{"@id":"https:\/\/shop.bazarcia.com\/produto\/projetos-na-bordadeira-cestinho-de-pascoa-ith\/#primaryimage"},"image":{"@id":"https:\/\/shop.bazarcia.com\/produto\/projetos-na-bordadeira-cestinho-de-pascoa-ith\/#primaryimage"},"thumbnailUrl":"https:\/\/shop.bazarcia.com\/wp-content\/uploads\/2021\/03\/Projeto-na-Bordadeira-Cestinho-de-Pascoa-1.png","datePublished":"2021-03-02T16:44:20+00:00","dateModified":"2021-03-19T21:48:28+00:00","breadcrumb":{"@id":"https:\/\/shop.bazarcia.com\/produto\/projetos-na-bordadeira-cestinho-de-pascoa-ith\/#breadcrumb"},"inLanguage":"en-US","potentialAction":[{"@type":"ReadAction","target":["https:\/\/shop.bazarcia.com\/produto\/projetos-na-bordadeira-cestinho-de-pascoa-ith\/"]}]},{"@type":"ImageObject","inLanguage":"en-US","@id":"https:\/\/shop.bazarcia.com\/produto\/projetos-na-bordadeira-cestinho-de-pascoa-ith\/#primaryimage","url":"https:\/\/shop.bazarcia.com\/wp-content\/uploads\/2021\/03\/Projeto-na-Bordadeira-Cestinho-de-Pascoa-1.png","contentUrl":"https:\/\/shop.bazarcia.com\/wp-content\/uploads\/2021\/03\/Projeto-na-Bordadeira-Cestinho-de-Pascoa-1.png","width":1084,"height":1084},{"@type":"BreadcrumbList","@id":"https:\/\/shop.bazarcia.com\/produto\/projetos-na-bordadeira-cestinho-de-pascoa-ith\/#breadcrumb","itemListElement":[{"@type":"ListItem","position":1,"name":"In\u00edcio","item":"https:\/\/shop.bazarcia.com\/"},{"@type":"ListItem","position":2,"name":"Loja","item":"https:\/\/shop.bazarcia.com\/loja\/"},{"@type":"ListItem","position":3,"name":"Projetos na Bordadeira &#8211; Cestinho de P\u00e1scoa [ITH]"}]},{"@type":"WebSite","@id":"https:\/\/shop.bazarcia.com\/#website","url":"https:\/\/shop.bazarcia.com\/","name":"Bazar & Cia","description":"criatividade ponto a ponto","publisher":{"@id":"https:\/\/shop.bazarcia.com\/#organization"},"potentialAction":[{"@type":"SearchAction","target":{"@type":"EntryPoint","urlTemplate":"https:\/\/shop.bazarcia.com\/?s={search_term_string}"},"query-input":{"@type":"PropertyValueSpecification","valueRequired":true,"valueName":"search_term_string"}}],"inLanguage":"en-US"},{"@type":"Organization","@id":"https:\/\/shop.bazarcia.com\/#organization","name":"Bazar & Cia","url":"https:\/\/shop.bazarcia.com\/","logo":{"@type":"ImageObject","inLanguage":"en-US","@id":"https:\/\/shop.bazarcia.com\/#\/schema\/logo\/image\/","url":"https:\/\/shop.bazarcia.com\/wp-content\/uploads\/2024\/02\/cropped-logo_bazarcia.png","contentUrl":"https:\/\/shop.bazarcia.com\/wp-content\/uploads\/2024\/02\/cropped-logo_bazarcia.png","width":150,"height":150,"caption":"Bazar & Cia"},"image":{"@id":"https:\/\/shop.bazarcia.com\/#\/schema\/logo\/image\/"},"sameAs":["https:\/\/www.facebook.com\/shopbazarcia","https:\/\/www.instagram.com\/shopbazarcia","https:\/\/br.pinterest.com\/suzane_eloise\/","https:\/\/www.youtube.com\/c\/BazardoBordadoMatrizeseProjetos"]}]}},"_links":{"self":[{"href":"https:\/\/shop.bazarcia.com\/en\/wp-json\/wp\/v2\/product\/83092","targetHints":{"allow":["GET"]}}],"collection":[{"href":"https:\/\/shop.bazarcia.com\/en\/wp-json\/wp\/v2\/product"}],"about":[{"href":"https:\/\/shop.bazarcia.com\/en\/wp-json\/wp\/v2\/types\/product"}],"replies":[{"embeddable":true,"href":"https:\/\/shop.bazarcia.com\/en\/wp-json\/wp\/v2\/comments?post=83092"}],"version-history":[{"count":0,"href":"https:\/\/shop.bazarcia.com\/en\/wp-json\/wp\/v2\/product\/83092\/revisions"}],"wp:featuredmedia":[{"embeddable":true,"href":"https:\/\/shop.bazarcia.com\/en\/wp-json\/wp\/v2\/media\/83087"}],"wp:attachment":[{"href":"https:\/\/shop.bazarcia.com\/en\/wp-json\/wp\/v2\/media?parent=83092"}],"wp:term":[{"taxonomy":"product_brand","embeddable":true,"href":"https:\/\/shop.bazarcia.com\/en\/wp-json\/wp\/v2\/product_brand?post=83092"},{"taxonomy":"product_cat","embeddable":true,"href":"https:\/\/shop.bazarcia.com\/en\/wp-json\/wp\/v2\/product_cat?post=83092"},{"taxonomy":"product_tag","embeddable":true,"href":"https:\/\/shop.bazarcia.com\/en\/wp-json\/wp\/v2\/product_tag?post=83092"}],"curies":[{"name":"wp","href":"https:\/\/api.w.org\/{rel}","templated":true}]}}