{"id":83165,"date":"2021-03-02T16:37:41","date_gmt":"2021-03-02T19:37:41","guid":{"rendered":"https:\/\/shop.bazarcia.com\/produto\/matrizes-e-projetos-colecao-bunnies-cute\/"},"modified":"2021-03-22T23:13:00","modified_gmt":"2021-03-23T02:13:00","slug":"matrizes-e-projetos-colecao-bunnies-cute","status":"publish","type":"product","link":"https:\/\/shop.bazarcia.com\/en\/product\/matrizes-e-projetos-colecao-bunnies-cute\/","title":{"rendered":"Matrizes e Projetos &#8211; Cole\u00e7\u00e3o Bunnies Cute [ITH]"},"content":{"rendered":"<p><span style=\"color: #050505;font-family: 'Segoe UI Historic', 'Segoe UI', Helvetica, Arial, sans-serif;font-size: 15px\"><span style=\"color: #333333;font-family: Georgia, 'times new roman', 'bitstream charter', Times, serif;font-size: 16px\">Matrizes e Projetos &#8211; <em>Cole\u00e7\u00e3o Bunnies Cute<\/em><\/span><\/span><\/p>\n<p><span style=\"color: #050505;font-family: 'Segoe UI Historic', 'Segoe UI', Helvetica, Arial, sans-serif;font-size: 15px\"><em><strong>Descri\u00e7\u00e3o das Matrizes:<\/strong><\/em><br \/>\n<strong>Naninhas Planas<\/strong> &#8211; para bastidores <span style=\"color: #262626;font-family: -apple-system, BlinkMacSystemFont, 'Segoe UI', Roboto, Helvetica, Arial, sans-serif;font-size: 14px\">10&#215;10, 13&#215;18, 14&#215;14<br \/>\n<strong>Apliques comuns e 3D&#8217;s<\/strong> &#8211; para bastidores <\/span><\/span><span style=\"color: #262626;font-family: -apple-system, BlinkMacSystemFont, 'Segoe UI', Roboto, Helvetica, Arial, sans-serif;font-size: 14px\">10&#215;10 &#8211; 13&#215;18 &#8211; 14&#215;14 &#8211; 15&#215;26, 16&#215;26, 18&#215;30, 20&#215;20, 20&#215;30<br \/>\n<strong>Chaveirinhos e Segura Chupeta <\/strong>&#8211;\u00a0para bastidores 10&#215;10<br \/>\n<strong>Cestinho<\/strong> (projeto misto\/necessita de m\u00e1quina de costura) &#8211; para bastidores 10&#215;10 &#8211; 13&#215;18 &#8211; 14&#215;14<\/span><\/p>\n<p>Os passo a passo est\u00e3o dispon\u00edveis em v\u00eddeo aula em nosso Canal do <a href=\"https:\/\/www.youtube.com\/c\/Mam\u00e3eCorujaItamonte\">YouTube<\/a>.<\/p>\n<p>Este \u00e9 um produto DIGITAL e os arquivos estar\u00e3o dispon\u00edveis para download aqui mesmo na sua conta no BDB ap\u00f3s confirma\u00e7\u00e3o do pagamento.<\/p>\n<p>Os arquivos est\u00e3o em pasta compactada (ZIP), sendo necess\u00e1rio descompact\u00e1-la.<\/p>\n<p>Os mesmos s\u00e3o compat\u00edveis com v\u00e1rios tipos e modelos de m\u00e1quinas, com os seguintes formatos:<br \/>\nDST &#8211; EXP &#8211; HUS &#8211; JEF &#8211; PES &#8211; XXX<\/p>\n<p>Adquirindo nossas matrizes e projetos voc\u00ea se declara de acordo com nossos\u00a0<a href=\"https:\/\/shop.bazarcia.com\/en\/store\/atelie-mamae-coruja\/toc\/\">TERMOS E CONDI\u00c7\u00d5ES<\/a><\/p>\n<p><span style=\"color: #6c737b;font-family: roboto, sans-serif\">Designer: Val\u00e9ria Ribeiro &#8211;\u00a0<\/span><i style=\"vertical-align: middle;color: #6c737b;font-family: roboto, sans-serif;font-weight: bold\">os desenhos utilizados para programa\u00e7\u00e3o destes bordados s\u00e3o autorais e seus direitos pertencem ao Ateli\u00ea Mam\u00e3e Coruja<\/i><span style=\"color: #6c737b;font-family: roboto, sans-serif\">.<\/span><\/p>","protected":false},"excerpt":{"rendered":"<p>https:\/\/youtu.be\/SBVQj8s4cD0<\/p>\n<p>Matrizes e Projetos &#8211; Cole\u00e7\u00e3o Bunnies Cute<br \/>\n<em><strong>Este \u00e9 um Produto Digital<\/strong><\/em><\/p>\n<p>Uma cole\u00e7\u00e3o super fofa com muitas possibilidades!<br \/>\nMatrizes em Aplique simples e Apliques 3D que podem ser utilizados em diversas pe\u00e7as, Projetos para Naninhas Planas, Segura Chupeta, Chaveirinho, e um projeto misto de Costura e Bordado de um cestinho de coelho porta chocolate.<\/p>\n<p>Use a sua imagina\u00e7\u00e3o e brilhe nesta P\u00e1scoa.<br \/>\nClique <a href=\"https:\/\/www.youtube.com\/watch?v=8H_m3RnUqxM&amp;list=PLWv9YUnuM7Pjuc0_vvwkb1uj3H_PArDWn\"><strong>AQUI<\/strong><\/a> para ter acesso a todas as v\u00eddeo aulas desta cole\u00e7\u00e3o.<\/p>\n<p>Lembrando que por esta p\u00e1gina voc\u00ea adquire apenas as Matrizes da Cole\u00e7\u00e3o Bunnies Cute. Clique <a href=\"https:\/\/shop.bazarcia.com\/en\/product\/matrizes-e-projetos-colecao-a-magia-da-pascoa\/\"><span style=\"font-weight: 700 !important\">AQUI<\/span><\/a>\u00a0para conferir a cole\u00e7\u00e3o completa A Magia da P\u00e1scoa!<\/p>\n<p>Confira abaixo todos os detalhes deste projeto, e qualquer d\u00favida \u00e9 s\u00f3 nos chamar pelo Chat!<\/p>","protected":false},"featured_media":83159,"comment_status":"open","ping_status":"closed","template":"","meta":{"_acf_changed":false,"_joinchat":[]},"product_brand":[],"product_cat":[106,208,84,302,1547,1195,98,1373],"product_tag":[],"class_list":{"0":"post-83165","1":"product","2":"type-product","3":"status-publish","4":"has-post-thumbnail","6":"product_cat-projeto-chaveiros-e-tags-na-bordadeira","7":"product_cat-coelhinhos","8":"product_cat-matrizes-de-bordado","9":"product_cat-matrizes-de-bordado-3d","10":"product_cat-naninhas-na-bordadeira-modelo-plano-ith","11":"product_cat-projetos-de-costura-bordado","12":"product_cat-projetos-na-bordadeira-in-the-hoop-embroidery","13":"product_cat-pascoa-projetos-para-datas-especiais","15":"first","16":"instock","17":"downloadable","18":"virtual","19":"sold-individually","20":"purchasable","21":"product-type-simple"},"acf":[],"yoast_head":"<!-- This site is optimized with the Yoast SEO plugin v27.2 - https:\/\/yoast.com\/product\/yoast-seo-wordpress\/ -->\n<title>Matrizes e Projetos - Cole\u00e7\u00e3o Bunnies Cute [ITH] - \ud835\udc1b\ud835\udc1a\ud835\udc33\ud835\udc1a\ud835\udc2b &amp; \ud835\udc1c\ud835\udc22\ud835\udc1a<\/title>\n<meta name=\"robots\" content=\"index, follow, max-snippet:-1, max-image-preview:large, max-video-preview:-1\" \/>\n<link rel=\"canonical\" href=\"https:\/\/shop.bazarcia.com\/en\/product\/matrizes-e-projetos-colecao-bunnies-cute\/\" \/>\n<meta property=\"og:locale\" content=\"en_US\" \/>\n<meta property=\"og:type\" content=\"article\" \/>\n<meta property=\"og:title\" content=\"Matrizes e Projetos - Cole\u00e7\u00e3o Bunnies Cute [ITH] - \ud835\udc1b\ud835\udc1a\ud835\udc33\ud835\udc1a\ud835\udc2b &amp; \ud835\udc1c\ud835\udc22\ud835\udc1a\" \/>\n<meta property=\"og:description\" content=\"https:\/\/youtu.be\/SBVQj8s4cD0  Matrizes e Projetos - Cole\u00e7\u00e3o Bunnies Cute Este \u00e9 um Produto Digital  Uma cole\u00e7\u00e3o super fofa com muitas possibilidades! Matrizes em Aplique simples e Apliques 3D que podem ser utilizados em diversas pe\u00e7as, Projetos para Naninhas Planas, Segura Chupeta, Chaveirinho, e um projeto misto de Costura e Bordado de um cestinho de coelho porta chocolate.  Use a sua imagina\u00e7\u00e3o e brilhe nesta P\u00e1scoa. Clique AQUI para ter acesso a todas as v\u00eddeo aulas desta cole\u00e7\u00e3o.  Lembrando que por esta p\u00e1gina voc\u00ea adquire apenas as Matrizes da Cole\u00e7\u00e3o Bunnies Cute. Clique AQUI\u00a0para conferir a cole\u00e7\u00e3o completa A Magia da P\u00e1scoa!  Confira abaixo todos os detalhes deste projeto, e qualquer d\u00favida \u00e9 s\u00f3 nos chamar pelo Chat!\" \/>\n<meta property=\"og:url\" content=\"https:\/\/shop.bazarcia.com\/en\/product\/matrizes-e-projetos-colecao-bunnies-cute\/\" \/>\n<meta property=\"og:site_name\" content=\"\ud835\udc1b\ud835\udc1a\ud835\udc33\ud835\udc1a\ud835\udc2b &amp; \ud835\udc1c\ud835\udc22\ud835\udc1a\" \/>\n<meta property=\"article:publisher\" content=\"https:\/\/www.facebook.com\/shopbazarcia\" \/>\n<meta property=\"article:modified_time\" content=\"2021-03-23T02:13:00+00:00\" \/>\n<meta property=\"og:image\" content=\"https:\/\/shop.bazarcia.com\/wp-content\/uploads\/2021\/03\/Matrizes-de-Bordado-Colecao-Bunnies-Cute-1-768x768.png\" \/>\n\t<meta property=\"og:image:width\" content=\"768\" \/>\n\t<meta property=\"og:image:height\" content=\"768\" \/>\n\t<meta property=\"og:image:type\" content=\"image\/png\" \/>\n<meta name=\"twitter:card\" content=\"summary_large_image\" \/>\n<meta name=\"twitter:label1\" content=\"Est. reading time\" \/>\n\t<meta name=\"twitter:data1\" content=\"1 minute\" \/>\n<script type=\"application\/ld+json\" class=\"yoast-schema-graph\">{\"@context\":\"https:\/\/schema.org\",\"@graph\":[{\"@type\":\"WebPage\",\"@id\":\"https:\/\/shop.bazarcia.com\/produto\/matrizes-e-projetos-colecao-bunnies-cute\/\",\"url\":\"https:\/\/shop.bazarcia.com\/produto\/matrizes-e-projetos-colecao-bunnies-cute\/\",\"name\":\"Matrizes e Projetos - Cole\u00e7\u00e3o Bunnies Cute [ITH] - \ud835\udc1b\ud835\udc1a\ud835\udc33\ud835\udc1a\ud835\udc2b &amp; \ud835\udc1c\ud835\udc22\ud835\udc1a\",\"isPartOf\":{\"@id\":\"https:\/\/shop.bazarcia.com\/#website\"},\"primaryImageOfPage\":{\"@id\":\"https:\/\/shop.bazarcia.com\/produto\/matrizes-e-projetos-colecao-bunnies-cute\/#primaryimage\"},\"image\":{\"@id\":\"https:\/\/shop.bazarcia.com\/produto\/matrizes-e-projetos-colecao-bunnies-cute\/#primaryimage\"},\"thumbnailUrl\":\"https:\/\/shop.bazarcia.com\/wp-content\/uploads\/2021\/03\/Matrizes-de-Bordado-Colecao-Bunnies-Cute-1.png\",\"datePublished\":\"2021-03-02T19:37:41+00:00\",\"dateModified\":\"2021-03-23T02:13:00+00:00\",\"breadcrumb\":{\"@id\":\"https:\/\/shop.bazarcia.com\/produto\/matrizes-e-projetos-colecao-bunnies-cute\/#breadcrumb\"},\"inLanguage\":\"en-US\",\"potentialAction\":[{\"@type\":\"ReadAction\",\"target\":[\"https:\/\/shop.bazarcia.com\/produto\/matrizes-e-projetos-colecao-bunnies-cute\/\"]}]},{\"@type\":\"ImageObject\",\"inLanguage\":\"en-US\",\"@id\":\"https:\/\/shop.bazarcia.com\/produto\/matrizes-e-projetos-colecao-bunnies-cute\/#primaryimage\",\"url\":\"https:\/\/shop.bazarcia.com\/wp-content\/uploads\/2021\/03\/Matrizes-de-Bordado-Colecao-Bunnies-Cute-1.png\",\"contentUrl\":\"https:\/\/shop.bazarcia.com\/wp-content\/uploads\/2021\/03\/Matrizes-de-Bordado-Colecao-Bunnies-Cute-1.png\",\"width\":1084,\"height\":1084},{\"@type\":\"BreadcrumbList\",\"@id\":\"https:\/\/shop.bazarcia.com\/produto\/matrizes-e-projetos-colecao-bunnies-cute\/#breadcrumb\",\"itemListElement\":[{\"@type\":\"ListItem\",\"position\":1,\"name\":\"In\u00edcio\",\"item\":\"https:\/\/shop.bazarcia.com\/\"},{\"@type\":\"ListItem\",\"position\":2,\"name\":\"Loja\",\"item\":\"https:\/\/shop.bazarcia.com\/loja\/\"},{\"@type\":\"ListItem\",\"position\":3,\"name\":\"Matrizes e Projetos &#8211; Cole\u00e7\u00e3o Bunnies Cute [ITH]\"}]},{\"@type\":\"WebSite\",\"@id\":\"https:\/\/shop.bazarcia.com\/#website\",\"url\":\"https:\/\/shop.bazarcia.com\/\",\"name\":\"Bazar & Cia\",\"description\":\"criatividade ponto a ponto\",\"publisher\":{\"@id\":\"https:\/\/shop.bazarcia.com\/#organization\"},\"potentialAction\":[{\"@type\":\"SearchAction\",\"target\":{\"@type\":\"EntryPoint\",\"urlTemplate\":\"https:\/\/shop.bazarcia.com\/?s={search_term_string}\"},\"query-input\":{\"@type\":\"PropertyValueSpecification\",\"valueRequired\":true,\"valueName\":\"search_term_string\"}}],\"inLanguage\":\"en-US\"},{\"@type\":\"Organization\",\"@id\":\"https:\/\/shop.bazarcia.com\/#organization\",\"name\":\"Bazar & Cia\",\"url\":\"https:\/\/shop.bazarcia.com\/\",\"logo\":{\"@type\":\"ImageObject\",\"inLanguage\":\"en-US\",\"@id\":\"https:\/\/shop.bazarcia.com\/#\/schema\/logo\/image\/\",\"url\":\"https:\/\/shop.bazarcia.com\/wp-content\/uploads\/2024\/02\/cropped-logo_bazarcia.png\",\"contentUrl\":\"https:\/\/shop.bazarcia.com\/wp-content\/uploads\/2024\/02\/cropped-logo_bazarcia.png\",\"width\":150,\"height\":150,\"caption\":\"Bazar & Cia\"},\"image\":{\"@id\":\"https:\/\/shop.bazarcia.com\/#\/schema\/logo\/image\/\"},\"sameAs\":[\"https:\/\/www.facebook.com\/shopbazarcia\",\"https:\/\/www.instagram.com\/shopbazarcia\",\"https:\/\/br.pinterest.com\/suzane_eloise\/\",\"https:\/\/www.youtube.com\/c\/BazardoBordadoMatrizeseProjetos\"]}]}<\/script>\n<!-- \/ Yoast SEO plugin. -->","yoast_head_json":{"title":"Matrizes e Projetos - Cole\u00e7\u00e3o Bunnies Cute [ITH] - \ud835\udc1b\ud835\udc1a\ud835\udc33\ud835\udc1a\ud835\udc2b &amp; \ud835\udc1c\ud835\udc22\ud835\udc1a","robots":{"index":"index","follow":"follow","max-snippet":"max-snippet:-1","max-image-preview":"max-image-preview:large","max-video-preview":"max-video-preview:-1"},"canonical":"https:\/\/shop.bazarcia.com\/en\/product\/matrizes-e-projetos-colecao-bunnies-cute\/","og_locale":"en_US","og_type":"article","og_title":"Matrizes e Projetos - Cole\u00e7\u00e3o Bunnies Cute [ITH] - \ud835\udc1b\ud835\udc1a\ud835\udc33\ud835\udc1a\ud835\udc2b &amp; \ud835\udc1c\ud835\udc22\ud835\udc1a","og_description":"https:\/\/youtu.be\/SBVQj8s4cD0  Matrizes e Projetos - Cole\u00e7\u00e3o Bunnies Cute Este \u00e9 um Produto Digital  Uma cole\u00e7\u00e3o super fofa com muitas possibilidades! Matrizes em Aplique simples e Apliques 3D que podem ser utilizados em diversas pe\u00e7as, Projetos para Naninhas Planas, Segura Chupeta, Chaveirinho, e um projeto misto de Costura e Bordado de um cestinho de coelho porta chocolate.  Use a sua imagina\u00e7\u00e3o e brilhe nesta P\u00e1scoa. Clique AQUI para ter acesso a todas as v\u00eddeo aulas desta cole\u00e7\u00e3o.  Lembrando que por esta p\u00e1gina voc\u00ea adquire apenas as Matrizes da Cole\u00e7\u00e3o Bunnies Cute. Clique AQUI\u00a0para conferir a cole\u00e7\u00e3o completa A Magia da P\u00e1scoa!  Confira abaixo todos os detalhes deste projeto, e qualquer d\u00favida \u00e9 s\u00f3 nos chamar pelo Chat!","og_url":"https:\/\/shop.bazarcia.com\/en\/product\/matrizes-e-projetos-colecao-bunnies-cute\/","og_site_name":"\ud835\udc1b\ud835\udc1a\ud835\udc33\ud835\udc1a\ud835\udc2b &amp; \ud835\udc1c\ud835\udc22\ud835\udc1a","article_publisher":"https:\/\/www.facebook.com\/shopbazarcia","article_modified_time":"2021-03-23T02:13:00+00:00","og_image":[{"width":768,"height":768,"url":"https:\/\/shop.bazarcia.com\/wp-content\/uploads\/2021\/03\/Matrizes-de-Bordado-Colecao-Bunnies-Cute-1-768x768.png","type":"image\/png"}],"twitter_card":"summary_large_image","twitter_misc":{"Est. reading time":"1 minute"},"schema":{"@context":"https:\/\/schema.org","@graph":[{"@type":"WebPage","@id":"https:\/\/shop.bazarcia.com\/produto\/matrizes-e-projetos-colecao-bunnies-cute\/","url":"https:\/\/shop.bazarcia.com\/produto\/matrizes-e-projetos-colecao-bunnies-cute\/","name":"Matrizes e Projetos - Cole\u00e7\u00e3o Bunnies Cute [ITH] - \ud835\udc1b\ud835\udc1a\ud835\udc33\ud835\udc1a\ud835\udc2b &amp; \ud835\udc1c\ud835\udc22\ud835\udc1a","isPartOf":{"@id":"https:\/\/shop.bazarcia.com\/#website"},"primaryImageOfPage":{"@id":"https:\/\/shop.bazarcia.com\/produto\/matrizes-e-projetos-colecao-bunnies-cute\/#primaryimage"},"image":{"@id":"https:\/\/shop.bazarcia.com\/produto\/matrizes-e-projetos-colecao-bunnies-cute\/#primaryimage"},"thumbnailUrl":"https:\/\/shop.bazarcia.com\/wp-content\/uploads\/2021\/03\/Matrizes-de-Bordado-Colecao-Bunnies-Cute-1.png","datePublished":"2021-03-02T19:37:41+00:00","dateModified":"2021-03-23T02:13:00+00:00","breadcrumb":{"@id":"https:\/\/shop.bazarcia.com\/produto\/matrizes-e-projetos-colecao-bunnies-cute\/#breadcrumb"},"inLanguage":"en-US","potentialAction":[{"@type":"ReadAction","target":["https:\/\/shop.bazarcia.com\/produto\/matrizes-e-projetos-colecao-bunnies-cute\/"]}]},{"@type":"ImageObject","inLanguage":"en-US","@id":"https:\/\/shop.bazarcia.com\/produto\/matrizes-e-projetos-colecao-bunnies-cute\/#primaryimage","url":"https:\/\/shop.bazarcia.com\/wp-content\/uploads\/2021\/03\/Matrizes-de-Bordado-Colecao-Bunnies-Cute-1.png","contentUrl":"https:\/\/shop.bazarcia.com\/wp-content\/uploads\/2021\/03\/Matrizes-de-Bordado-Colecao-Bunnies-Cute-1.png","width":1084,"height":1084},{"@type":"BreadcrumbList","@id":"https:\/\/shop.bazarcia.com\/produto\/matrizes-e-projetos-colecao-bunnies-cute\/#breadcrumb","itemListElement":[{"@type":"ListItem","position":1,"name":"In\u00edcio","item":"https:\/\/shop.bazarcia.com\/"},{"@type":"ListItem","position":2,"name":"Loja","item":"https:\/\/shop.bazarcia.com\/loja\/"},{"@type":"ListItem","position":3,"name":"Matrizes e Projetos &#8211; Cole\u00e7\u00e3o Bunnies Cute [ITH]"}]},{"@type":"WebSite","@id":"https:\/\/shop.bazarcia.com\/#website","url":"https:\/\/shop.bazarcia.com\/","name":"Bazar & Cia","description":"criatividade ponto a ponto","publisher":{"@id":"https:\/\/shop.bazarcia.com\/#organization"},"potentialAction":[{"@type":"SearchAction","target":{"@type":"EntryPoint","urlTemplate":"https:\/\/shop.bazarcia.com\/?s={search_term_string}"},"query-input":{"@type":"PropertyValueSpecification","valueRequired":true,"valueName":"search_term_string"}}],"inLanguage":"en-US"},{"@type":"Organization","@id":"https:\/\/shop.bazarcia.com\/#organization","name":"Bazar & Cia","url":"https:\/\/shop.bazarcia.com\/","logo":{"@type":"ImageObject","inLanguage":"en-US","@id":"https:\/\/shop.bazarcia.com\/#\/schema\/logo\/image\/","url":"https:\/\/shop.bazarcia.com\/wp-content\/uploads\/2024\/02\/cropped-logo_bazarcia.png","contentUrl":"https:\/\/shop.bazarcia.com\/wp-content\/uploads\/2024\/02\/cropped-logo_bazarcia.png","width":150,"height":150,"caption":"Bazar & Cia"},"image":{"@id":"https:\/\/shop.bazarcia.com\/#\/schema\/logo\/image\/"},"sameAs":["https:\/\/www.facebook.com\/shopbazarcia","https:\/\/www.instagram.com\/shopbazarcia","https:\/\/br.pinterest.com\/suzane_eloise\/","https:\/\/www.youtube.com\/c\/BazardoBordadoMatrizeseProjetos"]}]}},"_links":{"self":[{"href":"https:\/\/shop.bazarcia.com\/en\/wp-json\/wp\/v2\/product\/83165","targetHints":{"allow":["GET"]}}],"collection":[{"href":"https:\/\/shop.bazarcia.com\/en\/wp-json\/wp\/v2\/product"}],"about":[{"href":"https:\/\/shop.bazarcia.com\/en\/wp-json\/wp\/v2\/types\/product"}],"replies":[{"embeddable":true,"href":"https:\/\/shop.bazarcia.com\/en\/wp-json\/wp\/v2\/comments?post=83165"}],"version-history":[{"count":0,"href":"https:\/\/shop.bazarcia.com\/en\/wp-json\/wp\/v2\/product\/83165\/revisions"}],"wp:featuredmedia":[{"embeddable":true,"href":"https:\/\/shop.bazarcia.com\/en\/wp-json\/wp\/v2\/media\/83159"}],"wp:attachment":[{"href":"https:\/\/shop.bazarcia.com\/en\/wp-json\/wp\/v2\/media?parent=83165"}],"wp:term":[{"taxonomy":"product_brand","embeddable":true,"href":"https:\/\/shop.bazarcia.com\/en\/wp-json\/wp\/v2\/product_brand?post=83165"},{"taxonomy":"product_cat","embeddable":true,"href":"https:\/\/shop.bazarcia.com\/en\/wp-json\/wp\/v2\/product_cat?post=83165"},{"taxonomy":"product_tag","embeddable":true,"href":"https:\/\/shop.bazarcia.com\/en\/wp-json\/wp\/v2\/product_tag?post=83165"}],"curies":[{"name":"wp","href":"https:\/\/api.w.org\/{rel}","templated":true}]}}