{"id":83193,"date":"2021-03-02T18:45:36","date_gmt":"2021-03-02T21:45:36","guid":{"rendered":"https:\/\/shop.bazarcia.com\/produto\/projetos-na-bordadeira-bonecos-bunnies-cute-ith\/"},"modified":"2021-03-22T23:08:13","modified_gmt":"2021-03-23T02:08:13","slug":"projetos-na-bordadeira-bonecos-bunnies-cute-ith","status":"publish","type":"product","link":"https:\/\/shop.bazarcia.com\/en\/product\/projetos-na-bordadeira-bonecos-bunnies-cute-ith\/","title":{"rendered":"Projetos na Bordadeira &#8211; Bonecos Bunnies Cute [ITH]"},"content":{"rendered":"<p>Projetos na Bordadeira <i>Bonecos Bunnies Cute<\/i><\/p>\n<p>Projeto para bastidores: 13&#215;18, 14&#215;14, 15&#215;26, 16&#215;26, 18&#215;30, 20&#215;20, 20&#215;30.<br \/>\n*Para confec\u00e7\u00e3o da naninha tradicional acompanha tamb\u00e9m o projeto para bastidores 10&#215;10.<\/p>\n<p>O tamanho dos bonecos variam de aproximadamente 27 cm (confeccionados em bastidores 13&#215;18) a aproximadamente 40 cm (confeccionados em bastidores 20&#215;30).<br \/>\nMateriais utilizados nas pe\u00e7as de divulga\u00e7\u00e3o: Plush\/Linho, renda, tricoline e plumante.<\/p>\n<p>Este \u00e9 um produto DIGITAL e os arquivos estar\u00e3o dispon\u00edveis para download aqui mesmo na sua conta no BDB ap\u00f3s confirma\u00e7\u00e3o do pagamento.<\/p>\n<p>Os arquivos est\u00e3o em pasta compactada (ZIP), sendo necess\u00e1rio descompact\u00e1-la.<\/p>\n<p>Os mesmos s\u00e3o compat\u00edveis com v\u00e1rios tipos e modelos de m\u00e1quinas, com os seguintes formatos:<br \/>\nDST &#8211; EXP &#8211; HUS &#8211; JEF &#8211; PES &#8211; XXX<\/p>\n<p>Adquirindo nossas matrizes e projetos voc\u00ea se declara de acordo com nossos\u00a0<a href=\"https:\/\/shop.bazarcia.com\/en\/store\/atelie-mamae-coruja\/toc\/\">TERMOS E CONDI\u00c7\u00d5ES<\/a><\/p>\n<p>Designer: Val\u00e9ria Ribeiro &#8211; <i>os desenhos utilizados para programa\u00e7\u00e3o destes bordados s\u00e3o autorais e seus direitos pertencem ao Ateli\u00ea Mam\u00e3e Coruja<\/i>.<\/p>","protected":false},"excerpt":{"rendered":"<p>https:\/\/youtu.be\/TEaf6z4tp-M<\/p>\n<p>Projetos na Bordadeira <i>Bonecos Bunnies Cute<br \/>\n<\/i><i><strong>Este \u00e9 um Produto Digital.<\/strong><\/i><\/p>\n<p>A gente sabe como voc\u00eas s\u00e3o apaixonadas por bonecos (n\u00f3s tamb\u00e9m somos??) e que a demanda por essas fofuras com roupinhas tem aumentado muito. Ent\u00e3o trouxemos uma vers\u00e3o super pr\u00e1tica e encantadora para voc\u00eas ganharem o cora\u00e7\u00e3o de muiiiitas mam\u00e3es\u2763\ufe0f<\/p>\n<p>E as roupinhas? Elas tamb\u00e9m s\u00e3o feitas na bordadeira! Isso mesmo, NA BORDADEIRA!<\/p>\n<p>E para quem gosta das tradicionais naninhas, \u00e9 s\u00f3 utilizar apenas o rostinho e os bracinhos para confeccion\u00e1-las!<\/p>\n<p>Acompanha de brinde as matrizes e moldes para confec\u00e7\u00e3o de uma almofada porta chocolate do rostinho, que pode ser feita toda na bordadeira ou finalizada na m\u00e1quina de costura para quem possui bastidores menores \u2764\ufe0f e tamb\u00e9m os moldes para confec\u00e7\u00e3o dos sapatinhos em EVA com v\u00eddeo aula de montagem.<\/p>\n<p>Lembrando que por esta p\u00e1gina voc\u00ea adquire apenas o Projeto Bonecos Bunnies Cute.<br \/>\nClique <a href=\"https:\/\/shop.bazarcia.com\/en\/product\/matrizes-e-projetos-colecao-a-magia-da-pascoa\/\"><strong>AQUI<\/strong><\/a> para conferir a cole\u00e7\u00e3o completa A Magia da P\u00e1scoa!<br \/>\nPara acessar todas as v\u00eddeo aulas (das roupinhas e t\u00eanis tamb\u00e9m) \u00e9 clicar em\u00a0<a href=\"https:\/\/www.youtube.com\/watch?v=TEaf6z4tp-M&amp;list=PLWv9YUnuM7Pjjkz7fEtn4qKo74nP1VbKC\"><span style=\"font-weight: 700 !important\">PLAYLIST BONECOS BUNNIES CUTE<\/span><\/a><\/p>\n<p>Confira abaixo todos os detalhes deste projeto, lembrando que qualquer d\u00favida \u00e9 s\u00f3 nos chamar no chat!<\/p>","protected":false},"featured_media":83183,"comment_status":"open","ping_status":"closed","template":"","meta":{"_acf_changed":false,"_joinchat":[]},"product_brand":[],"product_cat":[208,98,134,170,213,1548,1373],"product_tag":[],"class_list":{"0":"post-83193","1":"product","2":"type-product","3":"status-publish","4":"has-post-thumbnail","6":"product_cat-coelhinhos","7":"product_cat-projetos-na-bordadeira-in-the-hoop-embroidery","8":"product_cat-projeto-almofadinhas-na-bordadeira","9":"product_cat-projeto-bonecas-na-bordadeira","10":"product_cat-projeto-naninhas-na-bordadeira","11":"product_cat-naninhas-na-bordadeira-modelo-enchimento-ith","12":"product_cat-pascoa-projetos-para-datas-especiais","14":"first","15":"instock","16":"downloadable","17":"virtual","18":"sold-individually","19":"purchasable","20":"product-type-simple"},"acf":[],"yoast_head":"<!-- This site is optimized with the Yoast SEO plugin v27.2 - https:\/\/yoast.com\/product\/yoast-seo-wordpress\/ -->\n<title>Projetos na Bordadeira - Bonecos Bunnies Cute [ITH] - \ud835\udc1b\ud835\udc1a\ud835\udc33\ud835\udc1a\ud835\udc2b &amp; \ud835\udc1c\ud835\udc22\ud835\udc1a<\/title>\n<meta name=\"robots\" content=\"index, follow, max-snippet:-1, max-image-preview:large, max-video-preview:-1\" \/>\n<link rel=\"canonical\" href=\"https:\/\/shop.bazarcia.com\/en\/product\/projetos-na-bordadeira-bonecos-bunnies-cute-ith\/\" \/>\n<meta property=\"og:locale\" content=\"en_US\" \/>\n<meta property=\"og:type\" content=\"article\" \/>\n<meta property=\"og:title\" content=\"Projetos na Bordadeira - Bonecos Bunnies Cute [ITH] - \ud835\udc1b\ud835\udc1a\ud835\udc33\ud835\udc1a\ud835\udc2b &amp; \ud835\udc1c\ud835\udc22\ud835\udc1a\" \/>\n<meta property=\"og:description\" content=\"https:\/\/youtu.be\/TEaf6z4tp-M  Projetos na Bordadeira Bonecos Bunnies Cute Este \u00e9 um Produto Digital.  A gente sabe como voc\u00eas s\u00e3o apaixonadas por bonecos (n\u00f3s tamb\u00e9m somos??) e que a demanda por essas fofuras com roupinhas tem aumentado muito. Ent\u00e3o trouxemos uma vers\u00e3o super pr\u00e1tica e encantadora para voc\u00eas ganharem o cora\u00e7\u00e3o de muiiiitas mam\u00e3es\u2763\ufe0f  E as roupinhas? Elas tamb\u00e9m s\u00e3o feitas na bordadeira! Isso mesmo, NA BORDADEIRA!  E para quem gosta das tradicionais naninhas, \u00e9 s\u00f3 utilizar apenas o rostinho e os bracinhos para confeccion\u00e1-las!  Acompanha de brinde as matrizes e moldes para confec\u00e7\u00e3o de uma almofada porta chocolate do rostinho, que pode ser feita toda na bordadeira ou finalizada na m\u00e1quina de costura para quem possui bastidores menores \u2764\ufe0f e tamb\u00e9m os moldes para confec\u00e7\u00e3o dos sapatinhos em EVA com v\u00eddeo aula de montagem.  Lembrando que por esta p\u00e1gina voc\u00ea adquire apenas o Projeto Bonecos Bunnies Cute. Clique AQUI para conferir a cole\u00e7\u00e3o completa A Magia da P\u00e1scoa! Para acessar todas as v\u00eddeo aulas (das roupinhas e t\u00eanis tamb\u00e9m) \u00e9 clicar em\u00a0PLAYLIST BONECOS BUNNIES CUTE  Confira abaixo todos os detalhes deste projeto, lembrando que qualquer d\u00favida \u00e9 s\u00f3 nos chamar no chat!\" \/>\n<meta property=\"og:url\" content=\"https:\/\/shop.bazarcia.com\/en\/product\/projetos-na-bordadeira-bonecos-bunnies-cute-ith\/\" \/>\n<meta property=\"og:site_name\" content=\"\ud835\udc1b\ud835\udc1a\ud835\udc33\ud835\udc1a\ud835\udc2b &amp; \ud835\udc1c\ud835\udc22\ud835\udc1a\" \/>\n<meta property=\"article:publisher\" content=\"https:\/\/www.facebook.com\/shopbazarcia\" \/>\n<meta property=\"article:modified_time\" content=\"2021-03-23T02:08:13+00:00\" \/>\n<meta property=\"og:image\" content=\"https:\/\/shop.bazarcia.com\/wp-content\/uploads\/2021\/03\/Projetos-na-Bordadeira-Bonecos-Bunnies-Cute-1.png\" \/>\n\t<meta property=\"og:image:width\" content=\"1084\" \/>\n\t<meta property=\"og:image:height\" content=\"1084\" \/>\n\t<meta property=\"og:image:type\" content=\"image\/png\" \/>\n<meta name=\"twitter:card\" content=\"summary_large_image\" \/>\n<meta name=\"twitter:label1\" content=\"Est. reading time\" \/>\n\t<meta name=\"twitter:data1\" content=\"1 minute\" \/>\n<script type=\"application\/ld+json\" class=\"yoast-schema-graph\">{\"@context\":\"https:\/\/schema.org\",\"@graph\":[{\"@type\":\"WebPage\",\"@id\":\"https:\/\/shop.bazarcia.com\/produto\/projetos-na-bordadeira-bonecos-bunnies-cute-ith\/\",\"url\":\"https:\/\/shop.bazarcia.com\/produto\/projetos-na-bordadeira-bonecos-bunnies-cute-ith\/\",\"name\":\"Projetos na Bordadeira - Bonecos Bunnies Cute [ITH] - \ud835\udc1b\ud835\udc1a\ud835\udc33\ud835\udc1a\ud835\udc2b &amp; \ud835\udc1c\ud835\udc22\ud835\udc1a\",\"isPartOf\":{\"@id\":\"https:\/\/shop.bazarcia.com\/#website\"},\"primaryImageOfPage\":{\"@id\":\"https:\/\/shop.bazarcia.com\/produto\/projetos-na-bordadeira-bonecos-bunnies-cute-ith\/#primaryimage\"},\"image\":{\"@id\":\"https:\/\/shop.bazarcia.com\/produto\/projetos-na-bordadeira-bonecos-bunnies-cute-ith\/#primaryimage\"},\"thumbnailUrl\":\"https:\/\/shop.bazarcia.com\/wp-content\/uploads\/2021\/03\/Projetos-na-Bordadeira-Bonecos-Bunnies-Cute-1.png\",\"datePublished\":\"2021-03-02T21:45:36+00:00\",\"dateModified\":\"2021-03-23T02:08:13+00:00\",\"breadcrumb\":{\"@id\":\"https:\/\/shop.bazarcia.com\/produto\/projetos-na-bordadeira-bonecos-bunnies-cute-ith\/#breadcrumb\"},\"inLanguage\":\"en-US\",\"potentialAction\":[{\"@type\":\"ReadAction\",\"target\":[\"https:\/\/shop.bazarcia.com\/produto\/projetos-na-bordadeira-bonecos-bunnies-cute-ith\/\"]}]},{\"@type\":\"ImageObject\",\"inLanguage\":\"en-US\",\"@id\":\"https:\/\/shop.bazarcia.com\/produto\/projetos-na-bordadeira-bonecos-bunnies-cute-ith\/#primaryimage\",\"url\":\"https:\/\/shop.bazarcia.com\/wp-content\/uploads\/2021\/03\/Projetos-na-Bordadeira-Bonecos-Bunnies-Cute-1.png\",\"contentUrl\":\"https:\/\/shop.bazarcia.com\/wp-content\/uploads\/2021\/03\/Projetos-na-Bordadeira-Bonecos-Bunnies-Cute-1.png\",\"width\":1084,\"height\":1084},{\"@type\":\"BreadcrumbList\",\"@id\":\"https:\/\/shop.bazarcia.com\/produto\/projetos-na-bordadeira-bonecos-bunnies-cute-ith\/#breadcrumb\",\"itemListElement\":[{\"@type\":\"ListItem\",\"position\":1,\"name\":\"In\u00edcio\",\"item\":\"https:\/\/shop.bazarcia.com\/\"},{\"@type\":\"ListItem\",\"position\":2,\"name\":\"Loja\",\"item\":\"https:\/\/shop.bazarcia.com\/loja\/\"},{\"@type\":\"ListItem\",\"position\":3,\"name\":\"Projetos na Bordadeira &#8211; Bonecos Bunnies Cute [ITH]\"}]},{\"@type\":\"WebSite\",\"@id\":\"https:\/\/shop.bazarcia.com\/#website\",\"url\":\"https:\/\/shop.bazarcia.com\/\",\"name\":\"Bazar & Cia\",\"description\":\"criatividade ponto a ponto\",\"publisher\":{\"@id\":\"https:\/\/shop.bazarcia.com\/#organization\"},\"potentialAction\":[{\"@type\":\"SearchAction\",\"target\":{\"@type\":\"EntryPoint\",\"urlTemplate\":\"https:\/\/shop.bazarcia.com\/?s={search_term_string}\"},\"query-input\":{\"@type\":\"PropertyValueSpecification\",\"valueRequired\":true,\"valueName\":\"search_term_string\"}}],\"inLanguage\":\"en-US\"},{\"@type\":\"Organization\",\"@id\":\"https:\/\/shop.bazarcia.com\/#organization\",\"name\":\"Bazar & Cia\",\"url\":\"https:\/\/shop.bazarcia.com\/\",\"logo\":{\"@type\":\"ImageObject\",\"inLanguage\":\"en-US\",\"@id\":\"https:\/\/shop.bazarcia.com\/#\/schema\/logo\/image\/\",\"url\":\"https:\/\/shop.bazarcia.com\/wp-content\/uploads\/2024\/02\/cropped-logo_bazarcia.png\",\"contentUrl\":\"https:\/\/shop.bazarcia.com\/wp-content\/uploads\/2024\/02\/cropped-logo_bazarcia.png\",\"width\":150,\"height\":150,\"caption\":\"Bazar & Cia\"},\"image\":{\"@id\":\"https:\/\/shop.bazarcia.com\/#\/schema\/logo\/image\/\"},\"sameAs\":[\"https:\/\/www.facebook.com\/shopbazarcia\",\"https:\/\/www.instagram.com\/shopbazarcia\",\"https:\/\/br.pinterest.com\/suzane_eloise\/\",\"https:\/\/www.youtube.com\/c\/BazardoBordadoMatrizeseProjetos\"]}]}<\/script>\n<!-- \/ Yoast SEO plugin. -->","yoast_head_json":{"title":"Projetos na Bordadeira - Bonecos Bunnies Cute [ITH] - \ud835\udc1b\ud835\udc1a\ud835\udc33\ud835\udc1a\ud835\udc2b &amp; \ud835\udc1c\ud835\udc22\ud835\udc1a","robots":{"index":"index","follow":"follow","max-snippet":"max-snippet:-1","max-image-preview":"max-image-preview:large","max-video-preview":"max-video-preview:-1"},"canonical":"https:\/\/shop.bazarcia.com\/en\/product\/projetos-na-bordadeira-bonecos-bunnies-cute-ith\/","og_locale":"en_US","og_type":"article","og_title":"Projetos na Bordadeira - Bonecos Bunnies Cute [ITH] - \ud835\udc1b\ud835\udc1a\ud835\udc33\ud835\udc1a\ud835\udc2b &amp; \ud835\udc1c\ud835\udc22\ud835\udc1a","og_description":"https:\/\/youtu.be\/TEaf6z4tp-M  Projetos na Bordadeira Bonecos Bunnies Cute Este \u00e9 um Produto Digital.  A gente sabe como voc\u00eas s\u00e3o apaixonadas por bonecos (n\u00f3s tamb\u00e9m somos??) e que a demanda por essas fofuras com roupinhas tem aumentado muito. Ent\u00e3o trouxemos uma vers\u00e3o super pr\u00e1tica e encantadora para voc\u00eas ganharem o cora\u00e7\u00e3o de muiiiitas mam\u00e3es\u2763\ufe0f  E as roupinhas? Elas tamb\u00e9m s\u00e3o feitas na bordadeira! Isso mesmo, NA BORDADEIRA!  E para quem gosta das tradicionais naninhas, \u00e9 s\u00f3 utilizar apenas o rostinho e os bracinhos para confeccion\u00e1-las!  Acompanha de brinde as matrizes e moldes para confec\u00e7\u00e3o de uma almofada porta chocolate do rostinho, que pode ser feita toda na bordadeira ou finalizada na m\u00e1quina de costura para quem possui bastidores menores \u2764\ufe0f e tamb\u00e9m os moldes para confec\u00e7\u00e3o dos sapatinhos em EVA com v\u00eddeo aula de montagem.  Lembrando que por esta p\u00e1gina voc\u00ea adquire apenas o Projeto Bonecos Bunnies Cute. Clique AQUI para conferir a cole\u00e7\u00e3o completa A Magia da P\u00e1scoa! Para acessar todas as v\u00eddeo aulas (das roupinhas e t\u00eanis tamb\u00e9m) \u00e9 clicar em\u00a0PLAYLIST BONECOS BUNNIES CUTE  Confira abaixo todos os detalhes deste projeto, lembrando que qualquer d\u00favida \u00e9 s\u00f3 nos chamar no chat!","og_url":"https:\/\/shop.bazarcia.com\/en\/product\/projetos-na-bordadeira-bonecos-bunnies-cute-ith\/","og_site_name":"\ud835\udc1b\ud835\udc1a\ud835\udc33\ud835\udc1a\ud835\udc2b &amp; \ud835\udc1c\ud835\udc22\ud835\udc1a","article_publisher":"https:\/\/www.facebook.com\/shopbazarcia","article_modified_time":"2021-03-23T02:08:13+00:00","og_image":[{"width":1084,"height":1084,"url":"https:\/\/shop.bazarcia.com\/wp-content\/uploads\/2021\/03\/Projetos-na-Bordadeira-Bonecos-Bunnies-Cute-1.png","type":"image\/png"}],"twitter_card":"summary_large_image","twitter_misc":{"Est. reading time":"1 minute"},"schema":{"@context":"https:\/\/schema.org","@graph":[{"@type":"WebPage","@id":"https:\/\/shop.bazarcia.com\/produto\/projetos-na-bordadeira-bonecos-bunnies-cute-ith\/","url":"https:\/\/shop.bazarcia.com\/produto\/projetos-na-bordadeira-bonecos-bunnies-cute-ith\/","name":"Projetos na Bordadeira - Bonecos Bunnies Cute [ITH] - \ud835\udc1b\ud835\udc1a\ud835\udc33\ud835\udc1a\ud835\udc2b &amp; \ud835\udc1c\ud835\udc22\ud835\udc1a","isPartOf":{"@id":"https:\/\/shop.bazarcia.com\/#website"},"primaryImageOfPage":{"@id":"https:\/\/shop.bazarcia.com\/produto\/projetos-na-bordadeira-bonecos-bunnies-cute-ith\/#primaryimage"},"image":{"@id":"https:\/\/shop.bazarcia.com\/produto\/projetos-na-bordadeira-bonecos-bunnies-cute-ith\/#primaryimage"},"thumbnailUrl":"https:\/\/shop.bazarcia.com\/wp-content\/uploads\/2021\/03\/Projetos-na-Bordadeira-Bonecos-Bunnies-Cute-1.png","datePublished":"2021-03-02T21:45:36+00:00","dateModified":"2021-03-23T02:08:13+00:00","breadcrumb":{"@id":"https:\/\/shop.bazarcia.com\/produto\/projetos-na-bordadeira-bonecos-bunnies-cute-ith\/#breadcrumb"},"inLanguage":"en-US","potentialAction":[{"@type":"ReadAction","target":["https:\/\/shop.bazarcia.com\/produto\/projetos-na-bordadeira-bonecos-bunnies-cute-ith\/"]}]},{"@type":"ImageObject","inLanguage":"en-US","@id":"https:\/\/shop.bazarcia.com\/produto\/projetos-na-bordadeira-bonecos-bunnies-cute-ith\/#primaryimage","url":"https:\/\/shop.bazarcia.com\/wp-content\/uploads\/2021\/03\/Projetos-na-Bordadeira-Bonecos-Bunnies-Cute-1.png","contentUrl":"https:\/\/shop.bazarcia.com\/wp-content\/uploads\/2021\/03\/Projetos-na-Bordadeira-Bonecos-Bunnies-Cute-1.png","width":1084,"height":1084},{"@type":"BreadcrumbList","@id":"https:\/\/shop.bazarcia.com\/produto\/projetos-na-bordadeira-bonecos-bunnies-cute-ith\/#breadcrumb","itemListElement":[{"@type":"ListItem","position":1,"name":"In\u00edcio","item":"https:\/\/shop.bazarcia.com\/"},{"@type":"ListItem","position":2,"name":"Loja","item":"https:\/\/shop.bazarcia.com\/loja\/"},{"@type":"ListItem","position":3,"name":"Projetos na Bordadeira &#8211; Bonecos Bunnies Cute [ITH]"}]},{"@type":"WebSite","@id":"https:\/\/shop.bazarcia.com\/#website","url":"https:\/\/shop.bazarcia.com\/","name":"Bazar & Cia","description":"criatividade ponto a ponto","publisher":{"@id":"https:\/\/shop.bazarcia.com\/#organization"},"potentialAction":[{"@type":"SearchAction","target":{"@type":"EntryPoint","urlTemplate":"https:\/\/shop.bazarcia.com\/?s={search_term_string}"},"query-input":{"@type":"PropertyValueSpecification","valueRequired":true,"valueName":"search_term_string"}}],"inLanguage":"en-US"},{"@type":"Organization","@id":"https:\/\/shop.bazarcia.com\/#organization","name":"Bazar & Cia","url":"https:\/\/shop.bazarcia.com\/","logo":{"@type":"ImageObject","inLanguage":"en-US","@id":"https:\/\/shop.bazarcia.com\/#\/schema\/logo\/image\/","url":"https:\/\/shop.bazarcia.com\/wp-content\/uploads\/2024\/02\/cropped-logo_bazarcia.png","contentUrl":"https:\/\/shop.bazarcia.com\/wp-content\/uploads\/2024\/02\/cropped-logo_bazarcia.png","width":150,"height":150,"caption":"Bazar & Cia"},"image":{"@id":"https:\/\/shop.bazarcia.com\/#\/schema\/logo\/image\/"},"sameAs":["https:\/\/www.facebook.com\/shopbazarcia","https:\/\/www.instagram.com\/shopbazarcia","https:\/\/br.pinterest.com\/suzane_eloise\/","https:\/\/www.youtube.com\/c\/BazardoBordadoMatrizeseProjetos"]}]}},"_links":{"self":[{"href":"https:\/\/shop.bazarcia.com\/en\/wp-json\/wp\/v2\/product\/83193","targetHints":{"allow":["GET"]}}],"collection":[{"href":"https:\/\/shop.bazarcia.com\/en\/wp-json\/wp\/v2\/product"}],"about":[{"href":"https:\/\/shop.bazarcia.com\/en\/wp-json\/wp\/v2\/types\/product"}],"replies":[{"embeddable":true,"href":"https:\/\/shop.bazarcia.com\/en\/wp-json\/wp\/v2\/comments?post=83193"}],"version-history":[{"count":0,"href":"https:\/\/shop.bazarcia.com\/en\/wp-json\/wp\/v2\/product\/83193\/revisions"}],"wp:featuredmedia":[{"embeddable":true,"href":"https:\/\/shop.bazarcia.com\/en\/wp-json\/wp\/v2\/media\/83183"}],"wp:attachment":[{"href":"https:\/\/shop.bazarcia.com\/en\/wp-json\/wp\/v2\/media?parent=83193"}],"wp:term":[{"taxonomy":"product_brand","embeddable":true,"href":"https:\/\/shop.bazarcia.com\/en\/wp-json\/wp\/v2\/product_brand?post=83193"},{"taxonomy":"product_cat","embeddable":true,"href":"https:\/\/shop.bazarcia.com\/en\/wp-json\/wp\/v2\/product_cat?post=83193"},{"taxonomy":"product_tag","embeddable":true,"href":"https:\/\/shop.bazarcia.com\/en\/wp-json\/wp\/v2\/product_tag?post=83193"}],"curies":[{"name":"wp","href":"https:\/\/api.w.org\/{rel}","templated":true}]}}