{"id":85899,"date":"2021-03-13T18:56:09","date_gmt":"2021-03-13T21:56:09","guid":{"rendered":"https:\/\/shop.bazarcia.com\/produto\/projeto-misto-bolsinha-ovelhinha-brinde\/"},"modified":"2023-04-03T07:45:29","modified_gmt":"2023-04-03T10:45:29","slug":"projeto-misto-bolsinha-ovelhinha-brinde","status":"publish","type":"product","link":"https:\/\/shop.bazarcia.com\/en\/product\/projeto-misto-bolsinha-ovelhinha-brinde\/","title":{"rendered":"Projeto Misto &#8211; Bolsinha Ovelhinha [BRINDE]"},"content":{"rendered":"<p style=\"margin-top: 0px;margin-bottom: 1rem;color: #6c737b;font-family: roboto, sans-serif\"><span style=\"font-weight: bolder\">Um projeto misto de costura e bordado de uma bolsinha super fofa de ovelhinha para encher do bombons e presentear nessa p\u00e1scoa.<br \/>\nEsperamos que gostem e que fa\u00e7am muitas lindezas!<\/span><\/p>\n<p>Matrizes e moldes para bastidores: 14&#215;14, 13&#215;18, 15&#215;26, 16&#215;26 e 20&#215;20.<br \/>\nExtens\u00f5es dispon\u00edveis: DST, EXP, HUS, JEF, PES e XXX<br \/>\nOs arquivos est\u00e3o em pasta compactada (ZIP), sendo necess\u00e1rio descompact\u00e1-la.<\/p>\n<p><span style=\"font-weight: bolder;color: #212529;font-family: roboto, sans-serif\">O tutorial foi ensinado na nossa live do dia 13\/03 e para assist\u00ed-la \u00e9 s\u00f3 clicar\u00a0<span style=\"font-weight: bolder\"><a style=\"color: #95663c;background-color: transparent\" href=\"https:\/\/www.facebook.com\/watch\/live\/?v=142976431047204&amp;ref=watch_permalink\" target=\"_blank\" rel=\"nofollow noopener\">AQUI<\/a><\/span>.<\/span><\/p>\n<p>Lembrando que mesmo sendo uma matriz brinde, \u00e9 um projeto desenvolvido com todo carinho por n\u00f3s e ainda com designers autorais, por isso tamb\u00e9m segue os c\u00f3digos de nossos <a href=\"https:\/\/shop.bazarcia.com\/en\/store\/atelie-mamae-coruja\/toc\/\"><strong>TERMOS e CONDI\u00c7\u00d5ES<\/strong><\/a>.<\/p>\n<p>Designer: Val\u00e9ria Ribeiro (Ateli\u00ea Mam\u00e3e Coruja)<\/p>","protected":false},"excerpt":{"rendered":"<p>Um projeto misto de costura e bordado de uma bolsinha super fofa de ovelhinha para encher do bombons e presentear nessa p\u00e1scoa.<br \/>\nEsperamos que gostem e que fa\u00e7am muitas lindezas!<\/p>\n<p>Para fazer o download do arquivo clique <a href=\"\/wp-content\/uploads\/woocommerce_uploads\/2021\/03\/Bolsinha-Ovelhinha-MC-gncscv.zip\"><strong><em>AQUI<\/em><\/strong><\/a>.<\/p>\n<p>Matrizes e moldes para bastidores: 14&#215;14, 13&#215;18, 15&#215;26, 16&#215;26 e 20&#215;20.<br \/>\nExtens\u00f5es dispon\u00edveis: DST, EXP, HUS, JEF, PES e XXX<\/p>\n<p>O tutorial foi ensinado na nossa live do dia 13\/03 e para assist\u00ed-la \u00e9 s\u00f3 clicar <a href=\"https:\/\/www.facebook.com\/watch\/live\/?v=142976431047204&amp;ref=watch_permalink\">AQUI<\/a>.<\/p>\n<p>Fa\u00e7am muitas lindezas e n\u00e3o se esque\u00e7am de nos marcar nas redes sociais para que possamos prestigiar o trabalho de voc\u00eas &lt;3<\/p>","protected":false},"featured_media":85898,"comment_status":"open","ping_status":"closed","template":"","meta":{"_acf_changed":false,"_joinchat":[]},"product_brand":[],"product_cat":[1195,204,97,1071],"product_tag":[1432],"class_list":{"0":"post-85899","1":"product","2":"type-product","3":"status-publish","4":"has-post-thumbnail","6":"product_cat-projetos-de-costura-bordado","7":"product_cat-ovelhinhas","8":"product_cat-matrizes-de-bordado-gratis","9":"product_cat-projetos-gratis-free","10":"product_tag-matrizes-de-bordado","12":"first","13":"instock","14":"downloadable","15":"virtual","16":"product-type-simple"},"acf":[],"yoast_head":"<!-- This site is optimized with the Yoast SEO plugin v27.2 - https:\/\/yoast.com\/product\/yoast-seo-wordpress\/ -->\n<title>Projeto Misto - Bolsinha Ovelhinha [BRINDE] - \ud835\udc1b\ud835\udc1a\ud835\udc33\ud835\udc1a\ud835\udc2b &amp; \ud835\udc1c\ud835\udc22\ud835\udc1a<\/title>\n<meta name=\"robots\" content=\"index, follow, max-snippet:-1, max-image-preview:large, max-video-preview:-1\" \/>\n<link rel=\"canonical\" href=\"https:\/\/shop.bazarcia.com\/en\/product\/projeto-misto-bolsinha-ovelhinha-brinde\/\" \/>\n<meta property=\"og:locale\" content=\"en_US\" \/>\n<meta property=\"og:type\" content=\"article\" \/>\n<meta property=\"og:title\" content=\"Projeto Misto - Bolsinha Ovelhinha [BRINDE] - \ud835\udc1b\ud835\udc1a\ud835\udc33\ud835\udc1a\ud835\udc2b &amp; \ud835\udc1c\ud835\udc22\ud835\udc1a\" \/>\n<meta property=\"og:description\" content=\"Um projeto misto de costura e bordado de uma bolsinha super fofa de ovelhinha para encher do bombons e presentear nessa p\u00e1scoa. Esperamos que gostem e que fa\u00e7am muitas lindezas!  Para fazer o download do arquivo clique AQUI.  Matrizes e moldes para bastidores: 14x14, 13x18, 15x26, 16x26 e 20x20. Extens\u00f5es dispon\u00edveis: DST, EXP, HUS, JEF, PES e XXX  O tutorial foi ensinado na nossa live do dia 13\/03 e para assist\u00ed-la \u00e9 s\u00f3 clicar AQUI.  Fa\u00e7am muitas lindezas e n\u00e3o se esque\u00e7am de nos marcar nas redes sociais para que possamos prestigiar o trabalho de voc\u00eas &lt;3\" \/>\n<meta property=\"og:url\" content=\"https:\/\/shop.bazarcia.com\/en\/product\/projeto-misto-bolsinha-ovelhinha-brinde\/\" \/>\n<meta property=\"og:site_name\" content=\"\ud835\udc1b\ud835\udc1a\ud835\udc33\ud835\udc1a\ud835\udc2b &amp; \ud835\udc1c\ud835\udc22\ud835\udc1a\" \/>\n<meta property=\"article:publisher\" content=\"https:\/\/www.facebook.com\/shopbazarcia\" \/>\n<meta property=\"article:modified_time\" content=\"2023-04-03T10:45:29+00:00\" \/>\n<meta property=\"og:image\" content=\"https:\/\/shop.bazarcia.com\/wp-content\/uploads\/2021\/03\/Projeto-na-Bordadeira-Bolsinha-ovelhinha.png\" \/>\n\t<meta property=\"og:image:width\" content=\"1084\" \/>\n\t<meta property=\"og:image:height\" content=\"1083\" \/>\n\t<meta property=\"og:image:type\" content=\"image\/png\" \/>\n<meta name=\"twitter:card\" content=\"summary_large_image\" \/>\n<meta name=\"twitter:label1\" content=\"Est. reading time\" \/>\n\t<meta name=\"twitter:data1\" content=\"1 minute\" \/>\n<script type=\"application\/ld+json\" class=\"yoast-schema-graph\">{\"@context\":\"https:\/\/schema.org\",\"@graph\":[{\"@type\":\"WebPage\",\"@id\":\"https:\/\/shop.bazarcia.com\/produto\/projeto-misto-bolsinha-ovelhinha-brinde\/\",\"url\":\"https:\/\/shop.bazarcia.com\/produto\/projeto-misto-bolsinha-ovelhinha-brinde\/\",\"name\":\"Projeto Misto - Bolsinha Ovelhinha [BRINDE] - \ud835\udc1b\ud835\udc1a\ud835\udc33\ud835\udc1a\ud835\udc2b &amp; \ud835\udc1c\ud835\udc22\ud835\udc1a\",\"isPartOf\":{\"@id\":\"https:\/\/shop.bazarcia.com\/#website\"},\"primaryImageOfPage\":{\"@id\":\"https:\/\/shop.bazarcia.com\/produto\/projeto-misto-bolsinha-ovelhinha-brinde\/#primaryimage\"},\"image\":{\"@id\":\"https:\/\/shop.bazarcia.com\/produto\/projeto-misto-bolsinha-ovelhinha-brinde\/#primaryimage\"},\"thumbnailUrl\":\"https:\/\/shop.bazarcia.com\/wp-content\/uploads\/2021\/03\/Projeto-na-Bordadeira-Bolsinha-ovelhinha.png\",\"datePublished\":\"2021-03-13T21:56:09+00:00\",\"dateModified\":\"2023-04-03T10:45:29+00:00\",\"breadcrumb\":{\"@id\":\"https:\/\/shop.bazarcia.com\/produto\/projeto-misto-bolsinha-ovelhinha-brinde\/#breadcrumb\"},\"inLanguage\":\"en-US\",\"potentialAction\":[{\"@type\":\"ReadAction\",\"target\":[\"https:\/\/shop.bazarcia.com\/produto\/projeto-misto-bolsinha-ovelhinha-brinde\/\"]}]},{\"@type\":\"ImageObject\",\"inLanguage\":\"en-US\",\"@id\":\"https:\/\/shop.bazarcia.com\/produto\/projeto-misto-bolsinha-ovelhinha-brinde\/#primaryimage\",\"url\":\"https:\/\/shop.bazarcia.com\/wp-content\/uploads\/2021\/03\/Projeto-na-Bordadeira-Bolsinha-ovelhinha.png\",\"contentUrl\":\"https:\/\/shop.bazarcia.com\/wp-content\/uploads\/2021\/03\/Projeto-na-Bordadeira-Bolsinha-ovelhinha.png\",\"width\":1084,\"height\":1083},{\"@type\":\"BreadcrumbList\",\"@id\":\"https:\/\/shop.bazarcia.com\/produto\/projeto-misto-bolsinha-ovelhinha-brinde\/#breadcrumb\",\"itemListElement\":[{\"@type\":\"ListItem\",\"position\":1,\"name\":\"In\u00edcio\",\"item\":\"https:\/\/shop.bazarcia.com\/\"},{\"@type\":\"ListItem\",\"position\":2,\"name\":\"Loja\",\"item\":\"https:\/\/shop.bazarcia.com\/loja\/\"},{\"@type\":\"ListItem\",\"position\":3,\"name\":\"Projeto Misto &#8211; Bolsinha Ovelhinha [BRINDE]\"}]},{\"@type\":\"WebSite\",\"@id\":\"https:\/\/shop.bazarcia.com\/#website\",\"url\":\"https:\/\/shop.bazarcia.com\/\",\"name\":\"Bazar & Cia\",\"description\":\"criatividade ponto a ponto\",\"publisher\":{\"@id\":\"https:\/\/shop.bazarcia.com\/#organization\"},\"potentialAction\":[{\"@type\":\"SearchAction\",\"target\":{\"@type\":\"EntryPoint\",\"urlTemplate\":\"https:\/\/shop.bazarcia.com\/?s={search_term_string}\"},\"query-input\":{\"@type\":\"PropertyValueSpecification\",\"valueRequired\":true,\"valueName\":\"search_term_string\"}}],\"inLanguage\":\"en-US\"},{\"@type\":\"Organization\",\"@id\":\"https:\/\/shop.bazarcia.com\/#organization\",\"name\":\"Bazar & Cia\",\"url\":\"https:\/\/shop.bazarcia.com\/\",\"logo\":{\"@type\":\"ImageObject\",\"inLanguage\":\"en-US\",\"@id\":\"https:\/\/shop.bazarcia.com\/#\/schema\/logo\/image\/\",\"url\":\"https:\/\/shop.bazarcia.com\/wp-content\/uploads\/2024\/02\/cropped-logo_bazarcia.png\",\"contentUrl\":\"https:\/\/shop.bazarcia.com\/wp-content\/uploads\/2024\/02\/cropped-logo_bazarcia.png\",\"width\":150,\"height\":150,\"caption\":\"Bazar & Cia\"},\"image\":{\"@id\":\"https:\/\/shop.bazarcia.com\/#\/schema\/logo\/image\/\"},\"sameAs\":[\"https:\/\/www.facebook.com\/shopbazarcia\",\"https:\/\/www.instagram.com\/shopbazarcia\",\"https:\/\/br.pinterest.com\/suzane_eloise\/\",\"https:\/\/www.youtube.com\/c\/BazardoBordadoMatrizeseProjetos\"]}]}<\/script>\n<!-- \/ Yoast SEO plugin. -->","yoast_head_json":{"title":"Projeto Misto - Bolsinha Ovelhinha [BRINDE] - \ud835\udc1b\ud835\udc1a\ud835\udc33\ud835\udc1a\ud835\udc2b &amp; \ud835\udc1c\ud835\udc22\ud835\udc1a","robots":{"index":"index","follow":"follow","max-snippet":"max-snippet:-1","max-image-preview":"max-image-preview:large","max-video-preview":"max-video-preview:-1"},"canonical":"https:\/\/shop.bazarcia.com\/en\/product\/projeto-misto-bolsinha-ovelhinha-brinde\/","og_locale":"en_US","og_type":"article","og_title":"Projeto Misto - Bolsinha Ovelhinha [BRINDE] - \ud835\udc1b\ud835\udc1a\ud835\udc33\ud835\udc1a\ud835\udc2b &amp; \ud835\udc1c\ud835\udc22\ud835\udc1a","og_description":"Um projeto misto de costura e bordado de uma bolsinha super fofa de ovelhinha para encher do bombons e presentear nessa p\u00e1scoa. Esperamos que gostem e que fa\u00e7am muitas lindezas!  Para fazer o download do arquivo clique AQUI.  Matrizes e moldes para bastidores: 14x14, 13x18, 15x26, 16x26 e 20x20. Extens\u00f5es dispon\u00edveis: DST, EXP, HUS, JEF, PES e XXX  O tutorial foi ensinado na nossa live do dia 13\/03 e para assist\u00ed-la \u00e9 s\u00f3 clicar AQUI.  Fa\u00e7am muitas lindezas e n\u00e3o se esque\u00e7am de nos marcar nas redes sociais para que possamos prestigiar o trabalho de voc\u00eas &lt;3","og_url":"https:\/\/shop.bazarcia.com\/en\/product\/projeto-misto-bolsinha-ovelhinha-brinde\/","og_site_name":"\ud835\udc1b\ud835\udc1a\ud835\udc33\ud835\udc1a\ud835\udc2b &amp; \ud835\udc1c\ud835\udc22\ud835\udc1a","article_publisher":"https:\/\/www.facebook.com\/shopbazarcia","article_modified_time":"2023-04-03T10:45:29+00:00","og_image":[{"width":1084,"height":1083,"url":"https:\/\/shop.bazarcia.com\/wp-content\/uploads\/2021\/03\/Projeto-na-Bordadeira-Bolsinha-ovelhinha.png","type":"image\/png"}],"twitter_card":"summary_large_image","twitter_misc":{"Est. reading time":"1 minute"},"schema":{"@context":"https:\/\/schema.org","@graph":[{"@type":"WebPage","@id":"https:\/\/shop.bazarcia.com\/produto\/projeto-misto-bolsinha-ovelhinha-brinde\/","url":"https:\/\/shop.bazarcia.com\/produto\/projeto-misto-bolsinha-ovelhinha-brinde\/","name":"Projeto Misto - Bolsinha Ovelhinha [BRINDE] - \ud835\udc1b\ud835\udc1a\ud835\udc33\ud835\udc1a\ud835\udc2b &amp; \ud835\udc1c\ud835\udc22\ud835\udc1a","isPartOf":{"@id":"https:\/\/shop.bazarcia.com\/#website"},"primaryImageOfPage":{"@id":"https:\/\/shop.bazarcia.com\/produto\/projeto-misto-bolsinha-ovelhinha-brinde\/#primaryimage"},"image":{"@id":"https:\/\/shop.bazarcia.com\/produto\/projeto-misto-bolsinha-ovelhinha-brinde\/#primaryimage"},"thumbnailUrl":"https:\/\/shop.bazarcia.com\/wp-content\/uploads\/2021\/03\/Projeto-na-Bordadeira-Bolsinha-ovelhinha.png","datePublished":"2021-03-13T21:56:09+00:00","dateModified":"2023-04-03T10:45:29+00:00","breadcrumb":{"@id":"https:\/\/shop.bazarcia.com\/produto\/projeto-misto-bolsinha-ovelhinha-brinde\/#breadcrumb"},"inLanguage":"en-US","potentialAction":[{"@type":"ReadAction","target":["https:\/\/shop.bazarcia.com\/produto\/projeto-misto-bolsinha-ovelhinha-brinde\/"]}]},{"@type":"ImageObject","inLanguage":"en-US","@id":"https:\/\/shop.bazarcia.com\/produto\/projeto-misto-bolsinha-ovelhinha-brinde\/#primaryimage","url":"https:\/\/shop.bazarcia.com\/wp-content\/uploads\/2021\/03\/Projeto-na-Bordadeira-Bolsinha-ovelhinha.png","contentUrl":"https:\/\/shop.bazarcia.com\/wp-content\/uploads\/2021\/03\/Projeto-na-Bordadeira-Bolsinha-ovelhinha.png","width":1084,"height":1083},{"@type":"BreadcrumbList","@id":"https:\/\/shop.bazarcia.com\/produto\/projeto-misto-bolsinha-ovelhinha-brinde\/#breadcrumb","itemListElement":[{"@type":"ListItem","position":1,"name":"In\u00edcio","item":"https:\/\/shop.bazarcia.com\/"},{"@type":"ListItem","position":2,"name":"Loja","item":"https:\/\/shop.bazarcia.com\/loja\/"},{"@type":"ListItem","position":3,"name":"Projeto Misto &#8211; Bolsinha Ovelhinha [BRINDE]"}]},{"@type":"WebSite","@id":"https:\/\/shop.bazarcia.com\/#website","url":"https:\/\/shop.bazarcia.com\/","name":"Bazar & Cia","description":"criatividade ponto a ponto","publisher":{"@id":"https:\/\/shop.bazarcia.com\/#organization"},"potentialAction":[{"@type":"SearchAction","target":{"@type":"EntryPoint","urlTemplate":"https:\/\/shop.bazarcia.com\/?s={search_term_string}"},"query-input":{"@type":"PropertyValueSpecification","valueRequired":true,"valueName":"search_term_string"}}],"inLanguage":"en-US"},{"@type":"Organization","@id":"https:\/\/shop.bazarcia.com\/#organization","name":"Bazar & Cia","url":"https:\/\/shop.bazarcia.com\/","logo":{"@type":"ImageObject","inLanguage":"en-US","@id":"https:\/\/shop.bazarcia.com\/#\/schema\/logo\/image\/","url":"https:\/\/shop.bazarcia.com\/wp-content\/uploads\/2024\/02\/cropped-logo_bazarcia.png","contentUrl":"https:\/\/shop.bazarcia.com\/wp-content\/uploads\/2024\/02\/cropped-logo_bazarcia.png","width":150,"height":150,"caption":"Bazar & Cia"},"image":{"@id":"https:\/\/shop.bazarcia.com\/#\/schema\/logo\/image\/"},"sameAs":["https:\/\/www.facebook.com\/shopbazarcia","https:\/\/www.instagram.com\/shopbazarcia","https:\/\/br.pinterest.com\/suzane_eloise\/","https:\/\/www.youtube.com\/c\/BazardoBordadoMatrizeseProjetos"]}]}},"_links":{"self":[{"href":"https:\/\/shop.bazarcia.com\/en\/wp-json\/wp\/v2\/product\/85899","targetHints":{"allow":["GET"]}}],"collection":[{"href":"https:\/\/shop.bazarcia.com\/en\/wp-json\/wp\/v2\/product"}],"about":[{"href":"https:\/\/shop.bazarcia.com\/en\/wp-json\/wp\/v2\/types\/product"}],"replies":[{"embeddable":true,"href":"https:\/\/shop.bazarcia.com\/en\/wp-json\/wp\/v2\/comments?post=85899"}],"version-history":[{"count":0,"href":"https:\/\/shop.bazarcia.com\/en\/wp-json\/wp\/v2\/product\/85899\/revisions"}],"wp:featuredmedia":[{"embeddable":true,"href":"https:\/\/shop.bazarcia.com\/en\/wp-json\/wp\/v2\/media\/85898"}],"wp:attachment":[{"href":"https:\/\/shop.bazarcia.com\/en\/wp-json\/wp\/v2\/media?parent=85899"}],"wp:term":[{"taxonomy":"product_brand","embeddable":true,"href":"https:\/\/shop.bazarcia.com\/en\/wp-json\/wp\/v2\/product_brand?post=85899"},{"taxonomy":"product_cat","embeddable":true,"href":"https:\/\/shop.bazarcia.com\/en\/wp-json\/wp\/v2\/product_cat?post=85899"},{"taxonomy":"product_tag","embeddable":true,"href":"https:\/\/shop.bazarcia.com\/en\/wp-json\/wp\/v2\/product_tag?post=85899"}],"curies":[{"name":"wp","href":"https:\/\/api.w.org\/{rel}","templated":true}]}}