{"id":86166,"date":"2021-03-15T21:04:54","date_gmt":"2021-03-16T00:04:54","guid":{"rendered":"https:\/\/shop.bazarcia.com\/produto\/matriz-de-bordado-projeto-ovelhinha-3d-feito-na-bordadeira\/"},"modified":"2021-03-15T21:10:13","modified_gmt":"2021-03-16T00:10:13","slug":"matriz-de-bordado-projeto-ovelhinha-3d-feito-na-bordadeira","status":"publish","type":"product","link":"https:\/\/shop.bazarcia.com\/en\/product\/matriz-de-bordado-projeto-ovelhinha-3d-feito-na-bordadeira\/","title":{"rendered":"Matriz de Bordado \u2013 Projeto Ovelhinha 3D feito na Bordadeira"},"content":{"rendered":"<p style=\"margin-top: 0px;margin-bottom: 2.857em;color: #686c6f;font-family: 'Open Sans', HelveticaNeue-Light, 'Helvetica Neue Light', 'Helvetica Neue', Helvetica, Arial, 'Lucida Grande', sans-serif;font-size: 14px;letter-spacing: -0.14px;background-color: #eac9d5\"><span style=\"margin-bottom: 0px;font-family: Arial, sans-serif\"><span style=\"font-weight: bold;margin-bottom: 0px\">Projeto de Ovelhinha todo feito na Bordadeira\u00a0<\/span><\/span><\/p>\n<p style=\"margin-top: 0px;margin-bottom: 2.857em;color: #686c6f;font-family: 'Open Sans', HelveticaNeue-Light, 'Helvetica Neue Light', 'Helvetica Neue', Helvetica, Arial, 'Lucida Grande', sans-serif;font-size: 14px;letter-spacing: -0.14px;background-color: #eac9d5\"><span style=\"margin-bottom: 0px;font-family: Arial, sans-serif\"><span style=\"font-weight: bold;margin-bottom: 0px\">Possui 2 tamanhos de Ovelhinha sendo na vers\u00e3o menino e menina ! Os tamanhos est\u00e1o nas fotos, portanto e necess\u00e1rio verificar!<\/span><\/span><\/p>\n<p style=\"margin-top: 0px;margin-bottom: 2.857em;color: #686c6f;font-family: 'Open Sans', HelveticaNeue-Light, 'Helvetica Neue Light', 'Helvetica Neue', Helvetica, Arial, 'Lucida Grande', sans-serif;font-size: 14px;letter-spacing: -0.14px;background-color: #eac9d5\"><span style=\"font-weight: bold;margin-bottom: 0px\">As ovelhinhas\u00a0 s\u00e3o feitos em 2 etapas, sendo a primeira as orelhinhas e depois os bracinhos, feito retire do bastidor desvire as orelhas e reserve, depois os bracinhos desvire\u00a0 enche com fibra de silicone e alinhave o aberto para melhor acabamento, reserve.<\/span><\/p>\n<p style=\"margin-top: 0px;margin-bottom: 2.857em;color: #686c6f;font-family: 'Open Sans', HelveticaNeue-Light, 'Helvetica Neue Light', 'Helvetica Neue', Helvetica, Arial, 'Lucida Grande', sans-serif;font-size: 14px;letter-spacing: -0.14px;background-color: #eac9d5\"><span style=\"font-weight: bold;margin-bottom: 0px\">Em seguida coloque o bastidor novamente com a entretela colocando o tecido desejado e fa\u00e7a a marca\u00e7ao. Colocando o tecido pra bordar, em seguida fa\u00e7a a marca\u00e7\u00e3o do rostinho, coloque o tecido e borde novamente para prender, depois recorte somente na parte superior e inferior q seria no lugar do pescocinho, finaliza essa parte com ponto cheio. Borde o rostinho, (olhinhos, corac\u00e3o\/bolinha, la\u00e7o, bochechas, em seguida ira fazer a marca\u00e7\u00e3o pra posicionar as orelhinhas, posicione coloque fita crepe para segurar e passe a outra costura. Depois e s\u00f3 colocar o tecido com o lado direto para baixo e finalize com a costura final.\u00a0 Em seguida retira do bastidor desvire com cuidado enche bem com fibra de silicone, pode ate usar um pincel ou um desvira boneca pra ajudar encher para que ele nao fique com preguinhas e alinhave. Para colocar os bracinhos costure\u00a0 com agulha de m\u00e3o onde achar melhor pode usar um bot\u00e3o pra finalizar e da um charme na pe\u00e7a tamb\u00e9m. Faca um lacinho para a gravatinha do menino. Use e abuse de sua imagina\u00e7\u00e3o!!<\/span><\/p>\n<p style=\"margin-top: 0px;margin-bottom: 2.857em;color: #686c6f;font-family: 'Open Sans', HelveticaNeue-Light, 'Helvetica Neue Light', 'Helvetica Neue', Helvetica, Arial, 'Lucida Grande', sans-serif;font-size: 14px;letter-spacing: -0.14px;background-color: #eac9d5\"><span style=\"font-weight: bold;margin-bottom: 0px\"><span style=\"margin-bottom: 0px;font-family: Arial, sans-serif;color: #333333\">Os arquivos est\u00e3o em pasta compactada(zip), sendo necess\u00e1rio descompact\u00e1 \u2013 la.<\/span><\/span><\/p>\n<p style=\"margin-top: 0px;margin-bottom: 2.857em;color: #686c6f;font-family: 'Open Sans', HelveticaNeue-Light, 'Helvetica Neue Light', 'Helvetica Neue', Helvetica, Arial, 'Lucida Grande', sans-serif;font-size: 14px;letter-spacing: -0.14px;background-color: #eac9d5\"><span style=\"font-weight: bold;margin-bottom: 0px\"><span style=\"margin-bottom: 0px;font-family: Arial, sans-serif;color: #333333\">Os mesmos s\u00e3o compat\u00edveis com v\u00e1rios tipos e modelos de m\u00e1quinas, com os seguintes formatos:<\/span><\/span><\/p>\n<p style=\"margin-top: 0px;margin-bottom: 0px;color: #686c6f;font-family: 'Open Sans', HelveticaNeue-Light, 'Helvetica Neue Light', 'Helvetica Neue', Helvetica, Arial, 'Lucida Grande', sans-serif;font-size: 14px;letter-spacing: -0.14px;background-color: #eac9d5\"><span style=\"font-weight: bold;margin-bottom: 0px\"><span style=\"margin-bottom: 0px;font-family: Arial, sans-serif;color: #333333\">pes \u2013 xxx \u2013 jef \u2013 dst<\/span><\/span><\/p>","protected":false},"excerpt":{"rendered":"<p>Projeto de Ovelhinhas toda feita na Bordadeira<\/p>\n<p>Possui 2 tamanhos de Ovelhinhas sendo na vers\u00e3o menino e menina ! Os tamanhos est\u00e1o nas fotos, portanto e necess\u00e1rio verificar!<\/p>\n<p>Temos um pequeno pap nas descri\u00e7\u00f5es logo abaixo!!<\/p>","protected":false},"featured_media":86160,"comment_status":"open","ping_status":"closed","template":"","meta":{"_acf_changed":false,"_joinchat":[]},"product_brand":[],"product_cat":[84,165,98,1330,1373],"product_tag":[1435],"class_list":{"0":"post-86166","1":"product","2":"type-product","3":"status-publish","4":"has-post-thumbnail","6":"product_cat-matrizes-de-bordado","7":"product_cat-matriz-de-bordado-pascoa","8":"product_cat-projetos-na-bordadeira-in-the-hoop-embroidery","9":"product_cat-projetos-para-datas-especiais","10":"product_cat-pascoa-projetos-para-datas-especiais","11":"product_tag-projeto-na-bordadeira-ith","13":"first","14":"instock","15":"sale","16":"downloadable","17":"virtual","18":"purchasable","19":"product-type-simple"},"acf":[],"yoast_head":"<!-- This site is optimized with the Yoast SEO plugin v27.2 - https:\/\/yoast.com\/product\/yoast-seo-wordpress\/ -->\n<title>Matriz de Bordado \u2013 Projeto Ovelhinha 3D feito na Bordadeira - \ud835\udc1b\ud835\udc1a\ud835\udc33\ud835\udc1a\ud835\udc2b &amp; \ud835\udc1c\ud835\udc22\ud835\udc1a<\/title>\n<meta name=\"robots\" content=\"index, follow, max-snippet:-1, max-image-preview:large, max-video-preview:-1\" \/>\n<link rel=\"canonical\" href=\"https:\/\/shop.bazarcia.com\/en\/product\/matriz-de-bordado-projeto-ovelhinha-3d-feito-na-bordadeira\/\" \/>\n<meta property=\"og:locale\" content=\"en_US\" \/>\n<meta property=\"og:type\" content=\"article\" \/>\n<meta property=\"og:title\" content=\"Matriz de Bordado \u2013 Projeto Ovelhinha 3D feito na Bordadeira - \ud835\udc1b\ud835\udc1a\ud835\udc33\ud835\udc1a\ud835\udc2b &amp; \ud835\udc1c\ud835\udc22\ud835\udc1a\" \/>\n<meta property=\"og:description\" content=\"Projeto de Ovelhinhas toda feita na Bordadeira  Possui 2 tamanhos de Ovelhinhas sendo na vers\u00e3o menino e menina ! Os tamanhos est\u00e1o nas fotos, portanto e necess\u00e1rio verificar!  Temos um pequeno pap nas descri\u00e7\u00f5es logo abaixo!!\" \/>\n<meta property=\"og:url\" content=\"https:\/\/shop.bazarcia.com\/en\/product\/matriz-de-bordado-projeto-ovelhinha-3d-feito-na-bordadeira\/\" \/>\n<meta property=\"og:site_name\" content=\"\ud835\udc1b\ud835\udc1a\ud835\udc33\ud835\udc1a\ud835\udc2b &amp; \ud835\udc1c\ud835\udc22\ud835\udc1a\" \/>\n<meta property=\"article:publisher\" content=\"https:\/\/www.facebook.com\/shopbazarcia\" \/>\n<meta property=\"article:modified_time\" content=\"2021-03-16T00:10:13+00:00\" \/>\n<meta property=\"og:image\" content=\"https:\/\/shop.bazarcia.com\/wp-content\/uploads\/2021\/03\/262bd014-006b-473f-88fb-d554738b863f.jpeg\" \/>\n\t<meta property=\"og:image:width\" content=\"320\" \/>\n\t<meta property=\"og:image:height\" content=\"320\" \/>\n\t<meta property=\"og:image:type\" content=\"image\/jpeg\" \/>\n<meta name=\"twitter:card\" content=\"summary_large_image\" \/>\n<meta name=\"twitter:label1\" content=\"Est. reading time\" \/>\n\t<meta name=\"twitter:data1\" content=\"1 minute\" \/>\n<script type=\"application\/ld+json\" class=\"yoast-schema-graph\">{\"@context\":\"https:\/\/schema.org\",\"@graph\":[{\"@type\":\"WebPage\",\"@id\":\"https:\/\/shop.bazarcia.com\/produto\/matriz-de-bordado-projeto-ovelhinha-3d-feito-na-bordadeira\/\",\"url\":\"https:\/\/shop.bazarcia.com\/produto\/matriz-de-bordado-projeto-ovelhinha-3d-feito-na-bordadeira\/\",\"name\":\"Matriz de Bordado \u2013 Projeto Ovelhinha 3D feito na Bordadeira - \ud835\udc1b\ud835\udc1a\ud835\udc33\ud835\udc1a\ud835\udc2b &amp; \ud835\udc1c\ud835\udc22\ud835\udc1a\",\"isPartOf\":{\"@id\":\"https:\/\/shop.bazarcia.com\/#website\"},\"primaryImageOfPage\":{\"@id\":\"https:\/\/shop.bazarcia.com\/produto\/matriz-de-bordado-projeto-ovelhinha-3d-feito-na-bordadeira\/#primaryimage\"},\"image\":{\"@id\":\"https:\/\/shop.bazarcia.com\/produto\/matriz-de-bordado-projeto-ovelhinha-3d-feito-na-bordadeira\/#primaryimage\"},\"thumbnailUrl\":\"https:\/\/shop.bazarcia.com\/wp-content\/uploads\/2021\/03\/262bd014-006b-473f-88fb-d554738b863f.jpeg\",\"datePublished\":\"2021-03-16T00:04:54+00:00\",\"dateModified\":\"2021-03-16T00:10:13+00:00\",\"breadcrumb\":{\"@id\":\"https:\/\/shop.bazarcia.com\/produto\/matriz-de-bordado-projeto-ovelhinha-3d-feito-na-bordadeira\/#breadcrumb\"},\"inLanguage\":\"en-US\",\"potentialAction\":[{\"@type\":\"ReadAction\",\"target\":[\"https:\/\/shop.bazarcia.com\/produto\/matriz-de-bordado-projeto-ovelhinha-3d-feito-na-bordadeira\/\"]}]},{\"@type\":\"ImageObject\",\"inLanguage\":\"en-US\",\"@id\":\"https:\/\/shop.bazarcia.com\/produto\/matriz-de-bordado-projeto-ovelhinha-3d-feito-na-bordadeira\/#primaryimage\",\"url\":\"https:\/\/shop.bazarcia.com\/wp-content\/uploads\/2021\/03\/262bd014-006b-473f-88fb-d554738b863f.jpeg\",\"contentUrl\":\"https:\/\/shop.bazarcia.com\/wp-content\/uploads\/2021\/03\/262bd014-006b-473f-88fb-d554738b863f.jpeg\",\"width\":320,\"height\":320},{\"@type\":\"BreadcrumbList\",\"@id\":\"https:\/\/shop.bazarcia.com\/produto\/matriz-de-bordado-projeto-ovelhinha-3d-feito-na-bordadeira\/#breadcrumb\",\"itemListElement\":[{\"@type\":\"ListItem\",\"position\":1,\"name\":\"In\u00edcio\",\"item\":\"https:\/\/shop.bazarcia.com\/\"},{\"@type\":\"ListItem\",\"position\":2,\"name\":\"Loja\",\"item\":\"https:\/\/shop.bazarcia.com\/loja\/\"},{\"@type\":\"ListItem\",\"position\":3,\"name\":\"Matriz de Bordado \u2013 Projeto Ovelhinha 3D feito na Bordadeira\"}]},{\"@type\":\"WebSite\",\"@id\":\"https:\/\/shop.bazarcia.com\/#website\",\"url\":\"https:\/\/shop.bazarcia.com\/\",\"name\":\"Bazar & Cia\",\"description\":\"criatividade ponto a ponto\",\"publisher\":{\"@id\":\"https:\/\/shop.bazarcia.com\/#organization\"},\"potentialAction\":[{\"@type\":\"SearchAction\",\"target\":{\"@type\":\"EntryPoint\",\"urlTemplate\":\"https:\/\/shop.bazarcia.com\/?s={search_term_string}\"},\"query-input\":{\"@type\":\"PropertyValueSpecification\",\"valueRequired\":true,\"valueName\":\"search_term_string\"}}],\"inLanguage\":\"en-US\"},{\"@type\":\"Organization\",\"@id\":\"https:\/\/shop.bazarcia.com\/#organization\",\"name\":\"Bazar & Cia\",\"url\":\"https:\/\/shop.bazarcia.com\/\",\"logo\":{\"@type\":\"ImageObject\",\"inLanguage\":\"en-US\",\"@id\":\"https:\/\/shop.bazarcia.com\/#\/schema\/logo\/image\/\",\"url\":\"https:\/\/shop.bazarcia.com\/wp-content\/uploads\/2024\/02\/cropped-logo_bazarcia.png\",\"contentUrl\":\"https:\/\/shop.bazarcia.com\/wp-content\/uploads\/2024\/02\/cropped-logo_bazarcia.png\",\"width\":150,\"height\":150,\"caption\":\"Bazar & Cia\"},\"image\":{\"@id\":\"https:\/\/shop.bazarcia.com\/#\/schema\/logo\/image\/\"},\"sameAs\":[\"https:\/\/www.facebook.com\/shopbazarcia\",\"https:\/\/www.instagram.com\/shopbazarcia\",\"https:\/\/br.pinterest.com\/suzane_eloise\/\",\"https:\/\/www.youtube.com\/c\/BazardoBordadoMatrizeseProjetos\"]}]}<\/script>\n<!-- \/ Yoast SEO plugin. -->","yoast_head_json":{"title":"Matriz de Bordado \u2013 Projeto Ovelhinha 3D feito na Bordadeira - \ud835\udc1b\ud835\udc1a\ud835\udc33\ud835\udc1a\ud835\udc2b &amp; \ud835\udc1c\ud835\udc22\ud835\udc1a","robots":{"index":"index","follow":"follow","max-snippet":"max-snippet:-1","max-image-preview":"max-image-preview:large","max-video-preview":"max-video-preview:-1"},"canonical":"https:\/\/shop.bazarcia.com\/en\/product\/matriz-de-bordado-projeto-ovelhinha-3d-feito-na-bordadeira\/","og_locale":"en_US","og_type":"article","og_title":"Matriz de Bordado \u2013 Projeto Ovelhinha 3D feito na Bordadeira - \ud835\udc1b\ud835\udc1a\ud835\udc33\ud835\udc1a\ud835\udc2b &amp; \ud835\udc1c\ud835\udc22\ud835\udc1a","og_description":"Projeto de Ovelhinhas toda feita na Bordadeira  Possui 2 tamanhos de Ovelhinhas sendo na vers\u00e3o menino e menina ! Os tamanhos est\u00e1o nas fotos, portanto e necess\u00e1rio verificar!  Temos um pequeno pap nas descri\u00e7\u00f5es logo abaixo!!","og_url":"https:\/\/shop.bazarcia.com\/en\/product\/matriz-de-bordado-projeto-ovelhinha-3d-feito-na-bordadeira\/","og_site_name":"\ud835\udc1b\ud835\udc1a\ud835\udc33\ud835\udc1a\ud835\udc2b &amp; \ud835\udc1c\ud835\udc22\ud835\udc1a","article_publisher":"https:\/\/www.facebook.com\/shopbazarcia","article_modified_time":"2021-03-16T00:10:13+00:00","og_image":[{"width":320,"height":320,"url":"https:\/\/shop.bazarcia.com\/wp-content\/uploads\/2021\/03\/262bd014-006b-473f-88fb-d554738b863f.jpeg","type":"image\/jpeg"}],"twitter_card":"summary_large_image","twitter_misc":{"Est. reading time":"1 minute"},"schema":{"@context":"https:\/\/schema.org","@graph":[{"@type":"WebPage","@id":"https:\/\/shop.bazarcia.com\/produto\/matriz-de-bordado-projeto-ovelhinha-3d-feito-na-bordadeira\/","url":"https:\/\/shop.bazarcia.com\/produto\/matriz-de-bordado-projeto-ovelhinha-3d-feito-na-bordadeira\/","name":"Matriz de Bordado \u2013 Projeto Ovelhinha 3D feito na Bordadeira - \ud835\udc1b\ud835\udc1a\ud835\udc33\ud835\udc1a\ud835\udc2b &amp; \ud835\udc1c\ud835\udc22\ud835\udc1a","isPartOf":{"@id":"https:\/\/shop.bazarcia.com\/#website"},"primaryImageOfPage":{"@id":"https:\/\/shop.bazarcia.com\/produto\/matriz-de-bordado-projeto-ovelhinha-3d-feito-na-bordadeira\/#primaryimage"},"image":{"@id":"https:\/\/shop.bazarcia.com\/produto\/matriz-de-bordado-projeto-ovelhinha-3d-feito-na-bordadeira\/#primaryimage"},"thumbnailUrl":"https:\/\/shop.bazarcia.com\/wp-content\/uploads\/2021\/03\/262bd014-006b-473f-88fb-d554738b863f.jpeg","datePublished":"2021-03-16T00:04:54+00:00","dateModified":"2021-03-16T00:10:13+00:00","breadcrumb":{"@id":"https:\/\/shop.bazarcia.com\/produto\/matriz-de-bordado-projeto-ovelhinha-3d-feito-na-bordadeira\/#breadcrumb"},"inLanguage":"en-US","potentialAction":[{"@type":"ReadAction","target":["https:\/\/shop.bazarcia.com\/produto\/matriz-de-bordado-projeto-ovelhinha-3d-feito-na-bordadeira\/"]}]},{"@type":"ImageObject","inLanguage":"en-US","@id":"https:\/\/shop.bazarcia.com\/produto\/matriz-de-bordado-projeto-ovelhinha-3d-feito-na-bordadeira\/#primaryimage","url":"https:\/\/shop.bazarcia.com\/wp-content\/uploads\/2021\/03\/262bd014-006b-473f-88fb-d554738b863f.jpeg","contentUrl":"https:\/\/shop.bazarcia.com\/wp-content\/uploads\/2021\/03\/262bd014-006b-473f-88fb-d554738b863f.jpeg","width":320,"height":320},{"@type":"BreadcrumbList","@id":"https:\/\/shop.bazarcia.com\/produto\/matriz-de-bordado-projeto-ovelhinha-3d-feito-na-bordadeira\/#breadcrumb","itemListElement":[{"@type":"ListItem","position":1,"name":"In\u00edcio","item":"https:\/\/shop.bazarcia.com\/"},{"@type":"ListItem","position":2,"name":"Loja","item":"https:\/\/shop.bazarcia.com\/loja\/"},{"@type":"ListItem","position":3,"name":"Matriz de Bordado \u2013 Projeto Ovelhinha 3D feito na Bordadeira"}]},{"@type":"WebSite","@id":"https:\/\/shop.bazarcia.com\/#website","url":"https:\/\/shop.bazarcia.com\/","name":"Bazar & Cia","description":"criatividade ponto a ponto","publisher":{"@id":"https:\/\/shop.bazarcia.com\/#organization"},"potentialAction":[{"@type":"SearchAction","target":{"@type":"EntryPoint","urlTemplate":"https:\/\/shop.bazarcia.com\/?s={search_term_string}"},"query-input":{"@type":"PropertyValueSpecification","valueRequired":true,"valueName":"search_term_string"}}],"inLanguage":"en-US"},{"@type":"Organization","@id":"https:\/\/shop.bazarcia.com\/#organization","name":"Bazar & Cia","url":"https:\/\/shop.bazarcia.com\/","logo":{"@type":"ImageObject","inLanguage":"en-US","@id":"https:\/\/shop.bazarcia.com\/#\/schema\/logo\/image\/","url":"https:\/\/shop.bazarcia.com\/wp-content\/uploads\/2024\/02\/cropped-logo_bazarcia.png","contentUrl":"https:\/\/shop.bazarcia.com\/wp-content\/uploads\/2024\/02\/cropped-logo_bazarcia.png","width":150,"height":150,"caption":"Bazar & Cia"},"image":{"@id":"https:\/\/shop.bazarcia.com\/#\/schema\/logo\/image\/"},"sameAs":["https:\/\/www.facebook.com\/shopbazarcia","https:\/\/www.instagram.com\/shopbazarcia","https:\/\/br.pinterest.com\/suzane_eloise\/","https:\/\/www.youtube.com\/c\/BazardoBordadoMatrizeseProjetos"]}]}},"_links":{"self":[{"href":"https:\/\/shop.bazarcia.com\/en\/wp-json\/wp\/v2\/product\/86166","targetHints":{"allow":["GET"]}}],"collection":[{"href":"https:\/\/shop.bazarcia.com\/en\/wp-json\/wp\/v2\/product"}],"about":[{"href":"https:\/\/shop.bazarcia.com\/en\/wp-json\/wp\/v2\/types\/product"}],"replies":[{"embeddable":true,"href":"https:\/\/shop.bazarcia.com\/en\/wp-json\/wp\/v2\/comments?post=86166"}],"version-history":[{"count":0,"href":"https:\/\/shop.bazarcia.com\/en\/wp-json\/wp\/v2\/product\/86166\/revisions"}],"wp:featuredmedia":[{"embeddable":true,"href":"https:\/\/shop.bazarcia.com\/en\/wp-json\/wp\/v2\/media\/86160"}],"wp:attachment":[{"href":"https:\/\/shop.bazarcia.com\/en\/wp-json\/wp\/v2\/media?parent=86166"}],"wp:term":[{"taxonomy":"product_brand","embeddable":true,"href":"https:\/\/shop.bazarcia.com\/en\/wp-json\/wp\/v2\/product_brand?post=86166"},{"taxonomy":"product_cat","embeddable":true,"href":"https:\/\/shop.bazarcia.com\/en\/wp-json\/wp\/v2\/product_cat?post=86166"},{"taxonomy":"product_tag","embeddable":true,"href":"https:\/\/shop.bazarcia.com\/en\/wp-json\/wp\/v2\/product_tag?post=86166"}],"curies":[{"name":"wp","href":"https:\/\/api.w.org\/{rel}","templated":true}]}}