{"id":86784,"date":"2021-03-18T09:59:48","date_gmt":"2021-03-18T12:59:48","guid":{"rendered":"https:\/\/shop.bazarcia.com\/produto\/pre-venda-matrizes-de-bordados-colecao-dinos\/"},"modified":"2024-01-06T18:13:23","modified_gmt":"2024-01-06T21:13:23","slug":"pre-venda-matrizes-de-bordados-colecao-dinos","status":"publish","type":"product","link":"https:\/\/shop.bazarcia.com\/en\/product\/pre-venda-matrizes-de-bordados-colecao-dinos\/","title":{"rendered":"Matrizes de Bordados \u2013 Cole\u00e7\u00e3o Dinos"},"content":{"rendered":"<p style=\"margin-top: 0px;margin-bottom: 2.857em;color: #686c6f;font-family: 'Open Sans', HelveticaNeue-Light, 'Helvetica Neue Light', 'Helvetica Neue', Helvetica, Arial, 'Lucida Grande', sans-serif;font-size: 14px;letter-spacing: -0.14px;background-color: #eac9d5\">Cole\u00e7\u00e3o preparada com muito carinho para voc\u00ea querido (a) cliente.<\/p>\n<p style=\"margin-top: 0px;margin-bottom: 2.857em;color: #686c6f;font-family: 'Open Sans', HelveticaNeue-Light, 'Helvetica Neue Light', 'Helvetica Neue', Helvetica, Arial, 'Lucida Grande', sans-serif;font-size: 14px;letter-spacing: -0.14px;background-color: #eac9d5\">Produto vendido de forma digital e n\u00e3o f\u00edsica!<\/p>\n<p style=\"margin-top: 0px;margin-bottom: 2.857em;color: #686c6f;font-family: 'Open Sans', HelveticaNeue-Light, 'Helvetica Neue Light', 'Helvetica Neue', Helvetica, Arial, 'Lucida Grande', sans-serif;font-size: 14px;letter-spacing: -0.14px;background-color: #eac9d5\"><span style=\"font-weight: bold;margin-bottom: 0px\">Ser\u00e3o 12 dinossauros fofurentos com pontos leves, ideal para fraldinhas, bordados delicados para beb\u00ea.<\/span><\/p>\n<p style=\"margin-top: 0px;margin-bottom: 2.857em;color: #686c6f;font-family: 'Open Sans', HelveticaNeue-Light, 'Helvetica Neue Light', 'Helvetica Neue', Helvetica, Arial, 'Lucida Grande', sans-serif;font-size: 14px;letter-spacing: -0.14px;background-color: #eac9d5\">Teremos brindes surpresa<\/p>\n<p style=\"margin-top: 0px;margin-bottom: 2.857em;color: #686c6f;font-family: 'Open Sans', HelveticaNeue-Light, 'Helvetica Neue Light', 'Helvetica Neue', Helvetica, Arial, 'Lucida Grande', sans-serif;font-size: 14px;letter-spacing: -0.14px;background-color: #eac9d5\">Tamanhos 10 , 12 e 14 cm<\/p>\n<p style=\"margin-top: 0px;margin-bottom: 2.857em;color: #686c6f;font-family: 'Open Sans', HelveticaNeue-Light, 'Helvetica Neue Light', 'Helvetica Neue', Helvetica, Arial, 'Lucida Grande', sans-serif;font-size: 14px;letter-spacing: -0.14px;background-color: #eac9d5\">Os tamanhos, cores e trocas de linhas tamb\u00e9m pode ser conferidos nas fotos!<\/p>\n<p style=\"margin-top: 0px;margin-bottom: 2.857em;color: #686c6f;font-family: 'Open Sans', HelveticaNeue-Light, 'Helvetica Neue Light', 'Helvetica Neue', Helvetica, Arial, 'Lucida Grande', sans-serif;font-size: 14px;letter-spacing: -0.14px;background-color: #eac9d5\">Pr\u00e9 \u2013 venda at\u00e9 dia 04\/04\/2021.<\/p>\n<p style=\"margin-top: 0px;margin-bottom: 2.857em;color: #686c6f;font-family: 'Open Sans', HelveticaNeue-Light, 'Helvetica Neue Light', 'Helvetica Neue', Helvetica, Arial, 'Lucida Grande', sans-serif;font-size: 14px;letter-spacing: -0.14px;background-color: #eac9d5\">A entrega ser\u00e1 dia\u00a0<span style=\"font-weight: bold;margin-bottom: 0px\">05\/04\/2021<\/span>\u00a0aqui mesmo na sua conta \u00e0 partir das 16:00 hs! N\u00e3o enviamos por email.<\/p>\n<p style=\"margin-top: 0px;margin-bottom: 2.857em;color: #686c6f;font-family: 'Open Sans', HelveticaNeue-Light, 'Helvetica Neue Light', 'Helvetica Neue', Helvetica, Arial, 'Lucida Grande', sans-serif;font-size: 14px;letter-spacing: -0.14px;background-color: #eac9d5\">Os arquivos est\u00e3o em pasta compactada (zip), sendo necess\u00e1rio descompact\u00e1 \u2013 las. Os mesmos s\u00e3o compat\u00edveis com v\u00e1rios tipos e modelos de m\u00e1quinas, com os seguintes formatos: PES \u2013 DST \u2013 JEF \u2013 XXX<\/p>\n<ul style=\"margin-top: 0px;margin-bottom: 0px;color: #686c6f;font-family: 'Open Sans', HelveticaNeue-Light, 'Helvetica Neue Light', 'Helvetica Neue', Helvetica, Arial, 'Lucida Grande', sans-serif;font-size: 14px;letter-spacing: -0.14px;background-color: #eac9d5\">\n<li style=\"margin-bottom: 0px\"><span style=\"font-weight: bold;margin-bottom: 0px\"><span style=\"margin-bottom: 0px;color: #777777;font-family: Lato, Arial, Helvetica, sans-serif\">Adquirindo nossas matrizes e projetos voc\u00ea se declara de acordo com nossos TERMOS E CONDI\u00c7\u00d5ES.<\/span><\/span><\/li>\n<\/ul>","protected":false},"excerpt":{"rendered":"<p>Cole\u00e7\u00e3o preparada com muito carinho para voc\u00ea querido (a) cliente.<\/p>\n<p>Produto vendido de forma digital e n\u00e3o f\u00edsica!<\/p>\n<p>Estamos trabalhando nas matrizes e colocaremos todas as fotos no site durante a pr\u00e9 \u2013 venda, por\u00e9m pode visualizar em nosso \u00e0lbum de fotos aqui mesmo quais ser\u00e3o!!<\/p>\n<p>Ser\u00e3o 12 dinossauros fofurentos com pontos leves, ideal para fraldinhas, bordados delicados para beb\u00ea.<\/p>\n<p>Teremos brindes surpresaaaaaa<\/p>","protected":false},"featured_media":90660,"comment_status":"open","ping_status":"closed","template":"","meta":{"_acf_changed":false,"_joinchat":[]},"product_brand":[],"product_cat":[84,122,131],"product_tag":[1090,1430],"class_list":{"0":"post-86784","1":"product","2":"type-product","3":"status-publish","4":"has-post-thumbnail","6":"product_cat-matrizes-de-bordado","7":"product_cat-matrizes-de-bordado-animais","8":"product_cat-dinossauros","9":"product_tag-maquina-de-bordar","10":"product_tag-matriz-de-bordado","12":"first","13":"instock","14":"downloadable","15":"virtual","16":"purchasable","17":"product-type-simple"},"acf":[],"yoast_head":"<!-- This site is optimized with the Yoast SEO plugin v27.2 - https:\/\/yoast.com\/product\/yoast-seo-wordpress\/ -->\n<title>Matrizes de Bordados \u2013 Cole\u00e7\u00e3o Dinos - \ud835\udc1b\ud835\udc1a\ud835\udc33\ud835\udc1a\ud835\udc2b &amp; \ud835\udc1c\ud835\udc22\ud835\udc1a<\/title>\n<meta name=\"robots\" content=\"index, follow, max-snippet:-1, max-image-preview:large, max-video-preview:-1\" \/>\n<link rel=\"canonical\" href=\"https:\/\/shop.bazarcia.com\/en\/product\/pre-venda-matrizes-de-bordados-colecao-dinos\/\" \/>\n<meta property=\"og:locale\" content=\"en_US\" \/>\n<meta property=\"og:type\" content=\"article\" \/>\n<meta property=\"og:title\" content=\"Matrizes de Bordados \u2013 Cole\u00e7\u00e3o Dinos - \ud835\udc1b\ud835\udc1a\ud835\udc33\ud835\udc1a\ud835\udc2b &amp; \ud835\udc1c\ud835\udc22\ud835\udc1a\" \/>\n<meta property=\"og:description\" content=\"Cole\u00e7\u00e3o preparada com muito carinho para voc\u00ea querido (a) cliente.  Produto vendido de forma digital e n\u00e3o f\u00edsica!  Estamos trabalhando nas matrizes e colocaremos todas as fotos no site durante a pr\u00e9 \u2013 venda, por\u00e9m pode visualizar em nosso \u00e0lbum de fotos aqui mesmo quais ser\u00e3o!!  Ser\u00e3o 12 dinossauros fofurentos com pontos leves, ideal para fraldinhas, bordados delicados para beb\u00ea.  Teremos brindes surpresaaaaaa\" \/>\n<meta property=\"og:url\" content=\"https:\/\/shop.bazarcia.com\/en\/product\/pre-venda-matrizes-de-bordados-colecao-dinos\/\" \/>\n<meta property=\"og:site_name\" content=\"\ud835\udc1b\ud835\udc1a\ud835\udc33\ud835\udc1a\ud835\udc2b &amp; \ud835\udc1c\ud835\udc22\ud835\udc1a\" \/>\n<meta property=\"article:publisher\" content=\"https:\/\/www.facebook.com\/shopbazarcia\" \/>\n<meta property=\"article:modified_time\" content=\"2024-01-06T21:13:23+00:00\" \/>\n<meta property=\"og:image\" content=\"https:\/\/shop.bazarcia.com\/wp-content\/uploads\/2021\/04\/Colecao-Dinos-6.png\" \/>\n\t<meta property=\"og:image:width\" content=\"1080\" \/>\n\t<meta property=\"og:image:height\" content=\"1080\" \/>\n\t<meta property=\"og:image:type\" content=\"image\/png\" \/>\n<meta name=\"twitter:card\" content=\"summary_large_image\" \/>\n<meta name=\"twitter:label1\" content=\"Est. reading time\" \/>\n\t<meta name=\"twitter:data1\" content=\"1 minute\" \/>\n<script type=\"application\/ld+json\" class=\"yoast-schema-graph\">{\"@context\":\"https:\/\/schema.org\",\"@graph\":[{\"@type\":\"WebPage\",\"@id\":\"https:\/\/shop.bazarcia.com\/en\/product\/pre-venda-matrizes-de-bordados-colecao-dinos\/\",\"url\":\"https:\/\/shop.bazarcia.com\/en\/product\/pre-venda-matrizes-de-bordados-colecao-dinos\/\",\"name\":\"Matrizes de Bordados \u2013 Cole\u00e7\u00e3o Dinos - \ud835\udc1b\ud835\udc1a\ud835\udc33\ud835\udc1a\ud835\udc2b &amp; \ud835\udc1c\ud835\udc22\ud835\udc1a\",\"isPartOf\":{\"@id\":\"https:\/\/shop.bazarcia.com\/#website\"},\"primaryImageOfPage\":{\"@id\":\"https:\/\/shop.bazarcia.com\/en\/product\/pre-venda-matrizes-de-bordados-colecao-dinos\/#primaryimage\"},\"image\":{\"@id\":\"https:\/\/shop.bazarcia.com\/en\/product\/pre-venda-matrizes-de-bordados-colecao-dinos\/#primaryimage\"},\"thumbnailUrl\":\"https:\/\/shop.bazarcia.com\/wp-content\/uploads\/2021\/04\/Colecao-Dinos-6.png\",\"datePublished\":\"2021-03-18T12:59:48+00:00\",\"dateModified\":\"2024-01-06T21:13:23+00:00\",\"breadcrumb\":{\"@id\":\"https:\/\/shop.bazarcia.com\/en\/product\/pre-venda-matrizes-de-bordados-colecao-dinos\/#breadcrumb\"},\"inLanguage\":\"en-US\",\"potentialAction\":[{\"@type\":\"ReadAction\",\"target\":[\"https:\/\/shop.bazarcia.com\/en\/product\/pre-venda-matrizes-de-bordados-colecao-dinos\/\"]}]},{\"@type\":\"ImageObject\",\"inLanguage\":\"en-US\",\"@id\":\"https:\/\/shop.bazarcia.com\/en\/product\/pre-venda-matrizes-de-bordados-colecao-dinos\/#primaryimage\",\"url\":\"https:\/\/shop.bazarcia.com\/wp-content\/uploads\/2021\/04\/Colecao-Dinos-6.png\",\"contentUrl\":\"https:\/\/shop.bazarcia.com\/wp-content\/uploads\/2021\/04\/Colecao-Dinos-6.png\",\"width\":1080,\"height\":1080},{\"@type\":\"BreadcrumbList\",\"@id\":\"https:\/\/shop.bazarcia.com\/en\/product\/pre-venda-matrizes-de-bordados-colecao-dinos\/#breadcrumb\",\"itemListElement\":[{\"@type\":\"ListItem\",\"position\":1,\"name\":\"In\u00edcio\",\"item\":\"https:\/\/shop.bazarcia.com\/\"},{\"@type\":\"ListItem\",\"position\":2,\"name\":\"Loja\",\"item\":\"https:\/\/shop.bazarcia.com\/loja\/\"},{\"@type\":\"ListItem\",\"position\":3,\"name\":\"Matrizes de Bordados \u2013 Cole\u00e7\u00e3o Dinos\"}]},{\"@type\":\"WebSite\",\"@id\":\"https:\/\/shop.bazarcia.com\/#website\",\"url\":\"https:\/\/shop.bazarcia.com\/\",\"name\":\"Bazar & Cia\",\"description\":\"criatividade ponto a ponto\",\"publisher\":{\"@id\":\"https:\/\/shop.bazarcia.com\/#organization\"},\"potentialAction\":[{\"@type\":\"SearchAction\",\"target\":{\"@type\":\"EntryPoint\",\"urlTemplate\":\"https:\/\/shop.bazarcia.com\/?s={search_term_string}\"},\"query-input\":{\"@type\":\"PropertyValueSpecification\",\"valueRequired\":true,\"valueName\":\"search_term_string\"}}],\"inLanguage\":\"en-US\"},{\"@type\":\"Organization\",\"@id\":\"https:\/\/shop.bazarcia.com\/#organization\",\"name\":\"Bazar & Cia\",\"url\":\"https:\/\/shop.bazarcia.com\/\",\"logo\":{\"@type\":\"ImageObject\",\"inLanguage\":\"en-US\",\"@id\":\"https:\/\/shop.bazarcia.com\/#\/schema\/logo\/image\/\",\"url\":\"https:\/\/shop.bazarcia.com\/wp-content\/uploads\/2024\/02\/cropped-logo_bazarcia.png\",\"contentUrl\":\"https:\/\/shop.bazarcia.com\/wp-content\/uploads\/2024\/02\/cropped-logo_bazarcia.png\",\"width\":150,\"height\":150,\"caption\":\"Bazar & Cia\"},\"image\":{\"@id\":\"https:\/\/shop.bazarcia.com\/#\/schema\/logo\/image\/\"},\"sameAs\":[\"https:\/\/www.facebook.com\/shopbazarcia\",\"https:\/\/www.instagram.com\/shopbazarcia\",\"https:\/\/br.pinterest.com\/suzane_eloise\/\",\"https:\/\/www.youtube.com\/c\/BazardoBordadoMatrizeseProjetos\"]}]}<\/script>\n<!-- \/ Yoast SEO plugin. -->","yoast_head_json":{"title":"Matrizes de Bordados \u2013 Cole\u00e7\u00e3o Dinos - \ud835\udc1b\ud835\udc1a\ud835\udc33\ud835\udc1a\ud835\udc2b &amp; \ud835\udc1c\ud835\udc22\ud835\udc1a","robots":{"index":"index","follow":"follow","max-snippet":"max-snippet:-1","max-image-preview":"max-image-preview:large","max-video-preview":"max-video-preview:-1"},"canonical":"https:\/\/shop.bazarcia.com\/en\/product\/pre-venda-matrizes-de-bordados-colecao-dinos\/","og_locale":"en_US","og_type":"article","og_title":"Matrizes de Bordados \u2013 Cole\u00e7\u00e3o Dinos - \ud835\udc1b\ud835\udc1a\ud835\udc33\ud835\udc1a\ud835\udc2b &amp; \ud835\udc1c\ud835\udc22\ud835\udc1a","og_description":"Cole\u00e7\u00e3o preparada com muito carinho para voc\u00ea querido (a) cliente.  Produto vendido de forma digital e n\u00e3o f\u00edsica!  Estamos trabalhando nas matrizes e colocaremos todas as fotos no site durante a pr\u00e9 \u2013 venda, por\u00e9m pode visualizar em nosso \u00e0lbum de fotos aqui mesmo quais ser\u00e3o!!  Ser\u00e3o 12 dinossauros fofurentos com pontos leves, ideal para fraldinhas, bordados delicados para beb\u00ea.  Teremos brindes surpresaaaaaa","og_url":"https:\/\/shop.bazarcia.com\/en\/product\/pre-venda-matrizes-de-bordados-colecao-dinos\/","og_site_name":"\ud835\udc1b\ud835\udc1a\ud835\udc33\ud835\udc1a\ud835\udc2b &amp; \ud835\udc1c\ud835\udc22\ud835\udc1a","article_publisher":"https:\/\/www.facebook.com\/shopbazarcia","article_modified_time":"2024-01-06T21:13:23+00:00","og_image":[{"width":1080,"height":1080,"url":"https:\/\/shop.bazarcia.com\/wp-content\/uploads\/2021\/04\/Colecao-Dinos-6.png","type":"image\/png"}],"twitter_card":"summary_large_image","twitter_misc":{"Est. reading time":"1 minute"},"schema":{"@context":"https:\/\/schema.org","@graph":[{"@type":"WebPage","@id":"https:\/\/shop.bazarcia.com\/en\/product\/pre-venda-matrizes-de-bordados-colecao-dinos\/","url":"https:\/\/shop.bazarcia.com\/en\/product\/pre-venda-matrizes-de-bordados-colecao-dinos\/","name":"Matrizes de Bordados \u2013 Cole\u00e7\u00e3o Dinos - \ud835\udc1b\ud835\udc1a\ud835\udc33\ud835\udc1a\ud835\udc2b &amp; \ud835\udc1c\ud835\udc22\ud835\udc1a","isPartOf":{"@id":"https:\/\/shop.bazarcia.com\/#website"},"primaryImageOfPage":{"@id":"https:\/\/shop.bazarcia.com\/en\/product\/pre-venda-matrizes-de-bordados-colecao-dinos\/#primaryimage"},"image":{"@id":"https:\/\/shop.bazarcia.com\/en\/product\/pre-venda-matrizes-de-bordados-colecao-dinos\/#primaryimage"},"thumbnailUrl":"https:\/\/shop.bazarcia.com\/wp-content\/uploads\/2021\/04\/Colecao-Dinos-6.png","datePublished":"2021-03-18T12:59:48+00:00","dateModified":"2024-01-06T21:13:23+00:00","breadcrumb":{"@id":"https:\/\/shop.bazarcia.com\/en\/product\/pre-venda-matrizes-de-bordados-colecao-dinos\/#breadcrumb"},"inLanguage":"en-US","potentialAction":[{"@type":"ReadAction","target":["https:\/\/shop.bazarcia.com\/en\/product\/pre-venda-matrizes-de-bordados-colecao-dinos\/"]}]},{"@type":"ImageObject","inLanguage":"en-US","@id":"https:\/\/shop.bazarcia.com\/en\/product\/pre-venda-matrizes-de-bordados-colecao-dinos\/#primaryimage","url":"https:\/\/shop.bazarcia.com\/wp-content\/uploads\/2021\/04\/Colecao-Dinos-6.png","contentUrl":"https:\/\/shop.bazarcia.com\/wp-content\/uploads\/2021\/04\/Colecao-Dinos-6.png","width":1080,"height":1080},{"@type":"BreadcrumbList","@id":"https:\/\/shop.bazarcia.com\/en\/product\/pre-venda-matrizes-de-bordados-colecao-dinos\/#breadcrumb","itemListElement":[{"@type":"ListItem","position":1,"name":"In\u00edcio","item":"https:\/\/shop.bazarcia.com\/"},{"@type":"ListItem","position":2,"name":"Loja","item":"https:\/\/shop.bazarcia.com\/loja\/"},{"@type":"ListItem","position":3,"name":"Matrizes de Bordados \u2013 Cole\u00e7\u00e3o Dinos"}]},{"@type":"WebSite","@id":"https:\/\/shop.bazarcia.com\/#website","url":"https:\/\/shop.bazarcia.com\/","name":"Bazar & Cia","description":"criatividade ponto a ponto","publisher":{"@id":"https:\/\/shop.bazarcia.com\/#organization"},"potentialAction":[{"@type":"SearchAction","target":{"@type":"EntryPoint","urlTemplate":"https:\/\/shop.bazarcia.com\/?s={search_term_string}"},"query-input":{"@type":"PropertyValueSpecification","valueRequired":true,"valueName":"search_term_string"}}],"inLanguage":"en-US"},{"@type":"Organization","@id":"https:\/\/shop.bazarcia.com\/#organization","name":"Bazar & Cia","url":"https:\/\/shop.bazarcia.com\/","logo":{"@type":"ImageObject","inLanguage":"en-US","@id":"https:\/\/shop.bazarcia.com\/#\/schema\/logo\/image\/","url":"https:\/\/shop.bazarcia.com\/wp-content\/uploads\/2024\/02\/cropped-logo_bazarcia.png","contentUrl":"https:\/\/shop.bazarcia.com\/wp-content\/uploads\/2024\/02\/cropped-logo_bazarcia.png","width":150,"height":150,"caption":"Bazar & Cia"},"image":{"@id":"https:\/\/shop.bazarcia.com\/#\/schema\/logo\/image\/"},"sameAs":["https:\/\/www.facebook.com\/shopbazarcia","https:\/\/www.instagram.com\/shopbazarcia","https:\/\/br.pinterest.com\/suzane_eloise\/","https:\/\/www.youtube.com\/c\/BazardoBordadoMatrizeseProjetos"]}]}},"_links":{"self":[{"href":"https:\/\/shop.bazarcia.com\/en\/wp-json\/wp\/v2\/product\/86784","targetHints":{"allow":["GET"]}}],"collection":[{"href":"https:\/\/shop.bazarcia.com\/en\/wp-json\/wp\/v2\/product"}],"about":[{"href":"https:\/\/shop.bazarcia.com\/en\/wp-json\/wp\/v2\/types\/product"}],"replies":[{"embeddable":true,"href":"https:\/\/shop.bazarcia.com\/en\/wp-json\/wp\/v2\/comments?post=86784"}],"version-history":[{"count":0,"href":"https:\/\/shop.bazarcia.com\/en\/wp-json\/wp\/v2\/product\/86784\/revisions"}],"wp:featuredmedia":[{"embeddable":true,"href":"https:\/\/shop.bazarcia.com\/en\/wp-json\/wp\/v2\/media\/90660"}],"wp:attachment":[{"href":"https:\/\/shop.bazarcia.com\/en\/wp-json\/wp\/v2\/media?parent=86784"}],"wp:term":[{"taxonomy":"product_brand","embeddable":true,"href":"https:\/\/shop.bazarcia.com\/en\/wp-json\/wp\/v2\/product_brand?post=86784"},{"taxonomy":"product_cat","embeddable":true,"href":"https:\/\/shop.bazarcia.com\/en\/wp-json\/wp\/v2\/product_cat?post=86784"},{"taxonomy":"product_tag","embeddable":true,"href":"https:\/\/shop.bazarcia.com\/en\/wp-json\/wp\/v2\/product_tag?post=86784"}],"curies":[{"name":"wp","href":"https:\/\/api.w.org\/{rel}","templated":true}]}}