{"id":8749,"date":"2020-02-10T13:01:06","date_gmt":"2020-02-10T16:01:06","guid":{"rendered":"https:\/\/shop.bazarcia.com\/produto\/12-matrizes-de-bordado-colecao-zodiaco-bm\/"},"modified":"2025-03-10T10:08:17","modified_gmt":"2025-03-10T13:08:17","slug":"12-matrizes-de-bordado-colecao-zodiaco-bm","status":"publish","type":"product","link":"https:\/\/shop.bazarcia.com\/en\/product\/12-matrizes-de-bordado-colecao-zodiaco-bm\/","title":{"rendered":"Matriz de Bordado &#8211; Cole\u00e7\u00e3o Zod\u00edaco &#8211; BM"},"content":{"rendered":"<p>Ao efetuar o download da Cole\u00e7\u00e3o de Matrizes de Bordado Zod\u00edaco da Baixe Matrizes, voc\u00ea receber\u00e1 um arquivo em .zip que cont\u00e9m as matrizes nos formatos .PES e .JEF<\/p>\n<p>&nbsp;<\/p>\n<p>Informa\u00e7\u00f5es das Matrizes desta Cole\u00e7\u00e3o!<\/p>\n<p>Signo Aqu\u00e1rio (5,00 x 5,00cm &#8211; 4.720pts &#8211; 01 linha)<\/p>\n<p>Signo \u00c1ries (5,00 x 5,00cm &#8211; 5.756pts &#8211; 01 linha)<\/p>\n<p>Signo C\u00e2ncer (6,50 x 6,00cm &#8211; 6.719pts &#8211; 01 linha)<\/p>\n<p>Signo Capric\u00f3rnio (5,50 x 5,00cm &#8211; 5.142pts &#8211; 01 linha)<\/p>\n<p>Signo Escorpi\u00e3o (6,00 x 6,00cm &#8211; 5.675pts &#8211; 01 linha)<\/p>\n<p>Signo G\u00eameos (6,50 x 5,00cm &#8211; 6.489pts &#8211; 01 linha)<\/p>\n<p>Signo Le\u00e3o (5,50 x 5,00cm &#8211; 5.741pts &#8211; 01 linha)<\/p>\n<p>Signo Libra (5,00 x 6,00cm &#8211; 6.534pts &#8211; 01 linha)<\/p>\n<p>Signo Peixes (7,00 x 4,00cm &#8211; 4.801pts &#8211; 01 linha)<\/p>\n<p>Signo Sagit\u00e1rio (6,50 x 5,00cm &#8211; 3.596pts &#8211; 01 linha)<\/p>\n<p>Signo Touro (5,00 x 5,00cm &#8211; 5.415pts &#8211; 01 linha)<\/p>\n<p>Signo Virgem (5,00 x 6,00cm &#8211; 7.021pts &#8211; 01 linha)<\/p>","protected":false},"excerpt":{"rendered":"<p>Cole\u00e7\u00e3o com 12 Matrizes de Bordado Zod\u00edaco | Baixe Matrizes<\/p>\n<p>Signo Aqu\u00e1rio, Signo \u00c1ries, Signo C\u00e2ncer, Signo Capric\u00f3rnio, Signo Escorpi\u00e3o, Signo G\u00eameos, Signo Le\u00e3o, Signo Libra, Signo Peixes, Signo Sagit\u00e1rio, Signo Touro, Signo Virgem.<\/p>\n<p>Nossas matrizes de bordado est\u00e3o dispon\u00edveis nos formatos .PES e .JEF<\/p>","protected":false},"featured_media":8748,"comment_status":"open","ping_status":"closed","template":"","meta":{"_acf_changed":false,"_joinchat":[]},"product_brand":[],"product_cat":[84,1066,306],"product_tag":[],"class_list":{"0":"post-8749","1":"product","2":"type-product","3":"status-publish","4":"has-post-thumbnail","6":"product_cat-matrizes-de-bordado","7":"product_cat-colecoes-matrizes-de-bordado","8":"product_cat-pacotinhos-de-matrizes","10":"first","11":"instock","12":"downloadable","13":"virtual","14":"sold-individually","15":"purchasable","16":"product-type-simple"},"acf":[],"yoast_head":"<!-- This site is optimized with the Yoast SEO plugin v27.2 - https:\/\/yoast.com\/product\/yoast-seo-wordpress\/ -->\n<title>Matriz de Bordado - Cole\u00e7\u00e3o Zod\u00edaco - BM - \ud835\udc1b\ud835\udc1a\ud835\udc33\ud835\udc1a\ud835\udc2b &amp; \ud835\udc1c\ud835\udc22\ud835\udc1a<\/title>\n<meta name=\"description\" content=\"Please provide a meta description by editing the snippet below. If you don\u2019t, Google will try to find a relevant part of your post to show in the search results.\" \/>\n<meta name=\"robots\" content=\"index, follow, max-snippet:-1, max-image-preview:large, max-video-preview:-1\" \/>\n<link rel=\"canonical\" href=\"https:\/\/shop.bazarcia.com\/en\/product\/12-matrizes-de-bordado-colecao-zodiaco-bm\/\" \/>\n<meta property=\"og:locale\" content=\"en_US\" \/>\n<meta property=\"og:type\" content=\"article\" \/>\n<meta property=\"og:title\" content=\"Matriz de Bordado - Cole\u00e7\u00e3o Zod\u00edaco - BM - \ud835\udc1b\ud835\udc1a\ud835\udc33\ud835\udc1a\ud835\udc2b &amp; \ud835\udc1c\ud835\udc22\ud835\udc1a\" \/>\n<meta property=\"og:description\" content=\"Please provide a meta description by editing the snippet below. If you don\u2019t, Google will try to find a relevant part of your post to show in the search results.\" \/>\n<meta property=\"og:url\" content=\"https:\/\/shop.bazarcia.com\/en\/product\/12-matrizes-de-bordado-colecao-zodiaco-bm\/\" \/>\n<meta property=\"og:site_name\" content=\"\ud835\udc1b\ud835\udc1a\ud835\udc33\ud835\udc1a\ud835\udc2b &amp; \ud835\udc1c\ud835\udc22\ud835\udc1a\" \/>\n<meta property=\"article:publisher\" content=\"https:\/\/www.facebook.com\/shopbazarcia\" \/>\n<meta property=\"article:modified_time\" content=\"2025-03-10T13:08:17+00:00\" \/>\n<meta property=\"og:image\" content=\"https:\/\/shop.bazarcia.com\/wp-content\/uploads\/2020\/02\/12-matrizes-de-bordado-zodiaco-BM02.jpg\" \/>\n\t<meta property=\"og:image:width\" content=\"1080\" \/>\n\t<meta property=\"og:image:height\" content=\"1080\" \/>\n\t<meta property=\"og:image:type\" content=\"image\/jpeg\" \/>\n<meta name=\"twitter:card\" content=\"summary_large_image\" \/>\n<meta name=\"twitter:label1\" content=\"Est. reading time\" \/>\n\t<meta name=\"twitter:data1\" content=\"1 minute\" \/>\n<script type=\"application\/ld+json\" class=\"yoast-schema-graph\">{\"@context\":\"https:\/\/schema.org\",\"@graph\":[{\"@type\":\"WebPage\",\"@id\":\"https:\/\/shop.bazarcia.com\/produto\/12-matrizes-de-bordado-colecao-zodiaco-bm\/\",\"url\":\"https:\/\/shop.bazarcia.com\/produto\/12-matrizes-de-bordado-colecao-zodiaco-bm\/\",\"name\":\"Matriz de Bordado - Cole\u00e7\u00e3o Zod\u00edaco - BM - \ud835\udc1b\ud835\udc1a\ud835\udc33\ud835\udc1a\ud835\udc2b &amp; \ud835\udc1c\ud835\udc22\ud835\udc1a\",\"isPartOf\":{\"@id\":\"https:\/\/shop.bazarcia.com\/#website\"},\"primaryImageOfPage\":{\"@id\":\"https:\/\/shop.bazarcia.com\/produto\/12-matrizes-de-bordado-colecao-zodiaco-bm\/#primaryimage\"},\"image\":{\"@id\":\"https:\/\/shop.bazarcia.com\/produto\/12-matrizes-de-bordado-colecao-zodiaco-bm\/#primaryimage\"},\"thumbnailUrl\":\"https:\/\/shop.bazarcia.com\/wp-content\/uploads\/2020\/02\/12-matrizes-de-bordado-zodiaco-BM02.jpg\",\"datePublished\":\"2020-02-10T16:01:06+00:00\",\"dateModified\":\"2025-03-10T13:08:17+00:00\",\"description\":\"Please provide a meta description by editing the snippet below. If you don\u2019t, Google will try to find a relevant part of your post to show in the search results.\",\"breadcrumb\":{\"@id\":\"https:\/\/shop.bazarcia.com\/produto\/12-matrizes-de-bordado-colecao-zodiaco-bm\/#breadcrumb\"},\"inLanguage\":\"en-US\",\"potentialAction\":[{\"@type\":\"ReadAction\",\"target\":[\"https:\/\/shop.bazarcia.com\/produto\/12-matrizes-de-bordado-colecao-zodiaco-bm\/\"]}]},{\"@type\":\"ImageObject\",\"inLanguage\":\"en-US\",\"@id\":\"https:\/\/shop.bazarcia.com\/produto\/12-matrizes-de-bordado-colecao-zodiaco-bm\/#primaryimage\",\"url\":\"https:\/\/shop.bazarcia.com\/wp-content\/uploads\/2020\/02\/12-matrizes-de-bordado-zodiaco-BM02.jpg\",\"contentUrl\":\"https:\/\/shop.bazarcia.com\/wp-content\/uploads\/2020\/02\/12-matrizes-de-bordado-zodiaco-BM02.jpg\",\"width\":1080,\"height\":1080},{\"@type\":\"BreadcrumbList\",\"@id\":\"https:\/\/shop.bazarcia.com\/produto\/12-matrizes-de-bordado-colecao-zodiaco-bm\/#breadcrumb\",\"itemListElement\":[{\"@type\":\"ListItem\",\"position\":1,\"name\":\"In\u00edcio\",\"item\":\"https:\/\/shop.bazarcia.com\/\"},{\"@type\":\"ListItem\",\"position\":2,\"name\":\"Loja\",\"item\":\"https:\/\/shop.bazarcia.com\/loja\/\"},{\"@type\":\"ListItem\",\"position\":3,\"name\":\"Matriz de Bordado &#8211; Cole\u00e7\u00e3o Zod\u00edaco &#8211; BM\"}]},{\"@type\":\"WebSite\",\"@id\":\"https:\/\/shop.bazarcia.com\/#website\",\"url\":\"https:\/\/shop.bazarcia.com\/\",\"name\":\"Bazar & Cia\",\"description\":\"criatividade ponto a ponto\",\"publisher\":{\"@id\":\"https:\/\/shop.bazarcia.com\/#organization\"},\"potentialAction\":[{\"@type\":\"SearchAction\",\"target\":{\"@type\":\"EntryPoint\",\"urlTemplate\":\"https:\/\/shop.bazarcia.com\/?s={search_term_string}\"},\"query-input\":{\"@type\":\"PropertyValueSpecification\",\"valueRequired\":true,\"valueName\":\"search_term_string\"}}],\"inLanguage\":\"en-US\"},{\"@type\":\"Organization\",\"@id\":\"https:\/\/shop.bazarcia.com\/#organization\",\"name\":\"Bazar & Cia\",\"url\":\"https:\/\/shop.bazarcia.com\/\",\"logo\":{\"@type\":\"ImageObject\",\"inLanguage\":\"en-US\",\"@id\":\"https:\/\/shop.bazarcia.com\/#\/schema\/logo\/image\/\",\"url\":\"https:\/\/shop.bazarcia.com\/wp-content\/uploads\/2024\/02\/cropped-logo_bazarcia.png\",\"contentUrl\":\"https:\/\/shop.bazarcia.com\/wp-content\/uploads\/2024\/02\/cropped-logo_bazarcia.png\",\"width\":150,\"height\":150,\"caption\":\"Bazar & Cia\"},\"image\":{\"@id\":\"https:\/\/shop.bazarcia.com\/#\/schema\/logo\/image\/\"},\"sameAs\":[\"https:\/\/www.facebook.com\/shopbazarcia\",\"https:\/\/www.instagram.com\/shopbazarcia\",\"https:\/\/br.pinterest.com\/suzane_eloise\/\",\"https:\/\/www.youtube.com\/c\/BazardoBordadoMatrizeseProjetos\"]}]}<\/script>\n<!-- \/ Yoast SEO plugin. -->","yoast_head_json":{"title":"Matriz de Bordado - Cole\u00e7\u00e3o Zod\u00edaco - BM - \ud835\udc1b\ud835\udc1a\ud835\udc33\ud835\udc1a\ud835\udc2b &amp; \ud835\udc1c\ud835\udc22\ud835\udc1a","description":"Please provide a meta description by editing the snippet below. If you don\u2019t, Google will try to find a relevant part of your post to show in the search results.","robots":{"index":"index","follow":"follow","max-snippet":"max-snippet:-1","max-image-preview":"max-image-preview:large","max-video-preview":"max-video-preview:-1"},"canonical":"https:\/\/shop.bazarcia.com\/en\/product\/12-matrizes-de-bordado-colecao-zodiaco-bm\/","og_locale":"en_US","og_type":"article","og_title":"Matriz de Bordado - Cole\u00e7\u00e3o Zod\u00edaco - BM - \ud835\udc1b\ud835\udc1a\ud835\udc33\ud835\udc1a\ud835\udc2b &amp; \ud835\udc1c\ud835\udc22\ud835\udc1a","og_description":"Please provide a meta description by editing the snippet below. If you don\u2019t, Google will try to find a relevant part of your post to show in the search results.","og_url":"https:\/\/shop.bazarcia.com\/en\/product\/12-matrizes-de-bordado-colecao-zodiaco-bm\/","og_site_name":"\ud835\udc1b\ud835\udc1a\ud835\udc33\ud835\udc1a\ud835\udc2b &amp; \ud835\udc1c\ud835\udc22\ud835\udc1a","article_publisher":"https:\/\/www.facebook.com\/shopbazarcia","article_modified_time":"2025-03-10T13:08:17+00:00","og_image":[{"width":1080,"height":1080,"url":"https:\/\/shop.bazarcia.com\/wp-content\/uploads\/2020\/02\/12-matrizes-de-bordado-zodiaco-BM02.jpg","type":"image\/jpeg"}],"twitter_card":"summary_large_image","twitter_misc":{"Est. reading time":"1 minute"},"schema":{"@context":"https:\/\/schema.org","@graph":[{"@type":"WebPage","@id":"https:\/\/shop.bazarcia.com\/produto\/12-matrizes-de-bordado-colecao-zodiaco-bm\/","url":"https:\/\/shop.bazarcia.com\/produto\/12-matrizes-de-bordado-colecao-zodiaco-bm\/","name":"Matriz de Bordado - Cole\u00e7\u00e3o Zod\u00edaco - BM - \ud835\udc1b\ud835\udc1a\ud835\udc33\ud835\udc1a\ud835\udc2b &amp; \ud835\udc1c\ud835\udc22\ud835\udc1a","isPartOf":{"@id":"https:\/\/shop.bazarcia.com\/#website"},"primaryImageOfPage":{"@id":"https:\/\/shop.bazarcia.com\/produto\/12-matrizes-de-bordado-colecao-zodiaco-bm\/#primaryimage"},"image":{"@id":"https:\/\/shop.bazarcia.com\/produto\/12-matrizes-de-bordado-colecao-zodiaco-bm\/#primaryimage"},"thumbnailUrl":"https:\/\/shop.bazarcia.com\/wp-content\/uploads\/2020\/02\/12-matrizes-de-bordado-zodiaco-BM02.jpg","datePublished":"2020-02-10T16:01:06+00:00","dateModified":"2025-03-10T13:08:17+00:00","description":"Please provide a meta description by editing the snippet below. If you don\u2019t, Google will try to find a relevant part of your post to show in the search results.","breadcrumb":{"@id":"https:\/\/shop.bazarcia.com\/produto\/12-matrizes-de-bordado-colecao-zodiaco-bm\/#breadcrumb"},"inLanguage":"en-US","potentialAction":[{"@type":"ReadAction","target":["https:\/\/shop.bazarcia.com\/produto\/12-matrizes-de-bordado-colecao-zodiaco-bm\/"]}]},{"@type":"ImageObject","inLanguage":"en-US","@id":"https:\/\/shop.bazarcia.com\/produto\/12-matrizes-de-bordado-colecao-zodiaco-bm\/#primaryimage","url":"https:\/\/shop.bazarcia.com\/wp-content\/uploads\/2020\/02\/12-matrizes-de-bordado-zodiaco-BM02.jpg","contentUrl":"https:\/\/shop.bazarcia.com\/wp-content\/uploads\/2020\/02\/12-matrizes-de-bordado-zodiaco-BM02.jpg","width":1080,"height":1080},{"@type":"BreadcrumbList","@id":"https:\/\/shop.bazarcia.com\/produto\/12-matrizes-de-bordado-colecao-zodiaco-bm\/#breadcrumb","itemListElement":[{"@type":"ListItem","position":1,"name":"In\u00edcio","item":"https:\/\/shop.bazarcia.com\/"},{"@type":"ListItem","position":2,"name":"Loja","item":"https:\/\/shop.bazarcia.com\/loja\/"},{"@type":"ListItem","position":3,"name":"Matriz de Bordado &#8211; Cole\u00e7\u00e3o Zod\u00edaco &#8211; BM"}]},{"@type":"WebSite","@id":"https:\/\/shop.bazarcia.com\/#website","url":"https:\/\/shop.bazarcia.com\/","name":"Bazar & Cia","description":"criatividade ponto a ponto","publisher":{"@id":"https:\/\/shop.bazarcia.com\/#organization"},"potentialAction":[{"@type":"SearchAction","target":{"@type":"EntryPoint","urlTemplate":"https:\/\/shop.bazarcia.com\/?s={search_term_string}"},"query-input":{"@type":"PropertyValueSpecification","valueRequired":true,"valueName":"search_term_string"}}],"inLanguage":"en-US"},{"@type":"Organization","@id":"https:\/\/shop.bazarcia.com\/#organization","name":"Bazar & Cia","url":"https:\/\/shop.bazarcia.com\/","logo":{"@type":"ImageObject","inLanguage":"en-US","@id":"https:\/\/shop.bazarcia.com\/#\/schema\/logo\/image\/","url":"https:\/\/shop.bazarcia.com\/wp-content\/uploads\/2024\/02\/cropped-logo_bazarcia.png","contentUrl":"https:\/\/shop.bazarcia.com\/wp-content\/uploads\/2024\/02\/cropped-logo_bazarcia.png","width":150,"height":150,"caption":"Bazar & Cia"},"image":{"@id":"https:\/\/shop.bazarcia.com\/#\/schema\/logo\/image\/"},"sameAs":["https:\/\/www.facebook.com\/shopbazarcia","https:\/\/www.instagram.com\/shopbazarcia","https:\/\/br.pinterest.com\/suzane_eloise\/","https:\/\/www.youtube.com\/c\/BazardoBordadoMatrizeseProjetos"]}]}},"_links":{"self":[{"href":"https:\/\/shop.bazarcia.com\/en\/wp-json\/wp\/v2\/product\/8749","targetHints":{"allow":["GET"]}}],"collection":[{"href":"https:\/\/shop.bazarcia.com\/en\/wp-json\/wp\/v2\/product"}],"about":[{"href":"https:\/\/shop.bazarcia.com\/en\/wp-json\/wp\/v2\/types\/product"}],"replies":[{"embeddable":true,"href":"https:\/\/shop.bazarcia.com\/en\/wp-json\/wp\/v2\/comments?post=8749"}],"version-history":[{"count":1,"href":"https:\/\/shop.bazarcia.com\/en\/wp-json\/wp\/v2\/product\/8749\/revisions"}],"predecessor-version":[{"id":316778,"href":"https:\/\/shop.bazarcia.com\/en\/wp-json\/wp\/v2\/product\/8749\/revisions\/316778"}],"wp:featuredmedia":[{"embeddable":true,"href":"https:\/\/shop.bazarcia.com\/en\/wp-json\/wp\/v2\/media\/8748"}],"wp:attachment":[{"href":"https:\/\/shop.bazarcia.com\/en\/wp-json\/wp\/v2\/media?parent=8749"}],"wp:term":[{"taxonomy":"product_brand","embeddable":true,"href":"https:\/\/shop.bazarcia.com\/en\/wp-json\/wp\/v2\/product_brand?post=8749"},{"taxonomy":"product_cat","embeddable":true,"href":"https:\/\/shop.bazarcia.com\/en\/wp-json\/wp\/v2\/product_cat?post=8749"},{"taxonomy":"product_tag","embeddable":true,"href":"https:\/\/shop.bazarcia.com\/en\/wp-json\/wp\/v2\/product_tag?post=8749"}],"curies":[{"name":"wp","href":"https:\/\/api.w.org\/{rel}","templated":true}]}}