{"id":87789,"date":"2021-03-22T00:58:03","date_gmt":"2021-03-22T03:58:03","guid":{"rendered":"https:\/\/shop.bazarcia.com\/produto\/matriz-de-bordado-pacote-infantil-02-11-matrizes\/"},"modified":"2021-05-18T10:17:21","modified_gmt":"2021-05-18T13:17:21","slug":"matriz-de-bordado-pacote-infantil-02-11-matrizes","status":"publish","type":"product","link":"https:\/\/shop.bazarcia.com\/en\/product\/matriz-de-bordado-pacote-infantil-02-11-matrizes\/","title":{"rendered":"Matriz de Bordado &#8211; Pacote Infantil #02 &#8211; 12 Matrizes"},"content":{"rendered":"<p>Este \u00e9 um produto digital que \u00e9 disponibilizado para DOWNLOAD logo ap\u00f3s a confirma\u00e7\u00e3o do pagamento.<br \/>\nOs arquivos est\u00e3o em pasta compactada(ZIP), sendo necess\u00e1rio descompactar.<br \/>\nOs mesmos s\u00e3o compat\u00edveis com v\u00e1rios tipos e modelos de m\u00e1quinas, com os seguintes formatos :<br \/>\nPES \u2013 JEF \u2013\u00a0 EXP \u2013 DST<\/p>\n<p>Pacote com 10 matrizes.<\/p>\n<p>Tamanhos das Matrizes (AxL) em cm:<\/p>\n<p><span style=\"font-weight: 700 !important\">Matriz 01 &#8211; Gatinho Pescador de Estrelas<\/span><\/p>\n<p>&#8211; 10 x 09.7 (12.913 pontos)<br \/>\n&#8211; 11 x 10.7 (14.337 pontos)<br \/>\n&#8211; 12 x 11.7 (15.851 pontos)<br \/>\n&#8211; 14 x 13.6 (19.200 pontos)<br \/>\n10 Trocas de Linhas.<\/p>\n<p><span style=\"font-weight: 700 !important\">Matriz 02 &#8211; Ursinho Astronauta<\/span><\/p>\n<p>&#8211; 08 x 07 (9.427 pontos)<br \/>\n&#8211; 10 x 09.4 (12.336 pontos)<br \/>\n&#8211; 11 x 10.3 (13.892 pontos)<br \/>\n&#8211; 12 x 11.7 (15.448 pontos)<br \/>\n14 Trocas de Linhas.<\/p>\n<p><span style=\"font-weight: 700 !important\">Matriz 03 &#8211; Corujinhas<\/span><\/p>\n<p>&#8211; 08 x 09.1 (11.585 pontos)<br \/>\n&#8211; 10 x 11.4 (14.886 pontos)<br \/>\n&#8211; 11 x 12.5 (16.635 pontos)<br \/>\n&#8211; 12 x 13.7 (18.480\u00a0 pontos)<br \/>\n&#8211; 14 x 16 (22.556 pontos)<br \/>\n11 Trocas de Linhas.<\/p>\n<p><span style=\"font-weight: 700 !important\">Matriz 04 &#8211; Ursinho de Pijama<\/span><\/p>\n<p>&#8211; 08 x 07.6 (7.002 pontos)<br \/>\n&#8211; 10 x 08.2 (9.410 pontos)<br \/>\n&#8211; 11 x 09 (10.585 pontos)<br \/>\n&#8211; 12 x 10.6 (11.962 pontos)<br \/>\n&#8211; 14 x 12.4 (15.062 pontos)<br \/>\n7 Trocas de Linhas.<\/p>\n<p><span style=\"font-weight: 700 !important\">Matriz 05 &#8211; Ursinho Marinheiro<\/span><\/p>\n<p>&#8211; 10 x 08 (12.083 pontos)<br \/>\n&#8211; 11 x 09 (13.529 pontos)<br \/>\n&#8211; 12 x 09.7 (14.931 pontos)<br \/>\n&#8211; 14 x 11.3 (18.315 pontos)<br \/>\n15 Trocas de Linhas.<\/p>\n<p><span style=\"font-weight: 700 !important\">Matriz 06 &#8211; Coelinho Bal\u00f5es<\/span><\/p>\n<p>&#8211; 10 x 08.8 (8.437 pontos)<br \/>\n&#8211; 11 x 09.7 (9.395 pontos)<br \/>\n&#8211; 12 x 10.6 (10.410 pontos)<br \/>\n&#8211; 14 x 12.3 (12.519 pontos)<br \/>\n13 Trocas de Linhas.<\/p>\n<p><span style=\"font-weight: 700 !important\">Matriz 07 &#8211; Dinossauro<\/span><\/p>\n<p>&#8211; 08 x 07 (6.288 pontos)<br \/>\n&#8211; 10 x 08.7 (8.691 pontos)<br \/>\n&#8211; 11 x 09.5 (9.742 pontos)<br \/>\n&#8211; 12 x 10.4 (11.359 pontos)<br \/>\n&#8211; 14 x 12 (14.584 pontos)<br \/>\n7 Trocas de Linhas.<\/p>\n<p><span style=\"font-weight: 700 !important\">Matriz 08 &#8211; Ursinho Pipas<\/span><\/p>\n<p>&#8211; 10 x 10 (7.914 pontos)<br \/>\n&#8211; 11 x 11 (8.828 pontos)<br \/>\n&#8211; 12 x 12 (9.760 pontos)<br \/>\n&#8211; 14 x 14 (11.849 pontos)<br \/>\n9 Trocas de Linhas.<\/p>\n<p><span style=\"font-weight: 700 !important\">Matriz 09 &#8211; Ursinha e Borboleta<\/span><\/p>\n<p>&#8211; 08 x 08.5 (7.570 pontos)<br \/>\n&#8211; 10 x 10.6 (9.938 pontos)<br \/>\n&#8211; 11 x 11.6 (11.233 pontos)<br \/>\n&#8211; 12 x 12.7 (12.606 pontos)<br \/>\n&#8211; 14 x 14.8 (15.487 pontos)<br \/>\n7 Trocas de Linhas.<\/p>\n<p><span style=\"font-weight: 700 !important\">Matriz 10 &#8211; Ursinho e Abelha<\/span><\/p>\n<p>&#8211; 08 x 08.5 (7.570 pontos)<br \/>\n&#8211; 10 x 10.5 (9.938 pontos)<br \/>\n&#8211; 11 x 11.6 (11.233 pontos)<br \/>\n&#8211; 12 x 12.7 (12.606 pontos)<br \/>\n&#8211; 14 x 14.8 (15.487 pontos)<br \/>\n7 Trocas de Linhas.<\/p>\n<p><span style=\"font-weight: 700 !important\">Matriz 11 &#8211; Elefantinho Sentado<\/span><\/p>\n<p>&#8211; 08 x 07.6 (7.002 pontos)<br \/>\n&#8211; 10 x 08.2 (9.410 pontos)<br \/>\n&#8211; 11 x 09 (10.585 pontos)<br \/>\n&#8211; 12 x 10.6 (11.962 pontos)<br \/>\n&#8211; 14 x 12.4 (15.062 pontos)<br \/>\n7 Trocas de Linhas.<\/p>\n<p><span style=\"font-weight: 700 !important\">Matriz 12 &#8211; Elefantinho na Lua<\/span><\/p>\n<p>&#8211; 08 x 06.7 (7.037 pontos)<br \/>\n&#8211; 10 x 08.4 (9.398 pontos)<br \/>\n&#8211; 11 x 09.3 (10.753 pontos)<br \/>\n&#8211; 12 x 10 (12.146 pontos)<br \/>\n&#8211; 14 x 11.8 (15.202 pontos)<br \/>\n6 Trocas de Linhas.<\/p>\n<p>Aten\u00e7\u00e3o! Confira os tamanhos antes de efetuar a compra.<\/p>","protected":false},"excerpt":{"rendered":"<p>Matriz de Bordado &#8211; Pacote Infantil #02 &#8211; 11 Matrizes<\/p>","protected":false},"featured_media":98154,"comment_status":"open","ping_status":"closed","template":"","meta":{"_acf_changed":false,"_joinchat":[]},"product_brand":[],"product_cat":[84,122,208,189,131,187,326,123,1065,306],"product_tag":[],"class_list":{"0":"post-87789","1":"product","2":"type-product","3":"status-publish","4":"has-post-thumbnail","6":"product_cat-matrizes-de-bordado","7":"product_cat-matrizes-de-bordado-animais","8":"product_cat-coelhinhos","9":"product_cat-corujinhas","10":"product_cat-dinossauros","11":"product_cat-elefantinhos","12":"product_cat-gatinhos","13":"product_cat-ursinhos","14":"product_cat-marinheiros","15":"product_cat-pacotinhos-de-matrizes","17":"first","18":"instock","19":"downloadable","20":"virtual","21":"sold-individually","22":"purchasable","23":"product-type-simple"},"acf":[],"yoast_head":"<!-- This site is optimized with the Yoast SEO plugin v27.2 - https:\/\/yoast.com\/product\/yoast-seo-wordpress\/ -->\n<title>Matriz de Bordado - Pacote Infantil #02 - 12 Matrizes<\/title>\n<meta name=\"description\" content=\"Todas os modelos de m\u00e1quinas de bordados\" \/>\n<meta name=\"robots\" content=\"index, follow, max-snippet:-1, max-image-preview:large, max-video-preview:-1\" \/>\n<link rel=\"canonical\" href=\"https:\/\/shop.bazarcia.com\/en\/product\/matriz-de-bordado-pacote-infantil-02-11-matrizes\/\" \/>\n<meta property=\"og:locale\" content=\"en_US\" \/>\n<meta property=\"og:type\" content=\"article\" \/>\n<meta property=\"og:title\" content=\"Matriz de Bordado - Pacote Infantil #02 - 12 Matrizes\" \/>\n<meta property=\"og:description\" content=\"Todas os modelos de m\u00e1quinas de bordados\" \/>\n<meta property=\"og:url\" content=\"https:\/\/shop.bazarcia.com\/en\/product\/matriz-de-bordado-pacote-infantil-02-11-matrizes\/\" \/>\n<meta property=\"og:site_name\" content=\"\ud835\udc1b\ud835\udc1a\ud835\udc33\ud835\udc1a\ud835\udc2b &amp; \ud835\udc1c\ud835\udc22\ud835\udc1a\" \/>\n<meta property=\"article:publisher\" content=\"https:\/\/www.facebook.com\/shopbazarcia\" \/>\n<meta property=\"article:modified_time\" content=\"2021-05-18T13:17:21+00:00\" \/>\n<meta property=\"og:image\" content=\"https:\/\/shop.bazarcia.com\/wp-content\/uploads\/2021\/05\/Colecao-Infantil-02.png\" \/>\n\t<meta property=\"og:image:width\" content=\"1080\" \/>\n\t<meta property=\"og:image:height\" content=\"1080\" \/>\n\t<meta property=\"og:image:type\" content=\"image\/png\" \/>\n<meta name=\"twitter:card\" content=\"summary_large_image\" \/>\n<meta name=\"twitter:label1\" content=\"Est. reading time\" \/>\n\t<meta name=\"twitter:data1\" content=\"2 minutes\" \/>\n<script type=\"application\/ld+json\" class=\"yoast-schema-graph\">{\"@context\":\"https:\/\/schema.org\",\"@graph\":[{\"@type\":\"WebPage\",\"@id\":\"https:\/\/shop.bazarcia.com\/en\/product\/matriz-de-bordado-pacote-infantil-02-11-matrizes\/\",\"url\":\"https:\/\/shop.bazarcia.com\/en\/product\/matriz-de-bordado-pacote-infantil-02-11-matrizes\/\",\"name\":\"Matriz de Bordado - Pacote Infantil #02 - 12 Matrizes\",\"isPartOf\":{\"@id\":\"https:\/\/shop.bazarcia.com\/#website\"},\"primaryImageOfPage\":{\"@id\":\"https:\/\/shop.bazarcia.com\/en\/product\/matriz-de-bordado-pacote-infantil-02-11-matrizes\/#primaryimage\"},\"image\":{\"@id\":\"https:\/\/shop.bazarcia.com\/en\/product\/matriz-de-bordado-pacote-infantil-02-11-matrizes\/#primaryimage\"},\"thumbnailUrl\":\"https:\/\/shop.bazarcia.com\/wp-content\/uploads\/2021\/05\/Colecao-Infantil-02.png\",\"datePublished\":\"2021-03-22T03:58:03+00:00\",\"dateModified\":\"2021-05-18T13:17:21+00:00\",\"description\":\"Todas os modelos de m\u00e1quinas de bordados\",\"breadcrumb\":{\"@id\":\"https:\/\/shop.bazarcia.com\/en\/product\/matriz-de-bordado-pacote-infantil-02-11-matrizes\/#breadcrumb\"},\"inLanguage\":\"en-US\",\"potentialAction\":[{\"@type\":\"ReadAction\",\"target\":[\"https:\/\/shop.bazarcia.com\/en\/product\/matriz-de-bordado-pacote-infantil-02-11-matrizes\/\"]}]},{\"@type\":\"ImageObject\",\"inLanguage\":\"en-US\",\"@id\":\"https:\/\/shop.bazarcia.com\/en\/product\/matriz-de-bordado-pacote-infantil-02-11-matrizes\/#primaryimage\",\"url\":\"https:\/\/shop.bazarcia.com\/wp-content\/uploads\/2021\/05\/Colecao-Infantil-02.png\",\"contentUrl\":\"https:\/\/shop.bazarcia.com\/wp-content\/uploads\/2021\/05\/Colecao-Infantil-02.png\",\"width\":1080,\"height\":1080},{\"@type\":\"BreadcrumbList\",\"@id\":\"https:\/\/shop.bazarcia.com\/en\/product\/matriz-de-bordado-pacote-infantil-02-11-matrizes\/#breadcrumb\",\"itemListElement\":[{\"@type\":\"ListItem\",\"position\":1,\"name\":\"In\u00edcio\",\"item\":\"https:\/\/shop.bazarcia.com\/\"},{\"@type\":\"ListItem\",\"position\":2,\"name\":\"Loja\",\"item\":\"https:\/\/shop.bazarcia.com\/loja\/\"},{\"@type\":\"ListItem\",\"position\":3,\"name\":\"Matriz de Bordado &#8211; Pacote Infantil #02 &#8211; 12 Matrizes\"}]},{\"@type\":\"WebSite\",\"@id\":\"https:\/\/shop.bazarcia.com\/#website\",\"url\":\"https:\/\/shop.bazarcia.com\/\",\"name\":\"Bazar & Cia\",\"description\":\"criatividade ponto a ponto\",\"publisher\":{\"@id\":\"https:\/\/shop.bazarcia.com\/#organization\"},\"potentialAction\":[{\"@type\":\"SearchAction\",\"target\":{\"@type\":\"EntryPoint\",\"urlTemplate\":\"https:\/\/shop.bazarcia.com\/?s={search_term_string}\"},\"query-input\":{\"@type\":\"PropertyValueSpecification\",\"valueRequired\":true,\"valueName\":\"search_term_string\"}}],\"inLanguage\":\"en-US\"},{\"@type\":\"Organization\",\"@id\":\"https:\/\/shop.bazarcia.com\/#organization\",\"name\":\"Bazar & Cia\",\"url\":\"https:\/\/shop.bazarcia.com\/\",\"logo\":{\"@type\":\"ImageObject\",\"inLanguage\":\"en-US\",\"@id\":\"https:\/\/shop.bazarcia.com\/#\/schema\/logo\/image\/\",\"url\":\"https:\/\/shop.bazarcia.com\/wp-content\/uploads\/2024\/02\/cropped-logo_bazarcia.png\",\"contentUrl\":\"https:\/\/shop.bazarcia.com\/wp-content\/uploads\/2024\/02\/cropped-logo_bazarcia.png\",\"width\":150,\"height\":150,\"caption\":\"Bazar & Cia\"},\"image\":{\"@id\":\"https:\/\/shop.bazarcia.com\/#\/schema\/logo\/image\/\"},\"sameAs\":[\"https:\/\/www.facebook.com\/shopbazarcia\",\"https:\/\/www.instagram.com\/shopbazarcia\",\"https:\/\/br.pinterest.com\/suzane_eloise\/\",\"https:\/\/www.youtube.com\/c\/BazardoBordadoMatrizeseProjetos\"]}]}<\/script>\n<!-- \/ Yoast SEO plugin. -->","yoast_head_json":{"title":"Matriz de Bordado - Pacote Infantil #02 - 12 Matrizes","description":"Todas os modelos de m\u00e1quinas de bordados","robots":{"index":"index","follow":"follow","max-snippet":"max-snippet:-1","max-image-preview":"max-image-preview:large","max-video-preview":"max-video-preview:-1"},"canonical":"https:\/\/shop.bazarcia.com\/en\/product\/matriz-de-bordado-pacote-infantil-02-11-matrizes\/","og_locale":"en_US","og_type":"article","og_title":"Matriz de Bordado - Pacote Infantil #02 - 12 Matrizes","og_description":"Todas os modelos de m\u00e1quinas de bordados","og_url":"https:\/\/shop.bazarcia.com\/en\/product\/matriz-de-bordado-pacote-infantil-02-11-matrizes\/","og_site_name":"\ud835\udc1b\ud835\udc1a\ud835\udc33\ud835\udc1a\ud835\udc2b &amp; \ud835\udc1c\ud835\udc22\ud835\udc1a","article_publisher":"https:\/\/www.facebook.com\/shopbazarcia","article_modified_time":"2021-05-18T13:17:21+00:00","og_image":[{"width":1080,"height":1080,"url":"https:\/\/shop.bazarcia.com\/wp-content\/uploads\/2021\/05\/Colecao-Infantil-02.png","type":"image\/png"}],"twitter_card":"summary_large_image","twitter_misc":{"Est. reading time":"2 minutes"},"schema":{"@context":"https:\/\/schema.org","@graph":[{"@type":"WebPage","@id":"https:\/\/shop.bazarcia.com\/en\/product\/matriz-de-bordado-pacote-infantil-02-11-matrizes\/","url":"https:\/\/shop.bazarcia.com\/en\/product\/matriz-de-bordado-pacote-infantil-02-11-matrizes\/","name":"Matriz de Bordado - Pacote Infantil #02 - 12 Matrizes","isPartOf":{"@id":"https:\/\/shop.bazarcia.com\/#website"},"primaryImageOfPage":{"@id":"https:\/\/shop.bazarcia.com\/en\/product\/matriz-de-bordado-pacote-infantil-02-11-matrizes\/#primaryimage"},"image":{"@id":"https:\/\/shop.bazarcia.com\/en\/product\/matriz-de-bordado-pacote-infantil-02-11-matrizes\/#primaryimage"},"thumbnailUrl":"https:\/\/shop.bazarcia.com\/wp-content\/uploads\/2021\/05\/Colecao-Infantil-02.png","datePublished":"2021-03-22T03:58:03+00:00","dateModified":"2021-05-18T13:17:21+00:00","description":"Todas os modelos de m\u00e1quinas de bordados","breadcrumb":{"@id":"https:\/\/shop.bazarcia.com\/en\/product\/matriz-de-bordado-pacote-infantil-02-11-matrizes\/#breadcrumb"},"inLanguage":"en-US","potentialAction":[{"@type":"ReadAction","target":["https:\/\/shop.bazarcia.com\/en\/product\/matriz-de-bordado-pacote-infantil-02-11-matrizes\/"]}]},{"@type":"ImageObject","inLanguage":"en-US","@id":"https:\/\/shop.bazarcia.com\/en\/product\/matriz-de-bordado-pacote-infantil-02-11-matrizes\/#primaryimage","url":"https:\/\/shop.bazarcia.com\/wp-content\/uploads\/2021\/05\/Colecao-Infantil-02.png","contentUrl":"https:\/\/shop.bazarcia.com\/wp-content\/uploads\/2021\/05\/Colecao-Infantil-02.png","width":1080,"height":1080},{"@type":"BreadcrumbList","@id":"https:\/\/shop.bazarcia.com\/en\/product\/matriz-de-bordado-pacote-infantil-02-11-matrizes\/#breadcrumb","itemListElement":[{"@type":"ListItem","position":1,"name":"In\u00edcio","item":"https:\/\/shop.bazarcia.com\/"},{"@type":"ListItem","position":2,"name":"Loja","item":"https:\/\/shop.bazarcia.com\/loja\/"},{"@type":"ListItem","position":3,"name":"Matriz de Bordado &#8211; Pacote Infantil #02 &#8211; 12 Matrizes"}]},{"@type":"WebSite","@id":"https:\/\/shop.bazarcia.com\/#website","url":"https:\/\/shop.bazarcia.com\/","name":"Bazar & Cia","description":"criatividade ponto a ponto","publisher":{"@id":"https:\/\/shop.bazarcia.com\/#organization"},"potentialAction":[{"@type":"SearchAction","target":{"@type":"EntryPoint","urlTemplate":"https:\/\/shop.bazarcia.com\/?s={search_term_string}"},"query-input":{"@type":"PropertyValueSpecification","valueRequired":true,"valueName":"search_term_string"}}],"inLanguage":"en-US"},{"@type":"Organization","@id":"https:\/\/shop.bazarcia.com\/#organization","name":"Bazar & Cia","url":"https:\/\/shop.bazarcia.com\/","logo":{"@type":"ImageObject","inLanguage":"en-US","@id":"https:\/\/shop.bazarcia.com\/#\/schema\/logo\/image\/","url":"https:\/\/shop.bazarcia.com\/wp-content\/uploads\/2024\/02\/cropped-logo_bazarcia.png","contentUrl":"https:\/\/shop.bazarcia.com\/wp-content\/uploads\/2024\/02\/cropped-logo_bazarcia.png","width":150,"height":150,"caption":"Bazar & Cia"},"image":{"@id":"https:\/\/shop.bazarcia.com\/#\/schema\/logo\/image\/"},"sameAs":["https:\/\/www.facebook.com\/shopbazarcia","https:\/\/www.instagram.com\/shopbazarcia","https:\/\/br.pinterest.com\/suzane_eloise\/","https:\/\/www.youtube.com\/c\/BazardoBordadoMatrizeseProjetos"]}]}},"_links":{"self":[{"href":"https:\/\/shop.bazarcia.com\/en\/wp-json\/wp\/v2\/product\/87789","targetHints":{"allow":["GET"]}}],"collection":[{"href":"https:\/\/shop.bazarcia.com\/en\/wp-json\/wp\/v2\/product"}],"about":[{"href":"https:\/\/shop.bazarcia.com\/en\/wp-json\/wp\/v2\/types\/product"}],"replies":[{"embeddable":true,"href":"https:\/\/shop.bazarcia.com\/en\/wp-json\/wp\/v2\/comments?post=87789"}],"version-history":[{"count":0,"href":"https:\/\/shop.bazarcia.com\/en\/wp-json\/wp\/v2\/product\/87789\/revisions"}],"wp:featuredmedia":[{"embeddable":true,"href":"https:\/\/shop.bazarcia.com\/en\/wp-json\/wp\/v2\/media\/98154"}],"wp:attachment":[{"href":"https:\/\/shop.bazarcia.com\/en\/wp-json\/wp\/v2\/media?parent=87789"}],"wp:term":[{"taxonomy":"product_brand","embeddable":true,"href":"https:\/\/shop.bazarcia.com\/en\/wp-json\/wp\/v2\/product_brand?post=87789"},{"taxonomy":"product_cat","embeddable":true,"href":"https:\/\/shop.bazarcia.com\/en\/wp-json\/wp\/v2\/product_cat?post=87789"},{"taxonomy":"product_tag","embeddable":true,"href":"https:\/\/shop.bazarcia.com\/en\/wp-json\/wp\/v2\/product_tag?post=87789"}],"curies":[{"name":"wp","href":"https:\/\/api.w.org\/{rel}","templated":true}]}}