{"id":88303,"date":"2021-03-23T20:10:50","date_gmt":"2021-03-23T23:10:50","guid":{"rendered":"https:\/\/shop.bazarcia.com\/produto\/projetos-na-bordadeira-sexteto-turminha-do-bosque-grandes\/"},"modified":"2021-03-24T09:04:06","modified_gmt":"2021-03-24T12:04:06","slug":"projetos-na-bordadeira-sexteto-turminha-do-bosque-grandes","status":"publish","type":"product","link":"https:\/\/shop.bazarcia.com\/en\/product\/projetos-na-bordadeira-sexteto-turminha-do-bosque-grandes\/","title":{"rendered":"Projetos na Bordadeira Sexteto Turminha do Bosque Grandes"},"content":{"rendered":"<p style=\"margin-top: 0px;margin-bottom: 1rem;color: #6c737b;font-family: roboto, sans-serif\"><span style=\"font-weight: bolder\">Combo Trio\u00a0<i style=\"vertical-align: middle\">Turminha do Bosque<\/i>\u00a0Grandes 1 e 2<i style=\"vertical-align: middle\"><\/i><i style=\"vertical-align: middle\"><\/i><\/span><\/p>\n<p><i style=\"vertical-align: middle\"><span style=\"font-weight: bolder\">Descri\u00e7\u00e3o das Matrizes:<br \/>\n<\/span><\/i>Matrizes para bastidores 13&#215;18 e 16&#215;26<br \/>\nAcompanha TAG para nome.<\/p>\n<p>&nbsp;<\/p>\n<p style=\"margin-top: 0px;margin-bottom: 1rem;color: #6c737b;font-family: roboto, sans-serif\"><span style=\"font-weight: bolder\">Este \u00e9 um produto DIGITAL e os arquivos estar\u00e3o dispon\u00edveis para download aqui mesmo na sua conta ap\u00f3s confirma\u00e7\u00e3o do pagamento.<\/span><\/p>\n<p style=\"margin-top: 0px;margin-bottom: 1rem;color: #6c737b;font-family: roboto, sans-serif\"><span style=\"font-weight: bolder\">Os arquivos est\u00e3o em pasta compactada (ZIP), sendo necess\u00e1rio descompact\u00e1-la.<\/span><\/p>\n<p style=\"margin-top: 0px;margin-bottom: 1rem;color: #6c737b;font-family: roboto, sans-serif\"><span style=\"font-weight: bolder\">Os mesmos s\u00e3o compat\u00edveis com v\u00e1rios tipos e modelos de m\u00e1quinas, com os seguintes formatos:<br \/>\nDST &#8211; EXP &#8211; HUS &#8211; JEF &#8211; PES &#8211; XXX<\/span><\/p>\n<p style=\"margin-top: 0px;margin-bottom: 1rem;color: #6c737b;font-family: roboto, sans-serif\"><span style=\"font-weight: bolder\">Adquirindo nossas matrizes e projetos voc\u00ea se declara de acordo com nossos<span style=\"font-weight: bolder\"><span style=\"font-weight: bolder\"><span style=\"font-weight: bolder\"><span style=\"font-weight: bolder\"><span style=\"font-weight: bolder\"><span style=\"font-weight: bolder\">\u00a0<span style=\"font-weight: bolder\"><a style=\"color: #95663c;background-color: transparent\" href=\"https:\/\/shop.bazarcia.com\/en\/store\/atelie-mamae-coruja\/toc\/\" target=\"_blank\" rel=\"nofollow noopener\">TERMOS E CONDI\u00c7\u00d5ES<\/a><\/span>.<\/span><\/span><\/span><\/span><\/span><\/span><\/span><\/p>\n<p style=\"margin-top: 0px;margin-bottom: 1rem;color: #6c737b;font-family: roboto, sans-serif\">Designer: Carol (Est\u00fadio 812) &#8211; Adapta\u00e7\u00e3o: Val\u00e9ria Ribeiro (Ateli\u00ea Mam\u00e3e Coruja)<\/p>","protected":false},"excerpt":{"rendered":"<p>Combo Trio Turminha do Bosque Grandes 1 e 2<br \/>\n<strong>Este \u00e9 um produto digital.<\/strong><\/p>\n<p>Nossos seis casais de bichinhos super fofos da nossa Cole\u00e7\u00e3o Turminha do Bosque feitos em etapas o que permite a cria\u00e7\u00e3o de pe\u00e7as maiores mesmo com bastidores menores.<br \/>\nPodem ser aplicados em Almofadas, Porta Maternidade, Fl\u00e2mula, Protetores de Ber\u00e7o, Mantas e o que mais sua imagina\u00e7\u00e3o permitir.<br \/>\nE para facilitar o acesso aos nossos projetos, unimos o trio 1 e 2 dos Bichinhos em Apliques Grandes em um \u00fanico combo por um valor promocional.<\/p>\n<p>Clique <a href=\"https:\/\/www.youtube.com\/playlist?list=PLWv9YUnuM7PgAtAxwHze7gpQSA9EIgKg6\">AQUI<\/a> para assistir as v\u00eddeo aulas no nosso canal do YouTube.<br \/>\nPara conhecer\/adquirir a Cole\u00e7\u00e3o Turminha do Bosque clique <a href=\"https:\/\/shop.bazarcia.com\/en\/product\/matrizes-de-bordado-colecao-turminha-do-bosque\/\">AQUI<\/a>.<\/p>\n<p>Clique nos nomes dos casaizinhos abaixo para conhec\u00ea-los ou adquiri-los separadamente:<br \/>\n&#8211; <a href=\"https:\/\/shop.bazarcia.com\/en\/product\/matriz-de-bordado-casal-de-coelhinhos-trio-turminha-do-bosque-2\/\">Casal de Coelhinhos<\/a><br \/>\n&#8211; <a href=\"https:\/\/shop.bazarcia.com\/en\/product\/matriz-de-bordado-casal-de-esquilinhos-trio-turminha-do-bosque-2\/\">Casal de Esquilinhos<\/a><br \/>\n&#8211; <a href=\"https:\/\/shop.bazarcia.com\/en\/product\/matrizes-de-bordado-casal-de-guaxinim-g-e-gg\/\">Casal de Guaxinins<\/a><br \/>\n&#8211; <a href=\"https:\/\/shop.bazarcia.com\/en\/product\/matriz-de-bordado-casal-de-passarinhos-trio-turminha-do-bosque-2-2\/\">Casal de Passarinhos<\/a><br \/>\n&#8211; <a href=\"https:\/\/shop.bazarcia.com\/en\/product\/matrizes-de-bordado-casal-de-raposinhas-g-e-gg\/\">Casal de Raposinhas<\/a><br \/>\n&#8211; <a href=\"https:\/\/shop.bazarcia.com\/en\/product\/matrizes-de-bordado-casal-de-ursinhos-g-e-gg\/\">Casal de Ursinhos<\/a><\/p>\n<p>Confira abaixo todos os detalhes deste projeto, lembrando que qualquer d\u00favida estamos a disposi\u00e7\u00e3o!<\/p>","protected":false},"featured_media":88301,"comment_status":"open","ping_status":"closed","template":"","meta":{"_acf_changed":false,"_joinchat":[]},"product_brand":[],"product_cat":[84,122,208,1198,1197,201,123,98,1429,1621],"product_tag":[],"class_list":{"0":"post-88303","1":"product","2":"type-product","3":"status-publish","4":"has-post-thumbnail","6":"product_cat-matrizes-de-bordado","7":"product_cat-matrizes-de-bordado-animais","8":"product_cat-coelhinhos","9":"product_cat-esquilo","10":"product_cat-guaxinim","11":"product_cat-passarinhos","12":"product_cat-ursinhos","13":"product_cat-projetos-na-bordadeira-in-the-hoop-embroidery","14":"product_cat-enfeite-porta-na-bordadeira-ith","15":"product_cat-porta-maternidade-na-bordadeira-ith","17":"first","18":"instock","19":"sale","20":"downloadable","21":"virtual","22":"sold-individually","23":"purchasable","24":"product-type-simple"},"acf":[],"yoast_head":"<!-- This site is optimized with the Yoast SEO plugin v27.2 - https:\/\/yoast.com\/product\/yoast-seo-wordpress\/ -->\n<title>Projetos na Bordadeira Sexteto Turminha do Bosque Grandes - \ud835\udc1b\ud835\udc1a\ud835\udc33\ud835\udc1a\ud835\udc2b &amp; \ud835\udc1c\ud835\udc22\ud835\udc1a<\/title>\n<meta name=\"robots\" content=\"index, follow, max-snippet:-1, max-image-preview:large, max-video-preview:-1\" \/>\n<link rel=\"canonical\" href=\"https:\/\/shop.bazarcia.com\/en\/product\/projetos-na-bordadeira-sexteto-turminha-do-bosque-grandes\/\" \/>\n<meta property=\"og:locale\" content=\"en_US\" \/>\n<meta property=\"og:type\" content=\"article\" \/>\n<meta property=\"og:title\" content=\"Projetos na Bordadeira Sexteto Turminha do Bosque Grandes - \ud835\udc1b\ud835\udc1a\ud835\udc33\ud835\udc1a\ud835\udc2b &amp; \ud835\udc1c\ud835\udc22\ud835\udc1a\" \/>\n<meta property=\"og:description\" content=\"Combo Trio Turminha do Bosque Grandes 1 e 2 Este \u00e9 um produto digital.  Nossos seis casais de bichinhos super fofos da nossa Cole\u00e7\u00e3o Turminha do Bosque feitos em etapas o que permite a cria\u00e7\u00e3o de pe\u00e7as maiores mesmo com bastidores menores. Podem ser aplicados em Almofadas, Porta Maternidade, Fl\u00e2mula, Protetores de Ber\u00e7o, Mantas e o que mais sua imagina\u00e7\u00e3o permitir. E para facilitar o acesso aos nossos projetos, unimos o trio 1 e 2 dos Bichinhos em Apliques Grandes em um \u00fanico combo por um valor promocional.  Clique AQUI para assistir as v\u00eddeo aulas no nosso canal do YouTube. Para conhecer\/adquirir a Cole\u00e7\u00e3o Turminha do Bosque clique AQUI.  Clique nos nomes dos casaizinhos abaixo para conhec\u00ea-los ou adquiri-los separadamente: - Casal de Coelhinhos - Casal de Esquilinhos - Casal de Guaxinins - Casal de Passarinhos - Casal de Raposinhas - Casal de Ursinhos  Confira abaixo todos os detalhes deste projeto, lembrando que qualquer d\u00favida estamos a disposi\u00e7\u00e3o!\" \/>\n<meta property=\"og:url\" content=\"https:\/\/shop.bazarcia.com\/en\/product\/projetos-na-bordadeira-sexteto-turminha-do-bosque-grandes\/\" \/>\n<meta property=\"og:site_name\" content=\"\ud835\udc1b\ud835\udc1a\ud835\udc33\ud835\udc1a\ud835\udc2b &amp; \ud835\udc1c\ud835\udc22\ud835\udc1a\" \/>\n<meta property=\"article:publisher\" content=\"https:\/\/www.facebook.com\/shopbazarcia\" \/>\n<meta property=\"article:modified_time\" content=\"2021-03-24T12:04:06+00:00\" \/>\n<meta property=\"og:image\" content=\"https:\/\/shop.bazarcia.com\/wp-content\/uploads\/2021\/03\/Trio-Turminha-do-Bosque-Grandes-29-1.png\" \/>\n\t<meta property=\"og:image:width\" content=\"1084\" \/>\n\t<meta property=\"og:image:height\" content=\"1084\" \/>\n\t<meta property=\"og:image:type\" content=\"image\/png\" \/>\n<meta name=\"twitter:card\" content=\"summary_large_image\" \/>\n<meta name=\"twitter:label1\" content=\"Est. reading time\" \/>\n\t<meta name=\"twitter:data1\" content=\"1 minute\" \/>\n<script type=\"application\/ld+json\" class=\"yoast-schema-graph\">{\"@context\":\"https:\/\/schema.org\",\"@graph\":[{\"@type\":\"WebPage\",\"@id\":\"https:\/\/shop.bazarcia.com\/produto\/projetos-na-bordadeira-sexteto-turminha-do-bosque-grandes\/\",\"url\":\"https:\/\/shop.bazarcia.com\/produto\/projetos-na-bordadeira-sexteto-turminha-do-bosque-grandes\/\",\"name\":\"Projetos na Bordadeira Sexteto Turminha do Bosque Grandes - \ud835\udc1b\ud835\udc1a\ud835\udc33\ud835\udc1a\ud835\udc2b &amp; \ud835\udc1c\ud835\udc22\ud835\udc1a\",\"isPartOf\":{\"@id\":\"https:\/\/shop.bazarcia.com\/#website\"},\"primaryImageOfPage\":{\"@id\":\"https:\/\/shop.bazarcia.com\/produto\/projetos-na-bordadeira-sexteto-turminha-do-bosque-grandes\/#primaryimage\"},\"image\":{\"@id\":\"https:\/\/shop.bazarcia.com\/produto\/projetos-na-bordadeira-sexteto-turminha-do-bosque-grandes\/#primaryimage\"},\"thumbnailUrl\":\"https:\/\/shop.bazarcia.com\/wp-content\/uploads\/2021\/03\/Trio-Turminha-do-Bosque-Grandes-29-1.png\",\"datePublished\":\"2021-03-23T23:10:50+00:00\",\"dateModified\":\"2021-03-24T12:04:06+00:00\",\"breadcrumb\":{\"@id\":\"https:\/\/shop.bazarcia.com\/produto\/projetos-na-bordadeira-sexteto-turminha-do-bosque-grandes\/#breadcrumb\"},\"inLanguage\":\"en-US\",\"potentialAction\":[{\"@type\":\"ReadAction\",\"target\":[\"https:\/\/shop.bazarcia.com\/produto\/projetos-na-bordadeira-sexteto-turminha-do-bosque-grandes\/\"]}]},{\"@type\":\"ImageObject\",\"inLanguage\":\"en-US\",\"@id\":\"https:\/\/shop.bazarcia.com\/produto\/projetos-na-bordadeira-sexteto-turminha-do-bosque-grandes\/#primaryimage\",\"url\":\"https:\/\/shop.bazarcia.com\/wp-content\/uploads\/2021\/03\/Trio-Turminha-do-Bosque-Grandes-29-1.png\",\"contentUrl\":\"https:\/\/shop.bazarcia.com\/wp-content\/uploads\/2021\/03\/Trio-Turminha-do-Bosque-Grandes-29-1.png\",\"width\":1084,\"height\":1084},{\"@type\":\"BreadcrumbList\",\"@id\":\"https:\/\/shop.bazarcia.com\/produto\/projetos-na-bordadeira-sexteto-turminha-do-bosque-grandes\/#breadcrumb\",\"itemListElement\":[{\"@type\":\"ListItem\",\"position\":1,\"name\":\"In\u00edcio\",\"item\":\"https:\/\/shop.bazarcia.com\/\"},{\"@type\":\"ListItem\",\"position\":2,\"name\":\"Loja\",\"item\":\"https:\/\/shop.bazarcia.com\/loja\/\"},{\"@type\":\"ListItem\",\"position\":3,\"name\":\"Projetos na Bordadeira Sexteto Turminha do Bosque Grandes\"}]},{\"@type\":\"WebSite\",\"@id\":\"https:\/\/shop.bazarcia.com\/#website\",\"url\":\"https:\/\/shop.bazarcia.com\/\",\"name\":\"Bazar & Cia\",\"description\":\"criatividade ponto a ponto\",\"publisher\":{\"@id\":\"https:\/\/shop.bazarcia.com\/#organization\"},\"potentialAction\":[{\"@type\":\"SearchAction\",\"target\":{\"@type\":\"EntryPoint\",\"urlTemplate\":\"https:\/\/shop.bazarcia.com\/?s={search_term_string}\"},\"query-input\":{\"@type\":\"PropertyValueSpecification\",\"valueRequired\":true,\"valueName\":\"search_term_string\"}}],\"inLanguage\":\"en-US\"},{\"@type\":\"Organization\",\"@id\":\"https:\/\/shop.bazarcia.com\/#organization\",\"name\":\"Bazar & Cia\",\"url\":\"https:\/\/shop.bazarcia.com\/\",\"logo\":{\"@type\":\"ImageObject\",\"inLanguage\":\"en-US\",\"@id\":\"https:\/\/shop.bazarcia.com\/#\/schema\/logo\/image\/\",\"url\":\"https:\/\/shop.bazarcia.com\/wp-content\/uploads\/2024\/02\/cropped-logo_bazarcia.png\",\"contentUrl\":\"https:\/\/shop.bazarcia.com\/wp-content\/uploads\/2024\/02\/cropped-logo_bazarcia.png\",\"width\":150,\"height\":150,\"caption\":\"Bazar & Cia\"},\"image\":{\"@id\":\"https:\/\/shop.bazarcia.com\/#\/schema\/logo\/image\/\"},\"sameAs\":[\"https:\/\/www.facebook.com\/shopbazarcia\",\"https:\/\/www.instagram.com\/shopbazarcia\",\"https:\/\/br.pinterest.com\/suzane_eloise\/\",\"https:\/\/www.youtube.com\/c\/BazardoBordadoMatrizeseProjetos\"]}]}<\/script>\n<!-- \/ Yoast SEO plugin. -->","yoast_head_json":{"title":"Projetos na Bordadeira Sexteto Turminha do Bosque Grandes - \ud835\udc1b\ud835\udc1a\ud835\udc33\ud835\udc1a\ud835\udc2b &amp; \ud835\udc1c\ud835\udc22\ud835\udc1a","robots":{"index":"index","follow":"follow","max-snippet":"max-snippet:-1","max-image-preview":"max-image-preview:large","max-video-preview":"max-video-preview:-1"},"canonical":"https:\/\/shop.bazarcia.com\/en\/product\/projetos-na-bordadeira-sexteto-turminha-do-bosque-grandes\/","og_locale":"en_US","og_type":"article","og_title":"Projetos na Bordadeira Sexteto Turminha do Bosque Grandes - \ud835\udc1b\ud835\udc1a\ud835\udc33\ud835\udc1a\ud835\udc2b &amp; \ud835\udc1c\ud835\udc22\ud835\udc1a","og_description":"Combo Trio Turminha do Bosque Grandes 1 e 2 Este \u00e9 um produto digital.  Nossos seis casais de bichinhos super fofos da nossa Cole\u00e7\u00e3o Turminha do Bosque feitos em etapas o que permite a cria\u00e7\u00e3o de pe\u00e7as maiores mesmo com bastidores menores. Podem ser aplicados em Almofadas, Porta Maternidade, Fl\u00e2mula, Protetores de Ber\u00e7o, Mantas e o que mais sua imagina\u00e7\u00e3o permitir. E para facilitar o acesso aos nossos projetos, unimos o trio 1 e 2 dos Bichinhos em Apliques Grandes em um \u00fanico combo por um valor promocional.  Clique AQUI para assistir as v\u00eddeo aulas no nosso canal do YouTube. Para conhecer\/adquirir a Cole\u00e7\u00e3o Turminha do Bosque clique AQUI.  Clique nos nomes dos casaizinhos abaixo para conhec\u00ea-los ou adquiri-los separadamente: - Casal de Coelhinhos - Casal de Esquilinhos - Casal de Guaxinins - Casal de Passarinhos - Casal de Raposinhas - Casal de Ursinhos  Confira abaixo todos os detalhes deste projeto, lembrando que qualquer d\u00favida estamos a disposi\u00e7\u00e3o!","og_url":"https:\/\/shop.bazarcia.com\/en\/product\/projetos-na-bordadeira-sexteto-turminha-do-bosque-grandes\/","og_site_name":"\ud835\udc1b\ud835\udc1a\ud835\udc33\ud835\udc1a\ud835\udc2b &amp; \ud835\udc1c\ud835\udc22\ud835\udc1a","article_publisher":"https:\/\/www.facebook.com\/shopbazarcia","article_modified_time":"2021-03-24T12:04:06+00:00","og_image":[{"width":1084,"height":1084,"url":"https:\/\/shop.bazarcia.com\/wp-content\/uploads\/2021\/03\/Trio-Turminha-do-Bosque-Grandes-29-1.png","type":"image\/png"}],"twitter_card":"summary_large_image","twitter_misc":{"Est. reading time":"1 minute"},"schema":{"@context":"https:\/\/schema.org","@graph":[{"@type":"WebPage","@id":"https:\/\/shop.bazarcia.com\/produto\/projetos-na-bordadeira-sexteto-turminha-do-bosque-grandes\/","url":"https:\/\/shop.bazarcia.com\/produto\/projetos-na-bordadeira-sexteto-turminha-do-bosque-grandes\/","name":"Projetos na Bordadeira Sexteto Turminha do Bosque Grandes - \ud835\udc1b\ud835\udc1a\ud835\udc33\ud835\udc1a\ud835\udc2b &amp; \ud835\udc1c\ud835\udc22\ud835\udc1a","isPartOf":{"@id":"https:\/\/shop.bazarcia.com\/#website"},"primaryImageOfPage":{"@id":"https:\/\/shop.bazarcia.com\/produto\/projetos-na-bordadeira-sexteto-turminha-do-bosque-grandes\/#primaryimage"},"image":{"@id":"https:\/\/shop.bazarcia.com\/produto\/projetos-na-bordadeira-sexteto-turminha-do-bosque-grandes\/#primaryimage"},"thumbnailUrl":"https:\/\/shop.bazarcia.com\/wp-content\/uploads\/2021\/03\/Trio-Turminha-do-Bosque-Grandes-29-1.png","datePublished":"2021-03-23T23:10:50+00:00","dateModified":"2021-03-24T12:04:06+00:00","breadcrumb":{"@id":"https:\/\/shop.bazarcia.com\/produto\/projetos-na-bordadeira-sexteto-turminha-do-bosque-grandes\/#breadcrumb"},"inLanguage":"en-US","potentialAction":[{"@type":"ReadAction","target":["https:\/\/shop.bazarcia.com\/produto\/projetos-na-bordadeira-sexteto-turminha-do-bosque-grandes\/"]}]},{"@type":"ImageObject","inLanguage":"en-US","@id":"https:\/\/shop.bazarcia.com\/produto\/projetos-na-bordadeira-sexteto-turminha-do-bosque-grandes\/#primaryimage","url":"https:\/\/shop.bazarcia.com\/wp-content\/uploads\/2021\/03\/Trio-Turminha-do-Bosque-Grandes-29-1.png","contentUrl":"https:\/\/shop.bazarcia.com\/wp-content\/uploads\/2021\/03\/Trio-Turminha-do-Bosque-Grandes-29-1.png","width":1084,"height":1084},{"@type":"BreadcrumbList","@id":"https:\/\/shop.bazarcia.com\/produto\/projetos-na-bordadeira-sexteto-turminha-do-bosque-grandes\/#breadcrumb","itemListElement":[{"@type":"ListItem","position":1,"name":"In\u00edcio","item":"https:\/\/shop.bazarcia.com\/"},{"@type":"ListItem","position":2,"name":"Loja","item":"https:\/\/shop.bazarcia.com\/loja\/"},{"@type":"ListItem","position":3,"name":"Projetos na Bordadeira Sexteto Turminha do Bosque Grandes"}]},{"@type":"WebSite","@id":"https:\/\/shop.bazarcia.com\/#website","url":"https:\/\/shop.bazarcia.com\/","name":"Bazar & Cia","description":"criatividade ponto a ponto","publisher":{"@id":"https:\/\/shop.bazarcia.com\/#organization"},"potentialAction":[{"@type":"SearchAction","target":{"@type":"EntryPoint","urlTemplate":"https:\/\/shop.bazarcia.com\/?s={search_term_string}"},"query-input":{"@type":"PropertyValueSpecification","valueRequired":true,"valueName":"search_term_string"}}],"inLanguage":"en-US"},{"@type":"Organization","@id":"https:\/\/shop.bazarcia.com\/#organization","name":"Bazar & Cia","url":"https:\/\/shop.bazarcia.com\/","logo":{"@type":"ImageObject","inLanguage":"en-US","@id":"https:\/\/shop.bazarcia.com\/#\/schema\/logo\/image\/","url":"https:\/\/shop.bazarcia.com\/wp-content\/uploads\/2024\/02\/cropped-logo_bazarcia.png","contentUrl":"https:\/\/shop.bazarcia.com\/wp-content\/uploads\/2024\/02\/cropped-logo_bazarcia.png","width":150,"height":150,"caption":"Bazar & Cia"},"image":{"@id":"https:\/\/shop.bazarcia.com\/#\/schema\/logo\/image\/"},"sameAs":["https:\/\/www.facebook.com\/shopbazarcia","https:\/\/www.instagram.com\/shopbazarcia","https:\/\/br.pinterest.com\/suzane_eloise\/","https:\/\/www.youtube.com\/c\/BazardoBordadoMatrizeseProjetos"]}]}},"_links":{"self":[{"href":"https:\/\/shop.bazarcia.com\/en\/wp-json\/wp\/v2\/product\/88303","targetHints":{"allow":["GET"]}}],"collection":[{"href":"https:\/\/shop.bazarcia.com\/en\/wp-json\/wp\/v2\/product"}],"about":[{"href":"https:\/\/shop.bazarcia.com\/en\/wp-json\/wp\/v2\/types\/product"}],"replies":[{"embeddable":true,"href":"https:\/\/shop.bazarcia.com\/en\/wp-json\/wp\/v2\/comments?post=88303"}],"version-history":[{"count":0,"href":"https:\/\/shop.bazarcia.com\/en\/wp-json\/wp\/v2\/product\/88303\/revisions"}],"wp:featuredmedia":[{"embeddable":true,"href":"https:\/\/shop.bazarcia.com\/en\/wp-json\/wp\/v2\/media\/88301"}],"wp:attachment":[{"href":"https:\/\/shop.bazarcia.com\/en\/wp-json\/wp\/v2\/media?parent=88303"}],"wp:term":[{"taxonomy":"product_brand","embeddable":true,"href":"https:\/\/shop.bazarcia.com\/en\/wp-json\/wp\/v2\/product_brand?post=88303"},{"taxonomy":"product_cat","embeddable":true,"href":"https:\/\/shop.bazarcia.com\/en\/wp-json\/wp\/v2\/product_cat?post=88303"},{"taxonomy":"product_tag","embeddable":true,"href":"https:\/\/shop.bazarcia.com\/en\/wp-json\/wp\/v2\/product_tag?post=88303"}],"curies":[{"name":"wp","href":"https:\/\/api.w.org\/{rel}","templated":true}]}}