{"id":91597,"date":"2021-04-10T14:28:15","date_gmt":"2021-04-10T17:28:15","guid":{"rendered":"https:\/\/shop.bazarcia.com\/produto\/agenda-personalizada-1-dia-por-pagina-3\/"},"modified":"2022-09-20T12:28:58","modified_gmt":"2022-09-20T15:28:58","slug":"agenda-personalizada-1-dia-por-pagina-3","status":"publish","type":"product","link":"https:\/\/shop.bazarcia.com\/en\/product\/agenda-personalizada-1-dia-por-pagina-3\/","title":{"rendered":"Agenda Personalizada 1 dia por P\u00e1gina"},"content":{"rendered":"<p style=\"margin: 0px 0px 10px; padding: 0px; border: 0px; vertical-align: baseline; max-width: 100%; font-size: 14px; color: #231f20; font-family: Montserrat;\">ORGANIZA\u00c7\u00c2O \u00e9 chave do sucesso e da tranquilidade!\u00a0<span style=\"margin: 0px; padding: 0px; border: 0px; vertical-align: baseline;\">Em 2021 sinta-se produtiva e motivada.<br \/>\nA agenda neutra \u00e9 ideal para quem gosta de muito espa\u00e7o para escrever, possui folhas pautadas com hor\u00e1rios das 7 as 19h. Com ela\u00a0voc\u00ea se organizar\u00e1 de maneira mais f\u00e1cil, tendo seus compromissos di\u00e1rios sempre definidos.<\/span><\/p>\n<p><strong style=\"margin: 0px; padding: 0px; border: 0px; vertical-align: baseline;\">Conte\u00fado:\u00a0<\/strong><\/p>\n<ul style=\"padding: 0px; margin: 0px 0px 10px 25px; border: 0px; vertical-align: baseline; color: #787878; font-family: 'Trebuchet MS', Arial, Helvetica, sans-serif; font-size: 12px;\">\n<li style=\"line-height: 20px; margin: 0px 0px 10px; padding: 0px; border: 0px; vertical-align: baseline; font-size: 14px; color: #231f20; font-family: Montserrat;\">Capa personalizada (nome, inicial ou frase)<\/li>\n<li style=\"line-height: 20px; margin: 0px 0px 10px; padding: 0px; border: 0px; vertical-align: baseline; font-size: 14px; color: #231f20; font-family: Montserrat;\">Folha de rosto<\/li>\n<li style=\"line-height: 20px; margin: 0px 0px 10px; padding: 0px; border: 0px; vertical-align: baseline; font-size: 14px; color: #231f20; font-family: Montserrat;\">Calend\u00e1rios 2021 e 2022<\/li>\n<li style=\"line-height: 20px; margin: 0px 0px 10px; padding: 0px; border: 0px; vertical-align: baseline; font-size: 14px; color: #231f20; font-family: Montserrat;\">Anivers\u00e1rios<\/li>\n<li style=\"line-height: 20px; margin: 0px 0px 10px; padding: 0px; border: 0px; vertical-align: baseline; font-size: 14px; color: #231f20; font-family: Montserrat;\">1 dia por p\u00e1gina<\/li>\n<li style=\"line-height: 20px; margin: 0px 0px 10px; padding: 0px; border: 0px; vertical-align: baseline; font-size: 14px; color: #231f20; font-family: Montserrat;\">Hor\u00e1rios di\u00e1rios (das 07:00 \u00e0s 19:00)<\/li>\n<li style=\"line-height: 20px; margin: 0px 0px 10px; padding: 0px; border: 0px; vertical-align: baseline; font-size: 14px; color: #231f20; font-family: Montserrat;\">S\u00e1bado e domingo juntos na mesma folha<\/li>\n<li style=\"line-height: 20px; margin: 0px 0px 10px; padding: 0px; border: 0px; vertical-align: baseline; font-size: 14px; color: #231f20; font-family: Montserrat;\">\u00cdndice telef\u00f4nico (de A \u00e0 Z)<\/li>\n<li style=\"line-height: 20px; margin: 0px 0px 10px; padding: 0px; border: 0px; vertical-align: baseline; font-size: 14px; color: #231f20; font-family: Montserrat;\">Folhas para anota\u00e7\u00f5es<\/li>\n<\/ul>\n<p style=\"margin: 0px 0px 10px; padding: 0px; border: 0px; vertical-align: baseline; max-width: 100%; font-size: 14px; color: #231f20; font-family: Montserrat;\"><b>N\u00c3O POSSUI DIVIS\u00d3RIAS<\/b><\/p>\n<div style=\"margin: 0px 0px 10px; padding: 0px; border: 0px; vertical-align: baseline; max-width: 100%; font-size: 14px; color: #231f20; font-family: Montserrat;\"><strong style=\"margin: 0px; padding: 0px; border: 0px; vertical-align: baseline;\">Especifica\u00e7\u00f5es:<\/strong><\/div>\n<ul>\n<li style=\"line-height: 20px; margin: 0px 0px 10px; padding: 0px; border: 0px; vertical-align: baseline; font-size: 14px; color: #231f20; font-family: Montserrat;\">Medida 21x15cm<\/li>\n<li style=\"line-height: 20px; margin: 0px 0px 10px; padding: 0px; border: 0px; vertical-align: baseline; font-size: 14px; color: #231f20; font-family: Montserrat;\">342 p\u00e1ginas (171 folhas)<\/li>\n<li style=\"line-height: 20px; margin: 0px 0px 10px; padding: 0px; border: 0px; vertical-align: baseline; font-size: 14px; color: #231f20; font-family: Montserrat;\">Capa dura<\/li>\n<li style=\"line-height: 20px; margin: 0px 0px 10px; padding: 0px; border: 0px; vertical-align: baseline; font-size: 14px; color: #231f20; font-family: Montserrat;\">El\u00e1stico com a cor combinando com a capa<\/li>\n<li style=\"line-height: 20px; margin: 0px 0px 10px; padding: 0px; border: 0px; vertical-align: baseline; font-size: 14px; color: #231f20; font-family: Montserrat;\">Encaderna\u00e7\u00e3o em duplo anel branco<\/li>\n<li><span style=\"color: #231f20; font-family: Montserrat; font-size: 14px;\">Capa com acabamento fosco ou brilho sem efeito hologr\u00e1fico<\/span><\/li>\n<\/ul>\n<div style=\"margin: 0px 0px 10px; padding: 0px; border: 0px; vertical-align: baseline; max-width: 100%; font-size: 14px; color: #231f20; font-family: Montserrat;\">Todos os nosso produtos s\u00e3o feitos a m\u00e3o com muito amor e carinho.<\/div>\n<div style=\"margin: 0px 0px 10px; padding: 0px; border: 0px; vertical-align: baseline; max-width: 100%; font-size: 14px; color: #231f20; font-family: Montserrat;\">\n<p><strong style=\"margin: 0px; padding: 0px; border: 0px; vertical-align: baseline;\">Tempo de produ\u00e7\u00e3o:<\/strong><\/p>\n<p>O prazo para produ\u00e7\u00e3o \u00e9 de 10 dias \u00fateis, junto a esse prazo deve ser somado o prazo de entrega dos correios.<\/p>\n<p><strong style=\"margin: 0px; padding: 0px; border: 0px; vertical-align: baseline;\">Garantia:<\/strong><br \/>\nTodos os nossos produtos s\u00e3o inspecionados antes de ser embalados para garantir que chegue at\u00e9 voc\u00ea perfeito como voc\u00ea sonhou.<br \/>\nN\u00e3o garantimos de maneira nenhuma fidelidade de cores, pois as mesmas podem ter altera\u00e7\u00e3o de acordo com o visor\/monitor, e os impressos por serem feitos em material poroso podem sofrer altera\u00e7\u00f5es em caso de reimpress\u00e3o. Os impressos poder\u00e3o apresentr varia\u00e7\u00e3o de cor, tonalidade e\/ou intensidade dentro do mesmo lote, e isso n\u00e3o \u00e9 caracterizado como defeito.<\/p>\n<\/div>","protected":false},"excerpt":{"rendered":"<p>Agenda Personalizada<\/p>","protected":false},"featured_media":91445,"comment_status":"open","ping_status":"closed","template":"","meta":{"_acf_changed":false,"_joinchat":[]},"product_brand":[],"product_cat":[1115],"product_tag":[],"class_list":{"0":"post-91597","1":"product","2":"type-product","3":"status-publish","4":"has-post-thumbnail","6":"product_cat-sem-categoria","8":"first","9":"instock","10":"shipping-taxable","11":"purchasable","12":"product-type-simple"},"acf":[],"yoast_head":"<!-- This site is optimized with the Yoast SEO plugin v27.2 - https:\/\/yoast.com\/product\/yoast-seo-wordpress\/ -->\n<title>Agenda Personalizada 1 dia por P\u00e1gina - \ud835\udc1b\ud835\udc1a\ud835\udc33\ud835\udc1a\ud835\udc2b &amp; \ud835\udc1c\ud835\udc22\ud835\udc1a<\/title>\n<meta name=\"robots\" content=\"index, follow, max-snippet:-1, max-image-preview:large, max-video-preview:-1\" \/>\n<link rel=\"canonical\" href=\"https:\/\/shop.bazarcia.com\/en\/product\/agenda-personalizada-1-dia-por-pagina-3\/\" \/>\n<meta property=\"og:locale\" content=\"en_US\" \/>\n<meta property=\"og:type\" content=\"article\" \/>\n<meta property=\"og:title\" content=\"Agenda Personalizada 1 dia por P\u00e1gina - \ud835\udc1b\ud835\udc1a\ud835\udc33\ud835\udc1a\ud835\udc2b &amp; \ud835\udc1c\ud835\udc22\ud835\udc1a\" \/>\n<meta property=\"og:description\" content=\"Agenda Personalizada\" \/>\n<meta property=\"og:url\" content=\"https:\/\/shop.bazarcia.com\/en\/product\/agenda-personalizada-1-dia-por-pagina-3\/\" \/>\n<meta property=\"og:site_name\" content=\"\ud835\udc1b\ud835\udc1a\ud835\udc33\ud835\udc1a\ud835\udc2b &amp; \ud835\udc1c\ud835\udc22\ud835\udc1a\" \/>\n<meta property=\"article:publisher\" content=\"https:\/\/www.facebook.com\/shopbazarcia\" \/>\n<meta property=\"article:modified_time\" content=\"2022-09-20T15:28:58+00:00\" \/>\n<meta property=\"og:image\" content=\"https:\/\/shop.bazarcia.com\/wp-content\/uploads\/2021\/04\/55564521_2127522130697953_6193870400254902272_o.jpg\" \/>\n\t<meta property=\"og:image:width\" content=\"1080\" \/>\n\t<meta property=\"og:image:height\" content=\"1080\" \/>\n\t<meta property=\"og:image:type\" content=\"image\/jpeg\" \/>\n<meta name=\"twitter:card\" content=\"summary_large_image\" \/>\n<meta name=\"twitter:label1\" content=\"Est. reading time\" \/>\n\t<meta name=\"twitter:data1\" content=\"1 minute\" \/>\n<script type=\"application\/ld+json\" class=\"yoast-schema-graph\">{\"@context\":\"https:\/\/schema.org\",\"@graph\":[{\"@type\":\"WebPage\",\"@id\":\"https:\/\/shop.bazarcia.com\/produto\/agenda-personalizada-1-dia-por-pagina-3\/\",\"url\":\"https:\/\/shop.bazarcia.com\/produto\/agenda-personalizada-1-dia-por-pagina-3\/\",\"name\":\"Agenda Personalizada 1 dia por P\u00e1gina - \ud835\udc1b\ud835\udc1a\ud835\udc33\ud835\udc1a\ud835\udc2b &amp; \ud835\udc1c\ud835\udc22\ud835\udc1a\",\"isPartOf\":{\"@id\":\"https:\/\/shop.bazarcia.com\/#website\"},\"primaryImageOfPage\":{\"@id\":\"https:\/\/shop.bazarcia.com\/produto\/agenda-personalizada-1-dia-por-pagina-3\/#primaryimage\"},\"image\":{\"@id\":\"https:\/\/shop.bazarcia.com\/produto\/agenda-personalizada-1-dia-por-pagina-3\/#primaryimage\"},\"thumbnailUrl\":\"https:\/\/shop.bazarcia.com\/wp-content\/uploads\/2021\/04\/55564521_2127522130697953_6193870400254902272_o.jpg\",\"datePublished\":\"2021-04-10T17:28:15+00:00\",\"dateModified\":\"2022-09-20T15:28:58+00:00\",\"breadcrumb\":{\"@id\":\"https:\/\/shop.bazarcia.com\/produto\/agenda-personalizada-1-dia-por-pagina-3\/#breadcrumb\"},\"inLanguage\":\"en-US\",\"potentialAction\":[{\"@type\":\"ReadAction\",\"target\":[\"https:\/\/shop.bazarcia.com\/produto\/agenda-personalizada-1-dia-por-pagina-3\/\"]}]},{\"@type\":\"ImageObject\",\"inLanguage\":\"en-US\",\"@id\":\"https:\/\/shop.bazarcia.com\/produto\/agenda-personalizada-1-dia-por-pagina-3\/#primaryimage\",\"url\":\"https:\/\/shop.bazarcia.com\/wp-content\/uploads\/2021\/04\/55564521_2127522130697953_6193870400254902272_o.jpg\",\"contentUrl\":\"https:\/\/shop.bazarcia.com\/wp-content\/uploads\/2021\/04\/55564521_2127522130697953_6193870400254902272_o.jpg\",\"width\":1080,\"height\":1080},{\"@type\":\"BreadcrumbList\",\"@id\":\"https:\/\/shop.bazarcia.com\/produto\/agenda-personalizada-1-dia-por-pagina-3\/#breadcrumb\",\"itemListElement\":[{\"@type\":\"ListItem\",\"position\":1,\"name\":\"In\u00edcio\",\"item\":\"https:\/\/shop.bazarcia.com\/\"},{\"@type\":\"ListItem\",\"position\":2,\"name\":\"Loja\",\"item\":\"https:\/\/shop.bazarcia.com\/loja\/\"},{\"@type\":\"ListItem\",\"position\":3,\"name\":\"Agenda Personalizada 1 dia por P\u00e1gina\"}]},{\"@type\":\"WebSite\",\"@id\":\"https:\/\/shop.bazarcia.com\/#website\",\"url\":\"https:\/\/shop.bazarcia.com\/\",\"name\":\"Bazar & Cia\",\"description\":\"criatividade ponto a ponto\",\"publisher\":{\"@id\":\"https:\/\/shop.bazarcia.com\/#organization\"},\"potentialAction\":[{\"@type\":\"SearchAction\",\"target\":{\"@type\":\"EntryPoint\",\"urlTemplate\":\"https:\/\/shop.bazarcia.com\/?s={search_term_string}\"},\"query-input\":{\"@type\":\"PropertyValueSpecification\",\"valueRequired\":true,\"valueName\":\"search_term_string\"}}],\"inLanguage\":\"en-US\"},{\"@type\":\"Organization\",\"@id\":\"https:\/\/shop.bazarcia.com\/#organization\",\"name\":\"Bazar & Cia\",\"url\":\"https:\/\/shop.bazarcia.com\/\",\"logo\":{\"@type\":\"ImageObject\",\"inLanguage\":\"en-US\",\"@id\":\"https:\/\/shop.bazarcia.com\/#\/schema\/logo\/image\/\",\"url\":\"https:\/\/shop.bazarcia.com\/wp-content\/uploads\/2024\/02\/cropped-logo_bazarcia.png\",\"contentUrl\":\"https:\/\/shop.bazarcia.com\/wp-content\/uploads\/2024\/02\/cropped-logo_bazarcia.png\",\"width\":150,\"height\":150,\"caption\":\"Bazar & Cia\"},\"image\":{\"@id\":\"https:\/\/shop.bazarcia.com\/#\/schema\/logo\/image\/\"},\"sameAs\":[\"https:\/\/www.facebook.com\/shopbazarcia\",\"https:\/\/www.instagram.com\/shopbazarcia\",\"https:\/\/br.pinterest.com\/suzane_eloise\/\",\"https:\/\/www.youtube.com\/c\/BazardoBordadoMatrizeseProjetos\"]}]}<\/script>\n<!-- \/ Yoast SEO plugin. -->","yoast_head_json":{"title":"Agenda Personalizada 1 dia por P\u00e1gina - \ud835\udc1b\ud835\udc1a\ud835\udc33\ud835\udc1a\ud835\udc2b &amp; \ud835\udc1c\ud835\udc22\ud835\udc1a","robots":{"index":"index","follow":"follow","max-snippet":"max-snippet:-1","max-image-preview":"max-image-preview:large","max-video-preview":"max-video-preview:-1"},"canonical":"https:\/\/shop.bazarcia.com\/en\/product\/agenda-personalizada-1-dia-por-pagina-3\/","og_locale":"en_US","og_type":"article","og_title":"Agenda Personalizada 1 dia por P\u00e1gina - \ud835\udc1b\ud835\udc1a\ud835\udc33\ud835\udc1a\ud835\udc2b &amp; \ud835\udc1c\ud835\udc22\ud835\udc1a","og_description":"Agenda Personalizada","og_url":"https:\/\/shop.bazarcia.com\/en\/product\/agenda-personalizada-1-dia-por-pagina-3\/","og_site_name":"\ud835\udc1b\ud835\udc1a\ud835\udc33\ud835\udc1a\ud835\udc2b &amp; \ud835\udc1c\ud835\udc22\ud835\udc1a","article_publisher":"https:\/\/www.facebook.com\/shopbazarcia","article_modified_time":"2022-09-20T15:28:58+00:00","og_image":[{"width":1080,"height":1080,"url":"https:\/\/shop.bazarcia.com\/wp-content\/uploads\/2021\/04\/55564521_2127522130697953_6193870400254902272_o.jpg","type":"image\/jpeg"}],"twitter_card":"summary_large_image","twitter_misc":{"Est. reading time":"1 minute"},"schema":{"@context":"https:\/\/schema.org","@graph":[{"@type":"WebPage","@id":"https:\/\/shop.bazarcia.com\/produto\/agenda-personalizada-1-dia-por-pagina-3\/","url":"https:\/\/shop.bazarcia.com\/produto\/agenda-personalizada-1-dia-por-pagina-3\/","name":"Agenda Personalizada 1 dia por P\u00e1gina - \ud835\udc1b\ud835\udc1a\ud835\udc33\ud835\udc1a\ud835\udc2b &amp; \ud835\udc1c\ud835\udc22\ud835\udc1a","isPartOf":{"@id":"https:\/\/shop.bazarcia.com\/#website"},"primaryImageOfPage":{"@id":"https:\/\/shop.bazarcia.com\/produto\/agenda-personalizada-1-dia-por-pagina-3\/#primaryimage"},"image":{"@id":"https:\/\/shop.bazarcia.com\/produto\/agenda-personalizada-1-dia-por-pagina-3\/#primaryimage"},"thumbnailUrl":"https:\/\/shop.bazarcia.com\/wp-content\/uploads\/2021\/04\/55564521_2127522130697953_6193870400254902272_o.jpg","datePublished":"2021-04-10T17:28:15+00:00","dateModified":"2022-09-20T15:28:58+00:00","breadcrumb":{"@id":"https:\/\/shop.bazarcia.com\/produto\/agenda-personalizada-1-dia-por-pagina-3\/#breadcrumb"},"inLanguage":"en-US","potentialAction":[{"@type":"ReadAction","target":["https:\/\/shop.bazarcia.com\/produto\/agenda-personalizada-1-dia-por-pagina-3\/"]}]},{"@type":"ImageObject","inLanguage":"en-US","@id":"https:\/\/shop.bazarcia.com\/produto\/agenda-personalizada-1-dia-por-pagina-3\/#primaryimage","url":"https:\/\/shop.bazarcia.com\/wp-content\/uploads\/2021\/04\/55564521_2127522130697953_6193870400254902272_o.jpg","contentUrl":"https:\/\/shop.bazarcia.com\/wp-content\/uploads\/2021\/04\/55564521_2127522130697953_6193870400254902272_o.jpg","width":1080,"height":1080},{"@type":"BreadcrumbList","@id":"https:\/\/shop.bazarcia.com\/produto\/agenda-personalizada-1-dia-por-pagina-3\/#breadcrumb","itemListElement":[{"@type":"ListItem","position":1,"name":"In\u00edcio","item":"https:\/\/shop.bazarcia.com\/"},{"@type":"ListItem","position":2,"name":"Loja","item":"https:\/\/shop.bazarcia.com\/loja\/"},{"@type":"ListItem","position":3,"name":"Agenda Personalizada 1 dia por P\u00e1gina"}]},{"@type":"WebSite","@id":"https:\/\/shop.bazarcia.com\/#website","url":"https:\/\/shop.bazarcia.com\/","name":"Bazar & Cia","description":"criatividade ponto a ponto","publisher":{"@id":"https:\/\/shop.bazarcia.com\/#organization"},"potentialAction":[{"@type":"SearchAction","target":{"@type":"EntryPoint","urlTemplate":"https:\/\/shop.bazarcia.com\/?s={search_term_string}"},"query-input":{"@type":"PropertyValueSpecification","valueRequired":true,"valueName":"search_term_string"}}],"inLanguage":"en-US"},{"@type":"Organization","@id":"https:\/\/shop.bazarcia.com\/#organization","name":"Bazar & Cia","url":"https:\/\/shop.bazarcia.com\/","logo":{"@type":"ImageObject","inLanguage":"en-US","@id":"https:\/\/shop.bazarcia.com\/#\/schema\/logo\/image\/","url":"https:\/\/shop.bazarcia.com\/wp-content\/uploads\/2024\/02\/cropped-logo_bazarcia.png","contentUrl":"https:\/\/shop.bazarcia.com\/wp-content\/uploads\/2024\/02\/cropped-logo_bazarcia.png","width":150,"height":150,"caption":"Bazar & Cia"},"image":{"@id":"https:\/\/shop.bazarcia.com\/#\/schema\/logo\/image\/"},"sameAs":["https:\/\/www.facebook.com\/shopbazarcia","https:\/\/www.instagram.com\/shopbazarcia","https:\/\/br.pinterest.com\/suzane_eloise\/","https:\/\/www.youtube.com\/c\/BazardoBordadoMatrizeseProjetos"]}]}},"_links":{"self":[{"href":"https:\/\/shop.bazarcia.com\/en\/wp-json\/wp\/v2\/product\/91597","targetHints":{"allow":["GET"]}}],"collection":[{"href":"https:\/\/shop.bazarcia.com\/en\/wp-json\/wp\/v2\/product"}],"about":[{"href":"https:\/\/shop.bazarcia.com\/en\/wp-json\/wp\/v2\/types\/product"}],"replies":[{"embeddable":true,"href":"https:\/\/shop.bazarcia.com\/en\/wp-json\/wp\/v2\/comments?post=91597"}],"version-history":[{"count":0,"href":"https:\/\/shop.bazarcia.com\/en\/wp-json\/wp\/v2\/product\/91597\/revisions"}],"wp:featuredmedia":[{"embeddable":true,"href":"https:\/\/shop.bazarcia.com\/en\/wp-json\/wp\/v2\/media\/91445"}],"wp:attachment":[{"href":"https:\/\/shop.bazarcia.com\/en\/wp-json\/wp\/v2\/media?parent=91597"}],"wp:term":[{"taxonomy":"product_brand","embeddable":true,"href":"https:\/\/shop.bazarcia.com\/en\/wp-json\/wp\/v2\/product_brand?post=91597"},{"taxonomy":"product_cat","embeddable":true,"href":"https:\/\/shop.bazarcia.com\/en\/wp-json\/wp\/v2\/product_cat?post=91597"},{"taxonomy":"product_tag","embeddable":true,"href":"https:\/\/shop.bazarcia.com\/en\/wp-json\/wp\/v2\/product_tag?post=91597"}],"curies":[{"name":"wp","href":"https:\/\/api.w.org\/{rel}","templated":true}]}}