{"id":92158,"date":"2021-04-13T10:10:12","date_gmt":"2021-04-13T13:10:12","guid":{"rendered":"https:\/\/shop.bazarcia.com\/produto\/matrizes-de-bordado-mae-kit-projetos-100-na-bordadeira\/"},"modified":"2023-04-24T21:12:04","modified_gmt":"2023-04-25T00:12:04","slug":"matrizes-de-bordado-mae-kit-projetos-100-na-bordadeira","status":"publish","type":"product","link":"https:\/\/shop.bazarcia.com\/en\/product\/matrizes-de-bordado-mae-kit-projetos-100-na-bordadeira\/","title":{"rendered":"Matrizes de Bordado &#8211; M\u00e3e &#8211; Carteiras [kit projetos 100% na bordadeira]"},"content":{"rendered":"<p>Voc\u00ea pode confeccionar lindas pe\u00e7as para o dia das m\u00e3es com esses projetos totalmente feitos na bordadeira, s\u00e3o v\u00e1rias matrizes inclusive tem alguma que voc\u00ea poder\u00e1 colocar o nome da m\u00e3e. Acompanha passo a passo ilustrativo e detalhado das carteiras.<\/p>","protected":false},"excerpt":{"rendered":"<p>Projeto confeccionado todo na bordadeira. Carteira 3 tamanhos para bastidor 13&#215;18 e 20&#215;30. Matrizes para acess\u00f3rios como m\u00e1scara, chaveiro e porta \u00e1lcool gel. necess\u00e1rio tem m\u00e1quina de bordar.<\/p>","protected":false},"featured_media":92159,"comment_status":"open","ping_status":"closed","template":"","meta":{"_acf_changed":false,"_joinchat":[]},"product_brand":[],"product_cat":[98],"product_tag":[1432],"class_list":{"0":"post-92158","1":"product","2":"type-product","3":"status-publish","4":"has-post-thumbnail","6":"product_cat-projetos-na-bordadeira-in-the-hoop-embroidery","7":"product_tag-matrizes-de-bordado","9":"first","10":"instock","11":"downloadable","12":"virtual","13":"purchasable","14":"product-type-simple"},"acf":[],"yoast_head":"<!-- This site is optimized with the Yoast SEO plugin v27.2 - https:\/\/yoast.com\/product\/yoast-seo-wordpress\/ -->\n<title>Matrizes de Bordado - M\u00e3e - Carteiras [kit projetos 100% na bordadeira] - \ud835\udc1b\ud835\udc1a\ud835\udc33\ud835\udc1a\ud835\udc2b &amp; \ud835\udc1c\ud835\udc22\ud835\udc1a<\/title>\n<meta name=\"robots\" content=\"index, follow, max-snippet:-1, max-image-preview:large, max-video-preview:-1\" \/>\n<link rel=\"canonical\" href=\"https:\/\/shop.bazarcia.com\/en\/product\/matrizes-de-bordado-mae-kit-projetos-100-na-bordadeira\/\" \/>\n<meta property=\"og:locale\" content=\"en_US\" \/>\n<meta property=\"og:type\" content=\"article\" \/>\n<meta property=\"og:title\" content=\"Matrizes de Bordado - M\u00e3e - Carteiras [kit projetos 100% na bordadeira] - \ud835\udc1b\ud835\udc1a\ud835\udc33\ud835\udc1a\ud835\udc2b &amp; \ud835\udc1c\ud835\udc22\ud835\udc1a\" \/>\n<meta property=\"og:description\" content=\"Projeto confeccionado todo na bordadeira. Carteira 3 tamanhos para bastidor 13x18 e 20x30. Matrizes para acess\u00f3rios como m\u00e1scara, chaveiro e porta \u00e1lcool gel. necess\u00e1rio tem m\u00e1quina de bordar.\" \/>\n<meta property=\"og:url\" content=\"https:\/\/shop.bazarcia.com\/en\/product\/matrizes-de-bordado-mae-kit-projetos-100-na-bordadeira\/\" \/>\n<meta property=\"og:site_name\" content=\"\ud835\udc1b\ud835\udc1a\ud835\udc33\ud835\udc1a\ud835\udc2b &amp; \ud835\udc1c\ud835\udc22\ud835\udc1a\" \/>\n<meta property=\"article:publisher\" content=\"https:\/\/www.facebook.com\/shopbazarcia\" \/>\n<meta property=\"article:modified_time\" content=\"2023-04-25T00:12:04+00:00\" \/>\n<meta property=\"og:image\" content=\"https:\/\/shop.bazarcia.com\/wp-content\/uploads\/2021\/04\/C167CD1E-BE1B-4906-A07F-E4A2EA12202D.jpeg\" \/>\n\t<meta property=\"og:image:width\" content=\"202\" \/>\n\t<meta property=\"og:image:height\" content=\"223\" \/>\n\t<meta property=\"og:image:type\" content=\"image\/jpeg\" \/>\n<meta name=\"twitter:card\" content=\"summary_large_image\" \/>\n<script type=\"application\/ld+json\" class=\"yoast-schema-graph\">{\"@context\":\"https:\/\/schema.org\",\"@graph\":[{\"@type\":\"WebPage\",\"@id\":\"https:\/\/shop.bazarcia.com\/produto\/matrizes-de-bordado-mae-kit-projetos-100-na-bordadeira\/\",\"url\":\"https:\/\/shop.bazarcia.com\/produto\/matrizes-de-bordado-mae-kit-projetos-100-na-bordadeira\/\",\"name\":\"Matrizes de Bordado - M\u00e3e - Carteiras [kit projetos 100% na bordadeira] - \ud835\udc1b\ud835\udc1a\ud835\udc33\ud835\udc1a\ud835\udc2b &amp; \ud835\udc1c\ud835\udc22\ud835\udc1a\",\"isPartOf\":{\"@id\":\"https:\/\/shop.bazarcia.com\/#website\"},\"primaryImageOfPage\":{\"@id\":\"https:\/\/shop.bazarcia.com\/produto\/matrizes-de-bordado-mae-kit-projetos-100-na-bordadeira\/#primaryimage\"},\"image\":{\"@id\":\"https:\/\/shop.bazarcia.com\/produto\/matrizes-de-bordado-mae-kit-projetos-100-na-bordadeira\/#primaryimage\"},\"thumbnailUrl\":\"https:\/\/shop.bazarcia.com\/wp-content\/uploads\/2021\/04\/C167CD1E-BE1B-4906-A07F-E4A2EA12202D.jpeg\",\"datePublished\":\"2021-04-13T13:10:12+00:00\",\"dateModified\":\"2023-04-25T00:12:04+00:00\",\"breadcrumb\":{\"@id\":\"https:\/\/shop.bazarcia.com\/produto\/matrizes-de-bordado-mae-kit-projetos-100-na-bordadeira\/#breadcrumb\"},\"inLanguage\":\"en-US\",\"potentialAction\":[{\"@type\":\"ReadAction\",\"target\":[\"https:\/\/shop.bazarcia.com\/produto\/matrizes-de-bordado-mae-kit-projetos-100-na-bordadeira\/\"]}]},{\"@type\":\"ImageObject\",\"inLanguage\":\"en-US\",\"@id\":\"https:\/\/shop.bazarcia.com\/produto\/matrizes-de-bordado-mae-kit-projetos-100-na-bordadeira\/#primaryimage\",\"url\":\"https:\/\/shop.bazarcia.com\/wp-content\/uploads\/2021\/04\/C167CD1E-BE1B-4906-A07F-E4A2EA12202D.jpeg\",\"contentUrl\":\"https:\/\/shop.bazarcia.com\/wp-content\/uploads\/2021\/04\/C167CD1E-BE1B-4906-A07F-E4A2EA12202D.jpeg\",\"width\":202,\"height\":223,\"caption\":\"{\\\"subsource\\\":\\\"done_button\\\",\\\"uid\\\":\\\"3D288DF3-194C-4607-92F8-32C158E3116B_1617676048264\\\",\\\"source\\\":\\\"other\\\",\\\"origin\\\":\\\"gallery\\\",\\\"source_sid\\\":\\\"3D288DF3-194C-4607-92F8-32C158E3116B_1618272497098\\\"}\"},{\"@type\":\"BreadcrumbList\",\"@id\":\"https:\/\/shop.bazarcia.com\/produto\/matrizes-de-bordado-mae-kit-projetos-100-na-bordadeira\/#breadcrumb\",\"itemListElement\":[{\"@type\":\"ListItem\",\"position\":1,\"name\":\"In\u00edcio\",\"item\":\"https:\/\/shop.bazarcia.com\/\"},{\"@type\":\"ListItem\",\"position\":2,\"name\":\"Loja\",\"item\":\"https:\/\/shop.bazarcia.com\/loja\/\"},{\"@type\":\"ListItem\",\"position\":3,\"name\":\"Matrizes de Bordado &#8211; M\u00e3e &#8211; Carteiras [kit projetos 100% na bordadeira]\"}]},{\"@type\":\"WebSite\",\"@id\":\"https:\/\/shop.bazarcia.com\/#website\",\"url\":\"https:\/\/shop.bazarcia.com\/\",\"name\":\"Bazar & Cia\",\"description\":\"criatividade ponto a ponto\",\"publisher\":{\"@id\":\"https:\/\/shop.bazarcia.com\/#organization\"},\"potentialAction\":[{\"@type\":\"SearchAction\",\"target\":{\"@type\":\"EntryPoint\",\"urlTemplate\":\"https:\/\/shop.bazarcia.com\/?s={search_term_string}\"},\"query-input\":{\"@type\":\"PropertyValueSpecification\",\"valueRequired\":true,\"valueName\":\"search_term_string\"}}],\"inLanguage\":\"en-US\"},{\"@type\":\"Organization\",\"@id\":\"https:\/\/shop.bazarcia.com\/#organization\",\"name\":\"Bazar & Cia\",\"url\":\"https:\/\/shop.bazarcia.com\/\",\"logo\":{\"@type\":\"ImageObject\",\"inLanguage\":\"en-US\",\"@id\":\"https:\/\/shop.bazarcia.com\/#\/schema\/logo\/image\/\",\"url\":\"https:\/\/shop.bazarcia.com\/wp-content\/uploads\/2024\/02\/cropped-logo_bazarcia.png\",\"contentUrl\":\"https:\/\/shop.bazarcia.com\/wp-content\/uploads\/2024\/02\/cropped-logo_bazarcia.png\",\"width\":150,\"height\":150,\"caption\":\"Bazar & Cia\"},\"image\":{\"@id\":\"https:\/\/shop.bazarcia.com\/#\/schema\/logo\/image\/\"},\"sameAs\":[\"https:\/\/www.facebook.com\/shopbazarcia\",\"https:\/\/www.instagram.com\/shopbazarcia\",\"https:\/\/br.pinterest.com\/suzane_eloise\/\",\"https:\/\/www.youtube.com\/c\/BazardoBordadoMatrizeseProjetos\"]}]}<\/script>\n<!-- \/ Yoast SEO plugin. -->","yoast_head_json":{"title":"Matrizes de Bordado - M\u00e3e - Carteiras [kit projetos 100% na bordadeira] - \ud835\udc1b\ud835\udc1a\ud835\udc33\ud835\udc1a\ud835\udc2b &amp; \ud835\udc1c\ud835\udc22\ud835\udc1a","robots":{"index":"index","follow":"follow","max-snippet":"max-snippet:-1","max-image-preview":"max-image-preview:large","max-video-preview":"max-video-preview:-1"},"canonical":"https:\/\/shop.bazarcia.com\/en\/product\/matrizes-de-bordado-mae-kit-projetos-100-na-bordadeira\/","og_locale":"en_US","og_type":"article","og_title":"Matrizes de Bordado - M\u00e3e - Carteiras [kit projetos 100% na bordadeira] - \ud835\udc1b\ud835\udc1a\ud835\udc33\ud835\udc1a\ud835\udc2b &amp; \ud835\udc1c\ud835\udc22\ud835\udc1a","og_description":"Projeto confeccionado todo na bordadeira. Carteira 3 tamanhos para bastidor 13x18 e 20x30. Matrizes para acess\u00f3rios como m\u00e1scara, chaveiro e porta \u00e1lcool gel. necess\u00e1rio tem m\u00e1quina de bordar.","og_url":"https:\/\/shop.bazarcia.com\/en\/product\/matrizes-de-bordado-mae-kit-projetos-100-na-bordadeira\/","og_site_name":"\ud835\udc1b\ud835\udc1a\ud835\udc33\ud835\udc1a\ud835\udc2b &amp; \ud835\udc1c\ud835\udc22\ud835\udc1a","article_publisher":"https:\/\/www.facebook.com\/shopbazarcia","article_modified_time":"2023-04-25T00:12:04+00:00","og_image":[{"width":202,"height":223,"url":"https:\/\/shop.bazarcia.com\/wp-content\/uploads\/2021\/04\/C167CD1E-BE1B-4906-A07F-E4A2EA12202D.jpeg","type":"image\/jpeg"}],"twitter_card":"summary_large_image","schema":{"@context":"https:\/\/schema.org","@graph":[{"@type":"WebPage","@id":"https:\/\/shop.bazarcia.com\/produto\/matrizes-de-bordado-mae-kit-projetos-100-na-bordadeira\/","url":"https:\/\/shop.bazarcia.com\/produto\/matrizes-de-bordado-mae-kit-projetos-100-na-bordadeira\/","name":"Matrizes de Bordado - M\u00e3e - Carteiras [kit projetos 100% na bordadeira] - \ud835\udc1b\ud835\udc1a\ud835\udc33\ud835\udc1a\ud835\udc2b &amp; \ud835\udc1c\ud835\udc22\ud835\udc1a","isPartOf":{"@id":"https:\/\/shop.bazarcia.com\/#website"},"primaryImageOfPage":{"@id":"https:\/\/shop.bazarcia.com\/produto\/matrizes-de-bordado-mae-kit-projetos-100-na-bordadeira\/#primaryimage"},"image":{"@id":"https:\/\/shop.bazarcia.com\/produto\/matrizes-de-bordado-mae-kit-projetos-100-na-bordadeira\/#primaryimage"},"thumbnailUrl":"https:\/\/shop.bazarcia.com\/wp-content\/uploads\/2021\/04\/C167CD1E-BE1B-4906-A07F-E4A2EA12202D.jpeg","datePublished":"2021-04-13T13:10:12+00:00","dateModified":"2023-04-25T00:12:04+00:00","breadcrumb":{"@id":"https:\/\/shop.bazarcia.com\/produto\/matrizes-de-bordado-mae-kit-projetos-100-na-bordadeira\/#breadcrumb"},"inLanguage":"en-US","potentialAction":[{"@type":"ReadAction","target":["https:\/\/shop.bazarcia.com\/produto\/matrizes-de-bordado-mae-kit-projetos-100-na-bordadeira\/"]}]},{"@type":"ImageObject","inLanguage":"en-US","@id":"https:\/\/shop.bazarcia.com\/produto\/matrizes-de-bordado-mae-kit-projetos-100-na-bordadeira\/#primaryimage","url":"https:\/\/shop.bazarcia.com\/wp-content\/uploads\/2021\/04\/C167CD1E-BE1B-4906-A07F-E4A2EA12202D.jpeg","contentUrl":"https:\/\/shop.bazarcia.com\/wp-content\/uploads\/2021\/04\/C167CD1E-BE1B-4906-A07F-E4A2EA12202D.jpeg","width":202,"height":223,"caption":"{\"subsource\":\"done_button\",\"uid\":\"3D288DF3-194C-4607-92F8-32C158E3116B_1617676048264\",\"source\":\"other\",\"origin\":\"gallery\",\"source_sid\":\"3D288DF3-194C-4607-92F8-32C158E3116B_1618272497098\"}"},{"@type":"BreadcrumbList","@id":"https:\/\/shop.bazarcia.com\/produto\/matrizes-de-bordado-mae-kit-projetos-100-na-bordadeira\/#breadcrumb","itemListElement":[{"@type":"ListItem","position":1,"name":"In\u00edcio","item":"https:\/\/shop.bazarcia.com\/"},{"@type":"ListItem","position":2,"name":"Loja","item":"https:\/\/shop.bazarcia.com\/loja\/"},{"@type":"ListItem","position":3,"name":"Matrizes de Bordado &#8211; M\u00e3e &#8211; Carteiras [kit projetos 100% na bordadeira]"}]},{"@type":"WebSite","@id":"https:\/\/shop.bazarcia.com\/#website","url":"https:\/\/shop.bazarcia.com\/","name":"Bazar & Cia","description":"criatividade ponto a ponto","publisher":{"@id":"https:\/\/shop.bazarcia.com\/#organization"},"potentialAction":[{"@type":"SearchAction","target":{"@type":"EntryPoint","urlTemplate":"https:\/\/shop.bazarcia.com\/?s={search_term_string}"},"query-input":{"@type":"PropertyValueSpecification","valueRequired":true,"valueName":"search_term_string"}}],"inLanguage":"en-US"},{"@type":"Organization","@id":"https:\/\/shop.bazarcia.com\/#organization","name":"Bazar & Cia","url":"https:\/\/shop.bazarcia.com\/","logo":{"@type":"ImageObject","inLanguage":"en-US","@id":"https:\/\/shop.bazarcia.com\/#\/schema\/logo\/image\/","url":"https:\/\/shop.bazarcia.com\/wp-content\/uploads\/2024\/02\/cropped-logo_bazarcia.png","contentUrl":"https:\/\/shop.bazarcia.com\/wp-content\/uploads\/2024\/02\/cropped-logo_bazarcia.png","width":150,"height":150,"caption":"Bazar & Cia"},"image":{"@id":"https:\/\/shop.bazarcia.com\/#\/schema\/logo\/image\/"},"sameAs":["https:\/\/www.facebook.com\/shopbazarcia","https:\/\/www.instagram.com\/shopbazarcia","https:\/\/br.pinterest.com\/suzane_eloise\/","https:\/\/www.youtube.com\/c\/BazardoBordadoMatrizeseProjetos"]}]}},"_links":{"self":[{"href":"https:\/\/shop.bazarcia.com\/en\/wp-json\/wp\/v2\/product\/92158","targetHints":{"allow":["GET"]}}],"collection":[{"href":"https:\/\/shop.bazarcia.com\/en\/wp-json\/wp\/v2\/product"}],"about":[{"href":"https:\/\/shop.bazarcia.com\/en\/wp-json\/wp\/v2\/types\/product"}],"replies":[{"embeddable":true,"href":"https:\/\/shop.bazarcia.com\/en\/wp-json\/wp\/v2\/comments?post=92158"}],"version-history":[{"count":1,"href":"https:\/\/shop.bazarcia.com\/en\/wp-json\/wp\/v2\/product\/92158\/revisions"}],"predecessor-version":[{"id":226120,"href":"https:\/\/shop.bazarcia.com\/en\/wp-json\/wp\/v2\/product\/92158\/revisions\/226120"}],"wp:featuredmedia":[{"embeddable":true,"href":"https:\/\/shop.bazarcia.com\/en\/wp-json\/wp\/v2\/media\/92159"}],"wp:attachment":[{"href":"https:\/\/shop.bazarcia.com\/en\/wp-json\/wp\/v2\/media?parent=92158"}],"wp:term":[{"taxonomy":"product_brand","embeddable":true,"href":"https:\/\/shop.bazarcia.com\/en\/wp-json\/wp\/v2\/product_brand?post=92158"},{"taxonomy":"product_cat","embeddable":true,"href":"https:\/\/shop.bazarcia.com\/en\/wp-json\/wp\/v2\/product_cat?post=92158"},{"taxonomy":"product_tag","embeddable":true,"href":"https:\/\/shop.bazarcia.com\/en\/wp-json\/wp\/v2\/product_tag?post=92158"}],"curies":[{"name":"wp","href":"https:\/\/api.w.org\/{rel}","templated":true}]}}