{"id":92853,"date":"2021-04-15T19:54:11","date_gmt":"2021-04-15T22:54:11","guid":{"rendered":"https:\/\/shop.bazarcia.com\/produto\/projetos-na-bordadeira-coelhinhos-minis-ith\/"},"modified":"2026-03-17T10:51:07","modified_gmt":"2026-03-17T13:51:07","slug":"projetos-na-bordadeira-coelhinhos-minis-ith","status":"publish","type":"product","link":"https:\/\/shop.bazarcia.com\/en\/product\/projetos-na-bordadeira-coelhinhos-minis-ith\/","title":{"rendered":"Projetos na Bordadeira Coelhinhos Minis ITH"},"content":{"rendered":"<p style=\"margin-top: 0px; margin-bottom: 1rem; color: #6c737b; font-family: roboto, sans-serif;\"><span style=\"font-weight: bolder;\"><i style=\"vertical-align: middle;\">Projetos na Bordadeira Coelhinhos Minis ITH<\/i><br \/>\n<\/span><\/p>\n<p style=\"margin-top: 0px; margin-bottom: 1rem; color: #6c737b; font-family: roboto, sans-serif;\"><span style=\"font-weight: bolder;\"><span style=\"font-weight: bolder;\"><span style=\"font-weight: bolder;\"><span style=\"font-weight: bolder;\"><em><span style=\"font-weight: bolder;\">Descri\u00e7\u00e3o das Matrizes:<\/span><\/em><\/span><\/span><span style=\"font-weight: bolder;\"><br \/>\n<\/span><\/span><\/span><\/p>\n<p><span style=\"color: #212529; font-family: roboto, sans-serif;\">Matrizes para bastidores 10&#215;10.<\/span><br style=\"color: #212529; font-family: roboto, sans-serif;\" \/><span style=\"color: #212529; font-family: roboto, sans-serif;\">Acompanha as matrizes do casal de Coelhinhos para confec\u00e7\u00e3o de mini naninhas, bichinhos e chocalhos. Al\u00e9m destes iremos ensinar a utilizar estas mesmas matrizes para confec\u00e7\u00e3o de outras pe\u00e7as como chaveirinhos, segura chupetas e m\u00f3biles.<\/span><br style=\"color: #212529; font-family: roboto, sans-serif;\" \/><span style=\"color: #212529; font-family: roboto, sans-serif;\">Os tutoriais estar\u00e3o dispon\u00edveis em breve no nosso canal do\u00a0<\/span><span style=\"font-weight: bolder; color: #212529; font-family: roboto, sans-serif;\"><span style=\"font-weight: bolder;\"><span style=\"font-weight: bolder;\"><u><a style=\"color: #95663c; background-color: transparent;\" href=\"https:\/\/www.youtube.com\/channel\/UCUrDv-pgX8XPiatggyUIeQA\" target=\"_blank\" rel=\"nofollow noopener\">YouTube<\/a><\/u><\/span><\/span><\/span><span style=\"color: #212529; font-family: roboto, sans-serif;\">.<\/span><\/p>\n<p style=\"margin-top: 0px; margin-bottom: 1rem; color: #6c737b; font-family: roboto, sans-serif;\">Este \u00e9 um produto DIGITAL e os arquivos estar\u00e3o dispon\u00edveis para download aqui mesmo na sua conta ap\u00f3s confirma\u00e7\u00e3o do pagamento.<\/p>\n<p style=\"margin-top: 0px; margin-bottom: 1rem; color: #6c737b; font-family: roboto, sans-serif;\">Os arquivos est\u00e3o em pasta compactada (ZIP), sendo necess\u00e1rio descompact\u00e1-la.<\/p>\n<p style=\"margin-top: 0px; margin-bottom: 1rem; color: #6c737b; font-family: roboto, sans-serif;\">Os mesmos s\u00e3o compat\u00edveis com v\u00e1rios tipos e modelos de m\u00e1quinas, com os seguintes formatos:<br \/>\nDST &#8211; EXP &#8211; HUS &#8211; JEF &#8211; PES &#8211; XXX<\/p>\n<p>&nbsp;<\/p>\n<p style=\"margin-top: 0px; margin-bottom: 1rem; color: #6c737b; font-family: roboto, sans-serif;\">Adquirindo nossas matrizes e projetos voc\u00ea se declara de acordo com nossos\u00a0<span style=\"font-weight: bolder;\"><a style=\"color: #95663c; background-color: transparent;\" href=\"https:\/\/shop.bazarcia.com\/en\/store\/atelie-mamae-coruja\/toc\/\" target=\"_blank\" rel=\"nofollow noopener\">TERMOS E CONDI\u00c7\u00d5ES<\/a><\/span>\u00a0.<\/p>\n<p>Designer: Carol (Est\u00fadio 812) &#8211; Adapta\u00e7\u00e3o: Val\u00e9ria Ribeiro (Ateli\u00ea Mam\u00e3e Coruja).<\/p>","protected":false},"excerpt":{"rendered":"<p><span style=\"color: #6c737b; font-family: roboto, sans-serif;\">Projetos na Bordadeira Coelhinhos Minis ITH<\/span><i style=\"vertical-align: middle; color: #6c737b; font-family: roboto, sans-serif;\"><\/i><i style=\"vertical-align: middle; color: #6c737b; font-family: roboto, sans-serif;\"><br \/>\n<span style=\"font-weight: bolder;\">Este \u00e9 um produto digital<\/span><\/i><br style=\"color: #6c737b; font-family: roboto, sans-serif;\" \/><br style=\"color: #6c737b; font-family: roboto, sans-serif;\" \/><span style=\"color: #6c737b; font-family: roboto, sans-serif;\">Voc\u00eas pediram e com muito carinho n\u00f3s trouxemos&#8230; Os minis!<\/span><br style=\"color: #6c737b; font-family: roboto, sans-serif;\" \/><span style=\"color: #6c737b; font-family: roboto, sans-serif;\">Mas a gente n\u00e3o podia simplesmente fazer uma mini releitura dessas naninhas, trouxemos novidades e uma infinidade de possibilidades junto com elas.<\/span><br style=\"color: #6c737b; font-family: roboto, sans-serif;\" \/><br style=\"color: #6c737b; font-family: roboto, sans-serif;\" \/><span style=\"color: #6c737b; font-family: roboto, sans-serif;\">Todas as matrizes foram reprogramadas para tamanhos menores, tomando todo cuidado em rela\u00e7\u00e3o aos pontos para garantir um acabamento perfeito.<\/span><br style=\"color: #6c737b; font-family: roboto, sans-serif;\" \/><br style=\"color: #6c737b; font-family: roboto, sans-serif;\" \/><span style=\"color: #6c737b; font-family: roboto, sans-serif;\">E junto com essas fofurices chegaram os chocalhos, e os corpinhos pr\u00f3prios para cada bichinho desta cole\u00e7\u00e3o possibilitando criar kit&#8217;s incr\u00edveis. E n\u00e3o para por a\u00ed, iremos ensinar mais algumas pe\u00e7as utilizando estas mesmas matrizes para complementar ainda mais qualquer enxoval feito com elas.<\/span><br style=\"color: #6c737b; font-family: roboto, sans-serif;\" \/><br style=\"color: #6c737b; font-family: roboto, sans-serif;\" \/><span style=\"color: #6c737b; font-family: roboto, sans-serif;\">Lembrando que por esta p\u00e1gina voc\u00ea adquire apenas o casal de Coelhinhos, clique\u00a0<\/span><span style=\"font-weight: bolder; color: #6c737b; font-family: roboto, sans-serif;\"><u><span style=\"font-weight: bolder;\"><u><a style=\"color: #95663c; background-color: transparent;\" href=\"https:\/\/shop.bazarcia.com\/en\/product\/projetos-na-bordadeira-minis-turminha-do-bosque\/\" target=\"_blank\" rel=\"nofollow noopener\">AQUI<\/a><\/u><\/span><\/u>\u00a0<\/span><span style=\"color: #6c737b; font-family: roboto, sans-serif;\">para conhecer a Cole\u00e7\u00e3o M\u00ednis Turminha do Bosque completa.<\/span><br style=\"color: #6c737b; font-family: roboto, sans-serif;\" \/><u><\/u><br style=\"color: #6c737b; font-family: roboto, sans-serif;\" \/><span style=\"color: #6c737b; font-family: roboto, sans-serif;\">Confira abaixo todos os detalhes deste projeto, lembrando que qualquer d\u00favida estamos a disposi\u00e7\u00e3o!<\/span><\/p>","protected":false},"featured_media":92851,"comment_status":"open","ping_status":"closed","template":"","meta":{"_acf_changed":false,"_joinchat":[]},"product_brand":[],"product_cat":[84,122,208,98,170,213,1548],"product_tag":[],"class_list":{"0":"post-92853","1":"product","2":"type-product","3":"status-publish","4":"has-post-thumbnail","6":"product_cat-matrizes-de-bordado","7":"product_cat-matrizes-de-bordado-animais","8":"product_cat-coelhinhos","9":"product_cat-projetos-na-bordadeira-in-the-hoop-embroidery","10":"product_cat-projeto-bonecas-na-bordadeira","11":"product_cat-projeto-naninhas-na-bordadeira","12":"product_cat-naninhas-na-bordadeira-modelo-enchimento-ith","14":"first","15":"instock","16":"downloadable","17":"virtual","18":"sold-individually","19":"purchasable","20":"product-type-simple"},"acf":[],"yoast_head":"<!-- This site is optimized with the Yoast SEO plugin v27.2 - https:\/\/yoast.com\/product\/yoast-seo-wordpress\/ -->\n<title>Projetos na Bordadeira Coelhinhos Minis ITH - \ud835\udc1b\ud835\udc1a\ud835\udc33\ud835\udc1a\ud835\udc2b &amp; \ud835\udc1c\ud835\udc22\ud835\udc1a<\/title>\n<meta name=\"robots\" content=\"index, follow, max-snippet:-1, max-image-preview:large, max-video-preview:-1\" \/>\n<link rel=\"canonical\" href=\"https:\/\/shop.bazarcia.com\/en\/product\/projetos-na-bordadeira-coelhinhos-minis-ith\/\" \/>\n<meta property=\"og:locale\" content=\"en_US\" \/>\n<meta property=\"og:type\" content=\"article\" \/>\n<meta property=\"og:title\" content=\"Projetos na Bordadeira Coelhinhos Minis ITH - \ud835\udc1b\ud835\udc1a\ud835\udc33\ud835\udc1a\ud835\udc2b &amp; \ud835\udc1c\ud835\udc22\ud835\udc1a\" \/>\n<meta property=\"og:description\" content=\"Projetos na Bordadeira Coelhinhos Minis ITH Este \u00e9 um produto digitalVoc\u00eas pediram e com muito carinho n\u00f3s trouxemos... Os minis!Mas a gente n\u00e3o podia simplesmente fazer uma mini releitura dessas naninhas, trouxemos novidades e uma infinidade de possibilidades junto com elas.Todas as matrizes foram reprogramadas para tamanhos menores, tomando todo cuidado em rela\u00e7\u00e3o aos pontos para garantir um acabamento perfeito.E junto com essas fofurices chegaram os chocalhos, e os corpinhos pr\u00f3prios para cada bichinho desta cole\u00e7\u00e3o possibilitando criar kit&#039;s incr\u00edveis. E n\u00e3o para por a\u00ed, iremos ensinar mais algumas pe\u00e7as utilizando estas mesmas matrizes para complementar ainda mais qualquer enxoval feito com elas.Lembrando que por esta p\u00e1gina voc\u00ea adquire apenas o casal de Coelhinhos, clique\u00a0AQUI\u00a0para conhecer a Cole\u00e7\u00e3o M\u00ednis Turminha do Bosque completa.Confira abaixo todos os detalhes deste projeto, lembrando que qualquer d\u00favida estamos a disposi\u00e7\u00e3o!\" \/>\n<meta property=\"og:url\" content=\"https:\/\/shop.bazarcia.com\/en\/product\/projetos-na-bordadeira-coelhinhos-minis-ith\/\" \/>\n<meta property=\"og:site_name\" content=\"\ud835\udc1b\ud835\udc1a\ud835\udc33\ud835\udc1a\ud835\udc2b &amp; \ud835\udc1c\ud835\udc22\ud835\udc1a\" \/>\n<meta property=\"article:publisher\" content=\"https:\/\/www.facebook.com\/shopbazarcia\" \/>\n<meta property=\"article:modified_time\" content=\"2026-03-17T13:51:07+00:00\" \/>\n<meta property=\"og:image\" content=\"https:\/\/shop.bazarcia.com\/wp-content\/uploads\/2021\/04\/Projetos-na-Bordadeira-Coelhinhos-Minis-1.png\" \/>\n\t<meta property=\"og:image:width\" content=\"1084\" \/>\n\t<meta property=\"og:image:height\" content=\"1084\" \/>\n\t<meta property=\"og:image:type\" content=\"image\/png\" \/>\n<meta name=\"twitter:card\" content=\"summary_large_image\" \/>\n<meta name=\"twitter:label1\" content=\"Est. reading time\" \/>\n\t<meta name=\"twitter:data1\" content=\"1 minute\" \/>\n<script type=\"application\/ld+json\" class=\"yoast-schema-graph\">{\"@context\":\"https:\/\/schema.org\",\"@graph\":[{\"@type\":\"WebPage\",\"@id\":\"https:\/\/shop.bazarcia.com\/produto\/projetos-na-bordadeira-coelhinhos-minis-ith\/\",\"url\":\"https:\/\/shop.bazarcia.com\/produto\/projetos-na-bordadeira-coelhinhos-minis-ith\/\",\"name\":\"Projetos na Bordadeira Coelhinhos Minis ITH - \ud835\udc1b\ud835\udc1a\ud835\udc33\ud835\udc1a\ud835\udc2b &amp; \ud835\udc1c\ud835\udc22\ud835\udc1a\",\"isPartOf\":{\"@id\":\"https:\/\/shop.bazarcia.com\/#website\"},\"primaryImageOfPage\":{\"@id\":\"https:\/\/shop.bazarcia.com\/produto\/projetos-na-bordadeira-coelhinhos-minis-ith\/#primaryimage\"},\"image\":{\"@id\":\"https:\/\/shop.bazarcia.com\/produto\/projetos-na-bordadeira-coelhinhos-minis-ith\/#primaryimage\"},\"thumbnailUrl\":\"https:\/\/shop.bazarcia.com\/wp-content\/uploads\/2021\/04\/Projetos-na-Bordadeira-Coelhinhos-Minis-1.png\",\"datePublished\":\"2021-04-15T22:54:11+00:00\",\"dateModified\":\"2026-03-17T13:51:07+00:00\",\"breadcrumb\":{\"@id\":\"https:\/\/shop.bazarcia.com\/produto\/projetos-na-bordadeira-coelhinhos-minis-ith\/#breadcrumb\"},\"inLanguage\":\"en-US\",\"potentialAction\":[{\"@type\":\"ReadAction\",\"target\":[\"https:\/\/shop.bazarcia.com\/produto\/projetos-na-bordadeira-coelhinhos-minis-ith\/\"]}]},{\"@type\":\"ImageObject\",\"inLanguage\":\"en-US\",\"@id\":\"https:\/\/shop.bazarcia.com\/produto\/projetos-na-bordadeira-coelhinhos-minis-ith\/#primaryimage\",\"url\":\"https:\/\/shop.bazarcia.com\/wp-content\/uploads\/2021\/04\/Projetos-na-Bordadeira-Coelhinhos-Minis-1.png\",\"contentUrl\":\"https:\/\/shop.bazarcia.com\/wp-content\/uploads\/2021\/04\/Projetos-na-Bordadeira-Coelhinhos-Minis-1.png\",\"width\":1084,\"height\":1084},{\"@type\":\"BreadcrumbList\",\"@id\":\"https:\/\/shop.bazarcia.com\/produto\/projetos-na-bordadeira-coelhinhos-minis-ith\/#breadcrumb\",\"itemListElement\":[{\"@type\":\"ListItem\",\"position\":1,\"name\":\"In\u00edcio\",\"item\":\"https:\/\/shop.bazarcia.com\/\"},{\"@type\":\"ListItem\",\"position\":2,\"name\":\"Loja\",\"item\":\"https:\/\/shop.bazarcia.com\/loja\/\"},{\"@type\":\"ListItem\",\"position\":3,\"name\":\"Projetos na Bordadeira Coelhinhos Minis ITH\"}]},{\"@type\":\"WebSite\",\"@id\":\"https:\/\/shop.bazarcia.com\/#website\",\"url\":\"https:\/\/shop.bazarcia.com\/\",\"name\":\"Bazar & Cia\",\"description\":\"criatividade ponto a ponto\",\"publisher\":{\"@id\":\"https:\/\/shop.bazarcia.com\/#organization\"},\"potentialAction\":[{\"@type\":\"SearchAction\",\"target\":{\"@type\":\"EntryPoint\",\"urlTemplate\":\"https:\/\/shop.bazarcia.com\/?s={search_term_string}\"},\"query-input\":{\"@type\":\"PropertyValueSpecification\",\"valueRequired\":true,\"valueName\":\"search_term_string\"}}],\"inLanguage\":\"en-US\"},{\"@type\":\"Organization\",\"@id\":\"https:\/\/shop.bazarcia.com\/#organization\",\"name\":\"Bazar & Cia\",\"url\":\"https:\/\/shop.bazarcia.com\/\",\"logo\":{\"@type\":\"ImageObject\",\"inLanguage\":\"en-US\",\"@id\":\"https:\/\/shop.bazarcia.com\/#\/schema\/logo\/image\/\",\"url\":\"https:\/\/shop.bazarcia.com\/wp-content\/uploads\/2024\/02\/cropped-logo_bazarcia.png\",\"contentUrl\":\"https:\/\/shop.bazarcia.com\/wp-content\/uploads\/2024\/02\/cropped-logo_bazarcia.png\",\"width\":150,\"height\":150,\"caption\":\"Bazar & Cia\"},\"image\":{\"@id\":\"https:\/\/shop.bazarcia.com\/#\/schema\/logo\/image\/\"},\"sameAs\":[\"https:\/\/www.facebook.com\/shopbazarcia\",\"https:\/\/www.instagram.com\/shopbazarcia\",\"https:\/\/br.pinterest.com\/suzane_eloise\/\",\"https:\/\/www.youtube.com\/c\/BazardoBordadoMatrizeseProjetos\"]}]}<\/script>\n<!-- \/ Yoast SEO plugin. -->","yoast_head_json":{"title":"Projetos na Bordadeira Coelhinhos Minis ITH - \ud835\udc1b\ud835\udc1a\ud835\udc33\ud835\udc1a\ud835\udc2b &amp; \ud835\udc1c\ud835\udc22\ud835\udc1a","robots":{"index":"index","follow":"follow","max-snippet":"max-snippet:-1","max-image-preview":"max-image-preview:large","max-video-preview":"max-video-preview:-1"},"canonical":"https:\/\/shop.bazarcia.com\/en\/product\/projetos-na-bordadeira-coelhinhos-minis-ith\/","og_locale":"en_US","og_type":"article","og_title":"Projetos na Bordadeira Coelhinhos Minis ITH - \ud835\udc1b\ud835\udc1a\ud835\udc33\ud835\udc1a\ud835\udc2b &amp; \ud835\udc1c\ud835\udc22\ud835\udc1a","og_description":"Projetos na Bordadeira Coelhinhos Minis ITH Este \u00e9 um produto digitalVoc\u00eas pediram e com muito carinho n\u00f3s trouxemos... Os minis!Mas a gente n\u00e3o podia simplesmente fazer uma mini releitura dessas naninhas, trouxemos novidades e uma infinidade de possibilidades junto com elas.Todas as matrizes foram reprogramadas para tamanhos menores, tomando todo cuidado em rela\u00e7\u00e3o aos pontos para garantir um acabamento perfeito.E junto com essas fofurices chegaram os chocalhos, e os corpinhos pr\u00f3prios para cada bichinho desta cole\u00e7\u00e3o possibilitando criar kit's incr\u00edveis. E n\u00e3o para por a\u00ed, iremos ensinar mais algumas pe\u00e7as utilizando estas mesmas matrizes para complementar ainda mais qualquer enxoval feito com elas.Lembrando que por esta p\u00e1gina voc\u00ea adquire apenas o casal de Coelhinhos, clique\u00a0AQUI\u00a0para conhecer a Cole\u00e7\u00e3o M\u00ednis Turminha do Bosque completa.Confira abaixo todos os detalhes deste projeto, lembrando que qualquer d\u00favida estamos a disposi\u00e7\u00e3o!","og_url":"https:\/\/shop.bazarcia.com\/en\/product\/projetos-na-bordadeira-coelhinhos-minis-ith\/","og_site_name":"\ud835\udc1b\ud835\udc1a\ud835\udc33\ud835\udc1a\ud835\udc2b &amp; \ud835\udc1c\ud835\udc22\ud835\udc1a","article_publisher":"https:\/\/www.facebook.com\/shopbazarcia","article_modified_time":"2026-03-17T13:51:07+00:00","og_image":[{"width":1084,"height":1084,"url":"https:\/\/shop.bazarcia.com\/wp-content\/uploads\/2021\/04\/Projetos-na-Bordadeira-Coelhinhos-Minis-1.png","type":"image\/png"}],"twitter_card":"summary_large_image","twitter_misc":{"Est. reading time":"1 minute"},"schema":{"@context":"https:\/\/schema.org","@graph":[{"@type":"WebPage","@id":"https:\/\/shop.bazarcia.com\/produto\/projetos-na-bordadeira-coelhinhos-minis-ith\/","url":"https:\/\/shop.bazarcia.com\/produto\/projetos-na-bordadeira-coelhinhos-minis-ith\/","name":"Projetos na Bordadeira Coelhinhos Minis ITH - \ud835\udc1b\ud835\udc1a\ud835\udc33\ud835\udc1a\ud835\udc2b &amp; \ud835\udc1c\ud835\udc22\ud835\udc1a","isPartOf":{"@id":"https:\/\/shop.bazarcia.com\/#website"},"primaryImageOfPage":{"@id":"https:\/\/shop.bazarcia.com\/produto\/projetos-na-bordadeira-coelhinhos-minis-ith\/#primaryimage"},"image":{"@id":"https:\/\/shop.bazarcia.com\/produto\/projetos-na-bordadeira-coelhinhos-minis-ith\/#primaryimage"},"thumbnailUrl":"https:\/\/shop.bazarcia.com\/wp-content\/uploads\/2021\/04\/Projetos-na-Bordadeira-Coelhinhos-Minis-1.png","datePublished":"2021-04-15T22:54:11+00:00","dateModified":"2026-03-17T13:51:07+00:00","breadcrumb":{"@id":"https:\/\/shop.bazarcia.com\/produto\/projetos-na-bordadeira-coelhinhos-minis-ith\/#breadcrumb"},"inLanguage":"en-US","potentialAction":[{"@type":"ReadAction","target":["https:\/\/shop.bazarcia.com\/produto\/projetos-na-bordadeira-coelhinhos-minis-ith\/"]}]},{"@type":"ImageObject","inLanguage":"en-US","@id":"https:\/\/shop.bazarcia.com\/produto\/projetos-na-bordadeira-coelhinhos-minis-ith\/#primaryimage","url":"https:\/\/shop.bazarcia.com\/wp-content\/uploads\/2021\/04\/Projetos-na-Bordadeira-Coelhinhos-Minis-1.png","contentUrl":"https:\/\/shop.bazarcia.com\/wp-content\/uploads\/2021\/04\/Projetos-na-Bordadeira-Coelhinhos-Minis-1.png","width":1084,"height":1084},{"@type":"BreadcrumbList","@id":"https:\/\/shop.bazarcia.com\/produto\/projetos-na-bordadeira-coelhinhos-minis-ith\/#breadcrumb","itemListElement":[{"@type":"ListItem","position":1,"name":"In\u00edcio","item":"https:\/\/shop.bazarcia.com\/"},{"@type":"ListItem","position":2,"name":"Loja","item":"https:\/\/shop.bazarcia.com\/loja\/"},{"@type":"ListItem","position":3,"name":"Projetos na Bordadeira Coelhinhos Minis ITH"}]},{"@type":"WebSite","@id":"https:\/\/shop.bazarcia.com\/#website","url":"https:\/\/shop.bazarcia.com\/","name":"Bazar & Cia","description":"criatividade ponto a ponto","publisher":{"@id":"https:\/\/shop.bazarcia.com\/#organization"},"potentialAction":[{"@type":"SearchAction","target":{"@type":"EntryPoint","urlTemplate":"https:\/\/shop.bazarcia.com\/?s={search_term_string}"},"query-input":{"@type":"PropertyValueSpecification","valueRequired":true,"valueName":"search_term_string"}}],"inLanguage":"en-US"},{"@type":"Organization","@id":"https:\/\/shop.bazarcia.com\/#organization","name":"Bazar & Cia","url":"https:\/\/shop.bazarcia.com\/","logo":{"@type":"ImageObject","inLanguage":"en-US","@id":"https:\/\/shop.bazarcia.com\/#\/schema\/logo\/image\/","url":"https:\/\/shop.bazarcia.com\/wp-content\/uploads\/2024\/02\/cropped-logo_bazarcia.png","contentUrl":"https:\/\/shop.bazarcia.com\/wp-content\/uploads\/2024\/02\/cropped-logo_bazarcia.png","width":150,"height":150,"caption":"Bazar & Cia"},"image":{"@id":"https:\/\/shop.bazarcia.com\/#\/schema\/logo\/image\/"},"sameAs":["https:\/\/www.facebook.com\/shopbazarcia","https:\/\/www.instagram.com\/shopbazarcia","https:\/\/br.pinterest.com\/suzane_eloise\/","https:\/\/www.youtube.com\/c\/BazardoBordadoMatrizeseProjetos"]}]}},"_links":{"self":[{"href":"https:\/\/shop.bazarcia.com\/en\/wp-json\/wp\/v2\/product\/92853","targetHints":{"allow":["GET"]}}],"collection":[{"href":"https:\/\/shop.bazarcia.com\/en\/wp-json\/wp\/v2\/product"}],"about":[{"href":"https:\/\/shop.bazarcia.com\/en\/wp-json\/wp\/v2\/types\/product"}],"replies":[{"embeddable":true,"href":"https:\/\/shop.bazarcia.com\/en\/wp-json\/wp\/v2\/comments?post=92853"}],"version-history":[{"count":2,"href":"https:\/\/shop.bazarcia.com\/en\/wp-json\/wp\/v2\/product\/92853\/revisions"}],"predecessor-version":[{"id":379977,"href":"https:\/\/shop.bazarcia.com\/en\/wp-json\/wp\/v2\/product\/92853\/revisions\/379977"}],"wp:featuredmedia":[{"embeddable":true,"href":"https:\/\/shop.bazarcia.com\/en\/wp-json\/wp\/v2\/media\/92851"}],"wp:attachment":[{"href":"https:\/\/shop.bazarcia.com\/en\/wp-json\/wp\/v2\/media?parent=92853"}],"wp:term":[{"taxonomy":"product_brand","embeddable":true,"href":"https:\/\/shop.bazarcia.com\/en\/wp-json\/wp\/v2\/product_brand?post=92853"},{"taxonomy":"product_cat","embeddable":true,"href":"https:\/\/shop.bazarcia.com\/en\/wp-json\/wp\/v2\/product_cat?post=92853"},{"taxonomy":"product_tag","embeddable":true,"href":"https:\/\/shop.bazarcia.com\/en\/wp-json\/wp\/v2\/product_tag?post=92853"}],"curies":[{"name":"wp","href":"https:\/\/api.w.org\/{rel}","templated":true}]}}