{"id":95002,"date":"2021-04-29T10:51:53","date_gmt":"2021-04-29T13:51:53","guid":{"rendered":"https:\/\/shop.bazarcia.com\/produto\/matrizes-de-bordado-trio-bichinhos-e-filhotes\/"},"modified":"2022-03-22T23:08:50","modified_gmt":"2022-03-23T02:08:50","slug":"matrizes-de-bordado-trio-bichinhos-e-filhotes","status":"publish","type":"product","link":"https:\/\/shop.bazarcia.com\/en\/product\/matrizes-de-bordado-trio-bichinhos-e-filhotes\/","title":{"rendered":"Matrizes de Bordado \u2013 DANI FAITANIN &#8211; Trio Bichinhos e Filhotes &#8211; Raposa &#8211; Coala &#8211; Pinguim"},"content":{"rendered":"<p>Matrizes para bordado em pontos leves, utilizando t\u00e9cnica rippled, f\u00e1ceis de bordar \u2013 12 MATRIZES no total.<\/p>\n<p>Tem mam\u00e3e com filhote menino, mam\u00e3e com filhote menina, papai com filhote menino e papai com filhote menina&#8230;<\/p>\n<p>Com raposa, coala e pinguim.<\/p>\n<p>Tamanhos de 10, 12, 14 e 16cm de altura e largura proporcionais <span style=\"font-family: 'Segoe UI Historic',sans-serif;color: #050505\">\u2013 consultar tamanhos e detalhes nas imagens.<\/span><\/p>\n<p class=\"MsoNormal\" style=\"margin-bottom: 0cm;line-height: normal;background: white\"><span style=\"font-family: 'Segoe UI Historic',sans-serif;color: #050505\">Dispon\u00edvel nos seguintes formatos: PES \u2013 JEF \u2013 EXP \u2013 DST- XXX \u2013 HUS<\/span><\/p>\n<p class=\"MsoNormal\" style=\"line-height: normal\"><span style=\"font-size: 12.0pt;font-family: 'Times New Roman',serif\">Os\u00a0 \u00a0arquivos estar\u00e3o dispon\u00edveis para download aqui mesmo na sua conta no site ap\u00f3s confirma\u00e7\u00e3o do pagamento. (N\u00e3o ser\u00e3o enviados por e-mail!)<\/span><\/p>\n<p class=\"MsoNormal\" style=\"margin-bottom: 0cm;line-height: normal;vertical-align: baseline\"><span style=\"font-size: 12.0pt;font-family: 'Times New Roman',serif\">Os arquivos est\u00e3o em pasta compactada (ZIP), sendo necess\u00e1rio descompact\u00e1-la.<\/span><\/p>\n<p class=\"MsoNormal\" style=\"margin-bottom: 0cm;line-height: normal;vertical-align: baseline\"><span style=\"font-size: 12.0pt;font-family: 'Times New Roman',serif\">Designs e imagens \u2013 FREEKIP PREMIUM<\/span><\/p>","protected":false},"excerpt":{"rendered":"<p>Matrizes para bordado em pontos leves, utilizando t\u00e9cnica rippled, f\u00e1ceis de bordar \u2013 12 MATRIZES no total.<br \/>\nTem mam\u00e3e com filhote menino, mam\u00e3e com filhote menina, papai com filhote menino e papai com filhote menina&#8230;<br \/>\nCom raposa, coala e pinguim.<br \/>\nTamanhos de 10, 12, 14 e 16cm de altura e largura proporcionais no formato que precisar.<\/p>","protected":false},"featured_media":134995,"comment_status":"open","ping_status":"closed","template":"","meta":{"_acf_changed":false,"_joinchat":[]},"product_brand":[],"product_cat":[122,1426,1075,154,243,84,312,333],"product_tag":[1090,1430,1432],"class_list":{"0":"post-95002","1":"product","2":"type-product","3":"status-publish","4":"has-post-thumbnail","6":"product_cat-matrizes-de-bordado-animais","7":"product_cat-animais-da-floresta","8":"product_cat-coalas","9":"product_cat-dia-das-maes","10":"product_cat-lobinhos","11":"product_cat-matrizes-de-bordado","12":"product_cat-matrizes-pontos-leves","13":"product_cat-pinguins","14":"product_tag-maquina-de-bordar","15":"product_tag-matriz-de-bordado","16":"product_tag-matrizes-de-bordado","18":"first","19":"instock","20":"downloadable","21":"virtual","22":"purchasable","23":"product-type-simple"},"acf":[],"yoast_head":"<!-- This site is optimized with the Yoast SEO plugin v27.2 - https:\/\/yoast.com\/product\/yoast-seo-wordpress\/ -->\n<title>Matrizes de Bordado \u2013 DANI FAITANIN - Trio Bichinhos e Filhotes - Raposa - Coala - Pinguim - \ud835\udc1b\ud835\udc1a\ud835\udc33\ud835\udc1a\ud835\udc2b &amp; \ud835\udc1c\ud835\udc22\ud835\udc1a<\/title>\n<meta name=\"robots\" content=\"index, follow, max-snippet:-1, max-image-preview:large, max-video-preview:-1\" \/>\n<link rel=\"canonical\" href=\"https:\/\/shop.bazarcia.com\/en\/product\/matrizes-de-bordado-trio-bichinhos-e-filhotes\/\" \/>\n<meta property=\"og:locale\" content=\"en_US\" \/>\n<meta property=\"og:type\" content=\"article\" \/>\n<meta property=\"og:title\" content=\"Matrizes de Bordado \u2013 DANI FAITANIN - Trio Bichinhos e Filhotes - Raposa - Coala - Pinguim - \ud835\udc1b\ud835\udc1a\ud835\udc33\ud835\udc1a\ud835\udc2b &amp; \ud835\udc1c\ud835\udc22\ud835\udc1a\" \/>\n<meta property=\"og:description\" content=\"Matrizes para bordado em pontos leves, utilizando t\u00e9cnica rippled, f\u00e1ceis de bordar \u2013 12 MATRIZES no total. Tem mam\u00e3e com filhote menino, mam\u00e3e com filhote menina, papai com filhote menino e papai com filhote menina... Com raposa, coala e pinguim. Tamanhos de 10, 12, 14 e 16cm de altura e largura proporcionais no formato que precisar.\" \/>\n<meta property=\"og:url\" content=\"https:\/\/shop.bazarcia.com\/en\/product\/matrizes-de-bordado-trio-bichinhos-e-filhotes\/\" \/>\n<meta property=\"og:site_name\" content=\"\ud835\udc1b\ud835\udc1a\ud835\udc33\ud835\udc1a\ud835\udc2b &amp; \ud835\udc1c\ud835\udc22\ud835\udc1a\" \/>\n<meta property=\"article:publisher\" content=\"https:\/\/www.facebook.com\/shopbazarcia\" \/>\n<meta property=\"article:modified_time\" content=\"2022-03-23T02:08:50+00:00\" \/>\n<meta property=\"og:image\" content=\"https:\/\/shop.bazarcia.com\/wp-content\/uploads\/2021\/11\/Papel-de-paredeTRIO-BICHINHOS-E-FILHOTES-bdb.png\" \/>\n\t<meta property=\"og:image:width\" content=\"1084\" \/>\n\t<meta property=\"og:image:height\" content=\"1084\" \/>\n\t<meta property=\"og:image:type\" content=\"image\/png\" \/>\n<meta name=\"twitter:card\" content=\"summary_large_image\" \/>\n<meta name=\"twitter:label1\" content=\"Est. reading time\" \/>\n\t<meta name=\"twitter:data1\" content=\"1 minute\" \/>\n<script type=\"application\/ld+json\" class=\"yoast-schema-graph\">{\"@context\":\"https:\/\/schema.org\",\"@graph\":[{\"@type\":\"WebPage\",\"@id\":\"https:\/\/shop.bazarcia.com\/en\/product\/matrizes-de-bordado-trio-bichinhos-e-filhotes\/\",\"url\":\"https:\/\/shop.bazarcia.com\/en\/product\/matrizes-de-bordado-trio-bichinhos-e-filhotes\/\",\"name\":\"Matrizes de Bordado \u2013 DANI FAITANIN - Trio Bichinhos e Filhotes - Raposa - Coala - Pinguim - \ud835\udc1b\ud835\udc1a\ud835\udc33\ud835\udc1a\ud835\udc2b &amp; \ud835\udc1c\ud835\udc22\ud835\udc1a\",\"isPartOf\":{\"@id\":\"https:\/\/shop.bazarcia.com\/#website\"},\"primaryImageOfPage\":{\"@id\":\"https:\/\/shop.bazarcia.com\/en\/product\/matrizes-de-bordado-trio-bichinhos-e-filhotes\/#primaryimage\"},\"image\":{\"@id\":\"https:\/\/shop.bazarcia.com\/en\/product\/matrizes-de-bordado-trio-bichinhos-e-filhotes\/#primaryimage\"},\"thumbnailUrl\":\"https:\/\/shop.bazarcia.com\/wp-content\/uploads\/2021\/11\/Papel-de-paredeTRIO-BICHINHOS-E-FILHOTES-bdb.png\",\"datePublished\":\"2021-04-29T13:51:53+00:00\",\"dateModified\":\"2022-03-23T02:08:50+00:00\",\"breadcrumb\":{\"@id\":\"https:\/\/shop.bazarcia.com\/en\/product\/matrizes-de-bordado-trio-bichinhos-e-filhotes\/#breadcrumb\"},\"inLanguage\":\"en-US\",\"potentialAction\":[{\"@type\":\"ReadAction\",\"target\":[\"https:\/\/shop.bazarcia.com\/en\/product\/matrizes-de-bordado-trio-bichinhos-e-filhotes\/\"]}]},{\"@type\":\"ImageObject\",\"inLanguage\":\"en-US\",\"@id\":\"https:\/\/shop.bazarcia.com\/en\/product\/matrizes-de-bordado-trio-bichinhos-e-filhotes\/#primaryimage\",\"url\":\"https:\/\/shop.bazarcia.com\/wp-content\/uploads\/2021\/11\/Papel-de-paredeTRIO-BICHINHOS-E-FILHOTES-bdb.png\",\"contentUrl\":\"https:\/\/shop.bazarcia.com\/wp-content\/uploads\/2021\/11\/Papel-de-paredeTRIO-BICHINHOS-E-FILHOTES-bdb.png\",\"width\":1084,\"height\":1084},{\"@type\":\"BreadcrumbList\",\"@id\":\"https:\/\/shop.bazarcia.com\/en\/product\/matrizes-de-bordado-trio-bichinhos-e-filhotes\/#breadcrumb\",\"itemListElement\":[{\"@type\":\"ListItem\",\"position\":1,\"name\":\"In\u00edcio\",\"item\":\"https:\/\/shop.bazarcia.com\/\"},{\"@type\":\"ListItem\",\"position\":2,\"name\":\"Loja\",\"item\":\"https:\/\/shop.bazarcia.com\/loja\/\"},{\"@type\":\"ListItem\",\"position\":3,\"name\":\"Matrizes de Bordado \u2013 DANI FAITANIN &#8211; Trio Bichinhos e Filhotes &#8211; Raposa &#8211; Coala &#8211; Pinguim\"}]},{\"@type\":\"WebSite\",\"@id\":\"https:\/\/shop.bazarcia.com\/#website\",\"url\":\"https:\/\/shop.bazarcia.com\/\",\"name\":\"Bazar & Cia\",\"description\":\"criatividade ponto a ponto\",\"publisher\":{\"@id\":\"https:\/\/shop.bazarcia.com\/#organization\"},\"potentialAction\":[{\"@type\":\"SearchAction\",\"target\":{\"@type\":\"EntryPoint\",\"urlTemplate\":\"https:\/\/shop.bazarcia.com\/?s={search_term_string}\"},\"query-input\":{\"@type\":\"PropertyValueSpecification\",\"valueRequired\":true,\"valueName\":\"search_term_string\"}}],\"inLanguage\":\"en-US\"},{\"@type\":\"Organization\",\"@id\":\"https:\/\/shop.bazarcia.com\/#organization\",\"name\":\"Bazar & Cia\",\"url\":\"https:\/\/shop.bazarcia.com\/\",\"logo\":{\"@type\":\"ImageObject\",\"inLanguage\":\"en-US\",\"@id\":\"https:\/\/shop.bazarcia.com\/#\/schema\/logo\/image\/\",\"url\":\"https:\/\/shop.bazarcia.com\/wp-content\/uploads\/2024\/02\/cropped-logo_bazarcia.png\",\"contentUrl\":\"https:\/\/shop.bazarcia.com\/wp-content\/uploads\/2024\/02\/cropped-logo_bazarcia.png\",\"width\":150,\"height\":150,\"caption\":\"Bazar & Cia\"},\"image\":{\"@id\":\"https:\/\/shop.bazarcia.com\/#\/schema\/logo\/image\/\"},\"sameAs\":[\"https:\/\/www.facebook.com\/shopbazarcia\",\"https:\/\/www.instagram.com\/shopbazarcia\",\"https:\/\/br.pinterest.com\/suzane_eloise\/\",\"https:\/\/www.youtube.com\/c\/BazardoBordadoMatrizeseProjetos\"]}]}<\/script>\n<!-- \/ Yoast SEO plugin. -->","yoast_head_json":{"title":"Matrizes de Bordado \u2013 DANI FAITANIN - Trio Bichinhos e Filhotes - Raposa - Coala - Pinguim - \ud835\udc1b\ud835\udc1a\ud835\udc33\ud835\udc1a\ud835\udc2b &amp; \ud835\udc1c\ud835\udc22\ud835\udc1a","robots":{"index":"index","follow":"follow","max-snippet":"max-snippet:-1","max-image-preview":"max-image-preview:large","max-video-preview":"max-video-preview:-1"},"canonical":"https:\/\/shop.bazarcia.com\/en\/product\/matrizes-de-bordado-trio-bichinhos-e-filhotes\/","og_locale":"en_US","og_type":"article","og_title":"Matrizes de Bordado \u2013 DANI FAITANIN - Trio Bichinhos e Filhotes - Raposa - Coala - Pinguim - \ud835\udc1b\ud835\udc1a\ud835\udc33\ud835\udc1a\ud835\udc2b &amp; \ud835\udc1c\ud835\udc22\ud835\udc1a","og_description":"Matrizes para bordado em pontos leves, utilizando t\u00e9cnica rippled, f\u00e1ceis de bordar \u2013 12 MATRIZES no total. Tem mam\u00e3e com filhote menino, mam\u00e3e com filhote menina, papai com filhote menino e papai com filhote menina... Com raposa, coala e pinguim. Tamanhos de 10, 12, 14 e 16cm de altura e largura proporcionais no formato que precisar.","og_url":"https:\/\/shop.bazarcia.com\/en\/product\/matrizes-de-bordado-trio-bichinhos-e-filhotes\/","og_site_name":"\ud835\udc1b\ud835\udc1a\ud835\udc33\ud835\udc1a\ud835\udc2b &amp; \ud835\udc1c\ud835\udc22\ud835\udc1a","article_publisher":"https:\/\/www.facebook.com\/shopbazarcia","article_modified_time":"2022-03-23T02:08:50+00:00","og_image":[{"width":1084,"height":1084,"url":"https:\/\/shop.bazarcia.com\/wp-content\/uploads\/2021\/11\/Papel-de-paredeTRIO-BICHINHOS-E-FILHOTES-bdb.png","type":"image\/png"}],"twitter_card":"summary_large_image","twitter_misc":{"Est. reading time":"1 minute"},"schema":{"@context":"https:\/\/schema.org","@graph":[{"@type":"WebPage","@id":"https:\/\/shop.bazarcia.com\/en\/product\/matrizes-de-bordado-trio-bichinhos-e-filhotes\/","url":"https:\/\/shop.bazarcia.com\/en\/product\/matrizes-de-bordado-trio-bichinhos-e-filhotes\/","name":"Matrizes de Bordado \u2013 DANI FAITANIN - Trio Bichinhos e Filhotes - Raposa - Coala - Pinguim - \ud835\udc1b\ud835\udc1a\ud835\udc33\ud835\udc1a\ud835\udc2b &amp; \ud835\udc1c\ud835\udc22\ud835\udc1a","isPartOf":{"@id":"https:\/\/shop.bazarcia.com\/#website"},"primaryImageOfPage":{"@id":"https:\/\/shop.bazarcia.com\/en\/product\/matrizes-de-bordado-trio-bichinhos-e-filhotes\/#primaryimage"},"image":{"@id":"https:\/\/shop.bazarcia.com\/en\/product\/matrizes-de-bordado-trio-bichinhos-e-filhotes\/#primaryimage"},"thumbnailUrl":"https:\/\/shop.bazarcia.com\/wp-content\/uploads\/2021\/11\/Papel-de-paredeTRIO-BICHINHOS-E-FILHOTES-bdb.png","datePublished":"2021-04-29T13:51:53+00:00","dateModified":"2022-03-23T02:08:50+00:00","breadcrumb":{"@id":"https:\/\/shop.bazarcia.com\/en\/product\/matrizes-de-bordado-trio-bichinhos-e-filhotes\/#breadcrumb"},"inLanguage":"en-US","potentialAction":[{"@type":"ReadAction","target":["https:\/\/shop.bazarcia.com\/en\/product\/matrizes-de-bordado-trio-bichinhos-e-filhotes\/"]}]},{"@type":"ImageObject","inLanguage":"en-US","@id":"https:\/\/shop.bazarcia.com\/en\/product\/matrizes-de-bordado-trio-bichinhos-e-filhotes\/#primaryimage","url":"https:\/\/shop.bazarcia.com\/wp-content\/uploads\/2021\/11\/Papel-de-paredeTRIO-BICHINHOS-E-FILHOTES-bdb.png","contentUrl":"https:\/\/shop.bazarcia.com\/wp-content\/uploads\/2021\/11\/Papel-de-paredeTRIO-BICHINHOS-E-FILHOTES-bdb.png","width":1084,"height":1084},{"@type":"BreadcrumbList","@id":"https:\/\/shop.bazarcia.com\/en\/product\/matrizes-de-bordado-trio-bichinhos-e-filhotes\/#breadcrumb","itemListElement":[{"@type":"ListItem","position":1,"name":"In\u00edcio","item":"https:\/\/shop.bazarcia.com\/"},{"@type":"ListItem","position":2,"name":"Loja","item":"https:\/\/shop.bazarcia.com\/loja\/"},{"@type":"ListItem","position":3,"name":"Matrizes de Bordado \u2013 DANI FAITANIN &#8211; Trio Bichinhos e Filhotes &#8211; Raposa &#8211; Coala &#8211; Pinguim"}]},{"@type":"WebSite","@id":"https:\/\/shop.bazarcia.com\/#website","url":"https:\/\/shop.bazarcia.com\/","name":"Bazar & Cia","description":"criatividade ponto a ponto","publisher":{"@id":"https:\/\/shop.bazarcia.com\/#organization"},"potentialAction":[{"@type":"SearchAction","target":{"@type":"EntryPoint","urlTemplate":"https:\/\/shop.bazarcia.com\/?s={search_term_string}"},"query-input":{"@type":"PropertyValueSpecification","valueRequired":true,"valueName":"search_term_string"}}],"inLanguage":"en-US"},{"@type":"Organization","@id":"https:\/\/shop.bazarcia.com\/#organization","name":"Bazar & Cia","url":"https:\/\/shop.bazarcia.com\/","logo":{"@type":"ImageObject","inLanguage":"en-US","@id":"https:\/\/shop.bazarcia.com\/#\/schema\/logo\/image\/","url":"https:\/\/shop.bazarcia.com\/wp-content\/uploads\/2024\/02\/cropped-logo_bazarcia.png","contentUrl":"https:\/\/shop.bazarcia.com\/wp-content\/uploads\/2024\/02\/cropped-logo_bazarcia.png","width":150,"height":150,"caption":"Bazar & Cia"},"image":{"@id":"https:\/\/shop.bazarcia.com\/#\/schema\/logo\/image\/"},"sameAs":["https:\/\/www.facebook.com\/shopbazarcia","https:\/\/www.instagram.com\/shopbazarcia","https:\/\/br.pinterest.com\/suzane_eloise\/","https:\/\/www.youtube.com\/c\/BazardoBordadoMatrizeseProjetos"]}]}},"_links":{"self":[{"href":"https:\/\/shop.bazarcia.com\/en\/wp-json\/wp\/v2\/product\/95002","targetHints":{"allow":["GET"]}}],"collection":[{"href":"https:\/\/shop.bazarcia.com\/en\/wp-json\/wp\/v2\/product"}],"about":[{"href":"https:\/\/shop.bazarcia.com\/en\/wp-json\/wp\/v2\/types\/product"}],"replies":[{"embeddable":true,"href":"https:\/\/shop.bazarcia.com\/en\/wp-json\/wp\/v2\/comments?post=95002"}],"version-history":[{"count":0,"href":"https:\/\/shop.bazarcia.com\/en\/wp-json\/wp\/v2\/product\/95002\/revisions"}],"wp:featuredmedia":[{"embeddable":true,"href":"https:\/\/shop.bazarcia.com\/en\/wp-json\/wp\/v2\/media\/134995"}],"wp:attachment":[{"href":"https:\/\/shop.bazarcia.com\/en\/wp-json\/wp\/v2\/media?parent=95002"}],"wp:term":[{"taxonomy":"product_brand","embeddable":true,"href":"https:\/\/shop.bazarcia.com\/en\/wp-json\/wp\/v2\/product_brand?post=95002"},{"taxonomy":"product_cat","embeddable":true,"href":"https:\/\/shop.bazarcia.com\/en\/wp-json\/wp\/v2\/product_cat?post=95002"},{"taxonomy":"product_tag","embeddable":true,"href":"https:\/\/shop.bazarcia.com\/en\/wp-json\/wp\/v2\/product_tag?post=95002"}],"curies":[{"name":"wp","href":"https:\/\/api.w.org\/{rel}","templated":true}]}}