{"id":97187,"date":"2021-05-11T13:45:17","date_gmt":"2021-05-11T16:45:17","guid":{"rendered":"https:\/\/shop.bazarcia.com\/produto\/matriz-de-bordado-gratis-cerejinha\/"},"modified":"2021-05-11T13:47:46","modified_gmt":"2021-05-11T16:47:46","slug":"matriz-de-bordado-gratis-cerejinha","status":"publish","type":"product","link":"https:\/\/shop.bazarcia.com\/en\/product\/matriz-de-bordado-gratis-cerejinha\/","title":{"rendered":"Matriz de Bordado Gr\u00e1tis &#8211; Cerejinha"},"content":{"rendered":"<p>Matrizes de Bordado em pontos leves, com alguns detalhes em ponto cheio. Dispon\u00edvel para download imediato, nos formatos:<\/p>\n<p>DST<\/p>\n<p>EXP<\/p>\n<p>HUS<\/p>\n<p>JEF<\/p>\n<p>XXX<\/p>\n<p>Sendo um \u00fanico tamanho.<\/p>\n<table class=\"MsoTableGrid\" style=\"border-collapse: collapse;border: none\" border=\"1\" cellspacing=\"0\" cellpadding=\"0\">\n<tbody>\n<tr>\n<td style=\"width: 106.15pt;border: solid windowtext 1.0pt;padding: 0cm 5.4pt 0cm 5.4pt\" valign=\"top\" width=\"142\">\n<p class=\"MsoNormal\" style=\"margin-bottom: .0001pt;text-align: center;line-height: normal\" align=\"center\"><b>DESCRI\u00c7\u00c3O<\/b><\/p>\n<\/td>\n<td style=\"width: 106.15pt;border: solid windowtext 1.0pt;border-left: none;padding: 0cm 5.4pt 0cm 5.4pt\" valign=\"top\" width=\"142\">\n<p class=\"MsoNormal\" style=\"margin-bottom: .0001pt;text-align: center;line-height: normal\" align=\"center\"><b>TAMANHO (mm)<\/b><\/p>\n<\/td>\n<td style=\"width: 106.2pt;border: solid windowtext 1.0pt;border-left: none;padding: 0cm 5.4pt 0cm 5.4pt\" valign=\"top\" width=\"142\">\n<p class=\"MsoNormal\" style=\"margin-bottom: .0001pt;text-align: center;line-height: normal\" align=\"center\"><b>PONTOS<\/b><\/p>\n<\/td>\n<td style=\"width: 106.2pt;border: solid windowtext 1.0pt;border-left: none;padding: 0cm 5.4pt 0cm 5.4pt\" valign=\"top\" width=\"142\">\n<p class=\"MsoNormal\" style=\"margin-bottom: .0001pt;text-align: center;line-height: normal\" align=\"center\"><b>COR\/TROCA LINHA<\/b><\/p>\n<\/td>\n<\/tr>\n<tr>\n<td style=\"width: 106.15pt;border: solid windowtext 1.0pt;border-top: none;padding: 0cm 5.4pt 0cm 5.4pt\" valign=\"top\" width=\"142\">\n<p class=\"MsoNormal\" style=\"margin-bottom: .0001pt;line-height: normal\">CEREJINHA<\/p>\n<\/td>\n<td style=\"width: 106.15pt;border-top: none;border-left: none;border-bottom: solid windowtext 1.0pt;border-right: solid windowtext 1.0pt;padding: 0cm 5.4pt 0cm 5.4pt\" valign=\"top\" width=\"142\">\n<p class=\"MsoNormal\" style=\"margin-bottom: .0001pt;line-height: normal\">98X91<\/p>\n<\/td>\n<td style=\"width: 106.2pt;border-top: none;border-left: none;border-bottom: solid windowtext 1.0pt;border-right: solid windowtext 1.0pt;padding: 0cm 5.4pt 0cm 5.4pt\" valign=\"top\" width=\"142\">\n<p class=\"MsoNormal\" style=\"margin-bottom: .0001pt;line-height: normal\">5578<\/p>\n<\/td>\n<td style=\"width: 106.2pt;border-top: none;border-left: none;border-bottom: solid windowtext 1.0pt;border-right: solid windowtext 1.0pt;padding: 0cm 5.4pt 0cm 5.4pt\" valign=\"top\" width=\"142\">\n<p class=\"MsoNormal\" style=\"margin-bottom: .0001pt;line-height: normal\">4\/5<\/p>\n<\/td>\n<\/tr>\n<tr>\n<td style=\"width: 106.15pt;border: solid windowtext 1.0pt;border-top: none;padding: 0cm 5.4pt 0cm 5.4pt\" valign=\"top\" width=\"142\">\n<p class=\"MsoNormal\" style=\"margin-bottom: .0001pt;line-height: normal\">CEREJINHA COM FRASE<\/p>\n<\/td>\n<td style=\"width: 106.15pt;border-top: none;border-left: none;border-bottom: solid windowtext 1.0pt;border-right: solid windowtext 1.0pt;padding: 0cm 5.4pt 0cm 5.4pt\" valign=\"top\" width=\"142\">\n<p class=\"MsoNormal\" style=\"margin-bottom: .0001pt;line-height: normal\">156X129<\/p>\n<\/td>\n<td style=\"width: 106.2pt;border-top: none;border-left: none;border-bottom: solid windowtext 1.0pt;border-right: solid windowtext 1.0pt;padding: 0cm 5.4pt 0cm 5.4pt\" valign=\"top\" width=\"142\">\n<p class=\"MsoNormal\" style=\"margin-bottom: .0001pt;line-height: normal\">10289<\/p>\n<\/td>\n<td style=\"width: 106.2pt;border-top: none;border-left: none;border-bottom: solid windowtext 1.0pt;border-right: solid windowtext 1.0pt;padding: 0cm 5.4pt 0cm 5.4pt\" valign=\"top\" width=\"142\">\n<p class=\"MsoNormal\" style=\"margin-bottom: .0001pt;line-height: normal\">5\/6<\/p>\n<\/td>\n<\/tr>\n<\/tbody>\n<\/table>\n<p>Atribui\u00e7\u00e3o ao designer: Studio Lib\u00e9lula<\/p>\n<p>REF:MDL.070866<\/p>\n<p>Bastidor sugerido: 10&#215;10 \/ 13&#215;18 \/ 14&#215;16 \/ 14&#215;20 ou maior<\/p>\n<p style=\"margin: 0px 0px 20px;padding: 0px;border: 0px;vertical-align: baseline;line-height: inherit;font-family: Lato, Arial, Helvetica, sans-serif;font-size: 14px;color: #777777\">As matrizes s\u00e3o disponibilizadas em pasta ZIP, voc\u00ea precisar\u00e1 descompact\u00e1-la ap\u00f3s o download.<\/p>\n<p style=\"margin: 0px 0px 1rem;padding: 0px;border: 0px;vertical-align: baseline;line-height: inherit;font-family: Raleway;font-size: 14px;color: #7a7a7a\">Esse download poder\u00e1 ser feito por at\u00e9 99 (noventa e nove) vezes diretamente no site do Bazar do Bordado, em um per\u00edodo m\u00e1ximo de 365 (trezentos e sessenta e cinco dias) a ser contado da data da disponibiliza\u00e7\u00e3o do material. Ap\u00f3s este per\u00edodo, o link ser\u00e1 expirado.<\/p>\n<p style=\"margin: 0px 0px 1rem;padding: 0px;border: 0px;vertical-align: baseline;line-height: inherit;font-family: Raleway;font-size: 14px;color: #7a7a7a\">Por isso, \u00e9 importante que\u00a0 fa\u00e7a o download do conte\u00fado o quanto antes, armazenando no seu compartimento de interesse.<\/p>\n<p style=\"margin: 0px 0px 1rem;padding: 0px;border: 0px;vertical-align: baseline;line-height: inherit;font-family: Raleway;font-size: 14px;color: #7a7a7a\">Compras realizadas atrav\u00e9s de boleto banc\u00e1rio poder\u00e1 levar at\u00e9 dois dias \u00fateis para libera\u00e7\u00e3o das matrizes.<\/p>\n<p style=\"margin: 0px 0px 20px;padding: 0px;border: 0px;vertical-align: baseline;line-height: inherit;font-family: lato, Arial, Helvetica, sans-serif;font-size: 14px;color: #777777\">Voc\u00ea pode conhecer nosso canal no youtube Mimos de Lili Ateli\u00ea Alice Paz de Hora ou acessando nosso link:\u00a0 \u00a0<a style=\"margin: 0px;padding: 0px;border: 0px;vertical-align: baseline;font-style: inherit;font-variant: inherit;font-weight: inherit;line-height: inherit;font-family: inherit;color: #3f3f3f\" href=\"https:\/\/www.youtube.com\/channel\/UCoGsFX_hesf1oGUWVPYSv8g\">https:\/\/www.youtube.com\/channel\/UCoGsFX_hesf1oGUWVPYSv8g<\/a><\/p>\n<p style=\"margin: 0px 0px 20px;padding: 0px;border: 0px;vertical-align: baseline;line-height: inherit;font-family: lato, Arial, Helvetica, sans-serif;font-size: 14px;color: #777777\">Lembre-se de dar o seu j\u00f3inha e se inscrever em nosso canal e de seguir nossa lojinha aqui no Bazar assim voc\u00ea ficar\u00e1 por dentro das novidades!!!<\/p>","protected":false},"excerpt":{"rendered":"<p>Matrizes de Bordado em pontos leves, com alguns detalhes em ponto cheio. Dispon\u00edvel para download imediato.<br \/>\nBasta clicar no nome aqui em baixo:<\/p>\n<p><a href=\"https:\/\/shop.bazarcia.com\/wp-content\/uploads\/woocommerce_uploads\/2021\/05\/MATRIZ-DE-BORDADO-CEREJINHAS-pixer4.zip\">MATRIZ DE BORDADO CEREJINHA<\/a><\/p>","protected":false},"featured_media":97183,"comment_status":"open","ping_status":"closed","template":"","meta":{"_acf_changed":false,"_joinchat":[]},"product_brand":[],"product_cat":[298,97],"product_tag":[],"class_list":{"0":"post-97187","1":"product","2":"type-product","3":"status-publish","4":"has-post-thumbnail","6":"product_cat-frutas","7":"product_cat-matrizes-de-bordado-gratis","9":"first","10":"instock","11":"downloadable","12":"virtual","13":"product-type-simple"},"acf":[],"yoast_head":"<!-- This site is optimized with the Yoast SEO plugin v27.2 - https:\/\/yoast.com\/product\/yoast-seo-wordpress\/ -->\n<title>Matriz de Bordado Gr\u00e1tis - Cerejinha - \ud835\udc1b\ud835\udc1a\ud835\udc33\ud835\udc1a\ud835\udc2b &amp; \ud835\udc1c\ud835\udc22\ud835\udc1a<\/title>\n<meta name=\"robots\" content=\"index, follow, max-snippet:-1, max-image-preview:large, max-video-preview:-1\" \/>\n<link rel=\"canonical\" href=\"https:\/\/shop.bazarcia.com\/en\/product\/matriz-de-bordado-gratis-cerejinha\/\" \/>\n<meta property=\"og:locale\" content=\"en_US\" \/>\n<meta property=\"og:type\" content=\"article\" \/>\n<meta property=\"og:title\" content=\"Matriz de Bordado Gr\u00e1tis - Cerejinha - \ud835\udc1b\ud835\udc1a\ud835\udc33\ud835\udc1a\ud835\udc2b &amp; \ud835\udc1c\ud835\udc22\ud835\udc1a\" \/>\n<meta property=\"og:description\" content=\"Matrizes de Bordado em pontos leves, com alguns detalhes em ponto cheio. Dispon\u00edvel para download imediato. Basta clicar no nome aqui em baixo:  MATRIZ DE BORDADO CEREJINHA\" \/>\n<meta property=\"og:url\" content=\"https:\/\/shop.bazarcia.com\/en\/product\/matriz-de-bordado-gratis-cerejinha\/\" \/>\n<meta property=\"og:site_name\" content=\"\ud835\udc1b\ud835\udc1a\ud835\udc33\ud835\udc1a\ud835\udc2b &amp; \ud835\udc1c\ud835\udc22\ud835\udc1a\" \/>\n<meta property=\"article:publisher\" content=\"https:\/\/www.facebook.com\/shopbazarcia\" \/>\n<meta property=\"article:modified_time\" content=\"2021-05-11T16:47:46+00:00\" \/>\n<meta property=\"og:image\" content=\"https:\/\/shop.bazarcia.com\/wp-content\/uploads\/2021\/05\/thumbnail_20210511_132118_0000.png\" \/>\n\t<meta property=\"og:image:width\" content=\"800\" \/>\n\t<meta property=\"og:image:height\" content=\"800\" \/>\n\t<meta property=\"og:image:type\" content=\"image\/png\" \/>\n<meta name=\"twitter:card\" content=\"summary_large_image\" \/>\n<meta name=\"twitter:label1\" content=\"Est. reading time\" \/>\n\t<meta name=\"twitter:data1\" content=\"1 minute\" \/>\n<script type=\"application\/ld+json\" class=\"yoast-schema-graph\">{\"@context\":\"https:\/\/schema.org\",\"@graph\":[{\"@type\":\"WebPage\",\"@id\":\"https:\/\/shop.bazarcia.com\/produto\/matriz-de-bordado-gratis-cerejinha\/\",\"url\":\"https:\/\/shop.bazarcia.com\/produto\/matriz-de-bordado-gratis-cerejinha\/\",\"name\":\"Matriz de Bordado Gr\u00e1tis - Cerejinha - \ud835\udc1b\ud835\udc1a\ud835\udc33\ud835\udc1a\ud835\udc2b &amp; \ud835\udc1c\ud835\udc22\ud835\udc1a\",\"isPartOf\":{\"@id\":\"https:\/\/shop.bazarcia.com\/#website\"},\"primaryImageOfPage\":{\"@id\":\"https:\/\/shop.bazarcia.com\/produto\/matriz-de-bordado-gratis-cerejinha\/#primaryimage\"},\"image\":{\"@id\":\"https:\/\/shop.bazarcia.com\/produto\/matriz-de-bordado-gratis-cerejinha\/#primaryimage\"},\"thumbnailUrl\":\"https:\/\/shop.bazarcia.com\/wp-content\/uploads\/2021\/05\/thumbnail_20210511_132118_0000.png\",\"datePublished\":\"2021-05-11T16:45:17+00:00\",\"dateModified\":\"2021-05-11T16:47:46+00:00\",\"breadcrumb\":{\"@id\":\"https:\/\/shop.bazarcia.com\/produto\/matriz-de-bordado-gratis-cerejinha\/#breadcrumb\"},\"inLanguage\":\"en-US\",\"potentialAction\":[{\"@type\":\"ReadAction\",\"target\":[\"https:\/\/shop.bazarcia.com\/produto\/matriz-de-bordado-gratis-cerejinha\/\"]}]},{\"@type\":\"ImageObject\",\"inLanguage\":\"en-US\",\"@id\":\"https:\/\/shop.bazarcia.com\/produto\/matriz-de-bordado-gratis-cerejinha\/#primaryimage\",\"url\":\"https:\/\/shop.bazarcia.com\/wp-content\/uploads\/2021\/05\/thumbnail_20210511_132118_0000.png\",\"contentUrl\":\"https:\/\/shop.bazarcia.com\/wp-content\/uploads\/2021\/05\/thumbnail_20210511_132118_0000.png\",\"width\":800,\"height\":800},{\"@type\":\"BreadcrumbList\",\"@id\":\"https:\/\/shop.bazarcia.com\/produto\/matriz-de-bordado-gratis-cerejinha\/#breadcrumb\",\"itemListElement\":[{\"@type\":\"ListItem\",\"position\":1,\"name\":\"In\u00edcio\",\"item\":\"https:\/\/shop.bazarcia.com\/\"},{\"@type\":\"ListItem\",\"position\":2,\"name\":\"Loja\",\"item\":\"https:\/\/shop.bazarcia.com\/loja\/\"},{\"@type\":\"ListItem\",\"position\":3,\"name\":\"Matriz de Bordado Gr\u00e1tis &#8211; Cerejinha\"}]},{\"@type\":\"WebSite\",\"@id\":\"https:\/\/shop.bazarcia.com\/#website\",\"url\":\"https:\/\/shop.bazarcia.com\/\",\"name\":\"Bazar & Cia\",\"description\":\"criatividade ponto a ponto\",\"publisher\":{\"@id\":\"https:\/\/shop.bazarcia.com\/#organization\"},\"potentialAction\":[{\"@type\":\"SearchAction\",\"target\":{\"@type\":\"EntryPoint\",\"urlTemplate\":\"https:\/\/shop.bazarcia.com\/?s={search_term_string}\"},\"query-input\":{\"@type\":\"PropertyValueSpecification\",\"valueRequired\":true,\"valueName\":\"search_term_string\"}}],\"inLanguage\":\"en-US\"},{\"@type\":\"Organization\",\"@id\":\"https:\/\/shop.bazarcia.com\/#organization\",\"name\":\"Bazar & Cia\",\"url\":\"https:\/\/shop.bazarcia.com\/\",\"logo\":{\"@type\":\"ImageObject\",\"inLanguage\":\"en-US\",\"@id\":\"https:\/\/shop.bazarcia.com\/#\/schema\/logo\/image\/\",\"url\":\"https:\/\/shop.bazarcia.com\/wp-content\/uploads\/2024\/02\/cropped-logo_bazarcia.png\",\"contentUrl\":\"https:\/\/shop.bazarcia.com\/wp-content\/uploads\/2024\/02\/cropped-logo_bazarcia.png\",\"width\":150,\"height\":150,\"caption\":\"Bazar & Cia\"},\"image\":{\"@id\":\"https:\/\/shop.bazarcia.com\/#\/schema\/logo\/image\/\"},\"sameAs\":[\"https:\/\/www.facebook.com\/shopbazarcia\",\"https:\/\/www.instagram.com\/shopbazarcia\",\"https:\/\/br.pinterest.com\/suzane_eloise\/\",\"https:\/\/www.youtube.com\/c\/BazardoBordadoMatrizeseProjetos\"]}]}<\/script>\n<!-- \/ Yoast SEO plugin. -->","yoast_head_json":{"title":"Matriz de Bordado Gr\u00e1tis - Cerejinha - \ud835\udc1b\ud835\udc1a\ud835\udc33\ud835\udc1a\ud835\udc2b &amp; \ud835\udc1c\ud835\udc22\ud835\udc1a","robots":{"index":"index","follow":"follow","max-snippet":"max-snippet:-1","max-image-preview":"max-image-preview:large","max-video-preview":"max-video-preview:-1"},"canonical":"https:\/\/shop.bazarcia.com\/en\/product\/matriz-de-bordado-gratis-cerejinha\/","og_locale":"en_US","og_type":"article","og_title":"Matriz de Bordado Gr\u00e1tis - Cerejinha - \ud835\udc1b\ud835\udc1a\ud835\udc33\ud835\udc1a\ud835\udc2b &amp; \ud835\udc1c\ud835\udc22\ud835\udc1a","og_description":"Matrizes de Bordado em pontos leves, com alguns detalhes em ponto cheio. Dispon\u00edvel para download imediato. Basta clicar no nome aqui em baixo:  MATRIZ DE BORDADO CEREJINHA","og_url":"https:\/\/shop.bazarcia.com\/en\/product\/matriz-de-bordado-gratis-cerejinha\/","og_site_name":"\ud835\udc1b\ud835\udc1a\ud835\udc33\ud835\udc1a\ud835\udc2b &amp; \ud835\udc1c\ud835\udc22\ud835\udc1a","article_publisher":"https:\/\/www.facebook.com\/shopbazarcia","article_modified_time":"2021-05-11T16:47:46+00:00","og_image":[{"width":800,"height":800,"url":"https:\/\/shop.bazarcia.com\/wp-content\/uploads\/2021\/05\/thumbnail_20210511_132118_0000.png","type":"image\/png"}],"twitter_card":"summary_large_image","twitter_misc":{"Est. reading time":"1 minute"},"schema":{"@context":"https:\/\/schema.org","@graph":[{"@type":"WebPage","@id":"https:\/\/shop.bazarcia.com\/produto\/matriz-de-bordado-gratis-cerejinha\/","url":"https:\/\/shop.bazarcia.com\/produto\/matriz-de-bordado-gratis-cerejinha\/","name":"Matriz de Bordado Gr\u00e1tis - Cerejinha - \ud835\udc1b\ud835\udc1a\ud835\udc33\ud835\udc1a\ud835\udc2b &amp; \ud835\udc1c\ud835\udc22\ud835\udc1a","isPartOf":{"@id":"https:\/\/shop.bazarcia.com\/#website"},"primaryImageOfPage":{"@id":"https:\/\/shop.bazarcia.com\/produto\/matriz-de-bordado-gratis-cerejinha\/#primaryimage"},"image":{"@id":"https:\/\/shop.bazarcia.com\/produto\/matriz-de-bordado-gratis-cerejinha\/#primaryimage"},"thumbnailUrl":"https:\/\/shop.bazarcia.com\/wp-content\/uploads\/2021\/05\/thumbnail_20210511_132118_0000.png","datePublished":"2021-05-11T16:45:17+00:00","dateModified":"2021-05-11T16:47:46+00:00","breadcrumb":{"@id":"https:\/\/shop.bazarcia.com\/produto\/matriz-de-bordado-gratis-cerejinha\/#breadcrumb"},"inLanguage":"en-US","potentialAction":[{"@type":"ReadAction","target":["https:\/\/shop.bazarcia.com\/produto\/matriz-de-bordado-gratis-cerejinha\/"]}]},{"@type":"ImageObject","inLanguage":"en-US","@id":"https:\/\/shop.bazarcia.com\/produto\/matriz-de-bordado-gratis-cerejinha\/#primaryimage","url":"https:\/\/shop.bazarcia.com\/wp-content\/uploads\/2021\/05\/thumbnail_20210511_132118_0000.png","contentUrl":"https:\/\/shop.bazarcia.com\/wp-content\/uploads\/2021\/05\/thumbnail_20210511_132118_0000.png","width":800,"height":800},{"@type":"BreadcrumbList","@id":"https:\/\/shop.bazarcia.com\/produto\/matriz-de-bordado-gratis-cerejinha\/#breadcrumb","itemListElement":[{"@type":"ListItem","position":1,"name":"In\u00edcio","item":"https:\/\/shop.bazarcia.com\/"},{"@type":"ListItem","position":2,"name":"Loja","item":"https:\/\/shop.bazarcia.com\/loja\/"},{"@type":"ListItem","position":3,"name":"Matriz de Bordado Gr\u00e1tis &#8211; Cerejinha"}]},{"@type":"WebSite","@id":"https:\/\/shop.bazarcia.com\/#website","url":"https:\/\/shop.bazarcia.com\/","name":"Bazar & Cia","description":"criatividade ponto a ponto","publisher":{"@id":"https:\/\/shop.bazarcia.com\/#organization"},"potentialAction":[{"@type":"SearchAction","target":{"@type":"EntryPoint","urlTemplate":"https:\/\/shop.bazarcia.com\/?s={search_term_string}"},"query-input":{"@type":"PropertyValueSpecification","valueRequired":true,"valueName":"search_term_string"}}],"inLanguage":"en-US"},{"@type":"Organization","@id":"https:\/\/shop.bazarcia.com\/#organization","name":"Bazar & Cia","url":"https:\/\/shop.bazarcia.com\/","logo":{"@type":"ImageObject","inLanguage":"en-US","@id":"https:\/\/shop.bazarcia.com\/#\/schema\/logo\/image\/","url":"https:\/\/shop.bazarcia.com\/wp-content\/uploads\/2024\/02\/cropped-logo_bazarcia.png","contentUrl":"https:\/\/shop.bazarcia.com\/wp-content\/uploads\/2024\/02\/cropped-logo_bazarcia.png","width":150,"height":150,"caption":"Bazar & Cia"},"image":{"@id":"https:\/\/shop.bazarcia.com\/#\/schema\/logo\/image\/"},"sameAs":["https:\/\/www.facebook.com\/shopbazarcia","https:\/\/www.instagram.com\/shopbazarcia","https:\/\/br.pinterest.com\/suzane_eloise\/","https:\/\/www.youtube.com\/c\/BazardoBordadoMatrizeseProjetos"]}]}},"_links":{"self":[{"href":"https:\/\/shop.bazarcia.com\/en\/wp-json\/wp\/v2\/product\/97187","targetHints":{"allow":["GET"]}}],"collection":[{"href":"https:\/\/shop.bazarcia.com\/en\/wp-json\/wp\/v2\/product"}],"about":[{"href":"https:\/\/shop.bazarcia.com\/en\/wp-json\/wp\/v2\/types\/product"}],"replies":[{"embeddable":true,"href":"https:\/\/shop.bazarcia.com\/en\/wp-json\/wp\/v2\/comments?post=97187"}],"version-history":[{"count":0,"href":"https:\/\/shop.bazarcia.com\/en\/wp-json\/wp\/v2\/product\/97187\/revisions"}],"wp:featuredmedia":[{"embeddable":true,"href":"https:\/\/shop.bazarcia.com\/en\/wp-json\/wp\/v2\/media\/97183"}],"wp:attachment":[{"href":"https:\/\/shop.bazarcia.com\/en\/wp-json\/wp\/v2\/media?parent=97187"}],"wp:term":[{"taxonomy":"product_brand","embeddable":true,"href":"https:\/\/shop.bazarcia.com\/en\/wp-json\/wp\/v2\/product_brand?post=97187"},{"taxonomy":"product_cat","embeddable":true,"href":"https:\/\/shop.bazarcia.com\/en\/wp-json\/wp\/v2\/product_cat?post=97187"},{"taxonomy":"product_tag","embeddable":true,"href":"https:\/\/shop.bazarcia.com\/en\/wp-json\/wp\/v2\/product_tag?post=97187"}],"curies":[{"name":"wp","href":"https:\/\/api.w.org\/{rel}","templated":true}]}}