{"id":98257,"date":"2021-05-18T17:45:00","date_gmt":"2021-05-18T20:45:00","guid":{"rendered":"https:\/\/shop.bazarcia.com\/?post_type=product&#038;p=98257"},"modified":"2025-10-28T13:21:59","modified_gmt":"2025-10-28T16:21:59","slug":"bastidor-de-bone-suporte-agb-pra-bordar-bones-brother-pe-400-e-outras-leia-a-descricao","status":"publish","type":"product","link":"https:\/\/shop.bazarcia.com\/en\/product\/bastidor-de-bone-suporte-agb-pra-bordar-bones-brother-pe-400-e-outras-leia-a-descricao\/","title":{"rendered":"Bastidor de Bon\u00e9 \/ Suporte AGB pra Bordar Bon\u00e9s | Brother Pe430\/450\/460\/560 e outras. Leia a Descri\u00e7\u00e3o! FRETE GRATIS PRA TODO BRASIL!"},"content":{"rendered":"<p><span style=\"font-family: Roboto, 'Helvetica Neue', Helvetica, Arial, \u6587\u6cc9\u9a5b\u6b63\u9ed1, 'WenQuanYi Zen Hei', 'Hiragino Sans GB', '\u5137\u9ed1 Pro', 'LiHei Pro', 'Heiti TC', \u5fae\u8edf\u6b63\u9ed1\u9ad4, 'Microsoft JhengHei UI', 'Microsoft JhengHei', sans-serif;font-size: 14px\">Com o Suporte AGB agora \u00e9 poss\u00edvel Bordar Bon\u00e9s com a sua Bordadeira Brother, Janome, Elna, Singer, Deco Bernina Bernette.<\/span><\/p>\n<p><span style=\"text-decoration: underline\"><strong><span style=\"font-family: Roboto, 'Helvetica Neue', Helvetica, Arial, \u6587\u6cc9\u9a5b\u6b63\u9ed1, 'WenQuanYi Zen Hei', 'Hiragino Sans GB', '\u5137\u9ed1 Pro', 'LiHei Pro', 'Heiti TC', \u5fae\u8edf\u6b63\u9ed1\u9ad4, 'Microsoft JhengHei UI', 'Microsoft JhengHei', sans-serif;font-size: 14px\">SUPORTE B450 (BASTIDOR 10&#215;10) | M\u00e1quinas Compat\u00edveis:<\/span><\/strong><\/span><\/p>\n<p><strong><span style=\"font-family: Roboto, 'Helvetica Neue', Helvetica, Arial, \u6587\u6cc9\u9a5b\u6b63\u9ed1, 'WenQuanYi Zen Hei', 'Hiragino Sans GB', '\u5137\u9ed1 Pro', 'LiHei Pro', 'Heiti TC', \u5fae\u8edf\u6b63\u9ed1\u9ad4, 'Microsoft JhengHei UI', 'Microsoft JhengHei', sans-serif;font-size: 14px\">Brother PE-560 \/ PE-460 \/ PE-450 \/ PE-430 \/ NV-950D \/ NV-900D \/ PE-270 D \/ PE-300 S \/ PE-400 D \/ SE-270 D \/ Innov-\u00eds 500 D \/ HE-120 \/ SE-350 \/ HE-240 \/ LB-6770 e PRW<\/span><\/strong><\/p>\n<p>&nbsp;<\/p>\n<p><span style=\"font-family: Roboto, 'Helvetica Neue', Helvetica, Arial, \u6587\u6cc9\u9a5b\u6b63\u9ed1, 'WenQuanYi Zen Hei', 'Hiragino Sans GB', '\u5137\u9ed1 Pro', 'LiHei Pro', 'Heiti TC', \u5fae\u8edf\u6b63\u9ed1\u9ad4, 'Microsoft JhengHei UI', 'Microsoft JhengHei', sans-serif;font-size: 14px\">Comece \u00e1 Bordar Bon\u00e9s e Aumente a Sua Renda! Com Este Suporte, Este Desejo Agora J\u00e1 \u00e9 Realidade. Normalmente o bordado em bon\u00e9s s\u00f3 \u00e9 realizado em m\u00e1quinas de porte industrial, mas com o Suporte AGB voc\u00ea conseguira bordar em sua m\u00e1quina dom\u00e9stica \/ profissional.<\/span><\/p>\n<p>&nbsp;<\/p>\n<p><strong>Parcele no Cart\u00e3o de Cr\u00e9dito!<\/strong><\/p>\n<p><strong><span style=\"font-family: Roboto, 'Helvetica Neue', Helvetica, Arial, \u6587\u6cc9\u9a5b\u6b63\u9ed1, 'WenQuanYi Zen Hei', 'Hiragino Sans GB', '\u5137\u9ed1 Pro', 'LiHei Pro', 'Heiti TC', \u5fae\u8edf\u6b63\u9ed1\u9ad4, 'Microsoft JhengHei UI', 'Microsoft JhengHei', sans-serif;font-size: 14px\">A<\/span><span style=\"font-family: Roboto, 'Helvetica Neue', Helvetica, Arial, \u6587\u6cc9\u9a5b\u6b63\u9ed1, 'WenQuanYi Zen Hei', 'Hiragino Sans GB', '\u5137\u9ed1 Pro', 'LiHei Pro', 'Heiti TC', \u5fae\u8edf\u6b63\u9ed1\u9ad4, 'Microsoft JhengHei UI', 'Microsoft JhengHei', sans-serif;font-size: 14px\">qui Sua Compra \u00e9 100% Segura e Garantida!<\/span><\/strong><\/p>\n<p><strong><span style=\"font-family: Roboto, 'Helvetica Neue', Helvetica, Arial, \u6587\u6cc9\u9a5b\u6b63\u9ed1, 'WenQuanYi Zen Hei', 'Hiragino Sans GB', '\u5137\u9ed1 Pro', 'LiHei Pro', 'Heiti TC', \u5fae\u8edf\u6b63\u9ed1\u9ad4, 'Microsoft JhengHei UI', 'Microsoft JhengHei', sans-serif;font-size: 14px\">ADQUIRA J\u00c1!<\/span><\/strong><\/p>","protected":false},"excerpt":{"rendered":"<p>Suporte AGB pra\u00a0<span style=\"font-family: Roboto, 'Helvetica Neue', Helvetica, Arial, \u6587\u6cc9\u9a5b\u6b63\u9ed1, 'WenQuanYi Zen Hei', 'Hiragino Sans GB', '\u5137\u9ed1 Pro', 'LiHei Pro', 'Heiti TC', \u5fae\u8edf\u6b63\u9ed1\u9ad4, 'Microsoft JhengHei UI', 'Microsoft JhengHei', sans-serif;font-size: 20px\">Brother Pe430\/450\/460\/560 e outras. FRETE GRATIS PRA TODO BRASIL!<\/span><\/p>\n<p>V\u00eddeo passo \u00e1 passo:<\/p>\n<p>https:\/\/www.youtube.com\/watch?v=M3Fwki1GJOA&amp;t=205s<\/p>\n<p>Leia descri\u00e7\u00e3o abaixo.<\/p>","protected":false},"featured_media":277536,"comment_status":"open","ping_status":"closed","template":"","meta":{"_acf_changed":false,"_joinchat":[]},"product_brand":[],"product_cat":[1844,1842],"product_tag":[1170,1433,1280,1091,1090,1348],"class_list":{"0":"post-98257","1":"product","2":"type-product","3":"status-publish","4":"has-post-thumbnail","6":"product_cat-bastidores-para-bones-brother","7":"product_cat-bastidores-para-bones","8":"product_tag-bordado","9":"product_tag-bordado-eletronico","10":"product_tag-bordar","11":"product_tag-brother","12":"product_tag-maquina-de-bordar","13":"product_tag-maquina-domestica","15":"first","16":"instock","17":"sale","18":"virtual","19":"purchasable","20":"product-type-simple"},"acf":[],"yoast_head":"<!-- This site is optimized with the Yoast SEO plugin v27.2 - https:\/\/yoast.com\/product\/yoast-seo-wordpress\/ -->\n<title>Bastidor de Bon\u00e9 \/ Suporte AGB pra Bordar Bon\u00e9s | Brother Pe430\/450\/460\/560 e outras. Leia a Descri\u00e7\u00e3o! FRETE GRATIS PRA TODO BRASIL! - \ud835\udc1b\ud835\udc1a\ud835\udc33\ud835\udc1a\ud835\udc2b &amp; \ud835\udc1c\ud835\udc22\ud835\udc1a<\/title>\n<meta name=\"robots\" content=\"index, follow, max-snippet:-1, max-image-preview:large, max-video-preview:-1\" \/>\n<link rel=\"canonical\" href=\"https:\/\/shop.bazarcia.com\/en\/product\/bastidor-de-bone-suporte-agb-pra-bordar-bones-brother-pe-400-e-outras-leia-a-descricao\/\" \/>\n<meta property=\"og:locale\" content=\"en_US\" \/>\n<meta property=\"og:type\" content=\"article\" \/>\n<meta property=\"og:title\" content=\"Bastidor de Bon\u00e9 \/ Suporte AGB pra Bordar Bon\u00e9s | Brother Pe430\/450\/460\/560 e outras. Leia a Descri\u00e7\u00e3o! FRETE GRATIS PRA TODO BRASIL! - \ud835\udc1b\ud835\udc1a\ud835\udc33\ud835\udc1a\ud835\udc2b &amp; \ud835\udc1c\ud835\udc22\ud835\udc1a\" \/>\n<meta property=\"og:description\" content=\"Suporte AGB pra\u00a0Brother Pe430\/450\/460\/560 e outras. FRETE GRATIS PRA TODO BRASIL!  V\u00eddeo passo \u00e1 passo:  https:\/\/www.youtube.com\/watch?v=M3Fwki1GJOA&amp;t=205s  Leia descri\u00e7\u00e3o abaixo.\" \/>\n<meta property=\"og:url\" content=\"https:\/\/shop.bazarcia.com\/en\/product\/bastidor-de-bone-suporte-agb-pra-bordar-bones-brother-pe-400-e-outras-leia-a-descricao\/\" \/>\n<meta property=\"og:site_name\" content=\"\ud835\udc1b\ud835\udc1a\ud835\udc33\ud835\udc1a\ud835\udc2b &amp; \ud835\udc1c\ud835\udc22\ud835\udc1a\" \/>\n<meta property=\"article:publisher\" content=\"https:\/\/www.facebook.com\/shopbazarcia\" \/>\n<meta property=\"article:modified_time\" content=\"2025-10-28T16:21:59+00:00\" \/>\n<meta property=\"og:image\" content=\"https:\/\/shop.bazarcia.com\/wp-content\/uploads\/2021\/05\/bastidor-10x10-1.png\" \/>\n\t<meta property=\"og:image:width\" content=\"1080\" \/>\n\t<meta property=\"og:image:height\" content=\"1080\" \/>\n\t<meta property=\"og:image:type\" content=\"image\/png\" \/>\n<meta name=\"twitter:card\" content=\"summary_large_image\" \/>\n<meta name=\"twitter:label1\" content=\"Est. reading time\" \/>\n\t<meta name=\"twitter:data1\" content=\"1 minute\" \/>\n<script type=\"application\/ld+json\" class=\"yoast-schema-graph\">{\"@context\":\"https:\/\/schema.org\",\"@graph\":[{\"@type\":\"WebPage\",\"@id\":\"https:\/\/shop.bazarcia.com\/produto\/bastidor-de-bone-suporte-agb-pra-bordar-bones-brother-pe-400-e-outras-leia-a-descricao\/\",\"url\":\"https:\/\/shop.bazarcia.com\/produto\/bastidor-de-bone-suporte-agb-pra-bordar-bones-brother-pe-400-e-outras-leia-a-descricao\/\",\"name\":\"Bastidor de Bon\u00e9 \/ Suporte AGB pra Bordar Bon\u00e9s | Brother Pe430\/450\/460\/560 e outras. Leia a Descri\u00e7\u00e3o! FRETE GRATIS PRA TODO BRASIL! - \ud835\udc1b\ud835\udc1a\ud835\udc33\ud835\udc1a\ud835\udc2b &amp; \ud835\udc1c\ud835\udc22\ud835\udc1a\",\"isPartOf\":{\"@id\":\"https:\/\/shop.bazarcia.com\/#website\"},\"primaryImageOfPage\":{\"@id\":\"https:\/\/shop.bazarcia.com\/produto\/bastidor-de-bone-suporte-agb-pra-bordar-bones-brother-pe-400-e-outras-leia-a-descricao\/#primaryimage\"},\"image\":{\"@id\":\"https:\/\/shop.bazarcia.com\/produto\/bastidor-de-bone-suporte-agb-pra-bordar-bones-brother-pe-400-e-outras-leia-a-descricao\/#primaryimage\"},\"thumbnailUrl\":\"https:\/\/shop.bazarcia.com\/wp-content\/uploads\/2021\/05\/bastidor-10x10-1.png\",\"datePublished\":\"2021-05-18T20:45:00+00:00\",\"dateModified\":\"2025-10-28T16:21:59+00:00\",\"breadcrumb\":{\"@id\":\"https:\/\/shop.bazarcia.com\/produto\/bastidor-de-bone-suporte-agb-pra-bordar-bones-brother-pe-400-e-outras-leia-a-descricao\/#breadcrumb\"},\"inLanguage\":\"en-US\",\"potentialAction\":[{\"@type\":\"ReadAction\",\"target\":[\"https:\/\/shop.bazarcia.com\/produto\/bastidor-de-bone-suporte-agb-pra-bordar-bones-brother-pe-400-e-outras-leia-a-descricao\/\"]}]},{\"@type\":\"ImageObject\",\"inLanguage\":\"en-US\",\"@id\":\"https:\/\/shop.bazarcia.com\/produto\/bastidor-de-bone-suporte-agb-pra-bordar-bones-brother-pe-400-e-outras-leia-a-descricao\/#primaryimage\",\"url\":\"https:\/\/shop.bazarcia.com\/wp-content\/uploads\/2021\/05\/bastidor-10x10-1.png\",\"contentUrl\":\"https:\/\/shop.bazarcia.com\/wp-content\/uploads\/2021\/05\/bastidor-10x10-1.png\",\"width\":1080,\"height\":1080},{\"@type\":\"BreadcrumbList\",\"@id\":\"https:\/\/shop.bazarcia.com\/produto\/bastidor-de-bone-suporte-agb-pra-bordar-bones-brother-pe-400-e-outras-leia-a-descricao\/#breadcrumb\",\"itemListElement\":[{\"@type\":\"ListItem\",\"position\":1,\"name\":\"In\u00edcio\",\"item\":\"https:\/\/shop.bazarcia.com\/\"},{\"@type\":\"ListItem\",\"position\":2,\"name\":\"Loja\",\"item\":\"https:\/\/shop.bazarcia.com\/loja\/\"},{\"@type\":\"ListItem\",\"position\":3,\"name\":\"Bastidor de Bon\u00e9 \/ Suporte AGB pra Bordar Bon\u00e9s | Brother Pe430\/450\/460\/560 e outras. Leia a Descri\u00e7\u00e3o! FRETE GRATIS PRA TODO BRASIL!\"}]},{\"@type\":\"WebSite\",\"@id\":\"https:\/\/shop.bazarcia.com\/#website\",\"url\":\"https:\/\/shop.bazarcia.com\/\",\"name\":\"Bazar & Cia\",\"description\":\"criatividade ponto a ponto\",\"publisher\":{\"@id\":\"https:\/\/shop.bazarcia.com\/#organization\"},\"potentialAction\":[{\"@type\":\"SearchAction\",\"target\":{\"@type\":\"EntryPoint\",\"urlTemplate\":\"https:\/\/shop.bazarcia.com\/?s={search_term_string}\"},\"query-input\":{\"@type\":\"PropertyValueSpecification\",\"valueRequired\":true,\"valueName\":\"search_term_string\"}}],\"inLanguage\":\"en-US\"},{\"@type\":\"Organization\",\"@id\":\"https:\/\/shop.bazarcia.com\/#organization\",\"name\":\"Bazar & Cia\",\"url\":\"https:\/\/shop.bazarcia.com\/\",\"logo\":{\"@type\":\"ImageObject\",\"inLanguage\":\"en-US\",\"@id\":\"https:\/\/shop.bazarcia.com\/#\/schema\/logo\/image\/\",\"url\":\"https:\/\/shop.bazarcia.com\/wp-content\/uploads\/2024\/02\/cropped-logo_bazarcia.png\",\"contentUrl\":\"https:\/\/shop.bazarcia.com\/wp-content\/uploads\/2024\/02\/cropped-logo_bazarcia.png\",\"width\":150,\"height\":150,\"caption\":\"Bazar & Cia\"},\"image\":{\"@id\":\"https:\/\/shop.bazarcia.com\/#\/schema\/logo\/image\/\"},\"sameAs\":[\"https:\/\/www.facebook.com\/shopbazarcia\",\"https:\/\/www.instagram.com\/shopbazarcia\",\"https:\/\/br.pinterest.com\/suzane_eloise\/\",\"https:\/\/www.youtube.com\/c\/BazardoBordadoMatrizeseProjetos\"]}]}<\/script>\n<!-- \/ Yoast SEO plugin. -->","yoast_head_json":{"title":"Bastidor de Bon\u00e9 \/ Suporte AGB pra Bordar Bon\u00e9s | Brother Pe430\/450\/460\/560 e outras. Leia a Descri\u00e7\u00e3o! FRETE GRATIS PRA TODO BRASIL! - \ud835\udc1b\ud835\udc1a\ud835\udc33\ud835\udc1a\ud835\udc2b &amp; \ud835\udc1c\ud835\udc22\ud835\udc1a","robots":{"index":"index","follow":"follow","max-snippet":"max-snippet:-1","max-image-preview":"max-image-preview:large","max-video-preview":"max-video-preview:-1"},"canonical":"https:\/\/shop.bazarcia.com\/en\/product\/bastidor-de-bone-suporte-agb-pra-bordar-bones-brother-pe-400-e-outras-leia-a-descricao\/","og_locale":"en_US","og_type":"article","og_title":"Bastidor de Bon\u00e9 \/ Suporte AGB pra Bordar Bon\u00e9s | Brother Pe430\/450\/460\/560 e outras. Leia a Descri\u00e7\u00e3o! FRETE GRATIS PRA TODO BRASIL! - \ud835\udc1b\ud835\udc1a\ud835\udc33\ud835\udc1a\ud835\udc2b &amp; \ud835\udc1c\ud835\udc22\ud835\udc1a","og_description":"Suporte AGB pra\u00a0Brother Pe430\/450\/460\/560 e outras. FRETE GRATIS PRA TODO BRASIL!  V\u00eddeo passo \u00e1 passo:  https:\/\/www.youtube.com\/watch?v=M3Fwki1GJOA&amp;t=205s  Leia descri\u00e7\u00e3o abaixo.","og_url":"https:\/\/shop.bazarcia.com\/en\/product\/bastidor-de-bone-suporte-agb-pra-bordar-bones-brother-pe-400-e-outras-leia-a-descricao\/","og_site_name":"\ud835\udc1b\ud835\udc1a\ud835\udc33\ud835\udc1a\ud835\udc2b &amp; \ud835\udc1c\ud835\udc22\ud835\udc1a","article_publisher":"https:\/\/www.facebook.com\/shopbazarcia","article_modified_time":"2025-10-28T16:21:59+00:00","og_image":[{"width":1080,"height":1080,"url":"https:\/\/shop.bazarcia.com\/wp-content\/uploads\/2021\/05\/bastidor-10x10-1.png","type":"image\/png"}],"twitter_card":"summary_large_image","twitter_misc":{"Est. reading time":"1 minute"},"schema":{"@context":"https:\/\/schema.org","@graph":[{"@type":"WebPage","@id":"https:\/\/shop.bazarcia.com\/produto\/bastidor-de-bone-suporte-agb-pra-bordar-bones-brother-pe-400-e-outras-leia-a-descricao\/","url":"https:\/\/shop.bazarcia.com\/produto\/bastidor-de-bone-suporte-agb-pra-bordar-bones-brother-pe-400-e-outras-leia-a-descricao\/","name":"Bastidor de Bon\u00e9 \/ Suporte AGB pra Bordar Bon\u00e9s | Brother Pe430\/450\/460\/560 e outras. Leia a Descri\u00e7\u00e3o! FRETE GRATIS PRA TODO BRASIL! - \ud835\udc1b\ud835\udc1a\ud835\udc33\ud835\udc1a\ud835\udc2b &amp; \ud835\udc1c\ud835\udc22\ud835\udc1a","isPartOf":{"@id":"https:\/\/shop.bazarcia.com\/#website"},"primaryImageOfPage":{"@id":"https:\/\/shop.bazarcia.com\/produto\/bastidor-de-bone-suporte-agb-pra-bordar-bones-brother-pe-400-e-outras-leia-a-descricao\/#primaryimage"},"image":{"@id":"https:\/\/shop.bazarcia.com\/produto\/bastidor-de-bone-suporte-agb-pra-bordar-bones-brother-pe-400-e-outras-leia-a-descricao\/#primaryimage"},"thumbnailUrl":"https:\/\/shop.bazarcia.com\/wp-content\/uploads\/2021\/05\/bastidor-10x10-1.png","datePublished":"2021-05-18T20:45:00+00:00","dateModified":"2025-10-28T16:21:59+00:00","breadcrumb":{"@id":"https:\/\/shop.bazarcia.com\/produto\/bastidor-de-bone-suporte-agb-pra-bordar-bones-brother-pe-400-e-outras-leia-a-descricao\/#breadcrumb"},"inLanguage":"en-US","potentialAction":[{"@type":"ReadAction","target":["https:\/\/shop.bazarcia.com\/produto\/bastidor-de-bone-suporte-agb-pra-bordar-bones-brother-pe-400-e-outras-leia-a-descricao\/"]}]},{"@type":"ImageObject","inLanguage":"en-US","@id":"https:\/\/shop.bazarcia.com\/produto\/bastidor-de-bone-suporte-agb-pra-bordar-bones-brother-pe-400-e-outras-leia-a-descricao\/#primaryimage","url":"https:\/\/shop.bazarcia.com\/wp-content\/uploads\/2021\/05\/bastidor-10x10-1.png","contentUrl":"https:\/\/shop.bazarcia.com\/wp-content\/uploads\/2021\/05\/bastidor-10x10-1.png","width":1080,"height":1080},{"@type":"BreadcrumbList","@id":"https:\/\/shop.bazarcia.com\/produto\/bastidor-de-bone-suporte-agb-pra-bordar-bones-brother-pe-400-e-outras-leia-a-descricao\/#breadcrumb","itemListElement":[{"@type":"ListItem","position":1,"name":"In\u00edcio","item":"https:\/\/shop.bazarcia.com\/"},{"@type":"ListItem","position":2,"name":"Loja","item":"https:\/\/shop.bazarcia.com\/loja\/"},{"@type":"ListItem","position":3,"name":"Bastidor de Bon\u00e9 \/ Suporte AGB pra Bordar Bon\u00e9s | Brother Pe430\/450\/460\/560 e outras. Leia a Descri\u00e7\u00e3o! FRETE GRATIS PRA TODO BRASIL!"}]},{"@type":"WebSite","@id":"https:\/\/shop.bazarcia.com\/#website","url":"https:\/\/shop.bazarcia.com\/","name":"Bazar & Cia","description":"criatividade ponto a ponto","publisher":{"@id":"https:\/\/shop.bazarcia.com\/#organization"},"potentialAction":[{"@type":"SearchAction","target":{"@type":"EntryPoint","urlTemplate":"https:\/\/shop.bazarcia.com\/?s={search_term_string}"},"query-input":{"@type":"PropertyValueSpecification","valueRequired":true,"valueName":"search_term_string"}}],"inLanguage":"en-US"},{"@type":"Organization","@id":"https:\/\/shop.bazarcia.com\/#organization","name":"Bazar & Cia","url":"https:\/\/shop.bazarcia.com\/","logo":{"@type":"ImageObject","inLanguage":"en-US","@id":"https:\/\/shop.bazarcia.com\/#\/schema\/logo\/image\/","url":"https:\/\/shop.bazarcia.com\/wp-content\/uploads\/2024\/02\/cropped-logo_bazarcia.png","contentUrl":"https:\/\/shop.bazarcia.com\/wp-content\/uploads\/2024\/02\/cropped-logo_bazarcia.png","width":150,"height":150,"caption":"Bazar & Cia"},"image":{"@id":"https:\/\/shop.bazarcia.com\/#\/schema\/logo\/image\/"},"sameAs":["https:\/\/www.facebook.com\/shopbazarcia","https:\/\/www.instagram.com\/shopbazarcia","https:\/\/br.pinterest.com\/suzane_eloise\/","https:\/\/www.youtube.com\/c\/BazardoBordadoMatrizeseProjetos"]}]}},"_links":{"self":[{"href":"https:\/\/shop.bazarcia.com\/en\/wp-json\/wp\/v2\/product\/98257","targetHints":{"allow":["GET"]}}],"collection":[{"href":"https:\/\/shop.bazarcia.com\/en\/wp-json\/wp\/v2\/product"}],"about":[{"href":"https:\/\/shop.bazarcia.com\/en\/wp-json\/wp\/v2\/types\/product"}],"replies":[{"embeddable":true,"href":"https:\/\/shop.bazarcia.com\/en\/wp-json\/wp\/v2\/comments?post=98257"}],"version-history":[{"count":5,"href":"https:\/\/shop.bazarcia.com\/en\/wp-json\/wp\/v2\/product\/98257\/revisions"}],"predecessor-version":[{"id":337346,"href":"https:\/\/shop.bazarcia.com\/en\/wp-json\/wp\/v2\/product\/98257\/revisions\/337346"}],"wp:featuredmedia":[{"embeddable":true,"href":"https:\/\/shop.bazarcia.com\/en\/wp-json\/wp\/v2\/media\/277536"}],"wp:attachment":[{"href":"https:\/\/shop.bazarcia.com\/en\/wp-json\/wp\/v2\/media?parent=98257"}],"wp:term":[{"taxonomy":"product_brand","embeddable":true,"href":"https:\/\/shop.bazarcia.com\/en\/wp-json\/wp\/v2\/product_brand?post=98257"},{"taxonomy":"product_cat","embeddable":true,"href":"https:\/\/shop.bazarcia.com\/en\/wp-json\/wp\/v2\/product_cat?post=98257"},{"taxonomy":"product_tag","embeddable":true,"href":"https:\/\/shop.bazarcia.com\/en\/wp-json\/wp\/v2\/product_tag?post=98257"}],"curies":[{"name":"wp","href":"https:\/\/api.w.org\/{rel}","templated":true}]}}