{"id":98717,"date":"2021-05-21T00:18:27","date_gmt":"2021-05-21T03:18:27","guid":{"rendered":"https:\/\/shop.bazarcia.com\/produto\/projetos-na-bordadeira-macaquinhos-minis-ith\/"},"modified":"2021-06-10T00:00:01","modified_gmt":"2021-06-10T03:00:01","slug":"projetos-na-bordadeira-macaquinhos-minis-ith","status":"publish","type":"product","link":"https:\/\/shop.bazarcia.com\/en\/product\/projetos-na-bordadeira-macaquinhos-minis-ith\/","title":{"rendered":"Projetos na Bordadeira &#8211; Macaquinhos Minis ITH"},"content":{"rendered":"<p style=\"margin-top: 0px;margin-bottom: 1rem;color: #6c737b;font-family: roboto, sans-serif\"><span style=\"font-weight: bolder\"><span style=\"font-weight: bolder\"><i style=\"vertical-align: middle\">Projetos na Bordadeira Macaquinhos Minis ITH<\/i><br \/>\n<\/span><\/span><\/p>\n<p style=\"margin-top: 0px;margin-bottom: 1rem;color: #6c737b;font-family: roboto, sans-serif\"><span style=\"font-weight: bolder\"><span style=\"font-weight: bolder\"><span style=\"font-weight: bolder\"><span style=\"font-weight: bolder\"><span style=\"font-weight: bolder\"><em><span style=\"font-weight: bolder\">Descri\u00e7\u00e3o das Matrizes:<\/span><\/em><\/span><\/span><span style=\"font-weight: bolder\"><br \/>\n<\/span><\/span><\/span><\/span><\/p>\n<p><span style=\"color: #212529;font-family: roboto, sans-serif\">Matrizes para bastidores 10&#215;10.<\/span><br style=\"color: #212529;font-family: roboto, sans-serif\" \/><span style=\"color: #212529;font-family: roboto, sans-serif\">Acompanha as matrizes do casal de Macaquinhos para confec\u00e7\u00e3o de mini naninhas, bichinhos e chocalhos. Al\u00e9m destes iremos ensinar a utilizar estas mesmas matrizes para confec\u00e7\u00e3o de outras pe\u00e7as.<\/span><br style=\"color: #212529;font-family: roboto, sans-serif\" \/><span style=\"color: #212529;font-family: roboto, sans-serif\">Os tutoriais est\u00e3o dispon\u00edveis em nosso canal do <\/span><span style=\"font-weight: bolder;color: #212529;font-family: roboto, sans-serif\"><span style=\"font-weight: bolder\"><span style=\"font-weight: bolder\"><u><a style=\"color: #95663c;background-color: transparent\" href=\"https:\/\/www.youtube.com\/channel\/UCUrDv-pgX8XPiatggyUIeQA\" target=\"_blank\" rel=\"nofollow noopener\">YouTube<\/a><\/u><\/span><\/span><\/span><span style=\"color: #212529;font-family: roboto, sans-serif\">.<\/span><\/p>\n<p style=\"margin-top: 0px;margin-bottom: 1rem;color: #6c737b;font-family: roboto, sans-serif\">Este \u00e9 um produto DIGITAL e os arquivos estar\u00e3o dispon\u00edveis para download aqui mesmo na sua conta ap\u00f3s confirma\u00e7\u00e3o do pagamento.<\/p>\n<p style=\"margin-top: 0px;margin-bottom: 1rem;color: #6c737b;font-family: roboto, sans-serif\">Os arquivos est\u00e3o em pasta compactada (ZIP), sendo necess\u00e1rio descompact\u00e1-la.<\/p>\n<p style=\"margin-top: 0px;margin-bottom: 1rem;color: #6c737b;font-family: roboto, sans-serif\">Os mesmos s\u00e3o compat\u00edveis com v\u00e1rios tipos e modelos de m\u00e1quinas, com os seguintes formatos:<br \/>\nDST &#8211; EXP &#8211; HUS &#8211; JEF &#8211; PES &#8211; XXX<\/p>\n<p>&nbsp;<\/p>\n<p style=\"margin-top: 0px;margin-bottom: 1rem;color: #6c737b;font-family: roboto, sans-serif\">Adquirindo nossas matrizes e projetos voc\u00ea se declara de acordo com nossos\u00a0<span style=\"font-weight: bolder\"><a style=\"color: #95663c;background-color: transparent\" href=\"https:\/\/shop.bazarcia.com\/en\/store\/atelie-mamae-coruja\/toc\/\" target=\"_blank\" rel=\"nofollow noopener\">TERMOS E CONDI\u00c7\u00d5ES<\/a><\/span>\u00a0.<\/p>\n<p>Designer: Carol (Est\u00fadio 812) &#8211; Adapta\u00e7\u00e3o: Val\u00e9ria Ribeiro (Ateli\u00ea Mam\u00e3e Coruja).<\/p>","protected":false},"excerpt":{"rendered":"<p>Projetos na Bordadeira Macaquinhos Minis ITH<br \/>\nEste \u00e9 um produto digital<\/p>\n<p>\u00c9 1, \u00e9 2, \u00e9 3 e j\u00e1 esta aberta a temporada de minis fofuras safari!<\/p>\n<p>Um casalzinho de Macaquinhos super fofos para confec\u00e7\u00e3o de naninhas, bichinhos e chocalhos para bastidores de 10&#215;10 cm, al\u00e9m de diversas outras possibilidades. O safari \u00e9 um tema lindo e um dos queridinhos das mam\u00e3es, o que garante retorno certo!<br \/>\nTodas as matrizes foram reprogramadas para tamanhos menores, tomando todo cuidado em rela\u00e7\u00e3o aos pontos para garantir um acabamento perfeito. Idealizadas com todo carinho do mundo como sempre para te ajudar a alavancar o seu neg\u00f3cio criativo.<\/p>\n<p>Os tutoriais est\u00e3o dispon\u00edveis em nosso canal do <a href=\"https:\/\/www.youtube.com\/watch?v=-3ZzVzbeUm0&amp;list=PLWv9YUnuM7PiG3qLpfa5rBJEzQBe7QgHW\"><strong>YouTube<\/strong><\/a>, al\u00e9m de v\u00eddeos extras com novas ideais para fazer um enxoval ainda mais completo com essas mesmas matrizes . Aproveita para j\u00e1 se inscrever e ativar o sininho para ser notificado sempre que tivermos novidades!<\/p>\n<p>Lembrando que por esta p\u00e1gina voc\u00ea adquire apenas o casal de Macaquinhos, clique <a href=\"https:\/\/shop.bazarcia.com\/en\/product\/projetos-na-bordadeira-minis-amiguinhos-safari-ith\/\"><strong>AQUI<\/strong><\/a> para conhecer a Cole\u00e7\u00e3o M\u00ednis Amiguinhos Safari completa.<\/p>\n<p>Confira abaixo todos os detalhes deste projeto, lembrando que qualquer d\u00favida estamos a disposi\u00e7\u00e3o!<\/p>","protected":false},"featured_media":98703,"comment_status":"open","ping_status":"closed","template":"","meta":{"_acf_changed":false,"_joinchat":[]},"product_brand":[],"product_cat":[170,1730,238,213,1548],"product_tag":[],"class_list":{"0":"post-98717","1":"product","2":"type-product","3":"status-publish","4":"has-post-thumbnail","6":"product_cat-projeto-bonecas-na-bordadeira","7":"product_cat-chocalho-na-bordadeira","8":"product_cat-macaquinhos","9":"product_cat-projeto-naninhas-na-bordadeira","10":"product_cat-naninhas-na-bordadeira-modelo-enchimento-ith","12":"first","13":"instock","14":"downloadable","15":"virtual","16":"sold-individually","17":"purchasable","18":"product-type-simple"},"acf":[],"yoast_head":"<!-- This site is optimized with the Yoast SEO plugin v27.2 - https:\/\/yoast.com\/product\/yoast-seo-wordpress\/ -->\n<title>Projetos na Bordadeira - Macaquinhos Minis ITH - \ud835\udc1b\ud835\udc1a\ud835\udc33\ud835\udc1a\ud835\udc2b &amp; \ud835\udc1c\ud835\udc22\ud835\udc1a<\/title>\n<meta name=\"robots\" content=\"index, follow, max-snippet:-1, max-image-preview:large, max-video-preview:-1\" \/>\n<link rel=\"canonical\" href=\"https:\/\/shop.bazarcia.com\/en\/product\/projetos-na-bordadeira-macaquinhos-minis-ith\/\" \/>\n<meta property=\"og:locale\" content=\"en_US\" \/>\n<meta property=\"og:type\" content=\"article\" \/>\n<meta property=\"og:title\" content=\"Projetos na Bordadeira - Macaquinhos Minis ITH - \ud835\udc1b\ud835\udc1a\ud835\udc33\ud835\udc1a\ud835\udc2b &amp; \ud835\udc1c\ud835\udc22\ud835\udc1a\" \/>\n<meta property=\"og:description\" content=\"Projetos na Bordadeira Macaquinhos Minis ITH Este \u00e9 um produto digital  \u00c9 1, \u00e9 2, \u00e9 3 e j\u00e1 esta aberta a temporada de minis fofuras safari!  Um casalzinho de Macaquinhos super fofos para confec\u00e7\u00e3o de naninhas, bichinhos e chocalhos para bastidores de 10x10 cm, al\u00e9m de diversas outras possibilidades. O safari \u00e9 um tema lindo e um dos queridinhos das mam\u00e3es, o que garante retorno certo! Todas as matrizes foram reprogramadas para tamanhos menores, tomando todo cuidado em rela\u00e7\u00e3o aos pontos para garantir um acabamento perfeito. Idealizadas com todo carinho do mundo como sempre para te ajudar a alavancar o seu neg\u00f3cio criativo.  Os tutoriais est\u00e3o dispon\u00edveis em nosso canal do YouTube, al\u00e9m de v\u00eddeos extras com novas ideais para fazer um enxoval ainda mais completo com essas mesmas matrizes . Aproveita para j\u00e1 se inscrever e ativar o sininho para ser notificado sempre que tivermos novidades!  Lembrando que por esta p\u00e1gina voc\u00ea adquire apenas o casal de Macaquinhos, clique AQUI para conhecer a Cole\u00e7\u00e3o M\u00ednis Amiguinhos Safari completa.  Confira abaixo todos os detalhes deste projeto, lembrando que qualquer d\u00favida estamos a disposi\u00e7\u00e3o!\" \/>\n<meta property=\"og:url\" content=\"https:\/\/shop.bazarcia.com\/en\/product\/projetos-na-bordadeira-macaquinhos-minis-ith\/\" \/>\n<meta property=\"og:site_name\" content=\"\ud835\udc1b\ud835\udc1a\ud835\udc33\ud835\udc1a\ud835\udc2b &amp; \ud835\udc1c\ud835\udc22\ud835\udc1a\" \/>\n<meta property=\"article:publisher\" content=\"https:\/\/www.facebook.com\/shopbazarcia\" \/>\n<meta property=\"article:modified_time\" content=\"2021-06-10T03:00:01+00:00\" \/>\n<meta property=\"og:image\" content=\"https:\/\/shop.bazarcia.com\/wp-content\/uploads\/2021\/05\/Projetos-na-Bordadeira-Macaquinhos-Minis-1.png\" \/>\n\t<meta property=\"og:image:width\" content=\"1080\" \/>\n\t<meta property=\"og:image:height\" content=\"1080\" \/>\n\t<meta property=\"og:image:type\" content=\"image\/png\" \/>\n<meta name=\"twitter:card\" content=\"summary_large_image\" \/>\n<meta name=\"twitter:label1\" content=\"Est. reading time\" \/>\n\t<meta name=\"twitter:data1\" content=\"1 minute\" \/>\n<script type=\"application\/ld+json\" class=\"yoast-schema-graph\">{\"@context\":\"https:\/\/schema.org\",\"@graph\":[{\"@type\":\"WebPage\",\"@id\":\"https:\/\/shop.bazarcia.com\/produto\/projetos-na-bordadeira-macaquinhos-minis-ith\/\",\"url\":\"https:\/\/shop.bazarcia.com\/produto\/projetos-na-bordadeira-macaquinhos-minis-ith\/\",\"name\":\"Projetos na Bordadeira - Macaquinhos Minis ITH - \ud835\udc1b\ud835\udc1a\ud835\udc33\ud835\udc1a\ud835\udc2b &amp; \ud835\udc1c\ud835\udc22\ud835\udc1a\",\"isPartOf\":{\"@id\":\"https:\/\/shop.bazarcia.com\/#website\"},\"primaryImageOfPage\":{\"@id\":\"https:\/\/shop.bazarcia.com\/produto\/projetos-na-bordadeira-macaquinhos-minis-ith\/#primaryimage\"},\"image\":{\"@id\":\"https:\/\/shop.bazarcia.com\/produto\/projetos-na-bordadeira-macaquinhos-minis-ith\/#primaryimage\"},\"thumbnailUrl\":\"https:\/\/shop.bazarcia.com\/wp-content\/uploads\/2021\/05\/Projetos-na-Bordadeira-Macaquinhos-Minis-1.png\",\"datePublished\":\"2021-05-21T03:18:27+00:00\",\"dateModified\":\"2021-06-10T03:00:01+00:00\",\"breadcrumb\":{\"@id\":\"https:\/\/shop.bazarcia.com\/produto\/projetos-na-bordadeira-macaquinhos-minis-ith\/#breadcrumb\"},\"inLanguage\":\"en-US\",\"potentialAction\":[{\"@type\":\"ReadAction\",\"target\":[\"https:\/\/shop.bazarcia.com\/produto\/projetos-na-bordadeira-macaquinhos-minis-ith\/\"]}]},{\"@type\":\"ImageObject\",\"inLanguage\":\"en-US\",\"@id\":\"https:\/\/shop.bazarcia.com\/produto\/projetos-na-bordadeira-macaquinhos-minis-ith\/#primaryimage\",\"url\":\"https:\/\/shop.bazarcia.com\/wp-content\/uploads\/2021\/05\/Projetos-na-Bordadeira-Macaquinhos-Minis-1.png\",\"contentUrl\":\"https:\/\/shop.bazarcia.com\/wp-content\/uploads\/2021\/05\/Projetos-na-Bordadeira-Macaquinhos-Minis-1.png\",\"width\":1080,\"height\":1080},{\"@type\":\"BreadcrumbList\",\"@id\":\"https:\/\/shop.bazarcia.com\/produto\/projetos-na-bordadeira-macaquinhos-minis-ith\/#breadcrumb\",\"itemListElement\":[{\"@type\":\"ListItem\",\"position\":1,\"name\":\"In\u00edcio\",\"item\":\"https:\/\/shop.bazarcia.com\/\"},{\"@type\":\"ListItem\",\"position\":2,\"name\":\"Loja\",\"item\":\"https:\/\/shop.bazarcia.com\/loja\/\"},{\"@type\":\"ListItem\",\"position\":3,\"name\":\"Projetos na Bordadeira &#8211; Macaquinhos Minis ITH\"}]},{\"@type\":\"WebSite\",\"@id\":\"https:\/\/shop.bazarcia.com\/#website\",\"url\":\"https:\/\/shop.bazarcia.com\/\",\"name\":\"Bazar & Cia\",\"description\":\"criatividade ponto a ponto\",\"publisher\":{\"@id\":\"https:\/\/shop.bazarcia.com\/#organization\"},\"potentialAction\":[{\"@type\":\"SearchAction\",\"target\":{\"@type\":\"EntryPoint\",\"urlTemplate\":\"https:\/\/shop.bazarcia.com\/?s={search_term_string}\"},\"query-input\":{\"@type\":\"PropertyValueSpecification\",\"valueRequired\":true,\"valueName\":\"search_term_string\"}}],\"inLanguage\":\"en-US\"},{\"@type\":\"Organization\",\"@id\":\"https:\/\/shop.bazarcia.com\/#organization\",\"name\":\"Bazar & Cia\",\"url\":\"https:\/\/shop.bazarcia.com\/\",\"logo\":{\"@type\":\"ImageObject\",\"inLanguage\":\"en-US\",\"@id\":\"https:\/\/shop.bazarcia.com\/#\/schema\/logo\/image\/\",\"url\":\"https:\/\/shop.bazarcia.com\/wp-content\/uploads\/2024\/02\/cropped-logo_bazarcia.png\",\"contentUrl\":\"https:\/\/shop.bazarcia.com\/wp-content\/uploads\/2024\/02\/cropped-logo_bazarcia.png\",\"width\":150,\"height\":150,\"caption\":\"Bazar & Cia\"},\"image\":{\"@id\":\"https:\/\/shop.bazarcia.com\/#\/schema\/logo\/image\/\"},\"sameAs\":[\"https:\/\/www.facebook.com\/shopbazarcia\",\"https:\/\/www.instagram.com\/shopbazarcia\",\"https:\/\/br.pinterest.com\/suzane_eloise\/\",\"https:\/\/www.youtube.com\/c\/BazardoBordadoMatrizeseProjetos\"]}]}<\/script>\n<!-- \/ Yoast SEO plugin. -->","yoast_head_json":{"title":"Projetos na Bordadeira - Macaquinhos Minis ITH - \ud835\udc1b\ud835\udc1a\ud835\udc33\ud835\udc1a\ud835\udc2b &amp; \ud835\udc1c\ud835\udc22\ud835\udc1a","robots":{"index":"index","follow":"follow","max-snippet":"max-snippet:-1","max-image-preview":"max-image-preview:large","max-video-preview":"max-video-preview:-1"},"canonical":"https:\/\/shop.bazarcia.com\/en\/product\/projetos-na-bordadeira-macaquinhos-minis-ith\/","og_locale":"en_US","og_type":"article","og_title":"Projetos na Bordadeira - Macaquinhos Minis ITH - \ud835\udc1b\ud835\udc1a\ud835\udc33\ud835\udc1a\ud835\udc2b &amp; \ud835\udc1c\ud835\udc22\ud835\udc1a","og_description":"Projetos na Bordadeira Macaquinhos Minis ITH Este \u00e9 um produto digital  \u00c9 1, \u00e9 2, \u00e9 3 e j\u00e1 esta aberta a temporada de minis fofuras safari!  Um casalzinho de Macaquinhos super fofos para confec\u00e7\u00e3o de naninhas, bichinhos e chocalhos para bastidores de 10x10 cm, al\u00e9m de diversas outras possibilidades. O safari \u00e9 um tema lindo e um dos queridinhos das mam\u00e3es, o que garante retorno certo! Todas as matrizes foram reprogramadas para tamanhos menores, tomando todo cuidado em rela\u00e7\u00e3o aos pontos para garantir um acabamento perfeito. Idealizadas com todo carinho do mundo como sempre para te ajudar a alavancar o seu neg\u00f3cio criativo.  Os tutoriais est\u00e3o dispon\u00edveis em nosso canal do YouTube, al\u00e9m de v\u00eddeos extras com novas ideais para fazer um enxoval ainda mais completo com essas mesmas matrizes . Aproveita para j\u00e1 se inscrever e ativar o sininho para ser notificado sempre que tivermos novidades!  Lembrando que por esta p\u00e1gina voc\u00ea adquire apenas o casal de Macaquinhos, clique AQUI para conhecer a Cole\u00e7\u00e3o M\u00ednis Amiguinhos Safari completa.  Confira abaixo todos os detalhes deste projeto, lembrando que qualquer d\u00favida estamos a disposi\u00e7\u00e3o!","og_url":"https:\/\/shop.bazarcia.com\/en\/product\/projetos-na-bordadeira-macaquinhos-minis-ith\/","og_site_name":"\ud835\udc1b\ud835\udc1a\ud835\udc33\ud835\udc1a\ud835\udc2b &amp; \ud835\udc1c\ud835\udc22\ud835\udc1a","article_publisher":"https:\/\/www.facebook.com\/shopbazarcia","article_modified_time":"2021-06-10T03:00:01+00:00","og_image":[{"width":1080,"height":1080,"url":"https:\/\/shop.bazarcia.com\/wp-content\/uploads\/2021\/05\/Projetos-na-Bordadeira-Macaquinhos-Minis-1.png","type":"image\/png"}],"twitter_card":"summary_large_image","twitter_misc":{"Est. reading time":"1 minute"},"schema":{"@context":"https:\/\/schema.org","@graph":[{"@type":"WebPage","@id":"https:\/\/shop.bazarcia.com\/produto\/projetos-na-bordadeira-macaquinhos-minis-ith\/","url":"https:\/\/shop.bazarcia.com\/produto\/projetos-na-bordadeira-macaquinhos-minis-ith\/","name":"Projetos na Bordadeira - Macaquinhos Minis ITH - \ud835\udc1b\ud835\udc1a\ud835\udc33\ud835\udc1a\ud835\udc2b &amp; \ud835\udc1c\ud835\udc22\ud835\udc1a","isPartOf":{"@id":"https:\/\/shop.bazarcia.com\/#website"},"primaryImageOfPage":{"@id":"https:\/\/shop.bazarcia.com\/produto\/projetos-na-bordadeira-macaquinhos-minis-ith\/#primaryimage"},"image":{"@id":"https:\/\/shop.bazarcia.com\/produto\/projetos-na-bordadeira-macaquinhos-minis-ith\/#primaryimage"},"thumbnailUrl":"https:\/\/shop.bazarcia.com\/wp-content\/uploads\/2021\/05\/Projetos-na-Bordadeira-Macaquinhos-Minis-1.png","datePublished":"2021-05-21T03:18:27+00:00","dateModified":"2021-06-10T03:00:01+00:00","breadcrumb":{"@id":"https:\/\/shop.bazarcia.com\/produto\/projetos-na-bordadeira-macaquinhos-minis-ith\/#breadcrumb"},"inLanguage":"en-US","potentialAction":[{"@type":"ReadAction","target":["https:\/\/shop.bazarcia.com\/produto\/projetos-na-bordadeira-macaquinhos-minis-ith\/"]}]},{"@type":"ImageObject","inLanguage":"en-US","@id":"https:\/\/shop.bazarcia.com\/produto\/projetos-na-bordadeira-macaquinhos-minis-ith\/#primaryimage","url":"https:\/\/shop.bazarcia.com\/wp-content\/uploads\/2021\/05\/Projetos-na-Bordadeira-Macaquinhos-Minis-1.png","contentUrl":"https:\/\/shop.bazarcia.com\/wp-content\/uploads\/2021\/05\/Projetos-na-Bordadeira-Macaquinhos-Minis-1.png","width":1080,"height":1080},{"@type":"BreadcrumbList","@id":"https:\/\/shop.bazarcia.com\/produto\/projetos-na-bordadeira-macaquinhos-minis-ith\/#breadcrumb","itemListElement":[{"@type":"ListItem","position":1,"name":"In\u00edcio","item":"https:\/\/shop.bazarcia.com\/"},{"@type":"ListItem","position":2,"name":"Loja","item":"https:\/\/shop.bazarcia.com\/loja\/"},{"@type":"ListItem","position":3,"name":"Projetos na Bordadeira &#8211; Macaquinhos Minis ITH"}]},{"@type":"WebSite","@id":"https:\/\/shop.bazarcia.com\/#website","url":"https:\/\/shop.bazarcia.com\/","name":"Bazar & Cia","description":"criatividade ponto a ponto","publisher":{"@id":"https:\/\/shop.bazarcia.com\/#organization"},"potentialAction":[{"@type":"SearchAction","target":{"@type":"EntryPoint","urlTemplate":"https:\/\/shop.bazarcia.com\/?s={search_term_string}"},"query-input":{"@type":"PropertyValueSpecification","valueRequired":true,"valueName":"search_term_string"}}],"inLanguage":"en-US"},{"@type":"Organization","@id":"https:\/\/shop.bazarcia.com\/#organization","name":"Bazar & Cia","url":"https:\/\/shop.bazarcia.com\/","logo":{"@type":"ImageObject","inLanguage":"en-US","@id":"https:\/\/shop.bazarcia.com\/#\/schema\/logo\/image\/","url":"https:\/\/shop.bazarcia.com\/wp-content\/uploads\/2024\/02\/cropped-logo_bazarcia.png","contentUrl":"https:\/\/shop.bazarcia.com\/wp-content\/uploads\/2024\/02\/cropped-logo_bazarcia.png","width":150,"height":150,"caption":"Bazar & Cia"},"image":{"@id":"https:\/\/shop.bazarcia.com\/#\/schema\/logo\/image\/"},"sameAs":["https:\/\/www.facebook.com\/shopbazarcia","https:\/\/www.instagram.com\/shopbazarcia","https:\/\/br.pinterest.com\/suzane_eloise\/","https:\/\/www.youtube.com\/c\/BazardoBordadoMatrizeseProjetos"]}]}},"_links":{"self":[{"href":"https:\/\/shop.bazarcia.com\/en\/wp-json\/wp\/v2\/product\/98717","targetHints":{"allow":["GET"]}}],"collection":[{"href":"https:\/\/shop.bazarcia.com\/en\/wp-json\/wp\/v2\/product"}],"about":[{"href":"https:\/\/shop.bazarcia.com\/en\/wp-json\/wp\/v2\/types\/product"}],"replies":[{"embeddable":true,"href":"https:\/\/shop.bazarcia.com\/en\/wp-json\/wp\/v2\/comments?post=98717"}],"version-history":[{"count":0,"href":"https:\/\/shop.bazarcia.com\/en\/wp-json\/wp\/v2\/product\/98717\/revisions"}],"wp:featuredmedia":[{"embeddable":true,"href":"https:\/\/shop.bazarcia.com\/en\/wp-json\/wp\/v2\/media\/98703"}],"wp:attachment":[{"href":"https:\/\/shop.bazarcia.com\/en\/wp-json\/wp\/v2\/media?parent=98717"}],"wp:term":[{"taxonomy":"product_brand","embeddable":true,"href":"https:\/\/shop.bazarcia.com\/en\/wp-json\/wp\/v2\/product_brand?post=98717"},{"taxonomy":"product_cat","embeddable":true,"href":"https:\/\/shop.bazarcia.com\/en\/wp-json\/wp\/v2\/product_cat?post=98717"},{"taxonomy":"product_tag","embeddable":true,"href":"https:\/\/shop.bazarcia.com\/en\/wp-json\/wp\/v2\/product_tag?post=98717"}],"curies":[{"name":"wp","href":"https:\/\/api.w.org\/{rel}","templated":true}]}}