{"id":98733,"date":"2021-05-21T00:34:47","date_gmt":"2021-05-21T03:34:47","guid":{"rendered":"https:\/\/shop.bazarcia.com\/produto\/projetos-na-bordadeira-chocalhos-amiguinhos-safari-ith\/"},"modified":"2025-03-21T02:17:15","modified_gmt":"2025-03-21T05:17:15","slug":"projetos-na-bordadeira-chocalhos-amiguinhos-safari-ith","status":"publish","type":"product","link":"https:\/\/shop.bazarcia.com\/en\/product\/projetos-na-bordadeira-chocalhos-amiguinhos-safari-ith\/","title":{"rendered":"Projetos na Bordadeira &#8211; Chocalhos Amiguinhos Safari ITH"},"content":{"rendered":"<p style=\"margin-top: 0px;margin-bottom: 1rem;color: #6c737b;font-family: roboto, sans-serif\"><span style=\"font-weight: bolder\"><span style=\"font-weight: bolder\"><i style=\"vertical-align: middle\">Projetos na Bordadeira Chocalhos Amiguinhos Safari ITH<i style=\"vertical-align: middle\"><\/i><\/i><i style=\"vertical-align: middle\"><i style=\"vertical-align: middle\"><\/i><\/i><\/span><\/span><\/p>\n<p style=\"margin-top: 0px;margin-bottom: 1rem;color: #6c737b;font-family: roboto, sans-serif\"><span style=\"font-weight: bolder\"><span style=\"font-weight: bolder\"><em><span style=\"font-weight: bolder\">Descri\u00e7\u00e3o das Matrizes:<br \/>\n<\/span><\/em><\/span>Matrizes para bastidores 10&#215;10 e 13&#215;18.<br \/>\nAcompanha as matrizes dos 6 casais de bichinhos:\u00a0 elefantinhos, girafinhas, hipop\u00f3tamos, le\u00f5ezinhos, macaquinhos, tigres e zebrinhas\u00a0 &#8211; para confec\u00e7\u00e3o de chocalhos.<br \/>\n<span style=\"font-weight: bolder\"><br \/>\n<\/span><\/span><\/p>\n<p style=\"margin-top: 0px;margin-bottom: 1rem;color: #6c737b;font-family: roboto, sans-serif\"><span style=\"font-weight: bolder\">Este \u00e9 um produto DIGITAL e os arquivos estar\u00e3o dispon\u00edveis para download aqui mesmo na sua conta ap\u00f3s confirma\u00e7\u00e3o do pagamento.<\/span><\/p>\n<p style=\"margin-top: 0px;margin-bottom: 1rem;color: #6c737b;font-family: roboto, sans-serif\"><span style=\"font-weight: bolder\">Os arquivos est\u00e3o em pasta compactada (ZIP), sendo necess\u00e1rio descompact\u00e1-la.<\/span><\/p>\n<p style=\"margin-top: 0px;margin-bottom: 1rem;color: #6c737b;font-family: roboto, sans-serif\"><span style=\"font-weight: bolder\">Os mesmos s\u00e3o compat\u00edveis com v\u00e1rios tipos e modelos de m\u00e1quinas, com os seguintes formatos:<br \/>\nDST &#8211; EXP &#8211; HUS &#8211; JEF &#8211; PES &#8211; XXX<\/span><\/p>\n<p style=\"margin-top: 0px;margin-bottom: 1rem;color: #6c737b\">Adquirindo nossas matrizes e projetos voc\u00ea se declara de acordo com nossos\u00a0<a style=\"color: #95663c;background-color: transparent\" href=\"https:\/\/shop.bazarcia.com\/en\/store\/atelie-mamae-coruja\/toc\/\" target=\"_blank\" rel=\"nofollow noopener\">TERMOS E CONDI\u00c7\u00d5ES<\/a>.<\/p>\n<p style=\"margin-top: 0px;margin-bottom: 1rem;color: #6c737b\">Designer:<br \/>\n*Elefantinhos, hipop\u00f3tamos, le\u00f5ezinhos, macaquinhos, tigres e zebrinhas\u00a0 &#8211; Carol (Est\u00fadio 812) &#8211; Adapta\u00e7\u00e3o: Val\u00e9ria Ribeiro (Ateli\u00ea Mam\u00e3e Coruja).<\/p>\n<p>&nbsp;<\/p>\n<p style=\"margin-top: 0px;margin-bottom: 1rem;color: #6c737b\">*Girafinhas &#8211;\u00a0 Val\u00e9ria Ribeiro (Ateli\u00ea Mam\u00e3e Coruja).<\/p>","protected":false},"excerpt":{"rendered":"<p>Projetos na Bordadeira Chocalhos Amiguinhos Safari ITH<br \/>\nEste \u00e9 um produto digital<\/p>\n<p>Olha o que chegou junto com as mini naninhas \ud83d\ude42<br \/>\nNossos Chocalhos Amiguinhos para agregar ainda mais seu portif\u00f3lio.<\/p>\n<p>S\u00e3o 7 casais de bichinhos, sendo eles: elefantinhos, girafinhas, hipop\u00f3tamos, le\u00f5ezinhos, macaquinhos, tigres e zebrinhas, todos para bastidores 10&#215;10 e 13&#215;18 cm.<br \/>\nAs v\u00eddeo aulas est\u00e3o dispon\u00edveis em nosso canal no <a href=\"https:\/\/www.youtube.com\/watch?v=-3ZzVzbeUm0&amp;list=PLWv9YUnuM7PiG3qLpfa5rBJEzQBe7QgHW\"><strong>YouTube<\/strong><\/a>.<\/p>\n<p>Para conhecer a cole\u00e7\u00e3o Minis Amiguinhos Safari completa clique <a href=\"https:\/\/shop.bazarcia.com\/en\/product\/projetos-na-bordadeira-minis-amiguinhos-safari-ith\/\"><strong>AQUI<\/strong><\/a>.<\/p>\n<p>Confira abaixo todos os detalhes destes projetos, lembrando que qualquer d\u00favida estamos a disposi\u00e7\u00e3o!<\/p>","protected":false},"featured_media":98690,"comment_status":"open","ping_status":"closed","template":"","meta":{"_acf_changed":false,"_joinchat":[]},"product_brand":[],"product_cat":[1730,187,235,236,237,238,239,240],"product_tag":[],"class_list":{"0":"post-98733","1":"product","2":"type-product","3":"status-publish","4":"has-post-thumbnail","6":"product_cat-chocalho-na-bordadeira","7":"product_cat-elefantinhos","8":"product_cat-girafinha","9":"product_cat-hipopotamos","10":"product_cat-leaozinho","11":"product_cat-macaquinhos","12":"product_cat-tigre","13":"product_cat-zebrinha","15":"first","16":"instock","17":"downloadable","18":"virtual","19":"sold-individually","20":"purchasable","21":"product-type-simple"},"acf":[],"yoast_head":"<!-- This site is optimized with the Yoast SEO plugin v27.2 - https:\/\/yoast.com\/product\/yoast-seo-wordpress\/ -->\n<title>Projetos na Bordadeira - Chocalhos Amiguinhos Safari ITH - \ud835\udc1b\ud835\udc1a\ud835\udc33\ud835\udc1a\ud835\udc2b &amp; \ud835\udc1c\ud835\udc22\ud835\udc1a<\/title>\n<meta name=\"robots\" content=\"index, follow, max-snippet:-1, max-image-preview:large, max-video-preview:-1\" \/>\n<link rel=\"canonical\" href=\"https:\/\/shop.bazarcia.com\/en\/product\/projetos-na-bordadeira-chocalhos-amiguinhos-safari-ith\/\" \/>\n<meta property=\"og:locale\" content=\"en_US\" \/>\n<meta property=\"og:type\" content=\"article\" \/>\n<meta property=\"og:title\" content=\"Projetos na Bordadeira - Chocalhos Amiguinhos Safari ITH - \ud835\udc1b\ud835\udc1a\ud835\udc33\ud835\udc1a\ud835\udc2b &amp; \ud835\udc1c\ud835\udc22\ud835\udc1a\" \/>\n<meta property=\"og:description\" content=\"Projetos na Bordadeira Chocalhos Amiguinhos Safari ITH Este \u00e9 um produto digital  Olha o que chegou junto com as mini naninhas :) Nossos Chocalhos Amiguinhos para agregar ainda mais seu portif\u00f3lio.  S\u00e3o 7 casais de bichinhos, sendo eles: elefantinhos, girafinhas, hipop\u00f3tamos, le\u00f5ezinhos, macaquinhos, tigres e zebrinhas, todos para bastidores 10x10 e 13x18 cm. As v\u00eddeo aulas est\u00e3o dispon\u00edveis em nosso canal no YouTube.  Para conhecer a cole\u00e7\u00e3o Minis Amiguinhos Safari completa clique AQUI.  Confira abaixo todos os detalhes destes projetos, lembrando que qualquer d\u00favida estamos a disposi\u00e7\u00e3o!\" \/>\n<meta property=\"og:url\" content=\"https:\/\/shop.bazarcia.com\/en\/product\/projetos-na-bordadeira-chocalhos-amiguinhos-safari-ith\/\" \/>\n<meta property=\"og:site_name\" content=\"\ud835\udc1b\ud835\udc1a\ud835\udc33\ud835\udc1a\ud835\udc2b &amp; \ud835\udc1c\ud835\udc22\ud835\udc1a\" \/>\n<meta property=\"article:publisher\" content=\"https:\/\/www.facebook.com\/shopbazarcia\" \/>\n<meta property=\"article:modified_time\" content=\"2025-03-21T05:17:15+00:00\" \/>\n<meta property=\"og:image\" content=\"https:\/\/shop.bazarcia.com\/wp-content\/uploads\/2021\/05\/Projetos-na-Bordadeira-Chocalhos-Amiguinhos-Safari.png\" \/>\n\t<meta property=\"og:image:width\" content=\"1080\" \/>\n\t<meta property=\"og:image:height\" content=\"1080\" \/>\n\t<meta property=\"og:image:type\" content=\"image\/png\" \/>\n<meta name=\"twitter:card\" content=\"summary_large_image\" \/>\n<meta name=\"twitter:label1\" content=\"Est. reading time\" \/>\n\t<meta name=\"twitter:data1\" content=\"1 minute\" \/>\n<script type=\"application\/ld+json\" class=\"yoast-schema-graph\">{\"@context\":\"https:\/\/schema.org\",\"@graph\":[{\"@type\":\"WebPage\",\"@id\":\"https:\/\/shop.bazarcia.com\/produto\/projetos-na-bordadeira-chocalhos-amiguinhos-safari-ith\/\",\"url\":\"https:\/\/shop.bazarcia.com\/produto\/projetos-na-bordadeira-chocalhos-amiguinhos-safari-ith\/\",\"name\":\"Projetos na Bordadeira - Chocalhos Amiguinhos Safari ITH - \ud835\udc1b\ud835\udc1a\ud835\udc33\ud835\udc1a\ud835\udc2b &amp; \ud835\udc1c\ud835\udc22\ud835\udc1a\",\"isPartOf\":{\"@id\":\"https:\/\/shop.bazarcia.com\/#website\"},\"primaryImageOfPage\":{\"@id\":\"https:\/\/shop.bazarcia.com\/produto\/projetos-na-bordadeira-chocalhos-amiguinhos-safari-ith\/#primaryimage\"},\"image\":{\"@id\":\"https:\/\/shop.bazarcia.com\/produto\/projetos-na-bordadeira-chocalhos-amiguinhos-safari-ith\/#primaryimage\"},\"thumbnailUrl\":\"https:\/\/shop.bazarcia.com\/wp-content\/uploads\/2021\/05\/Projetos-na-Bordadeira-Chocalhos-Amiguinhos-Safari.png\",\"datePublished\":\"2021-05-21T03:34:47+00:00\",\"dateModified\":\"2025-03-21T05:17:15+00:00\",\"breadcrumb\":{\"@id\":\"https:\/\/shop.bazarcia.com\/produto\/projetos-na-bordadeira-chocalhos-amiguinhos-safari-ith\/#breadcrumb\"},\"inLanguage\":\"en-US\",\"potentialAction\":[{\"@type\":\"ReadAction\",\"target\":[\"https:\/\/shop.bazarcia.com\/produto\/projetos-na-bordadeira-chocalhos-amiguinhos-safari-ith\/\"]}]},{\"@type\":\"ImageObject\",\"inLanguage\":\"en-US\",\"@id\":\"https:\/\/shop.bazarcia.com\/produto\/projetos-na-bordadeira-chocalhos-amiguinhos-safari-ith\/#primaryimage\",\"url\":\"https:\/\/shop.bazarcia.com\/wp-content\/uploads\/2021\/05\/Projetos-na-Bordadeira-Chocalhos-Amiguinhos-Safari.png\",\"contentUrl\":\"https:\/\/shop.bazarcia.com\/wp-content\/uploads\/2021\/05\/Projetos-na-Bordadeira-Chocalhos-Amiguinhos-Safari.png\",\"width\":1080,\"height\":1080},{\"@type\":\"BreadcrumbList\",\"@id\":\"https:\/\/shop.bazarcia.com\/produto\/projetos-na-bordadeira-chocalhos-amiguinhos-safari-ith\/#breadcrumb\",\"itemListElement\":[{\"@type\":\"ListItem\",\"position\":1,\"name\":\"In\u00edcio\",\"item\":\"https:\/\/shop.bazarcia.com\/\"},{\"@type\":\"ListItem\",\"position\":2,\"name\":\"Loja\",\"item\":\"https:\/\/shop.bazarcia.com\/loja\/\"},{\"@type\":\"ListItem\",\"position\":3,\"name\":\"Projetos na Bordadeira &#8211; Chocalhos Amiguinhos Safari ITH\"}]},{\"@type\":\"WebSite\",\"@id\":\"https:\/\/shop.bazarcia.com\/#website\",\"url\":\"https:\/\/shop.bazarcia.com\/\",\"name\":\"Bazar & Cia\",\"description\":\"criatividade ponto a ponto\",\"publisher\":{\"@id\":\"https:\/\/shop.bazarcia.com\/#organization\"},\"potentialAction\":[{\"@type\":\"SearchAction\",\"target\":{\"@type\":\"EntryPoint\",\"urlTemplate\":\"https:\/\/shop.bazarcia.com\/?s={search_term_string}\"},\"query-input\":{\"@type\":\"PropertyValueSpecification\",\"valueRequired\":true,\"valueName\":\"search_term_string\"}}],\"inLanguage\":\"en-US\"},{\"@type\":\"Organization\",\"@id\":\"https:\/\/shop.bazarcia.com\/#organization\",\"name\":\"Bazar & Cia\",\"url\":\"https:\/\/shop.bazarcia.com\/\",\"logo\":{\"@type\":\"ImageObject\",\"inLanguage\":\"en-US\",\"@id\":\"https:\/\/shop.bazarcia.com\/#\/schema\/logo\/image\/\",\"url\":\"https:\/\/shop.bazarcia.com\/wp-content\/uploads\/2024\/02\/cropped-logo_bazarcia.png\",\"contentUrl\":\"https:\/\/shop.bazarcia.com\/wp-content\/uploads\/2024\/02\/cropped-logo_bazarcia.png\",\"width\":150,\"height\":150,\"caption\":\"Bazar & Cia\"},\"image\":{\"@id\":\"https:\/\/shop.bazarcia.com\/#\/schema\/logo\/image\/\"},\"sameAs\":[\"https:\/\/www.facebook.com\/shopbazarcia\",\"https:\/\/www.instagram.com\/shopbazarcia\",\"https:\/\/br.pinterest.com\/suzane_eloise\/\",\"https:\/\/www.youtube.com\/c\/BazardoBordadoMatrizeseProjetos\"]}]}<\/script>\n<!-- \/ Yoast SEO plugin. -->","yoast_head_json":{"title":"Projetos na Bordadeira - Chocalhos Amiguinhos Safari ITH - \ud835\udc1b\ud835\udc1a\ud835\udc33\ud835\udc1a\ud835\udc2b &amp; \ud835\udc1c\ud835\udc22\ud835\udc1a","robots":{"index":"index","follow":"follow","max-snippet":"max-snippet:-1","max-image-preview":"max-image-preview:large","max-video-preview":"max-video-preview:-1"},"canonical":"https:\/\/shop.bazarcia.com\/en\/product\/projetos-na-bordadeira-chocalhos-amiguinhos-safari-ith\/","og_locale":"en_US","og_type":"article","og_title":"Projetos na Bordadeira - Chocalhos Amiguinhos Safari ITH - \ud835\udc1b\ud835\udc1a\ud835\udc33\ud835\udc1a\ud835\udc2b &amp; \ud835\udc1c\ud835\udc22\ud835\udc1a","og_description":"Projetos na Bordadeira Chocalhos Amiguinhos Safari ITH Este \u00e9 um produto digital  Olha o que chegou junto com as mini naninhas :) Nossos Chocalhos Amiguinhos para agregar ainda mais seu portif\u00f3lio.  S\u00e3o 7 casais de bichinhos, sendo eles: elefantinhos, girafinhas, hipop\u00f3tamos, le\u00f5ezinhos, macaquinhos, tigres e zebrinhas, todos para bastidores 10x10 e 13x18 cm. As v\u00eddeo aulas est\u00e3o dispon\u00edveis em nosso canal no YouTube.  Para conhecer a cole\u00e7\u00e3o Minis Amiguinhos Safari completa clique AQUI.  Confira abaixo todos os detalhes destes projetos, lembrando que qualquer d\u00favida estamos a disposi\u00e7\u00e3o!","og_url":"https:\/\/shop.bazarcia.com\/en\/product\/projetos-na-bordadeira-chocalhos-amiguinhos-safari-ith\/","og_site_name":"\ud835\udc1b\ud835\udc1a\ud835\udc33\ud835\udc1a\ud835\udc2b &amp; \ud835\udc1c\ud835\udc22\ud835\udc1a","article_publisher":"https:\/\/www.facebook.com\/shopbazarcia","article_modified_time":"2025-03-21T05:17:15+00:00","og_image":[{"width":1080,"height":1080,"url":"https:\/\/shop.bazarcia.com\/wp-content\/uploads\/2021\/05\/Projetos-na-Bordadeira-Chocalhos-Amiguinhos-Safari.png","type":"image\/png"}],"twitter_card":"summary_large_image","twitter_misc":{"Est. reading time":"1 minute"},"schema":{"@context":"https:\/\/schema.org","@graph":[{"@type":"WebPage","@id":"https:\/\/shop.bazarcia.com\/produto\/projetos-na-bordadeira-chocalhos-amiguinhos-safari-ith\/","url":"https:\/\/shop.bazarcia.com\/produto\/projetos-na-bordadeira-chocalhos-amiguinhos-safari-ith\/","name":"Projetos na Bordadeira - Chocalhos Amiguinhos Safari ITH - \ud835\udc1b\ud835\udc1a\ud835\udc33\ud835\udc1a\ud835\udc2b &amp; \ud835\udc1c\ud835\udc22\ud835\udc1a","isPartOf":{"@id":"https:\/\/shop.bazarcia.com\/#website"},"primaryImageOfPage":{"@id":"https:\/\/shop.bazarcia.com\/produto\/projetos-na-bordadeira-chocalhos-amiguinhos-safari-ith\/#primaryimage"},"image":{"@id":"https:\/\/shop.bazarcia.com\/produto\/projetos-na-bordadeira-chocalhos-amiguinhos-safari-ith\/#primaryimage"},"thumbnailUrl":"https:\/\/shop.bazarcia.com\/wp-content\/uploads\/2021\/05\/Projetos-na-Bordadeira-Chocalhos-Amiguinhos-Safari.png","datePublished":"2021-05-21T03:34:47+00:00","dateModified":"2025-03-21T05:17:15+00:00","breadcrumb":{"@id":"https:\/\/shop.bazarcia.com\/produto\/projetos-na-bordadeira-chocalhos-amiguinhos-safari-ith\/#breadcrumb"},"inLanguage":"en-US","potentialAction":[{"@type":"ReadAction","target":["https:\/\/shop.bazarcia.com\/produto\/projetos-na-bordadeira-chocalhos-amiguinhos-safari-ith\/"]}]},{"@type":"ImageObject","inLanguage":"en-US","@id":"https:\/\/shop.bazarcia.com\/produto\/projetos-na-bordadeira-chocalhos-amiguinhos-safari-ith\/#primaryimage","url":"https:\/\/shop.bazarcia.com\/wp-content\/uploads\/2021\/05\/Projetos-na-Bordadeira-Chocalhos-Amiguinhos-Safari.png","contentUrl":"https:\/\/shop.bazarcia.com\/wp-content\/uploads\/2021\/05\/Projetos-na-Bordadeira-Chocalhos-Amiguinhos-Safari.png","width":1080,"height":1080},{"@type":"BreadcrumbList","@id":"https:\/\/shop.bazarcia.com\/produto\/projetos-na-bordadeira-chocalhos-amiguinhos-safari-ith\/#breadcrumb","itemListElement":[{"@type":"ListItem","position":1,"name":"In\u00edcio","item":"https:\/\/shop.bazarcia.com\/"},{"@type":"ListItem","position":2,"name":"Loja","item":"https:\/\/shop.bazarcia.com\/loja\/"},{"@type":"ListItem","position":3,"name":"Projetos na Bordadeira &#8211; Chocalhos Amiguinhos Safari ITH"}]},{"@type":"WebSite","@id":"https:\/\/shop.bazarcia.com\/#website","url":"https:\/\/shop.bazarcia.com\/","name":"Bazar & Cia","description":"criatividade ponto a ponto","publisher":{"@id":"https:\/\/shop.bazarcia.com\/#organization"},"potentialAction":[{"@type":"SearchAction","target":{"@type":"EntryPoint","urlTemplate":"https:\/\/shop.bazarcia.com\/?s={search_term_string}"},"query-input":{"@type":"PropertyValueSpecification","valueRequired":true,"valueName":"search_term_string"}}],"inLanguage":"en-US"},{"@type":"Organization","@id":"https:\/\/shop.bazarcia.com\/#organization","name":"Bazar & Cia","url":"https:\/\/shop.bazarcia.com\/","logo":{"@type":"ImageObject","inLanguage":"en-US","@id":"https:\/\/shop.bazarcia.com\/#\/schema\/logo\/image\/","url":"https:\/\/shop.bazarcia.com\/wp-content\/uploads\/2024\/02\/cropped-logo_bazarcia.png","contentUrl":"https:\/\/shop.bazarcia.com\/wp-content\/uploads\/2024\/02\/cropped-logo_bazarcia.png","width":150,"height":150,"caption":"Bazar & Cia"},"image":{"@id":"https:\/\/shop.bazarcia.com\/#\/schema\/logo\/image\/"},"sameAs":["https:\/\/www.facebook.com\/shopbazarcia","https:\/\/www.instagram.com\/shopbazarcia","https:\/\/br.pinterest.com\/suzane_eloise\/","https:\/\/www.youtube.com\/c\/BazardoBordadoMatrizeseProjetos"]}]}},"_links":{"self":[{"href":"https:\/\/shop.bazarcia.com\/en\/wp-json\/wp\/v2\/product\/98733","targetHints":{"allow":["GET"]}}],"collection":[{"href":"https:\/\/shop.bazarcia.com\/en\/wp-json\/wp\/v2\/product"}],"about":[{"href":"https:\/\/shop.bazarcia.com\/en\/wp-json\/wp\/v2\/types\/product"}],"replies":[{"embeddable":true,"href":"https:\/\/shop.bazarcia.com\/en\/wp-json\/wp\/v2\/comments?post=98733"}],"version-history":[{"count":0,"href":"https:\/\/shop.bazarcia.com\/en\/wp-json\/wp\/v2\/product\/98733\/revisions"}],"wp:featuredmedia":[{"embeddable":true,"href":"https:\/\/shop.bazarcia.com\/en\/wp-json\/wp\/v2\/media\/98690"}],"wp:attachment":[{"href":"https:\/\/shop.bazarcia.com\/en\/wp-json\/wp\/v2\/media?parent=98733"}],"wp:term":[{"taxonomy":"product_brand","embeddable":true,"href":"https:\/\/shop.bazarcia.com\/en\/wp-json\/wp\/v2\/product_brand?post=98733"},{"taxonomy":"product_cat","embeddable":true,"href":"https:\/\/shop.bazarcia.com\/en\/wp-json\/wp\/v2\/product_cat?post=98733"},{"taxonomy":"product_tag","embeddable":true,"href":"https:\/\/shop.bazarcia.com\/en\/wp-json\/wp\/v2\/product_tag?post=98733"}],"curies":[{"name":"wp","href":"https:\/\/api.w.org\/{rel}","templated":true}]}}